{"id":42436,"date":"2024-09-10T22:16:55","date_gmt":"2024-09-10T20:16:55","guid":{"rendered":"https:\/\/librairie7l.com\/?post_type=product&#038;p=42436"},"modified":"2026-04-13T18:28:15","modified_gmt":"2026-04-13T16:28:15","slug":"lart-et-lartisanat-2","status":"publish","type":"product","link":"https:\/\/librairie7l.com\/en\/produit\/lart-et-lartisanat-2\/","title":{"rendered":"L&#8217;ART ET L&#8217;ARTISANAT"},"content":{"rendered":"<p>\u00ab Voil\u00e0 en bref notre position d&#8217;artistes : nous sommes les derniers repr\u00e9sentants de l&#8217;artisanat auquel la production marchande a port\u00e9 un coup fatal.<br \/>\n\u00bbWilliam MorrisL&#8217;art et l&#8217;artisanat aujourd&#8217;hui,Edimbourg, 1889\u00ab Pour les pr\u00e9rapha\u00e9lites, comme pour William Morris, la distinction entre l&#8217;art et l&#8217;artisanat, entre la conception et l&#8217;ex\u00e9cution, devait \u00eatre abolie : tout homme, \u00e0 son \u00e9chelle, pouvait \u00eatre producteur de beaut\u00e9 que ce soit dans la r\u00e9alisation d&#8217;un tableau, d&#8217;un v\u00eatement, d&#8217;un meuble ; et tout homme \u00e9galement avait le droit, dans sa vie quotidienne, d&#8217;\u00eatre entour\u00e9 de beaux objets.Michel HouellebecqLa carte et le territoirePeu connu en France, William Morris, n\u00e9 le 24 mars 1834 et mort le 3 octobre 1896 \u00e0 Londres, est c\u00e9l\u00e8bre \u00e0 la fois pour ses oeuvres litt\u00e9raires, son activisme politique, sa d\u00e9fense de l&#8217;environnement, et ses cr\u00e9ations en arts d\u00e9coratifs.<br \/>\nSon amiti\u00e9 avec le peintre Edward Burne-Jones s&#8217;\u00e9panouit \u00e0 travers leur passion commune pour la cr\u00e9ation artistique ; il fut \u00e9galement l&#8217;ami de John Ruskin, qu&#8217;il contribua \u00e0 faire conna\u00eetre. S&#8217;il connut la c\u00e9l\u00e9brit\u00e9 en tant qu&#8217;auteur litt\u00e9raire, il fut \u00e9galement un activiste socialiste, alternant conf\u00e9rences et discours, pr\u00f4nant l&#8217;am\u00e9lioration de la qualit\u00e9 de la vie des travailleurs manuels, de la classe ouvri\u00e8re tout enti\u00e8re, gr\u00e2ce \u00e0 l&#8217;\u00e9ducation et les loisirs, avec, en particulier, l&#8217;enseignement des arts appliqu\u00e9s.<br \/>\nIl rejetait un syst\u00e8me de production de masse, d\u00e9nu\u00e9e de qualit\u00e9 et bas\u00e9 sur le profit.<\/p>\n","protected":false},"excerpt":{"rendered":"<p>\u00ab Voil\u00e0 en bref notre position d&#8217;artistes : nous sommes les derniers repr\u00e9sentants de l&#8217;artisanat auquel la production marchande a port\u00e9 un coup fatal. \u00bbWilliam MorrisL&#8217;art et l&#8217;artisanat aujourd&#8217;hui,Edimbourg, 1889\u00ab Pour les pr\u00e9rapha\u00e9lites, comme pour William Morris, la distinction entre l&#8217;art et l&#8217;artisanat, entre la conception et l&#8217;ex\u00e9cution, devait \u00eatre abolie : tout homme, \u00e0 [&hellip;]<\/p>\n","protected":false},"featured_media":42434,"template":"","meta":[],"product_cat":[2948],"product_tag":[],"acf":[],"yoast_head":"<!-- This site is optimized with the Yoast SEO plugin v20.11 - https:\/\/yoast.com\/wordpress\/plugins\/seo\/ -->\n<title>L&#039;art et l&#039;artisanat - Librairie 7L<\/title>\n<meta name=\"robots\" content=\"index, follow, max-snippet:-1, max-image-preview:large, max-video-preview:-1\" \/>\n<link rel=\"canonical\" href=\"https:\/\/librairie7l.com\/en\/produit\/lart-et-lartisanat-2\/\" \/>\n<meta property=\"og:locale\" content=\"en_US\" \/>\n<meta property=\"og:type\" content=\"article\" \/>\n<meta property=\"og:title\" content=\"L&#039;art et l&#039;artisanat - Librairie 7L\" \/>\n<meta property=\"og:description\" content=\"\u00ab Voil\u00e0 en bref notre position d&#8217;artistes : nous sommes les derniers repr\u00e9sentants de l&#8217;artisanat auquel la production marchande a port\u00e9 un coup fatal. \u00bbWilliam MorrisL&#8217;art et l&#8217;artisanat aujourd&#8217;hui,Edimbourg, 1889\u00ab Pour les pr\u00e9rapha\u00e9lites, comme pour William Morris, la distinction entre l&#8217;art et l&#8217;artisanat, entre la conception et l&#8217;ex\u00e9cution, devait \u00eatre abolie : tout homme, \u00e0 [&hellip;]\" \/>\n<meta property=\"og:url\" content=\"https:\/\/librairie7l.com\/en\/produit\/lart-et-lartisanat-2\/\" \/>\n<meta property=\"og:site_name\" content=\"Librairie 7L\" \/>\n<meta property=\"article:modified_time\" content=\"2026-04-13T16:28:15+00:00\" \/>\n<meta property=\"og:image\" content=\"https:\/\/librairie7l.com\/wp-content\/uploads\/2011\/03\/9782743622350_1_75.jpg\" \/>\n\t<meta property=\"og:image:width\" content=\"269\" \/>\n\t<meta property=\"og:image:height\" content=\"413\" \/>\n\t<meta property=\"og:image:type\" content=\"image\/jpeg\" \/>\n<meta name=\"twitter:card\" content=\"summary_large_image\" \/>\n<meta name=\"twitter:label1\" content=\"Est. reading time\" \/>\n\t<meta name=\"twitter:data1\" content=\"1 minute\" \/>\n<script type=\"application\/ld+json\" class=\"yoast-schema-graph\">{\"@context\":\"https:\/\/schema.org\",\"@graph\":[{\"@type\":\"WebPage\",\"@id\":\"https:\/\/librairie7l.com\/en\/produit\/lart-et-lartisanat-2\/\",\"url\":\"https:\/\/librairie7l.com\/en\/produit\/lart-et-lartisanat-2\/\",\"name\":\"L'art et l'artisanat - Librairie 7L\",\"isPartOf\":{\"@id\":\"https:\/\/librairie7l.com\/en\/#website\"},\"datePublished\":\"2024-09-10T20:16:55+00:00\",\"dateModified\":\"2026-04-13T16:28:15+00:00\",\"breadcrumb\":{\"@id\":\"https:\/\/librairie7l.com\/en\/produit\/lart-et-lartisanat-2\/#breadcrumb\"},\"inLanguage\":\"en-US\",\"potentialAction\":[{\"@type\":\"ReadAction\",\"target\":[\"https:\/\/librairie7l.com\/en\/produit\/lart-et-lartisanat-2\/\"]}]},{\"@type\":\"BreadcrumbList\",\"@id\":\"https:\/\/librairie7l.com\/en\/produit\/lart-et-lartisanat-2\/#breadcrumb\",\"itemListElement\":[{\"@type\":\"ListItem\",\"position\":1,\"name\":\"Accueil\",\"item\":\"https:\/\/librairie7l.com\/en\/\"},{\"@type\":\"ListItem\",\"position\":2,\"name\":\"Shop\",\"item\":\"https:\/\/librairie7l.com\/en\/shop\/\"},{\"@type\":\"ListItem\",\"position\":3,\"name\":\"L&#8217;ART ET L&#8217;ARTISANAT\"}]},{\"@type\":\"WebSite\",\"@id\":\"https:\/\/librairie7l.com\/en\/#website\",\"url\":\"https:\/\/librairie7l.com\/en\/\",\"name\":\"Librairie 7L\",\"description\":\"Librairie fond\u00e9e en 1999 par Karl Lagerfeld \u00e0 Paris\",\"publisher\":{\"@id\":\"https:\/\/librairie7l.com\/en\/#organization\"},\"potentialAction\":[{\"@type\":\"SearchAction\",\"target\":{\"@type\":\"EntryPoint\",\"urlTemplate\":\"https:\/\/librairie7l.com\/en\/?s={search_term_string}\"},\"query-input\":\"required name=search_term_string\"}],\"inLanguage\":\"en-US\"},{\"@type\":\"Organization\",\"@id\":\"https:\/\/librairie7l.com\/en\/#organization\",\"name\":\"Librairie 7L\",\"url\":\"https:\/\/librairie7l.com\/en\/\",\"logo\":{\"@type\":\"ImageObject\",\"inLanguage\":\"en-US\",\"@id\":\"https:\/\/librairie7l.com\/en\/#\/schema\/logo\/image\/\",\"url\":\"https:\/\/librairie7l.com\/wp-content\/uploads\/2022\/08\/logo-1.png\",\"contentUrl\":\"https:\/\/librairie7l.com\/wp-content\/uploads\/2022\/08\/logo-1.png\",\"width\":227,\"height\":301,\"caption\":\"Librairie 7L\"},\"image\":{\"@id\":\"https:\/\/librairie7l.com\/en\/#\/schema\/logo\/image\/\"}}]}<\/script>\n<!-- \/ Yoast SEO plugin. -->","yoast_head_json":{"title":"L'art et l'artisanat - Librairie 7L","robots":{"index":"index","follow":"follow","max-snippet":"max-snippet:-1","max-image-preview":"max-image-preview:large","max-video-preview":"max-video-preview:-1"},"canonical":"https:\/\/librairie7l.com\/en\/produit\/lart-et-lartisanat-2\/","og_locale":"en_US","og_type":"article","og_title":"L'art et l'artisanat - Librairie 7L","og_description":"\u00ab Voil\u00e0 en bref notre position d&#8217;artistes : nous sommes les derniers repr\u00e9sentants de l&#8217;artisanat auquel la production marchande a port\u00e9 un coup fatal. \u00bbWilliam MorrisL&#8217;art et l&#8217;artisanat aujourd&#8217;hui,Edimbourg, 1889\u00ab Pour les pr\u00e9rapha\u00e9lites, comme pour William Morris, la distinction entre l&#8217;art et l&#8217;artisanat, entre la conception et l&#8217;ex\u00e9cution, devait \u00eatre abolie : tout homme, \u00e0 [&hellip;]","og_url":"https:\/\/librairie7l.com\/en\/produit\/lart-et-lartisanat-2\/","og_site_name":"Librairie 7L","article_modified_time":"2026-04-13T16:28:15+00:00","og_image":[{"width":269,"height":413,"url":"https:\/\/librairie7l.com\/wp-content\/uploads\/2011\/03\/9782743622350_1_75.jpg","type":"image\/jpeg"}],"twitter_card":"summary_large_image","twitter_misc":{"Est. reading time":"1 minute"},"schema":{"@context":"https:\/\/schema.org","@graph":[{"@type":"WebPage","@id":"https:\/\/librairie7l.com\/en\/produit\/lart-et-lartisanat-2\/","url":"https:\/\/librairie7l.com\/en\/produit\/lart-et-lartisanat-2\/","name":"L'art et l'artisanat - Librairie 7L","isPartOf":{"@id":"https:\/\/librairie7l.com\/en\/#website"},"datePublished":"2024-09-10T20:16:55+00:00","dateModified":"2026-04-13T16:28:15+00:00","breadcrumb":{"@id":"https:\/\/librairie7l.com\/en\/produit\/lart-et-lartisanat-2\/#breadcrumb"},"inLanguage":"en-US","potentialAction":[{"@type":"ReadAction","target":["https:\/\/librairie7l.com\/en\/produit\/lart-et-lartisanat-2\/"]}]},{"@type":"BreadcrumbList","@id":"https:\/\/librairie7l.com\/en\/produit\/lart-et-lartisanat-2\/#breadcrumb","itemListElement":[{"@type":"ListItem","position":1,"name":"Accueil","item":"https:\/\/librairie7l.com\/en\/"},{"@type":"ListItem","position":2,"name":"Shop","item":"https:\/\/librairie7l.com\/en\/shop\/"},{"@type":"ListItem","position":3,"name":"L&#8217;ART ET L&#8217;ARTISANAT"}]},{"@type":"WebSite","@id":"https:\/\/librairie7l.com\/en\/#website","url":"https:\/\/librairie7l.com\/en\/","name":"Librairie 7L","description":"Librairie fond\u00e9e en 1999 par Karl Lagerfeld \u00e0 Paris","publisher":{"@id":"https:\/\/librairie7l.com\/en\/#organization"},"potentialAction":[{"@type":"SearchAction","target":{"@type":"EntryPoint","urlTemplate":"https:\/\/librairie7l.com\/en\/?s={search_term_string}"},"query-input":"required name=search_term_string"}],"inLanguage":"en-US"},{"@type":"Organization","@id":"https:\/\/librairie7l.com\/en\/#organization","name":"Librairie 7L","url":"https:\/\/librairie7l.com\/en\/","logo":{"@type":"ImageObject","inLanguage":"en-US","@id":"https:\/\/librairie7l.com\/en\/#\/schema\/logo\/image\/","url":"https:\/\/librairie7l.com\/wp-content\/uploads\/2022\/08\/logo-1.png","contentUrl":"https:\/\/librairie7l.com\/wp-content\/uploads\/2022\/08\/logo-1.png","width":227,"height":301,"caption":"Librairie 7L"},"image":{"@id":"https:\/\/librairie7l.com\/en\/#\/schema\/logo\/image\/"}}]}},"_links":{"self":[{"href":"https:\/\/librairie7l.com\/en\/wp-json\/wp\/v2\/product\/42436"}],"collection":[{"href":"https:\/\/librairie7l.com\/en\/wp-json\/wp\/v2\/product"}],"about":[{"href":"https:\/\/librairie7l.com\/en\/wp-json\/wp\/v2\/types\/product"}],"wp:featuredmedia":[{"embeddable":true,"href":"https:\/\/librairie7l.com\/en\/wp-json\/wp\/v2\/media\/42434"}],"wp:attachment":[{"href":"https:\/\/librairie7l.com\/en\/wp-json\/wp\/v2\/media?parent=42436"}],"wp:term":[{"taxonomy":"product_cat","embeddable":true,"href":"https:\/\/librairie7l.com\/en\/wp-json\/wp\/v2\/product_cat?post=42436"},{"taxonomy":"product_tag","embeddable":true,"href":"https:\/\/librairie7l.com\/en\/wp-json\/wp\/v2\/product_tag?post=42436"}],"curies":[{"name":"wp","href":"https:\/\/api.w.org\/{rel}","templated":true}]}}