{"id":42449,"date":"2024-09-11T22:16:59","date_gmt":"2024-09-11T20:16:59","guid":{"rendered":"https:\/\/librairie7l.com\/?post_type=product&#038;p=42449"},"modified":"2026-04-13T19:21:24","modified_gmt":"2026-04-13T17:21:24","slug":"dieter-rams-2","status":"publish","type":"product","link":"https:\/\/librairie7l.com\/en\/produit\/dieter-rams-2\/","title":{"rendered":"DIETER RAMS"},"content":{"rendered":"<p>Dieter Rams est l&#8217;un des designers les plus influents du XXe si\u00e8cle. Ses cr\u00e9ations pour des marques comme Braun et Vitsoe ont influenc\u00e9 la vie de millions de personnes. Pendant plus de soixante ans, il a d\u00e9fini les caract\u00e9ristiques esth\u00e9tiques, techniques et fonctionnelles de certains des produits  de consommation les plus appr\u00e9ci\u00e9s au monde. Mais Dieter Rams s&#8217;est aussi distingu\u00e9 par sa mani\u00e8re de regarder les objets qui nous entourent et par sa capacit\u00e9 \u00e0 reconna\u00eetre leur valeur et leur utilit\u00e9. R\u00e9dig\u00e9 par l&#8217;historien du design Klaus Klemp et r\u00e9alis\u00e9 en \u00e9troite collaboration avec Dieter Rams lui-m\u00eame, ce livre est le premier catalogue raisonn\u00e9 de l&#8217;ensemble des oeuvres du designer, qui incarne &#8211; tant esth\u00e9ti\u00adquement que fonction\u00adnellement &#8211; sa vision unique du design. Les produits, pr\u00e9sent\u00e9s de mani\u00e8re chrono\u00adlogique, sont accom\u00adpagn\u00e9s d&#8217;une description d\u00e9taill\u00e9e et d&#8217;une l\u00e9gende compl\u00e8te indiquant notamment  leur taille et leur poids. Cet ouvrage est un guide de r\u00e9f\u00e9rence incon\u00adtour\u00adnable et se veut un hommage \u00e0 la contribu\u00adtion fonda\u00admentale de Dieter Rams \u00e0 l&#8217;histoire du design industriel.<\/p>\n","protected":false},"excerpt":{"rendered":"<p>Dieter Rams est l&#8217;un des designers les plus influents du XXe si\u00e8cle. Ses cr\u00e9ations pour des marques comme Braun et Vitsoe ont influenc\u00e9 la vie de millions de personnes. Pendant plus de soixante ans, il a d\u00e9fini les caract\u00e9ristiques esth\u00e9tiques, techniques et fonctionnelles de certains des produits de consommation les plus appr\u00e9ci\u00e9s au monde. Mais [&hellip;]<\/p>\n","protected":false},"featured_media":42447,"template":"","meta":[],"product_cat":[2948],"product_tag":[],"acf":[],"yoast_head":"<!-- This site is optimized with the Yoast SEO plugin v20.11 - https:\/\/yoast.com\/wordpress\/plugins\/seo\/ -->\n<title>Dieter Rams - Librairie 7L<\/title>\n<meta name=\"robots\" content=\"index, follow, max-snippet:-1, max-image-preview:large, max-video-preview:-1\" \/>\n<link rel=\"canonical\" href=\"https:\/\/librairie7l.com\/en\/produit\/dieter-rams-2\/\" \/>\n<meta property=\"og:locale\" content=\"en_US\" \/>\n<meta property=\"og:type\" content=\"article\" \/>\n<meta property=\"og:title\" content=\"Dieter Rams - Librairie 7L\" \/>\n<meta property=\"og:description\" content=\"Dieter Rams est l&#8217;un des designers les plus influents du XXe si\u00e8cle. Ses cr\u00e9ations pour des marques comme Braun et Vitsoe ont influenc\u00e9 la vie de millions de personnes. Pendant plus de soixante ans, il a d\u00e9fini les caract\u00e9ristiques esth\u00e9tiques, techniques et fonctionnelles de certains des produits de consommation les plus appr\u00e9ci\u00e9s au monde. Mais [&hellip;]\" \/>\n<meta property=\"og:url\" content=\"https:\/\/librairie7l.com\/en\/produit\/dieter-rams-2\/\" \/>\n<meta property=\"og:site_name\" content=\"Librairie 7L\" \/>\n<meta property=\"article:modified_time\" content=\"2026-04-13T17:21:24+00:00\" \/>\n<meta property=\"og:image\" content=\"https:\/\/librairie7l.com\/wp-content\/uploads\/2024\/04\/9781838668884_1_75.jpg\" \/>\n\t<meta property=\"og:image:width\" content=\"600\" \/>\n\t<meta property=\"og:image:height\" content=\"800\" \/>\n\t<meta property=\"og:image:type\" content=\"image\/jpeg\" \/>\n<meta name=\"twitter:card\" content=\"summary_large_image\" \/>\n<meta name=\"twitter:label1\" content=\"Est. reading time\" \/>\n\t<meta name=\"twitter:data1\" content=\"1 minute\" \/>\n<script type=\"application\/ld+json\" class=\"yoast-schema-graph\">{\"@context\":\"https:\/\/schema.org\",\"@graph\":[{\"@type\":\"WebPage\",\"@id\":\"https:\/\/librairie7l.com\/en\/produit\/dieter-rams-2\/\",\"url\":\"https:\/\/librairie7l.com\/en\/produit\/dieter-rams-2\/\",\"name\":\"Dieter Rams - Librairie 7L\",\"isPartOf\":{\"@id\":\"https:\/\/librairie7l.com\/en\/#website\"},\"datePublished\":\"2024-09-11T20:16:59+00:00\",\"dateModified\":\"2026-04-13T17:21:24+00:00\",\"breadcrumb\":{\"@id\":\"https:\/\/librairie7l.com\/en\/produit\/dieter-rams-2\/#breadcrumb\"},\"inLanguage\":\"en-US\",\"potentialAction\":[{\"@type\":\"ReadAction\",\"target\":[\"https:\/\/librairie7l.com\/en\/produit\/dieter-rams-2\/\"]}]},{\"@type\":\"BreadcrumbList\",\"@id\":\"https:\/\/librairie7l.com\/en\/produit\/dieter-rams-2\/#breadcrumb\",\"itemListElement\":[{\"@type\":\"ListItem\",\"position\":1,\"name\":\"Accueil\",\"item\":\"https:\/\/librairie7l.com\/en\/\"},{\"@type\":\"ListItem\",\"position\":2,\"name\":\"Shop\",\"item\":\"https:\/\/librairie7l.com\/en\/shop\/\"},{\"@type\":\"ListItem\",\"position\":3,\"name\":\"DIETER RAMS\"}]},{\"@type\":\"WebSite\",\"@id\":\"https:\/\/librairie7l.com\/en\/#website\",\"url\":\"https:\/\/librairie7l.com\/en\/\",\"name\":\"Librairie 7L\",\"description\":\"Librairie fond\u00e9e en 1999 par Karl Lagerfeld \u00e0 Paris\",\"publisher\":{\"@id\":\"https:\/\/librairie7l.com\/en\/#organization\"},\"potentialAction\":[{\"@type\":\"SearchAction\",\"target\":{\"@type\":\"EntryPoint\",\"urlTemplate\":\"https:\/\/librairie7l.com\/en\/?s={search_term_string}\"},\"query-input\":\"required name=search_term_string\"}],\"inLanguage\":\"en-US\"},{\"@type\":\"Organization\",\"@id\":\"https:\/\/librairie7l.com\/en\/#organization\",\"name\":\"Librairie 7L\",\"url\":\"https:\/\/librairie7l.com\/en\/\",\"logo\":{\"@type\":\"ImageObject\",\"inLanguage\":\"en-US\",\"@id\":\"https:\/\/librairie7l.com\/en\/#\/schema\/logo\/image\/\",\"url\":\"https:\/\/librairie7l.com\/wp-content\/uploads\/2022\/08\/logo-1.png\",\"contentUrl\":\"https:\/\/librairie7l.com\/wp-content\/uploads\/2022\/08\/logo-1.png\",\"width\":227,\"height\":301,\"caption\":\"Librairie 7L\"},\"image\":{\"@id\":\"https:\/\/librairie7l.com\/en\/#\/schema\/logo\/image\/\"}}]}<\/script>\n<!-- \/ Yoast SEO plugin. -->","yoast_head_json":{"title":"Dieter Rams - Librairie 7L","robots":{"index":"index","follow":"follow","max-snippet":"max-snippet:-1","max-image-preview":"max-image-preview:large","max-video-preview":"max-video-preview:-1"},"canonical":"https:\/\/librairie7l.com\/en\/produit\/dieter-rams-2\/","og_locale":"en_US","og_type":"article","og_title":"Dieter Rams - Librairie 7L","og_description":"Dieter Rams est l&#8217;un des designers les plus influents du XXe si\u00e8cle. Ses cr\u00e9ations pour des marques comme Braun et Vitsoe ont influenc\u00e9 la vie de millions de personnes. Pendant plus de soixante ans, il a d\u00e9fini les caract\u00e9ristiques esth\u00e9tiques, techniques et fonctionnelles de certains des produits de consommation les plus appr\u00e9ci\u00e9s au monde. Mais [&hellip;]","og_url":"https:\/\/librairie7l.com\/en\/produit\/dieter-rams-2\/","og_site_name":"Librairie 7L","article_modified_time":"2026-04-13T17:21:24+00:00","og_image":[{"width":600,"height":800,"url":"https:\/\/librairie7l.com\/wp-content\/uploads\/2024\/04\/9781838668884_1_75.jpg","type":"image\/jpeg"}],"twitter_card":"summary_large_image","twitter_misc":{"Est. reading time":"1 minute"},"schema":{"@context":"https:\/\/schema.org","@graph":[{"@type":"WebPage","@id":"https:\/\/librairie7l.com\/en\/produit\/dieter-rams-2\/","url":"https:\/\/librairie7l.com\/en\/produit\/dieter-rams-2\/","name":"Dieter Rams - Librairie 7L","isPartOf":{"@id":"https:\/\/librairie7l.com\/en\/#website"},"datePublished":"2024-09-11T20:16:59+00:00","dateModified":"2026-04-13T17:21:24+00:00","breadcrumb":{"@id":"https:\/\/librairie7l.com\/en\/produit\/dieter-rams-2\/#breadcrumb"},"inLanguage":"en-US","potentialAction":[{"@type":"ReadAction","target":["https:\/\/librairie7l.com\/en\/produit\/dieter-rams-2\/"]}]},{"@type":"BreadcrumbList","@id":"https:\/\/librairie7l.com\/en\/produit\/dieter-rams-2\/#breadcrumb","itemListElement":[{"@type":"ListItem","position":1,"name":"Accueil","item":"https:\/\/librairie7l.com\/en\/"},{"@type":"ListItem","position":2,"name":"Shop","item":"https:\/\/librairie7l.com\/en\/shop\/"},{"@type":"ListItem","position":3,"name":"DIETER RAMS"}]},{"@type":"WebSite","@id":"https:\/\/librairie7l.com\/en\/#website","url":"https:\/\/librairie7l.com\/en\/","name":"Librairie 7L","description":"Librairie fond\u00e9e en 1999 par Karl Lagerfeld \u00e0 Paris","publisher":{"@id":"https:\/\/librairie7l.com\/en\/#organization"},"potentialAction":[{"@type":"SearchAction","target":{"@type":"EntryPoint","urlTemplate":"https:\/\/librairie7l.com\/en\/?s={search_term_string}"},"query-input":"required name=search_term_string"}],"inLanguage":"en-US"},{"@type":"Organization","@id":"https:\/\/librairie7l.com\/en\/#organization","name":"Librairie 7L","url":"https:\/\/librairie7l.com\/en\/","logo":{"@type":"ImageObject","inLanguage":"en-US","@id":"https:\/\/librairie7l.com\/en\/#\/schema\/logo\/image\/","url":"https:\/\/librairie7l.com\/wp-content\/uploads\/2022\/08\/logo-1.png","contentUrl":"https:\/\/librairie7l.com\/wp-content\/uploads\/2022\/08\/logo-1.png","width":227,"height":301,"caption":"Librairie 7L"},"image":{"@id":"https:\/\/librairie7l.com\/en\/#\/schema\/logo\/image\/"}}]}},"_links":{"self":[{"href":"https:\/\/librairie7l.com\/en\/wp-json\/wp\/v2\/product\/42449"}],"collection":[{"href":"https:\/\/librairie7l.com\/en\/wp-json\/wp\/v2\/product"}],"about":[{"href":"https:\/\/librairie7l.com\/en\/wp-json\/wp\/v2\/types\/product"}],"wp:featuredmedia":[{"embeddable":true,"href":"https:\/\/librairie7l.com\/en\/wp-json\/wp\/v2\/media\/42447"}],"wp:attachment":[{"href":"https:\/\/librairie7l.com\/en\/wp-json\/wp\/v2\/media?parent=42449"}],"wp:term":[{"taxonomy":"product_cat","embeddable":true,"href":"https:\/\/librairie7l.com\/en\/wp-json\/wp\/v2\/product_cat?post=42449"},{"taxonomy":"product_tag","embeddable":true,"href":"https:\/\/librairie7l.com\/en\/wp-json\/wp\/v2\/product_tag?post=42449"}],"curies":[{"name":"wp","href":"https:\/\/api.w.org\/{rel}","templated":true}]}}