{"id":42514,"date":"2024-09-13T22:17:15","date_gmt":"2024-09-13T20:17:15","guid":{"rendered":"https:\/\/librairie7l.com\/?post_type=product&#038;p=42514"},"modified":"2026-04-08T20:41:47","modified_gmt":"2026-04-08T18:41:47","slug":"martine-franck-regarder-les-autres-2","status":"publish","type":"product","link":"https:\/\/librairie7l.com\/en\/produit\/martine-franck-regarder-les-autres-2\/","title":{"rendered":"MARTINE FRANCK : REGARDER LES AUTRES"},"content":{"rendered":"<p>Le pr\u00e9sent ouvrage a pour ambition de mieux faire conna\u00eetre l&#8217;importante contribution visuelle de cette grande figure f\u00e9minine de la photographie du dernier tiers du XXe si\u00e8cle qu&#8217;\u00e9tait Martine Franck. Ce livre c\u00e9l\u00e8bre ses images les plus connues sur l&#8217;enfance, le grand \u00e2ge, ou le th\u00e9\u00e2tre, dont certaines sont devenues des ic\u00f4nes. Mais il r\u00e9v\u00e8le \u00e9galement des pans entiers de son oeuvre, sur la repr\u00e9sentation du travail, les mouvements f\u00e9ministes, ou la soci\u00e9t\u00e9 de consommation, qui, jusqu&#8217;\u00e0 pr\u00e9sent, ont peu \u00e9t\u00e9 montr\u00e9s. Cette nouvelle synth\u00e8se r\u00e9v\u00e8le ainsi au grand public une artiste sinc\u00e8rement humaniste, profond\u00e9ment engag\u00e9e dans son \u00e9poque, et pour laquelle l&#8217;appareil photographique a \u00e9t\u00e9 un entremetteur privil\u00e9gi\u00e9 pour regarder les autres.<\/p>\n","protected":false},"excerpt":{"rendered":"<p>Le pr\u00e9sent ouvrage a pour ambition de mieux faire conna\u00eetre l&#8217;importante contribution visuelle de cette grande figure f\u00e9minine de la photographie du dernier tiers du XXe si\u00e8cle qu&#8217;\u00e9tait Martine Franck. Ce livre c\u00e9l\u00e8bre ses images les plus connues sur l&#8217;enfance, le grand \u00e2ge, ou le th\u00e9\u00e2tre, dont certaines sont devenues des ic\u00f4nes. Mais il r\u00e9v\u00e8le [&hellip;]<\/p>\n","protected":false},"featured_media":42512,"template":"","meta":[],"product_cat":[2948],"product_tag":[],"acf":[],"yoast_head":"<!-- This site is optimized with the Yoast SEO plugin v20.11 - https:\/\/yoast.com\/wordpress\/plugins\/seo\/ -->\n<title>Martine Franck : Regarder les autres - Librairie 7L<\/title>\n<meta name=\"robots\" content=\"index, follow, max-snippet:-1, max-image-preview:large, max-video-preview:-1\" \/>\n<link rel=\"canonical\" href=\"https:\/\/librairie7l.com\/en\/produit\/martine-franck-regarder-les-autres-2\/\" \/>\n<meta property=\"og:locale\" content=\"en_US\" \/>\n<meta property=\"og:type\" content=\"article\" \/>\n<meta property=\"og:title\" content=\"Martine Franck : Regarder les autres - Librairie 7L\" \/>\n<meta property=\"og:description\" content=\"Le pr\u00e9sent ouvrage a pour ambition de mieux faire conna\u00eetre l&#8217;importante contribution visuelle de cette grande figure f\u00e9minine de la photographie du dernier tiers du XXe si\u00e8cle qu&#8217;\u00e9tait Martine Franck. Ce livre c\u00e9l\u00e8bre ses images les plus connues sur l&#8217;enfance, le grand \u00e2ge, ou le th\u00e9\u00e2tre, dont certaines sont devenues des ic\u00f4nes. Mais il r\u00e9v\u00e8le [&hellip;]\" \/>\n<meta property=\"og:url\" content=\"https:\/\/librairie7l.com\/en\/produit\/martine-franck-regarder-les-autres-2\/\" \/>\n<meta property=\"og:site_name\" content=\"Librairie 7L\" \/>\n<meta property=\"article:modified_time\" content=\"2026-04-08T18:41:47+00:00\" \/>\n<meta property=\"og:image\" content=\"https:\/\/librairie7l.com\/wp-content\/uploads\/2024\/02\/9788836656479_1_75.jpg\" \/>\n\t<meta property=\"og:image:width\" content=\"600\" \/>\n\t<meta property=\"og:image:height\" content=\"700\" \/>\n\t<meta property=\"og:image:type\" content=\"image\/jpeg\" \/>\n<meta name=\"twitter:card\" content=\"summary_large_image\" \/>\n<meta name=\"twitter:label1\" content=\"Est. reading time\" \/>\n\t<meta name=\"twitter:data1\" content=\"1 minute\" \/>\n<script type=\"application\/ld+json\" class=\"yoast-schema-graph\">{\"@context\":\"https:\/\/schema.org\",\"@graph\":[{\"@type\":\"WebPage\",\"@id\":\"https:\/\/librairie7l.com\/en\/produit\/martine-franck-regarder-les-autres-2\/\",\"url\":\"https:\/\/librairie7l.com\/en\/produit\/martine-franck-regarder-les-autres-2\/\",\"name\":\"Martine Franck : Regarder les autres - Librairie 7L\",\"isPartOf\":{\"@id\":\"https:\/\/librairie7l.com\/en\/#website\"},\"datePublished\":\"2024-09-13T20:17:15+00:00\",\"dateModified\":\"2026-04-08T18:41:47+00:00\",\"breadcrumb\":{\"@id\":\"https:\/\/librairie7l.com\/en\/produit\/martine-franck-regarder-les-autres-2\/#breadcrumb\"},\"inLanguage\":\"en-US\",\"potentialAction\":[{\"@type\":\"ReadAction\",\"target\":[\"https:\/\/librairie7l.com\/en\/produit\/martine-franck-regarder-les-autres-2\/\"]}]},{\"@type\":\"BreadcrumbList\",\"@id\":\"https:\/\/librairie7l.com\/en\/produit\/martine-franck-regarder-les-autres-2\/#breadcrumb\",\"itemListElement\":[{\"@type\":\"ListItem\",\"position\":1,\"name\":\"Accueil\",\"item\":\"https:\/\/librairie7l.com\/en\/\"},{\"@type\":\"ListItem\",\"position\":2,\"name\":\"Shop\",\"item\":\"https:\/\/librairie7l.com\/en\/shop\/\"},{\"@type\":\"ListItem\",\"position\":3,\"name\":\"MARTINE FRANCK : REGARDER LES AUTRES\"}]},{\"@type\":\"WebSite\",\"@id\":\"https:\/\/librairie7l.com\/en\/#website\",\"url\":\"https:\/\/librairie7l.com\/en\/\",\"name\":\"Librairie 7L\",\"description\":\"Librairie fond\u00e9e en 1999 par Karl Lagerfeld \u00e0 Paris\",\"publisher\":{\"@id\":\"https:\/\/librairie7l.com\/en\/#organization\"},\"potentialAction\":[{\"@type\":\"SearchAction\",\"target\":{\"@type\":\"EntryPoint\",\"urlTemplate\":\"https:\/\/librairie7l.com\/en\/?s={search_term_string}\"},\"query-input\":\"required name=search_term_string\"}],\"inLanguage\":\"en-US\"},{\"@type\":\"Organization\",\"@id\":\"https:\/\/librairie7l.com\/en\/#organization\",\"name\":\"Librairie 7L\",\"url\":\"https:\/\/librairie7l.com\/en\/\",\"logo\":{\"@type\":\"ImageObject\",\"inLanguage\":\"en-US\",\"@id\":\"https:\/\/librairie7l.com\/en\/#\/schema\/logo\/image\/\",\"url\":\"https:\/\/librairie7l.com\/wp-content\/uploads\/2022\/08\/logo-1.png\",\"contentUrl\":\"https:\/\/librairie7l.com\/wp-content\/uploads\/2022\/08\/logo-1.png\",\"width\":227,\"height\":301,\"caption\":\"Librairie 7L\"},\"image\":{\"@id\":\"https:\/\/librairie7l.com\/en\/#\/schema\/logo\/image\/\"}}]}<\/script>\n<!-- \/ Yoast SEO plugin. -->","yoast_head_json":{"title":"Martine Franck : Regarder les autres - Librairie 7L","robots":{"index":"index","follow":"follow","max-snippet":"max-snippet:-1","max-image-preview":"max-image-preview:large","max-video-preview":"max-video-preview:-1"},"canonical":"https:\/\/librairie7l.com\/en\/produit\/martine-franck-regarder-les-autres-2\/","og_locale":"en_US","og_type":"article","og_title":"Martine Franck : Regarder les autres - Librairie 7L","og_description":"Le pr\u00e9sent ouvrage a pour ambition de mieux faire conna\u00eetre l&#8217;importante contribution visuelle de cette grande figure f\u00e9minine de la photographie du dernier tiers du XXe si\u00e8cle qu&#8217;\u00e9tait Martine Franck. Ce livre c\u00e9l\u00e8bre ses images les plus connues sur l&#8217;enfance, le grand \u00e2ge, ou le th\u00e9\u00e2tre, dont certaines sont devenues des ic\u00f4nes. Mais il r\u00e9v\u00e8le [&hellip;]","og_url":"https:\/\/librairie7l.com\/en\/produit\/martine-franck-regarder-les-autres-2\/","og_site_name":"Librairie 7L","article_modified_time":"2026-04-08T18:41:47+00:00","og_image":[{"width":600,"height":700,"url":"https:\/\/librairie7l.com\/wp-content\/uploads\/2024\/02\/9788836656479_1_75.jpg","type":"image\/jpeg"}],"twitter_card":"summary_large_image","twitter_misc":{"Est. reading time":"1 minute"},"schema":{"@context":"https:\/\/schema.org","@graph":[{"@type":"WebPage","@id":"https:\/\/librairie7l.com\/en\/produit\/martine-franck-regarder-les-autres-2\/","url":"https:\/\/librairie7l.com\/en\/produit\/martine-franck-regarder-les-autres-2\/","name":"Martine Franck : Regarder les autres - Librairie 7L","isPartOf":{"@id":"https:\/\/librairie7l.com\/en\/#website"},"datePublished":"2024-09-13T20:17:15+00:00","dateModified":"2026-04-08T18:41:47+00:00","breadcrumb":{"@id":"https:\/\/librairie7l.com\/en\/produit\/martine-franck-regarder-les-autres-2\/#breadcrumb"},"inLanguage":"en-US","potentialAction":[{"@type":"ReadAction","target":["https:\/\/librairie7l.com\/en\/produit\/martine-franck-regarder-les-autres-2\/"]}]},{"@type":"BreadcrumbList","@id":"https:\/\/librairie7l.com\/en\/produit\/martine-franck-regarder-les-autres-2\/#breadcrumb","itemListElement":[{"@type":"ListItem","position":1,"name":"Accueil","item":"https:\/\/librairie7l.com\/en\/"},{"@type":"ListItem","position":2,"name":"Shop","item":"https:\/\/librairie7l.com\/en\/shop\/"},{"@type":"ListItem","position":3,"name":"MARTINE FRANCK : REGARDER LES AUTRES"}]},{"@type":"WebSite","@id":"https:\/\/librairie7l.com\/en\/#website","url":"https:\/\/librairie7l.com\/en\/","name":"Librairie 7L","description":"Librairie fond\u00e9e en 1999 par Karl Lagerfeld \u00e0 Paris","publisher":{"@id":"https:\/\/librairie7l.com\/en\/#organization"},"potentialAction":[{"@type":"SearchAction","target":{"@type":"EntryPoint","urlTemplate":"https:\/\/librairie7l.com\/en\/?s={search_term_string}"},"query-input":"required name=search_term_string"}],"inLanguage":"en-US"},{"@type":"Organization","@id":"https:\/\/librairie7l.com\/en\/#organization","name":"Librairie 7L","url":"https:\/\/librairie7l.com\/en\/","logo":{"@type":"ImageObject","inLanguage":"en-US","@id":"https:\/\/librairie7l.com\/en\/#\/schema\/logo\/image\/","url":"https:\/\/librairie7l.com\/wp-content\/uploads\/2022\/08\/logo-1.png","contentUrl":"https:\/\/librairie7l.com\/wp-content\/uploads\/2022\/08\/logo-1.png","width":227,"height":301,"caption":"Librairie 7L"},"image":{"@id":"https:\/\/librairie7l.com\/en\/#\/schema\/logo\/image\/"}}]}},"_links":{"self":[{"href":"https:\/\/librairie7l.com\/en\/wp-json\/wp\/v2\/product\/42514"}],"collection":[{"href":"https:\/\/librairie7l.com\/en\/wp-json\/wp\/v2\/product"}],"about":[{"href":"https:\/\/librairie7l.com\/en\/wp-json\/wp\/v2\/types\/product"}],"wp:featuredmedia":[{"embeddable":true,"href":"https:\/\/librairie7l.com\/en\/wp-json\/wp\/v2\/media\/42512"}],"wp:attachment":[{"href":"https:\/\/librairie7l.com\/en\/wp-json\/wp\/v2\/media?parent=42514"}],"wp:term":[{"taxonomy":"product_cat","embeddable":true,"href":"https:\/\/librairie7l.com\/en\/wp-json\/wp\/v2\/product_cat?post=42514"},{"taxonomy":"product_tag","embeddable":true,"href":"https:\/\/librairie7l.com\/en\/wp-json\/wp\/v2\/product_tag?post=42514"}],"curies":[{"name":"wp","href":"https:\/\/api.w.org\/{rel}","templated":true}]}}