{"id":42518,"date":"2024-09-13T22:17:18","date_gmt":"2024-09-13T20:17:18","guid":{"rendered":"https:\/\/librairie7l.com\/?post_type=product&#038;p=42518"},"modified":"2026-04-14T07:58:58","modified_gmt":"2026-04-14T05:58:58","slug":"play-fite-biennale-textile-clermont-ferrand-2","status":"publish","type":"product","link":"https:\/\/librairie7l.com\/en\/produit\/play-fite-biennale-textile-clermont-ferrand-2\/","title":{"rendered":"PLAY : FITE BIENNALE TEXTILE CLERMONT-FERRAND"},"content":{"rendered":"<p>Le FITE &#8211; Biennale Textile &#8211; Clermont-Ferrand s&#8217;associe avec le Sesc S\u00e3o Paulo pour cette \u00e9dition PLAY afin de pr\u00e9senter des artistes et des pi\u00e8ces patrimoniales textiles des cinq continents.<\/p>\n<p>PLAY comme une incitation \u00e0 emprunter une autre voie et \u00e0 d\u00e9velopper un autre regard sur notre soci\u00e9t\u00e9 contemporaine.  Le FITE &#8211; Biennale Textile est une plateforme de regards crois\u00e9s, g\u00e9n\u00e9rant des rencontres d&#8217;un nouveau genre.<\/p>\n","protected":false},"excerpt":{"rendered":"<p>Le FITE &#8211; Biennale Textile &#8211; Clermont-Ferrand s&#8217;associe avec le Sesc S\u00e3o Paulo pour cette \u00e9dition PLAY afin de pr\u00e9senter des artistes et des pi\u00e8ces patrimoniales textiles des cinq continents. PLAY comme une incitation \u00e0 emprunter une autre voie et \u00e0 d\u00e9velopper un autre regard sur notre soci\u00e9t\u00e9 contemporaine. Le FITE &#8211; Biennale Textile est [&hellip;]<\/p>\n","protected":false},"featured_media":42516,"template":"","meta":[],"product_cat":[2948],"product_tag":[],"acf":[],"yoast_head":"<!-- This site is optimized with the Yoast SEO plugin v20.11 - https:\/\/yoast.com\/wordpress\/plugins\/seo\/ -->\n<title>Play : Fite biennale textile Clermont-Ferrand - Librairie 7L<\/title>\n<meta name=\"robots\" content=\"index, follow, max-snippet:-1, max-image-preview:large, max-video-preview:-1\" \/>\n<link rel=\"canonical\" href=\"https:\/\/librairie7l.com\/en\/produit\/play-fite-biennale-textile-clermont-ferrand-2\/\" \/>\n<meta property=\"og:locale\" content=\"en_US\" \/>\n<meta property=\"og:type\" content=\"article\" \/>\n<meta property=\"og:title\" content=\"Play : Fite biennale textile Clermont-Ferrand - Librairie 7L\" \/>\n<meta property=\"og:description\" content=\"Le FITE &#8211; Biennale Textile &#8211; Clermont-Ferrand s&#8217;associe avec le Sesc S\u00e3o Paulo pour cette \u00e9dition PLAY afin de pr\u00e9senter des artistes et des pi\u00e8ces patrimoniales textiles des cinq continents. PLAY comme une incitation \u00e0 emprunter une autre voie et \u00e0 d\u00e9velopper un autre regard sur notre soci\u00e9t\u00e9 contemporaine. Le FITE &#8211; Biennale Textile est [&hellip;]\" \/>\n<meta property=\"og:url\" content=\"https:\/\/librairie7l.com\/en\/produit\/play-fite-biennale-textile-clermont-ferrand-2\/\" \/>\n<meta property=\"og:site_name\" content=\"Librairie 7L\" \/>\n<meta property=\"article:modified_time\" content=\"2026-04-14T05:58:58+00:00\" \/>\n<meta property=\"og:image\" content=\"https:\/\/librairie7l.com\/wp-content\/uploads\/2024\/03\/9788836656394_1_75.jpg\" \/>\n\t<meta property=\"og:image:width\" content=\"600\" \/>\n\t<meta property=\"og:image:height\" content=\"861\" \/>\n\t<meta property=\"og:image:type\" content=\"image\/jpeg\" \/>\n<meta name=\"twitter:card\" content=\"summary_large_image\" \/>\n<script type=\"application\/ld+json\" class=\"yoast-schema-graph\">{\"@context\":\"https:\/\/schema.org\",\"@graph\":[{\"@type\":\"WebPage\",\"@id\":\"https:\/\/librairie7l.com\/en\/produit\/play-fite-biennale-textile-clermont-ferrand-2\/\",\"url\":\"https:\/\/librairie7l.com\/en\/produit\/play-fite-biennale-textile-clermont-ferrand-2\/\",\"name\":\"Play : Fite biennale textile Clermont-Ferrand - Librairie 7L\",\"isPartOf\":{\"@id\":\"https:\/\/librairie7l.com\/en\/#website\"},\"datePublished\":\"2024-09-13T20:17:18+00:00\",\"dateModified\":\"2026-04-14T05:58:58+00:00\",\"breadcrumb\":{\"@id\":\"https:\/\/librairie7l.com\/en\/produit\/play-fite-biennale-textile-clermont-ferrand-2\/#breadcrumb\"},\"inLanguage\":\"en-US\",\"potentialAction\":[{\"@type\":\"ReadAction\",\"target\":[\"https:\/\/librairie7l.com\/en\/produit\/play-fite-biennale-textile-clermont-ferrand-2\/\"]}]},{\"@type\":\"BreadcrumbList\",\"@id\":\"https:\/\/librairie7l.com\/en\/produit\/play-fite-biennale-textile-clermont-ferrand-2\/#breadcrumb\",\"itemListElement\":[{\"@type\":\"ListItem\",\"position\":1,\"name\":\"Accueil\",\"item\":\"https:\/\/librairie7l.com\/en\/\"},{\"@type\":\"ListItem\",\"position\":2,\"name\":\"Shop\",\"item\":\"https:\/\/librairie7l.com\/en\/shop\/\"},{\"@type\":\"ListItem\",\"position\":3,\"name\":\"PLAY : FITE BIENNALE TEXTILE CLERMONT-FERRAND\"}]},{\"@type\":\"WebSite\",\"@id\":\"https:\/\/librairie7l.com\/en\/#website\",\"url\":\"https:\/\/librairie7l.com\/en\/\",\"name\":\"Librairie 7L\",\"description\":\"Librairie fond\u00e9e en 1999 par Karl Lagerfeld \u00e0 Paris\",\"publisher\":{\"@id\":\"https:\/\/librairie7l.com\/en\/#organization\"},\"potentialAction\":[{\"@type\":\"SearchAction\",\"target\":{\"@type\":\"EntryPoint\",\"urlTemplate\":\"https:\/\/librairie7l.com\/en\/?s={search_term_string}\"},\"query-input\":\"required name=search_term_string\"}],\"inLanguage\":\"en-US\"},{\"@type\":\"Organization\",\"@id\":\"https:\/\/librairie7l.com\/en\/#organization\",\"name\":\"Librairie 7L\",\"url\":\"https:\/\/librairie7l.com\/en\/\",\"logo\":{\"@type\":\"ImageObject\",\"inLanguage\":\"en-US\",\"@id\":\"https:\/\/librairie7l.com\/en\/#\/schema\/logo\/image\/\",\"url\":\"https:\/\/librairie7l.com\/wp-content\/uploads\/2022\/08\/logo-1.png\",\"contentUrl\":\"https:\/\/librairie7l.com\/wp-content\/uploads\/2022\/08\/logo-1.png\",\"width\":227,\"height\":301,\"caption\":\"Librairie 7L\"},\"image\":{\"@id\":\"https:\/\/librairie7l.com\/en\/#\/schema\/logo\/image\/\"}}]}<\/script>\n<!-- \/ Yoast SEO plugin. -->","yoast_head_json":{"title":"Play : Fite biennale textile Clermont-Ferrand - Librairie 7L","robots":{"index":"index","follow":"follow","max-snippet":"max-snippet:-1","max-image-preview":"max-image-preview:large","max-video-preview":"max-video-preview:-1"},"canonical":"https:\/\/librairie7l.com\/en\/produit\/play-fite-biennale-textile-clermont-ferrand-2\/","og_locale":"en_US","og_type":"article","og_title":"Play : Fite biennale textile Clermont-Ferrand - Librairie 7L","og_description":"Le FITE &#8211; Biennale Textile &#8211; Clermont-Ferrand s&#8217;associe avec le Sesc S\u00e3o Paulo pour cette \u00e9dition PLAY afin de pr\u00e9senter des artistes et des pi\u00e8ces patrimoniales textiles des cinq continents. PLAY comme une incitation \u00e0 emprunter une autre voie et \u00e0 d\u00e9velopper un autre regard sur notre soci\u00e9t\u00e9 contemporaine. Le FITE &#8211; Biennale Textile est [&hellip;]","og_url":"https:\/\/librairie7l.com\/en\/produit\/play-fite-biennale-textile-clermont-ferrand-2\/","og_site_name":"Librairie 7L","article_modified_time":"2026-04-14T05:58:58+00:00","og_image":[{"width":600,"height":861,"url":"https:\/\/librairie7l.com\/wp-content\/uploads\/2024\/03\/9788836656394_1_75.jpg","type":"image\/jpeg"}],"twitter_card":"summary_large_image","schema":{"@context":"https:\/\/schema.org","@graph":[{"@type":"WebPage","@id":"https:\/\/librairie7l.com\/en\/produit\/play-fite-biennale-textile-clermont-ferrand-2\/","url":"https:\/\/librairie7l.com\/en\/produit\/play-fite-biennale-textile-clermont-ferrand-2\/","name":"Play : Fite biennale textile Clermont-Ferrand - Librairie 7L","isPartOf":{"@id":"https:\/\/librairie7l.com\/en\/#website"},"datePublished":"2024-09-13T20:17:18+00:00","dateModified":"2026-04-14T05:58:58+00:00","breadcrumb":{"@id":"https:\/\/librairie7l.com\/en\/produit\/play-fite-biennale-textile-clermont-ferrand-2\/#breadcrumb"},"inLanguage":"en-US","potentialAction":[{"@type":"ReadAction","target":["https:\/\/librairie7l.com\/en\/produit\/play-fite-biennale-textile-clermont-ferrand-2\/"]}]},{"@type":"BreadcrumbList","@id":"https:\/\/librairie7l.com\/en\/produit\/play-fite-biennale-textile-clermont-ferrand-2\/#breadcrumb","itemListElement":[{"@type":"ListItem","position":1,"name":"Accueil","item":"https:\/\/librairie7l.com\/en\/"},{"@type":"ListItem","position":2,"name":"Shop","item":"https:\/\/librairie7l.com\/en\/shop\/"},{"@type":"ListItem","position":3,"name":"PLAY : FITE BIENNALE TEXTILE CLERMONT-FERRAND"}]},{"@type":"WebSite","@id":"https:\/\/librairie7l.com\/en\/#website","url":"https:\/\/librairie7l.com\/en\/","name":"Librairie 7L","description":"Librairie fond\u00e9e en 1999 par Karl Lagerfeld \u00e0 Paris","publisher":{"@id":"https:\/\/librairie7l.com\/en\/#organization"},"potentialAction":[{"@type":"SearchAction","target":{"@type":"EntryPoint","urlTemplate":"https:\/\/librairie7l.com\/en\/?s={search_term_string}"},"query-input":"required name=search_term_string"}],"inLanguage":"en-US"},{"@type":"Organization","@id":"https:\/\/librairie7l.com\/en\/#organization","name":"Librairie 7L","url":"https:\/\/librairie7l.com\/en\/","logo":{"@type":"ImageObject","inLanguage":"en-US","@id":"https:\/\/librairie7l.com\/en\/#\/schema\/logo\/image\/","url":"https:\/\/librairie7l.com\/wp-content\/uploads\/2022\/08\/logo-1.png","contentUrl":"https:\/\/librairie7l.com\/wp-content\/uploads\/2022\/08\/logo-1.png","width":227,"height":301,"caption":"Librairie 7L"},"image":{"@id":"https:\/\/librairie7l.com\/en\/#\/schema\/logo\/image\/"}}]}},"_links":{"self":[{"href":"https:\/\/librairie7l.com\/en\/wp-json\/wp\/v2\/product\/42518"}],"collection":[{"href":"https:\/\/librairie7l.com\/en\/wp-json\/wp\/v2\/product"}],"about":[{"href":"https:\/\/librairie7l.com\/en\/wp-json\/wp\/v2\/types\/product"}],"wp:featuredmedia":[{"embeddable":true,"href":"https:\/\/librairie7l.com\/en\/wp-json\/wp\/v2\/media\/42516"}],"wp:attachment":[{"href":"https:\/\/librairie7l.com\/en\/wp-json\/wp\/v2\/media?parent=42518"}],"wp:term":[{"taxonomy":"product_cat","embeddable":true,"href":"https:\/\/librairie7l.com\/en\/wp-json\/wp\/v2\/product_cat?post=42518"},{"taxonomy":"product_tag","embeddable":true,"href":"https:\/\/librairie7l.com\/en\/wp-json\/wp\/v2\/product_tag?post=42518"}],"curies":[{"name":"wp","href":"https:\/\/api.w.org\/{rel}","templated":true}]}}