{"id":42522,"date":"2024-09-13T22:17:20","date_gmt":"2024-09-13T20:17:20","guid":{"rendered":"https:\/\/librairie7l.com\/?post_type=product&#038;p=42522"},"modified":"2026-04-09T15:03:10","modified_gmt":"2026-04-09T13:03:10","slug":"martha-bibescu-queen-of-the-belle-epoque-a-previously-unknown-portrait-of-domenico-rupolo-2","status":"publish","type":"product","link":"https:\/\/librairie7l.com\/en\/produit\/martha-bibescu-queen-of-the-belle-epoque-a-previously-unknown-portrait-of-domenico-rupolo-2\/","title":{"rendered":"MARTHA BIBESCU, QUEEN OF THE BELLE \u00c9POQUE : A PREVIOUSLY UNKNOWN PORTRAIT OF DOMENICO RUPOLO"},"content":{"rendered":"<p>Martha Bibescu (Bucarest, 1886 &#8211; Paris, 1973) a \u00e9t\u00e9 l\u00b4une des protagonistes les plus importantes et les plus repr\u00e9sentatives du monde extraordinaire de la Belle \u00c9poque, dont Paris, qui est devenue sa ville d\u00b4adoption, \u00e9tait la capitale. Li\u00e9e aux personnalit\u00e9s politiques et intellectuelles les plus importantes de l\u00b4\u00e9poque, des rois de Roumanie au roi Alphonse XIII d\u00b4Espagne, de Charles de Gaulle \u00e0 Winston Churchill et Marcel Proust, Martha a m\u00eal\u00e9 sa vie \u00e0 celle du sculpteur et architecte Domenico Rupolo (Caneva, 1861-1945), \u00e0 l\u00b4origine de la modernisation radicale, pendant pr\u00e8s de vingt-cinq ans, du palais Bibescu \u00e0 Mogosoaia. Pour couronner la profonde association qui le lie \u00e0 Martha, Rupolo ex\u00e9cute en 1933 le portrait en marbre d\u00b4elle, jusqu\u00b4\u00e0 pr\u00e9sent in\u00e9dit, sur lequel se concentre ce volume. Ce visage \u00e9mergeant \u00e9nigmatiquement du marbre, paradigme de l\u00b4art et de la culture de toute une \u00e9poque, est un ajout remarquable et inattendu au portrait de l\u00b4une des femmes les plus populaires du XXe si\u00e8cle.<\/p>\n","protected":false},"excerpt":{"rendered":"<p>Martha Bibescu (Bucarest, 1886 &#8211; Paris, 1973) a \u00e9t\u00e9 l\u00b4une des protagonistes les plus importantes et les plus repr\u00e9sentatives du monde extraordinaire de la Belle \u00c9poque, dont Paris, qui est devenue sa ville d\u00b4adoption, \u00e9tait la capitale. Li\u00e9e aux personnalit\u00e9s politiques et intellectuelles les plus importantes de l\u00b4\u00e9poque, des rois de Roumanie au roi Alphonse [&hellip;]<\/p>\n","protected":false},"featured_media":42520,"template":"","meta":[],"product_cat":[2948],"product_tag":[],"acf":[],"yoast_head":"<!-- This site is optimized with the Yoast SEO plugin v20.11 - https:\/\/yoast.com\/wordpress\/plugins\/seo\/ -->\n<title>Martha Bibescu, queen of the Belle \u00c9poque : A previously unknown portrait of Domenico Rupolo - Librairie 7L<\/title>\n<meta name=\"robots\" content=\"index, follow, max-snippet:-1, max-image-preview:large, max-video-preview:-1\" \/>\n<link rel=\"canonical\" href=\"https:\/\/librairie7l.com\/en\/produit\/martha-bibescu-queen-of-the-belle-epoque-a-previously-unknown-portrait-of-domenico-rupolo-2\/\" \/>\n<meta property=\"og:locale\" content=\"en_US\" \/>\n<meta property=\"og:type\" content=\"article\" \/>\n<meta property=\"og:title\" content=\"Martha Bibescu, queen of the Belle \u00c9poque : A previously unknown portrait of Domenico Rupolo - Librairie 7L\" \/>\n<meta property=\"og:description\" content=\"Martha Bibescu (Bucarest, 1886 &#8211; Paris, 1973) a \u00e9t\u00e9 l\u00b4une des protagonistes les plus importantes et les plus repr\u00e9sentatives du monde extraordinaire de la Belle \u00c9poque, dont Paris, qui est devenue sa ville d\u00b4adoption, \u00e9tait la capitale. Li\u00e9e aux personnalit\u00e9s politiques et intellectuelles les plus importantes de l\u00b4\u00e9poque, des rois de Roumanie au roi Alphonse [&hellip;]\" \/>\n<meta property=\"og:url\" content=\"https:\/\/librairie7l.com\/en\/produit\/martha-bibescu-queen-of-the-belle-epoque-a-previously-unknown-portrait-of-domenico-rupolo-2\/\" \/>\n<meta property=\"og:site_name\" content=\"Librairie 7L\" \/>\n<meta property=\"article:modified_time\" content=\"2026-04-09T13:03:10+00:00\" \/>\n<meta property=\"og:image\" content=\"https:\/\/librairie7l.com\/wp-content\/uploads\/2024\/03\/9788833672694_1_75.jpg\" \/>\n\t<meta property=\"og:image:width\" content=\"600\" \/>\n\t<meta property=\"og:image:height\" content=\"730\" \/>\n\t<meta property=\"og:image:type\" content=\"image\/jpeg\" \/>\n<meta name=\"twitter:card\" content=\"summary_large_image\" \/>\n<meta name=\"twitter:label1\" content=\"Est. reading time\" \/>\n\t<meta name=\"twitter:data1\" content=\"1 minute\" \/>\n<script type=\"application\/ld+json\" class=\"yoast-schema-graph\">{\"@context\":\"https:\/\/schema.org\",\"@graph\":[{\"@type\":\"WebPage\",\"@id\":\"https:\/\/librairie7l.com\/en\/produit\/martha-bibescu-queen-of-the-belle-epoque-a-previously-unknown-portrait-of-domenico-rupolo-2\/\",\"url\":\"https:\/\/librairie7l.com\/en\/produit\/martha-bibescu-queen-of-the-belle-epoque-a-previously-unknown-portrait-of-domenico-rupolo-2\/\",\"name\":\"Martha Bibescu, queen of the Belle \u00c9poque : A previously unknown portrait of Domenico Rupolo - Librairie 7L\",\"isPartOf\":{\"@id\":\"https:\/\/librairie7l.com\/en\/#website\"},\"datePublished\":\"2024-09-13T20:17:20+00:00\",\"dateModified\":\"2026-04-09T13:03:10+00:00\",\"breadcrumb\":{\"@id\":\"https:\/\/librairie7l.com\/en\/produit\/martha-bibescu-queen-of-the-belle-epoque-a-previously-unknown-portrait-of-domenico-rupolo-2\/#breadcrumb\"},\"inLanguage\":\"en-US\",\"potentialAction\":[{\"@type\":\"ReadAction\",\"target\":[\"https:\/\/librairie7l.com\/en\/produit\/martha-bibescu-queen-of-the-belle-epoque-a-previously-unknown-portrait-of-domenico-rupolo-2\/\"]}]},{\"@type\":\"BreadcrumbList\",\"@id\":\"https:\/\/librairie7l.com\/en\/produit\/martha-bibescu-queen-of-the-belle-epoque-a-previously-unknown-portrait-of-domenico-rupolo-2\/#breadcrumb\",\"itemListElement\":[{\"@type\":\"ListItem\",\"position\":1,\"name\":\"Accueil\",\"item\":\"https:\/\/librairie7l.com\/en\/\"},{\"@type\":\"ListItem\",\"position\":2,\"name\":\"Shop\",\"item\":\"https:\/\/librairie7l.com\/en\/shop\/\"},{\"@type\":\"ListItem\",\"position\":3,\"name\":\"MARTHA BIBESCU, QUEEN OF THE BELLE \u00c9POQUE : A PREVIOUSLY UNKNOWN PORTRAIT OF DOMENICO RUPOLO\"}]},{\"@type\":\"WebSite\",\"@id\":\"https:\/\/librairie7l.com\/en\/#website\",\"url\":\"https:\/\/librairie7l.com\/en\/\",\"name\":\"Librairie 7L\",\"description\":\"Librairie fond\u00e9e en 1999 par Karl Lagerfeld \u00e0 Paris\",\"publisher\":{\"@id\":\"https:\/\/librairie7l.com\/en\/#organization\"},\"potentialAction\":[{\"@type\":\"SearchAction\",\"target\":{\"@type\":\"EntryPoint\",\"urlTemplate\":\"https:\/\/librairie7l.com\/en\/?s={search_term_string}\"},\"query-input\":\"required name=search_term_string\"}],\"inLanguage\":\"en-US\"},{\"@type\":\"Organization\",\"@id\":\"https:\/\/librairie7l.com\/en\/#organization\",\"name\":\"Librairie 7L\",\"url\":\"https:\/\/librairie7l.com\/en\/\",\"logo\":{\"@type\":\"ImageObject\",\"inLanguage\":\"en-US\",\"@id\":\"https:\/\/librairie7l.com\/en\/#\/schema\/logo\/image\/\",\"url\":\"https:\/\/librairie7l.com\/wp-content\/uploads\/2022\/08\/logo-1.png\",\"contentUrl\":\"https:\/\/librairie7l.com\/wp-content\/uploads\/2022\/08\/logo-1.png\",\"width\":227,\"height\":301,\"caption\":\"Librairie 7L\"},\"image\":{\"@id\":\"https:\/\/librairie7l.com\/en\/#\/schema\/logo\/image\/\"}}]}<\/script>\n<!-- \/ Yoast SEO plugin. -->","yoast_head_json":{"title":"Martha Bibescu, queen of the Belle \u00c9poque : A previously unknown portrait of Domenico Rupolo - Librairie 7L","robots":{"index":"index","follow":"follow","max-snippet":"max-snippet:-1","max-image-preview":"max-image-preview:large","max-video-preview":"max-video-preview:-1"},"canonical":"https:\/\/librairie7l.com\/en\/produit\/martha-bibescu-queen-of-the-belle-epoque-a-previously-unknown-portrait-of-domenico-rupolo-2\/","og_locale":"en_US","og_type":"article","og_title":"Martha Bibescu, queen of the Belle \u00c9poque : A previously unknown portrait of Domenico Rupolo - Librairie 7L","og_description":"Martha Bibescu (Bucarest, 1886 &#8211; Paris, 1973) a \u00e9t\u00e9 l\u00b4une des protagonistes les plus importantes et les plus repr\u00e9sentatives du monde extraordinaire de la Belle \u00c9poque, dont Paris, qui est devenue sa ville d\u00b4adoption, \u00e9tait la capitale. Li\u00e9e aux personnalit\u00e9s politiques et intellectuelles les plus importantes de l\u00b4\u00e9poque, des rois de Roumanie au roi Alphonse [&hellip;]","og_url":"https:\/\/librairie7l.com\/en\/produit\/martha-bibescu-queen-of-the-belle-epoque-a-previously-unknown-portrait-of-domenico-rupolo-2\/","og_site_name":"Librairie 7L","article_modified_time":"2026-04-09T13:03:10+00:00","og_image":[{"width":600,"height":730,"url":"https:\/\/librairie7l.com\/wp-content\/uploads\/2024\/03\/9788833672694_1_75.jpg","type":"image\/jpeg"}],"twitter_card":"summary_large_image","twitter_misc":{"Est. reading time":"1 minute"},"schema":{"@context":"https:\/\/schema.org","@graph":[{"@type":"WebPage","@id":"https:\/\/librairie7l.com\/en\/produit\/martha-bibescu-queen-of-the-belle-epoque-a-previously-unknown-portrait-of-domenico-rupolo-2\/","url":"https:\/\/librairie7l.com\/en\/produit\/martha-bibescu-queen-of-the-belle-epoque-a-previously-unknown-portrait-of-domenico-rupolo-2\/","name":"Martha Bibescu, queen of the Belle \u00c9poque : A previously unknown portrait of Domenico Rupolo - Librairie 7L","isPartOf":{"@id":"https:\/\/librairie7l.com\/en\/#website"},"datePublished":"2024-09-13T20:17:20+00:00","dateModified":"2026-04-09T13:03:10+00:00","breadcrumb":{"@id":"https:\/\/librairie7l.com\/en\/produit\/martha-bibescu-queen-of-the-belle-epoque-a-previously-unknown-portrait-of-domenico-rupolo-2\/#breadcrumb"},"inLanguage":"en-US","potentialAction":[{"@type":"ReadAction","target":["https:\/\/librairie7l.com\/en\/produit\/martha-bibescu-queen-of-the-belle-epoque-a-previously-unknown-portrait-of-domenico-rupolo-2\/"]}]},{"@type":"BreadcrumbList","@id":"https:\/\/librairie7l.com\/en\/produit\/martha-bibescu-queen-of-the-belle-epoque-a-previously-unknown-portrait-of-domenico-rupolo-2\/#breadcrumb","itemListElement":[{"@type":"ListItem","position":1,"name":"Accueil","item":"https:\/\/librairie7l.com\/en\/"},{"@type":"ListItem","position":2,"name":"Shop","item":"https:\/\/librairie7l.com\/en\/shop\/"},{"@type":"ListItem","position":3,"name":"MARTHA BIBESCU, QUEEN OF THE BELLE \u00c9POQUE : A PREVIOUSLY UNKNOWN PORTRAIT OF DOMENICO RUPOLO"}]},{"@type":"WebSite","@id":"https:\/\/librairie7l.com\/en\/#website","url":"https:\/\/librairie7l.com\/en\/","name":"Librairie 7L","description":"Librairie fond\u00e9e en 1999 par Karl Lagerfeld \u00e0 Paris","publisher":{"@id":"https:\/\/librairie7l.com\/en\/#organization"},"potentialAction":[{"@type":"SearchAction","target":{"@type":"EntryPoint","urlTemplate":"https:\/\/librairie7l.com\/en\/?s={search_term_string}"},"query-input":"required name=search_term_string"}],"inLanguage":"en-US"},{"@type":"Organization","@id":"https:\/\/librairie7l.com\/en\/#organization","name":"Librairie 7L","url":"https:\/\/librairie7l.com\/en\/","logo":{"@type":"ImageObject","inLanguage":"en-US","@id":"https:\/\/librairie7l.com\/en\/#\/schema\/logo\/image\/","url":"https:\/\/librairie7l.com\/wp-content\/uploads\/2022\/08\/logo-1.png","contentUrl":"https:\/\/librairie7l.com\/wp-content\/uploads\/2022\/08\/logo-1.png","width":227,"height":301,"caption":"Librairie 7L"},"image":{"@id":"https:\/\/librairie7l.com\/en\/#\/schema\/logo\/image\/"}}]}},"_links":{"self":[{"href":"https:\/\/librairie7l.com\/en\/wp-json\/wp\/v2\/product\/42522"}],"collection":[{"href":"https:\/\/librairie7l.com\/en\/wp-json\/wp\/v2\/product"}],"about":[{"href":"https:\/\/librairie7l.com\/en\/wp-json\/wp\/v2\/types\/product"}],"wp:featuredmedia":[{"embeddable":true,"href":"https:\/\/librairie7l.com\/en\/wp-json\/wp\/v2\/media\/42520"}],"wp:attachment":[{"href":"https:\/\/librairie7l.com\/en\/wp-json\/wp\/v2\/media?parent=42522"}],"wp:term":[{"taxonomy":"product_cat","embeddable":true,"href":"https:\/\/librairie7l.com\/en\/wp-json\/wp\/v2\/product_cat?post=42522"},{"taxonomy":"product_tag","embeddable":true,"href":"https:\/\/librairie7l.com\/en\/wp-json\/wp\/v2\/product_tag?post=42522"}],"curies":[{"name":"wp","href":"https:\/\/api.w.org\/{rel}","templated":true}]}}