{"id":42526,"date":"2024-09-13T22:17:23","date_gmt":"2024-09-13T20:17:23","guid":{"rendered":"https:\/\/librairie7l.com\/?post_type=product&#038;p=42526"},"modified":"2026-04-08T20:42:42","modified_gmt":"2026-04-08T18:42:42","slug":"26e-biennale-internationale-de-vallauris-creation-contemporaine-et-ceramique-2","status":"publish","type":"product","link":"https:\/\/librairie7l.com\/en\/produit\/26e-biennale-internationale-de-vallauris-creation-contemporaine-et-ceramique-2\/","title":{"rendered":"26E BIENNALE INTERNATIONALE DE VALLAURIS : CR\u00c9ATION CONTEMPORAINE ET C\u00c9RAMIQUE"},"content":{"rendered":"<p>Ce volume c\u00e9l\u00e8bre la c\u00e9ramique contemporaine \u00e0 l&#8217;occasion de la 26e Biennale internationale de Vallauris\/Cr\u00e9ation contemporaine et c\u00e9ramique. N\u00e9e \u00e0 l&#8217;\u00e9t\u00e9 1966 sous l&#8217;\u00e9gide de Pablo Picasso et d&#8217;Andr\u00e9 Malraux, cr\u00e9ative et innovante, la Biennale d&#8217;aujourd&#8217;hui met en avant l&#8217;\u00e9mergence des nouvelles mani\u00e8res de cr\u00e9er, avec une orientation marqu\u00e9e vers les technologies actuelles, mais aussi un retour aux savoir-faire ancestraux. Pour cette 26e \u00e9dition et son concours, le jury a s\u00e9lectionn\u00e9 25 artistes repr\u00e9sentant 14 nationalit\u00e9s diff\u00e9rentes, dans le but d&#8217;encourager, de faire conna\u00eetre et de r\u00e9compenser des cr\u00e9ateurs talentueux qui explorent les possibilit\u00e9s infinies offertes par le m\u00e9dium c\u00e9ramique. Cette s\u00e9lection \u00e9clectique, alliant artistes reconnus et talents \u00e9mergents, t\u00e9moigne de la richesse et de la vitalit\u00e9 du paysage de la c\u00e9ramique contemporaine. Ce catalogue, sp\u00e9cialement \u00e9dit\u00e9 pour l&#8217;occasion, pr\u00e9sente les oeuvres choisies, expos\u00e9es au mus\u00e9e Magnelli, mus\u00e9e de la C\u00e9ramique. Une opportunit\u00e9 de d\u00e9couvrir ou d&#8217;affiner sa connaissance du meilleur de la cr\u00e9ation contemporaine c\u00e9ramique internationale.<\/p>\n","protected":false},"excerpt":{"rendered":"<p>Ce volume c\u00e9l\u00e8bre la c\u00e9ramique contemporaine \u00e0 l&#8217;occasion de la 26e Biennale internationale de Vallauris\/Cr\u00e9ation contemporaine et c\u00e9ramique. N\u00e9e \u00e0 l&#8217;\u00e9t\u00e9 1966 sous l&#8217;\u00e9gide de Pablo Picasso et d&#8217;Andr\u00e9 Malraux, cr\u00e9ative et innovante, la Biennale d&#8217;aujourd&#8217;hui met en avant l&#8217;\u00e9mergence des nouvelles mani\u00e8res de cr\u00e9er, avec une orientation marqu\u00e9e vers les technologies actuelles, mais aussi [&hellip;]<\/p>\n","protected":false},"featured_media":42524,"template":"","meta":[],"product_cat":[2948],"product_tag":[],"acf":[],"yoast_head":"<!-- This site is optimized with the Yoast SEO plugin v20.11 - https:\/\/yoast.com\/wordpress\/plugins\/seo\/ -->\n<title>26e Biennale internationale de Vallauris : Cr\u00e9ation contemporaine et c\u00e9ramique - Librairie 7L<\/title>\n<meta name=\"robots\" content=\"index, follow, max-snippet:-1, max-image-preview:large, max-video-preview:-1\" \/>\n<link rel=\"canonical\" href=\"https:\/\/librairie7l.com\/en\/produit\/26e-biennale-internationale-de-vallauris-creation-contemporaine-et-ceramique-2\/\" \/>\n<meta property=\"og:locale\" content=\"en_US\" \/>\n<meta property=\"og:type\" content=\"article\" \/>\n<meta property=\"og:title\" content=\"26e Biennale internationale de Vallauris : Cr\u00e9ation contemporaine et c\u00e9ramique - Librairie 7L\" \/>\n<meta property=\"og:description\" content=\"Ce volume c\u00e9l\u00e8bre la c\u00e9ramique contemporaine \u00e0 l&#8217;occasion de la 26e Biennale internationale de Vallauris\/Cr\u00e9ation contemporaine et c\u00e9ramique. N\u00e9e \u00e0 l&#8217;\u00e9t\u00e9 1966 sous l&#8217;\u00e9gide de Pablo Picasso et d&#8217;Andr\u00e9 Malraux, cr\u00e9ative et innovante, la Biennale d&#8217;aujourd&#8217;hui met en avant l&#8217;\u00e9mergence des nouvelles mani\u00e8res de cr\u00e9er, avec une orientation marqu\u00e9e vers les technologies actuelles, mais aussi [&hellip;]\" \/>\n<meta property=\"og:url\" content=\"https:\/\/librairie7l.com\/en\/produit\/26e-biennale-internationale-de-vallauris-creation-contemporaine-et-ceramique-2\/\" \/>\n<meta property=\"og:site_name\" content=\"Librairie 7L\" \/>\n<meta property=\"article:modified_time\" content=\"2026-04-08T18:42:42+00:00\" \/>\n<meta property=\"og:image\" content=\"https:\/\/librairie7l.com\/wp-content\/uploads\/2024\/03\/9788836657933_1_75.jpg\" \/>\n\t<meta property=\"og:image:width\" content=\"600\" \/>\n\t<meta property=\"og:image:height\" content=\"868\" \/>\n\t<meta property=\"og:image:type\" content=\"image\/jpeg\" \/>\n<meta name=\"twitter:card\" content=\"summary_large_image\" \/>\n<meta name=\"twitter:label1\" content=\"Est. reading time\" \/>\n\t<meta name=\"twitter:data1\" content=\"1 minute\" \/>\n<script type=\"application\/ld+json\" class=\"yoast-schema-graph\">{\"@context\":\"https:\/\/schema.org\",\"@graph\":[{\"@type\":\"WebPage\",\"@id\":\"https:\/\/librairie7l.com\/en\/produit\/26e-biennale-internationale-de-vallauris-creation-contemporaine-et-ceramique-2\/\",\"url\":\"https:\/\/librairie7l.com\/en\/produit\/26e-biennale-internationale-de-vallauris-creation-contemporaine-et-ceramique-2\/\",\"name\":\"26e Biennale internationale de Vallauris : Cr\u00e9ation contemporaine et c\u00e9ramique - Librairie 7L\",\"isPartOf\":{\"@id\":\"https:\/\/librairie7l.com\/en\/#website\"},\"datePublished\":\"2024-09-13T20:17:23+00:00\",\"dateModified\":\"2026-04-08T18:42:42+00:00\",\"breadcrumb\":{\"@id\":\"https:\/\/librairie7l.com\/en\/produit\/26e-biennale-internationale-de-vallauris-creation-contemporaine-et-ceramique-2\/#breadcrumb\"},\"inLanguage\":\"en-US\",\"potentialAction\":[{\"@type\":\"ReadAction\",\"target\":[\"https:\/\/librairie7l.com\/en\/produit\/26e-biennale-internationale-de-vallauris-creation-contemporaine-et-ceramique-2\/\"]}]},{\"@type\":\"BreadcrumbList\",\"@id\":\"https:\/\/librairie7l.com\/en\/produit\/26e-biennale-internationale-de-vallauris-creation-contemporaine-et-ceramique-2\/#breadcrumb\",\"itemListElement\":[{\"@type\":\"ListItem\",\"position\":1,\"name\":\"Accueil\",\"item\":\"https:\/\/librairie7l.com\/en\/\"},{\"@type\":\"ListItem\",\"position\":2,\"name\":\"Shop\",\"item\":\"https:\/\/librairie7l.com\/en\/shop\/\"},{\"@type\":\"ListItem\",\"position\":3,\"name\":\"26E BIENNALE INTERNATIONALE DE VALLAURIS : CR\u00c9ATION CONTEMPORAINE ET C\u00c9RAMIQUE\"}]},{\"@type\":\"WebSite\",\"@id\":\"https:\/\/librairie7l.com\/en\/#website\",\"url\":\"https:\/\/librairie7l.com\/en\/\",\"name\":\"Librairie 7L\",\"description\":\"Librairie fond\u00e9e en 1999 par Karl Lagerfeld \u00e0 Paris\",\"publisher\":{\"@id\":\"https:\/\/librairie7l.com\/en\/#organization\"},\"potentialAction\":[{\"@type\":\"SearchAction\",\"target\":{\"@type\":\"EntryPoint\",\"urlTemplate\":\"https:\/\/librairie7l.com\/en\/?s={search_term_string}\"},\"query-input\":\"required name=search_term_string\"}],\"inLanguage\":\"en-US\"},{\"@type\":\"Organization\",\"@id\":\"https:\/\/librairie7l.com\/en\/#organization\",\"name\":\"Librairie 7L\",\"url\":\"https:\/\/librairie7l.com\/en\/\",\"logo\":{\"@type\":\"ImageObject\",\"inLanguage\":\"en-US\",\"@id\":\"https:\/\/librairie7l.com\/en\/#\/schema\/logo\/image\/\",\"url\":\"https:\/\/librairie7l.com\/wp-content\/uploads\/2022\/08\/logo-1.png\",\"contentUrl\":\"https:\/\/librairie7l.com\/wp-content\/uploads\/2022\/08\/logo-1.png\",\"width\":227,\"height\":301,\"caption\":\"Librairie 7L\"},\"image\":{\"@id\":\"https:\/\/librairie7l.com\/en\/#\/schema\/logo\/image\/\"}}]}<\/script>\n<!-- \/ Yoast SEO plugin. -->","yoast_head_json":{"title":"26e Biennale internationale de Vallauris : Cr\u00e9ation contemporaine et c\u00e9ramique - Librairie 7L","robots":{"index":"index","follow":"follow","max-snippet":"max-snippet:-1","max-image-preview":"max-image-preview:large","max-video-preview":"max-video-preview:-1"},"canonical":"https:\/\/librairie7l.com\/en\/produit\/26e-biennale-internationale-de-vallauris-creation-contemporaine-et-ceramique-2\/","og_locale":"en_US","og_type":"article","og_title":"26e Biennale internationale de Vallauris : Cr\u00e9ation contemporaine et c\u00e9ramique - Librairie 7L","og_description":"Ce volume c\u00e9l\u00e8bre la c\u00e9ramique contemporaine \u00e0 l&#8217;occasion de la 26e Biennale internationale de Vallauris\/Cr\u00e9ation contemporaine et c\u00e9ramique. N\u00e9e \u00e0 l&#8217;\u00e9t\u00e9 1966 sous l&#8217;\u00e9gide de Pablo Picasso et d&#8217;Andr\u00e9 Malraux, cr\u00e9ative et innovante, la Biennale d&#8217;aujourd&#8217;hui met en avant l&#8217;\u00e9mergence des nouvelles mani\u00e8res de cr\u00e9er, avec une orientation marqu\u00e9e vers les technologies actuelles, mais aussi [&hellip;]","og_url":"https:\/\/librairie7l.com\/en\/produit\/26e-biennale-internationale-de-vallauris-creation-contemporaine-et-ceramique-2\/","og_site_name":"Librairie 7L","article_modified_time":"2026-04-08T18:42:42+00:00","og_image":[{"width":600,"height":868,"url":"https:\/\/librairie7l.com\/wp-content\/uploads\/2024\/03\/9788836657933_1_75.jpg","type":"image\/jpeg"}],"twitter_card":"summary_large_image","twitter_misc":{"Est. reading time":"1 minute"},"schema":{"@context":"https:\/\/schema.org","@graph":[{"@type":"WebPage","@id":"https:\/\/librairie7l.com\/en\/produit\/26e-biennale-internationale-de-vallauris-creation-contemporaine-et-ceramique-2\/","url":"https:\/\/librairie7l.com\/en\/produit\/26e-biennale-internationale-de-vallauris-creation-contemporaine-et-ceramique-2\/","name":"26e Biennale internationale de Vallauris : Cr\u00e9ation contemporaine et c\u00e9ramique - Librairie 7L","isPartOf":{"@id":"https:\/\/librairie7l.com\/en\/#website"},"datePublished":"2024-09-13T20:17:23+00:00","dateModified":"2026-04-08T18:42:42+00:00","breadcrumb":{"@id":"https:\/\/librairie7l.com\/en\/produit\/26e-biennale-internationale-de-vallauris-creation-contemporaine-et-ceramique-2\/#breadcrumb"},"inLanguage":"en-US","potentialAction":[{"@type":"ReadAction","target":["https:\/\/librairie7l.com\/en\/produit\/26e-biennale-internationale-de-vallauris-creation-contemporaine-et-ceramique-2\/"]}]},{"@type":"BreadcrumbList","@id":"https:\/\/librairie7l.com\/en\/produit\/26e-biennale-internationale-de-vallauris-creation-contemporaine-et-ceramique-2\/#breadcrumb","itemListElement":[{"@type":"ListItem","position":1,"name":"Accueil","item":"https:\/\/librairie7l.com\/en\/"},{"@type":"ListItem","position":2,"name":"Shop","item":"https:\/\/librairie7l.com\/en\/shop\/"},{"@type":"ListItem","position":3,"name":"26E BIENNALE INTERNATIONALE DE VALLAURIS : CR\u00c9ATION CONTEMPORAINE ET C\u00c9RAMIQUE"}]},{"@type":"WebSite","@id":"https:\/\/librairie7l.com\/en\/#website","url":"https:\/\/librairie7l.com\/en\/","name":"Librairie 7L","description":"Librairie fond\u00e9e en 1999 par Karl Lagerfeld \u00e0 Paris","publisher":{"@id":"https:\/\/librairie7l.com\/en\/#organization"},"potentialAction":[{"@type":"SearchAction","target":{"@type":"EntryPoint","urlTemplate":"https:\/\/librairie7l.com\/en\/?s={search_term_string}"},"query-input":"required name=search_term_string"}],"inLanguage":"en-US"},{"@type":"Organization","@id":"https:\/\/librairie7l.com\/en\/#organization","name":"Librairie 7L","url":"https:\/\/librairie7l.com\/en\/","logo":{"@type":"ImageObject","inLanguage":"en-US","@id":"https:\/\/librairie7l.com\/en\/#\/schema\/logo\/image\/","url":"https:\/\/librairie7l.com\/wp-content\/uploads\/2022\/08\/logo-1.png","contentUrl":"https:\/\/librairie7l.com\/wp-content\/uploads\/2022\/08\/logo-1.png","width":227,"height":301,"caption":"Librairie 7L"},"image":{"@id":"https:\/\/librairie7l.com\/en\/#\/schema\/logo\/image\/"}}]}},"_links":{"self":[{"href":"https:\/\/librairie7l.com\/en\/wp-json\/wp\/v2\/product\/42526"}],"collection":[{"href":"https:\/\/librairie7l.com\/en\/wp-json\/wp\/v2\/product"}],"about":[{"href":"https:\/\/librairie7l.com\/en\/wp-json\/wp\/v2\/types\/product"}],"wp:featuredmedia":[{"embeddable":true,"href":"https:\/\/librairie7l.com\/en\/wp-json\/wp\/v2\/media\/42524"}],"wp:attachment":[{"href":"https:\/\/librairie7l.com\/en\/wp-json\/wp\/v2\/media?parent=42526"}],"wp:term":[{"taxonomy":"product_cat","embeddable":true,"href":"https:\/\/librairie7l.com\/en\/wp-json\/wp\/v2\/product_cat?post=42526"},{"taxonomy":"product_tag","embeddable":true,"href":"https:\/\/librairie7l.com\/en\/wp-json\/wp\/v2\/product_tag?post=42526"}],"curies":[{"name":"wp","href":"https:\/\/api.w.org\/{rel}","templated":true}]}}