{"id":42530,"date":"2024-09-13T22:17:43","date_gmt":"2024-09-13T20:17:43","guid":{"rendered":"https:\/\/librairie7l.com\/?post_type=product&#038;p=42530"},"modified":"2026-04-07T13:45:34","modified_gmt":"2026-04-07T11:45:34","slug":"supports-surfaces-la-collection-publique-du-luxembourg-2","status":"publish","type":"product","link":"https:\/\/librairie7l.com\/en\/produit\/supports-surfaces-la-collection-publique-du-luxembourg-2\/","title":{"rendered":"SUPPORTS \/ SURFACES : LA COLLECTION PUBLIQUE DU LUXEMBOURG"},"content":{"rendered":"<p>Dernier mouvement d&#8217;avant-garde de l&#8217;art fran\u00e7ais du XXe si\u00e8cle, Supports\/Surfaces marque un tournant important, pr\u00f4nant le rejet des supports de peinture traditionnels au profit d&#8217;une exploration plus conceptuelle de la mat\u00e9rialit\u00e9 de la toile. Certains artistes d\u00e9passent m\u00eame les limites de la peinture dans leur approche artistique en direction de la sculpture et de l&#8217;installation. Bien que le mouvement ait atteint son apog\u00e9e dans les ann\u00e9es 1970, ses id\u00e9aux de libert\u00e9, d&#8217;exp\u00e9rimentation et de remise en question des conventions \u00e9tablies continuent d&#8217;influencer de nombreux artistes.<\/p>\n<p>Les premi\u00e8res acquisitions depuis 1994 et les efforts syst\u00e9matiques ult\u00e9rieurs ont permis au Mus\u00e9e national d&#8217;arch\u00e9ologie, d&#8217;histoire et d&#8217;art du Luxembourg (MNAHA) de constituer une collection Supports\/Surfaces remarquable. Elle renferme actuellement trente-huit oeuvres de la p\u00e9riode 1966-1985, dont nombre d&#8217;oeuvres monumentales. Tous les artistes importants du mouvement y sont repr\u00e9sent\u00e9s avec des oeuvres historiques et de qualit\u00e9 mus\u00e9ale. La collection du MNAHA compte ainsi parmi les ensembles Supports\/Surfaces les plus int\u00e9ressants en Europe et au-del\u00e0, illustrant les aspects importants de ce mouvement artistique fran\u00e7ais innovant.<\/p>\n<p>Cette publication para\u00eet \u00e0 l&#8217;occasion de la premi\u00e8re pr\u00e9sentation de l&#8217;ensemble de la collection \u00e0 partir de juillet 2024.<\/p>\n","protected":false},"excerpt":{"rendered":"<p>Dernier mouvement d&#8217;avant-garde de l&#8217;art fran\u00e7ais du XXe si\u00e8cle, Supports\/Surfaces marque un tournant important, pr\u00f4nant le rejet des supports de peinture traditionnels au profit d&#8217;une exploration plus conceptuelle de la mat\u00e9rialit\u00e9 de la toile. Certains artistes d\u00e9passent m\u00eame les limites de la peinture dans leur approche artistique en direction de la sculpture et de l&#8217;installation. [&hellip;]<\/p>\n","protected":false},"featured_media":42528,"template":"","meta":[],"product_cat":[2948],"product_tag":[],"acf":[],"yoast_head":"<!-- This site is optimized with the Yoast SEO plugin v20.11 - https:\/\/yoast.com\/wordpress\/plugins\/seo\/ -->\n<title>Supports \/ surfaces : La collection publique du Luxembourg - Librairie 7L<\/title>\n<meta name=\"robots\" content=\"index, follow, max-snippet:-1, max-image-preview:large, max-video-preview:-1\" \/>\n<link rel=\"canonical\" href=\"https:\/\/librairie7l.com\/en\/produit\/supports-surfaces-la-collection-publique-du-luxembourg-2\/\" \/>\n<meta property=\"og:locale\" content=\"en_US\" \/>\n<meta property=\"og:type\" content=\"article\" \/>\n<meta property=\"og:title\" content=\"Supports \/ surfaces : La collection publique du Luxembourg - Librairie 7L\" \/>\n<meta property=\"og:description\" content=\"Dernier mouvement d&#8217;avant-garde de l&#8217;art fran\u00e7ais du XXe si\u00e8cle, Supports\/Surfaces marque un tournant important, pr\u00f4nant le rejet des supports de peinture traditionnels au profit d&#8217;une exploration plus conceptuelle de la mat\u00e9rialit\u00e9 de la toile. Certains artistes d\u00e9passent m\u00eame les limites de la peinture dans leur approche artistique en direction de la sculpture et de l&#8217;installation. [&hellip;]\" \/>\n<meta property=\"og:url\" content=\"https:\/\/librairie7l.com\/en\/produit\/supports-surfaces-la-collection-publique-du-luxembourg-2\/\" \/>\n<meta property=\"og:site_name\" content=\"Librairie 7L\" \/>\n<meta property=\"article:modified_time\" content=\"2026-04-07T11:45:34+00:00\" \/>\n<meta property=\"og:image\" content=\"https:\/\/librairie7l.com\/wp-content\/uploads\/2024\/03\/9788836657674_1_75.jpg\" \/>\n\t<meta property=\"og:image:width\" content=\"600\" \/>\n\t<meta property=\"og:image:height\" content=\"783\" \/>\n\t<meta property=\"og:image:type\" content=\"image\/jpeg\" \/>\n<meta name=\"twitter:card\" content=\"summary_large_image\" \/>\n<meta name=\"twitter:label1\" content=\"Est. reading time\" \/>\n\t<meta name=\"twitter:data1\" content=\"1 minute\" \/>\n<script type=\"application\/ld+json\" class=\"yoast-schema-graph\">{\"@context\":\"https:\/\/schema.org\",\"@graph\":[{\"@type\":\"WebPage\",\"@id\":\"https:\/\/librairie7l.com\/en\/produit\/supports-surfaces-la-collection-publique-du-luxembourg-2\/\",\"url\":\"https:\/\/librairie7l.com\/en\/produit\/supports-surfaces-la-collection-publique-du-luxembourg-2\/\",\"name\":\"Supports \/ surfaces : La collection publique du Luxembourg - Librairie 7L\",\"isPartOf\":{\"@id\":\"https:\/\/librairie7l.com\/en\/#website\"},\"datePublished\":\"2024-09-13T20:17:43+00:00\",\"dateModified\":\"2026-04-07T11:45:34+00:00\",\"breadcrumb\":{\"@id\":\"https:\/\/librairie7l.com\/en\/produit\/supports-surfaces-la-collection-publique-du-luxembourg-2\/#breadcrumb\"},\"inLanguage\":\"en-US\",\"potentialAction\":[{\"@type\":\"ReadAction\",\"target\":[\"https:\/\/librairie7l.com\/en\/produit\/supports-surfaces-la-collection-publique-du-luxembourg-2\/\"]}]},{\"@type\":\"BreadcrumbList\",\"@id\":\"https:\/\/librairie7l.com\/en\/produit\/supports-surfaces-la-collection-publique-du-luxembourg-2\/#breadcrumb\",\"itemListElement\":[{\"@type\":\"ListItem\",\"position\":1,\"name\":\"Accueil\",\"item\":\"https:\/\/librairie7l.com\/en\/\"},{\"@type\":\"ListItem\",\"position\":2,\"name\":\"Shop\",\"item\":\"https:\/\/librairie7l.com\/en\/shop\/\"},{\"@type\":\"ListItem\",\"position\":3,\"name\":\"SUPPORTS \/ SURFACES : LA COLLECTION PUBLIQUE DU LUXEMBOURG\"}]},{\"@type\":\"WebSite\",\"@id\":\"https:\/\/librairie7l.com\/en\/#website\",\"url\":\"https:\/\/librairie7l.com\/en\/\",\"name\":\"Librairie 7L\",\"description\":\"Librairie fond\u00e9e en 1999 par Karl Lagerfeld \u00e0 Paris\",\"publisher\":{\"@id\":\"https:\/\/librairie7l.com\/en\/#organization\"},\"potentialAction\":[{\"@type\":\"SearchAction\",\"target\":{\"@type\":\"EntryPoint\",\"urlTemplate\":\"https:\/\/librairie7l.com\/en\/?s={search_term_string}\"},\"query-input\":\"required name=search_term_string\"}],\"inLanguage\":\"en-US\"},{\"@type\":\"Organization\",\"@id\":\"https:\/\/librairie7l.com\/en\/#organization\",\"name\":\"Librairie 7L\",\"url\":\"https:\/\/librairie7l.com\/en\/\",\"logo\":{\"@type\":\"ImageObject\",\"inLanguage\":\"en-US\",\"@id\":\"https:\/\/librairie7l.com\/en\/#\/schema\/logo\/image\/\",\"url\":\"https:\/\/librairie7l.com\/wp-content\/uploads\/2022\/08\/logo-1.png\",\"contentUrl\":\"https:\/\/librairie7l.com\/wp-content\/uploads\/2022\/08\/logo-1.png\",\"width\":227,\"height\":301,\"caption\":\"Librairie 7L\"},\"image\":{\"@id\":\"https:\/\/librairie7l.com\/en\/#\/schema\/logo\/image\/\"}}]}<\/script>\n<!-- \/ Yoast SEO plugin. -->","yoast_head_json":{"title":"Supports \/ surfaces : La collection publique du Luxembourg - Librairie 7L","robots":{"index":"index","follow":"follow","max-snippet":"max-snippet:-1","max-image-preview":"max-image-preview:large","max-video-preview":"max-video-preview:-1"},"canonical":"https:\/\/librairie7l.com\/en\/produit\/supports-surfaces-la-collection-publique-du-luxembourg-2\/","og_locale":"en_US","og_type":"article","og_title":"Supports \/ surfaces : La collection publique du Luxembourg - Librairie 7L","og_description":"Dernier mouvement d&#8217;avant-garde de l&#8217;art fran\u00e7ais du XXe si\u00e8cle, Supports\/Surfaces marque un tournant important, pr\u00f4nant le rejet des supports de peinture traditionnels au profit d&#8217;une exploration plus conceptuelle de la mat\u00e9rialit\u00e9 de la toile. Certains artistes d\u00e9passent m\u00eame les limites de la peinture dans leur approche artistique en direction de la sculpture et de l&#8217;installation. [&hellip;]","og_url":"https:\/\/librairie7l.com\/en\/produit\/supports-surfaces-la-collection-publique-du-luxembourg-2\/","og_site_name":"Librairie 7L","article_modified_time":"2026-04-07T11:45:34+00:00","og_image":[{"width":600,"height":783,"url":"https:\/\/librairie7l.com\/wp-content\/uploads\/2024\/03\/9788836657674_1_75.jpg","type":"image\/jpeg"}],"twitter_card":"summary_large_image","twitter_misc":{"Est. reading time":"1 minute"},"schema":{"@context":"https:\/\/schema.org","@graph":[{"@type":"WebPage","@id":"https:\/\/librairie7l.com\/en\/produit\/supports-surfaces-la-collection-publique-du-luxembourg-2\/","url":"https:\/\/librairie7l.com\/en\/produit\/supports-surfaces-la-collection-publique-du-luxembourg-2\/","name":"Supports \/ surfaces : La collection publique du Luxembourg - Librairie 7L","isPartOf":{"@id":"https:\/\/librairie7l.com\/en\/#website"},"datePublished":"2024-09-13T20:17:43+00:00","dateModified":"2026-04-07T11:45:34+00:00","breadcrumb":{"@id":"https:\/\/librairie7l.com\/en\/produit\/supports-surfaces-la-collection-publique-du-luxembourg-2\/#breadcrumb"},"inLanguage":"en-US","potentialAction":[{"@type":"ReadAction","target":["https:\/\/librairie7l.com\/en\/produit\/supports-surfaces-la-collection-publique-du-luxembourg-2\/"]}]},{"@type":"BreadcrumbList","@id":"https:\/\/librairie7l.com\/en\/produit\/supports-surfaces-la-collection-publique-du-luxembourg-2\/#breadcrumb","itemListElement":[{"@type":"ListItem","position":1,"name":"Accueil","item":"https:\/\/librairie7l.com\/en\/"},{"@type":"ListItem","position":2,"name":"Shop","item":"https:\/\/librairie7l.com\/en\/shop\/"},{"@type":"ListItem","position":3,"name":"SUPPORTS \/ SURFACES : LA COLLECTION PUBLIQUE DU LUXEMBOURG"}]},{"@type":"WebSite","@id":"https:\/\/librairie7l.com\/en\/#website","url":"https:\/\/librairie7l.com\/en\/","name":"Librairie 7L","description":"Librairie fond\u00e9e en 1999 par Karl Lagerfeld \u00e0 Paris","publisher":{"@id":"https:\/\/librairie7l.com\/en\/#organization"},"potentialAction":[{"@type":"SearchAction","target":{"@type":"EntryPoint","urlTemplate":"https:\/\/librairie7l.com\/en\/?s={search_term_string}"},"query-input":"required name=search_term_string"}],"inLanguage":"en-US"},{"@type":"Organization","@id":"https:\/\/librairie7l.com\/en\/#organization","name":"Librairie 7L","url":"https:\/\/librairie7l.com\/en\/","logo":{"@type":"ImageObject","inLanguage":"en-US","@id":"https:\/\/librairie7l.com\/en\/#\/schema\/logo\/image\/","url":"https:\/\/librairie7l.com\/wp-content\/uploads\/2022\/08\/logo-1.png","contentUrl":"https:\/\/librairie7l.com\/wp-content\/uploads\/2022\/08\/logo-1.png","width":227,"height":301,"caption":"Librairie 7L"},"image":{"@id":"https:\/\/librairie7l.com\/en\/#\/schema\/logo\/image\/"}}]}},"_links":{"self":[{"href":"https:\/\/librairie7l.com\/en\/wp-json\/wp\/v2\/product\/42530"}],"collection":[{"href":"https:\/\/librairie7l.com\/en\/wp-json\/wp\/v2\/product"}],"about":[{"href":"https:\/\/librairie7l.com\/en\/wp-json\/wp\/v2\/types\/product"}],"wp:featuredmedia":[{"embeddable":true,"href":"https:\/\/librairie7l.com\/en\/wp-json\/wp\/v2\/media\/42528"}],"wp:attachment":[{"href":"https:\/\/librairie7l.com\/en\/wp-json\/wp\/v2\/media?parent=42530"}],"wp:term":[{"taxonomy":"product_cat","embeddable":true,"href":"https:\/\/librairie7l.com\/en\/wp-json\/wp\/v2\/product_cat?post=42530"},{"taxonomy":"product_tag","embeddable":true,"href":"https:\/\/librairie7l.com\/en\/wp-json\/wp\/v2\/product_tag?post=42530"}],"curies":[{"name":"wp","href":"https:\/\/api.w.org\/{rel}","templated":true}]}}