{"id":42538,"date":"2024-09-13T22:17:49","date_gmt":"2024-09-13T20:17:49","guid":{"rendered":"https:\/\/librairie7l.com\/?post_type=product&#038;p=42538"},"modified":"2026-05-05T10:01:27","modified_gmt":"2026-05-05T08:01:27","slug":"voir-le-temps-en-couleurs-les-defis-de-la-photographie-2","status":"publish","type":"product","link":"https:\/\/librairie7l.com\/en\/produit\/voir-le-temps-en-couleurs-les-defis-de-la-photographie-2\/","title":{"rendered":"VOIR LE TEMPS EN COULEURS : LES D\u00c9FIS DE LA PHOTOGRAPHIE"},"content":{"rendered":"<p>Le livre Voir le temps en couleurs propose de relire l&#8217;histoire de la photographie \u00e0<br \/>\nl&#8217;aune de ses plus grands d\u00e9fis techniques, depuis son invention au coeur du XIXe si\u00e8cle<br \/>\njusqu&#8217;\u00e0 aujourd&#8217;hui. \u00c0 travers trois chapitres &#8211; la r\u00e9v\u00e9lation, l&#8217;instant et la couleur -, elle<br \/>\nrassemble une centaine d&#8217;oeuvres ayant marqu\u00e9 durablement son histoire, de l&#8217;invention<br \/>\nde la camera obscura forme inaugurale de l&#8217;image reproduite, aux manipulations<br \/>\ncontemporaines de la lumi\u00e8re fix\u00e9e sur des supports sensibles. Dans un chass\u00e9-crois\u00e9<br \/>\ntemporel in\u00e9dit, l&#8217;exposition met l&#8217;accent sur quatre grandes figures de la photographie,<br \/>\nConstantin Brancusi, Harold Edgerton, Saul Leiter et Helen Levitt, tous mus par une m\u00eame<br \/>\nid\u00e9e : fabriquer une image, c&#8217;est d&#8217;abord ma\u00eetriser les d\u00e9fis mat\u00e9riels de son support.<\/p>\n","protected":false},"excerpt":{"rendered":"<p>Le livre Voir le temps en couleurs propose de relire l&#8217;histoire de la photographie \u00e0 l&#8217;aune de ses plus grands d\u00e9fis techniques, depuis son invention au coeur du XIXe si\u00e8cle jusqu&#8217;\u00e0 aujourd&#8217;hui. \u00c0 travers trois chapitres &#8211; la r\u00e9v\u00e9lation, l&#8217;instant et la couleur -, elle rassemble une centaine d&#8217;oeuvres ayant marqu\u00e9 durablement son histoire, de [&hellip;]<\/p>\n","protected":false},"featured_media":42536,"template":"","meta":[],"product_cat":[2948],"product_tag":[],"acf":[],"yoast_head":"<!-- This site is optimized with the Yoast SEO plugin v20.11 - https:\/\/yoast.com\/wordpress\/plugins\/seo\/ -->\n<title>Voir le temps en couleurs : Les d\u00e9fis de la photographie - Librairie 7L<\/title>\n<meta name=\"robots\" content=\"index, follow, max-snippet:-1, max-image-preview:large, max-video-preview:-1\" \/>\n<link rel=\"canonical\" href=\"https:\/\/librairie7l.com\/en\/produit\/voir-le-temps-en-couleurs-les-defis-de-la-photographie-2\/\" \/>\n<meta property=\"og:locale\" content=\"en_US\" \/>\n<meta property=\"og:type\" content=\"article\" \/>\n<meta property=\"og:title\" content=\"Voir le temps en couleurs : Les d\u00e9fis de la photographie - Librairie 7L\" \/>\n<meta property=\"og:description\" content=\"Le livre Voir le temps en couleurs propose de relire l&#8217;histoire de la photographie \u00e0 l&#8217;aune de ses plus grands d\u00e9fis techniques, depuis son invention au coeur du XIXe si\u00e8cle jusqu&#8217;\u00e0 aujourd&#8217;hui. \u00c0 travers trois chapitres &#8211; la r\u00e9v\u00e9lation, l&#8217;instant et la couleur -, elle rassemble une centaine d&#8217;oeuvres ayant marqu\u00e9 durablement son histoire, de [&hellip;]\" \/>\n<meta property=\"og:url\" content=\"https:\/\/librairie7l.com\/en\/produit\/voir-le-temps-en-couleurs-les-defis-de-la-photographie-2\/\" \/>\n<meta property=\"og:site_name\" content=\"Librairie 7L\" \/>\n<meta property=\"article:modified_time\" content=\"2026-05-05T08:01:27+00:00\" \/>\n<meta property=\"og:image\" content=\"https:\/\/librairie7l.com\/wp-content\/uploads\/2024\/07\/9791096575350_1_75.jpg\" \/>\n\t<meta property=\"og:image:width\" content=\"600\" \/>\n\t<meta property=\"og:image:height\" content=\"742\" \/>\n\t<meta property=\"og:image:type\" content=\"image\/jpeg\" \/>\n<meta name=\"twitter:card\" content=\"summary_large_image\" \/>\n<meta name=\"twitter:label1\" content=\"Est. reading time\" \/>\n\t<meta name=\"twitter:data1\" content=\"1 minute\" \/>\n<script type=\"application\/ld+json\" class=\"yoast-schema-graph\">{\"@context\":\"https:\/\/schema.org\",\"@graph\":[{\"@type\":\"WebPage\",\"@id\":\"https:\/\/librairie7l.com\/en\/produit\/voir-le-temps-en-couleurs-les-defis-de-la-photographie-2\/\",\"url\":\"https:\/\/librairie7l.com\/en\/produit\/voir-le-temps-en-couleurs-les-defis-de-la-photographie-2\/\",\"name\":\"Voir le temps en couleurs : Les d\u00e9fis de la photographie - Librairie 7L\",\"isPartOf\":{\"@id\":\"https:\/\/librairie7l.com\/en\/#website\"},\"datePublished\":\"2024-09-13T20:17:49+00:00\",\"dateModified\":\"2026-05-05T08:01:27+00:00\",\"breadcrumb\":{\"@id\":\"https:\/\/librairie7l.com\/en\/produit\/voir-le-temps-en-couleurs-les-defis-de-la-photographie-2\/#breadcrumb\"},\"inLanguage\":\"en-US\",\"potentialAction\":[{\"@type\":\"ReadAction\",\"target\":[\"https:\/\/librairie7l.com\/en\/produit\/voir-le-temps-en-couleurs-les-defis-de-la-photographie-2\/\"]}]},{\"@type\":\"BreadcrumbList\",\"@id\":\"https:\/\/librairie7l.com\/en\/produit\/voir-le-temps-en-couleurs-les-defis-de-la-photographie-2\/#breadcrumb\",\"itemListElement\":[{\"@type\":\"ListItem\",\"position\":1,\"name\":\"Accueil\",\"item\":\"https:\/\/librairie7l.com\/en\/\"},{\"@type\":\"ListItem\",\"position\":2,\"name\":\"Shop\",\"item\":\"https:\/\/librairie7l.com\/en\/shop\/\"},{\"@type\":\"ListItem\",\"position\":3,\"name\":\"VOIR LE TEMPS EN COULEURS : LES D\u00c9FIS DE LA PHOTOGRAPHIE\"}]},{\"@type\":\"WebSite\",\"@id\":\"https:\/\/librairie7l.com\/en\/#website\",\"url\":\"https:\/\/librairie7l.com\/en\/\",\"name\":\"Librairie 7L\",\"description\":\"Librairie fond\u00e9e en 1999 par Karl Lagerfeld \u00e0 Paris\",\"publisher\":{\"@id\":\"https:\/\/librairie7l.com\/en\/#organization\"},\"potentialAction\":[{\"@type\":\"SearchAction\",\"target\":{\"@type\":\"EntryPoint\",\"urlTemplate\":\"https:\/\/librairie7l.com\/en\/?s={search_term_string}\"},\"query-input\":\"required name=search_term_string\"}],\"inLanguage\":\"en-US\"},{\"@type\":\"Organization\",\"@id\":\"https:\/\/librairie7l.com\/en\/#organization\",\"name\":\"Librairie 7L\",\"url\":\"https:\/\/librairie7l.com\/en\/\",\"logo\":{\"@type\":\"ImageObject\",\"inLanguage\":\"en-US\",\"@id\":\"https:\/\/librairie7l.com\/en\/#\/schema\/logo\/image\/\",\"url\":\"https:\/\/librairie7l.com\/wp-content\/uploads\/2022\/08\/logo-1.png\",\"contentUrl\":\"https:\/\/librairie7l.com\/wp-content\/uploads\/2022\/08\/logo-1.png\",\"width\":227,\"height\":301,\"caption\":\"Librairie 7L\"},\"image\":{\"@id\":\"https:\/\/librairie7l.com\/en\/#\/schema\/logo\/image\/\"}}]}<\/script>\n<!-- \/ Yoast SEO plugin. -->","yoast_head_json":{"title":"Voir le temps en couleurs : Les d\u00e9fis de la photographie - Librairie 7L","robots":{"index":"index","follow":"follow","max-snippet":"max-snippet:-1","max-image-preview":"max-image-preview:large","max-video-preview":"max-video-preview:-1"},"canonical":"https:\/\/librairie7l.com\/en\/produit\/voir-le-temps-en-couleurs-les-defis-de-la-photographie-2\/","og_locale":"en_US","og_type":"article","og_title":"Voir le temps en couleurs : Les d\u00e9fis de la photographie - Librairie 7L","og_description":"Le livre Voir le temps en couleurs propose de relire l&#8217;histoire de la photographie \u00e0 l&#8217;aune de ses plus grands d\u00e9fis techniques, depuis son invention au coeur du XIXe si\u00e8cle jusqu&#8217;\u00e0 aujourd&#8217;hui. \u00c0 travers trois chapitres &#8211; la r\u00e9v\u00e9lation, l&#8217;instant et la couleur -, elle rassemble une centaine d&#8217;oeuvres ayant marqu\u00e9 durablement son histoire, de [&hellip;]","og_url":"https:\/\/librairie7l.com\/en\/produit\/voir-le-temps-en-couleurs-les-defis-de-la-photographie-2\/","og_site_name":"Librairie 7L","article_modified_time":"2026-05-05T08:01:27+00:00","og_image":[{"width":600,"height":742,"url":"https:\/\/librairie7l.com\/wp-content\/uploads\/2024\/07\/9791096575350_1_75.jpg","type":"image\/jpeg"}],"twitter_card":"summary_large_image","twitter_misc":{"Est. reading time":"1 minute"},"schema":{"@context":"https:\/\/schema.org","@graph":[{"@type":"WebPage","@id":"https:\/\/librairie7l.com\/en\/produit\/voir-le-temps-en-couleurs-les-defis-de-la-photographie-2\/","url":"https:\/\/librairie7l.com\/en\/produit\/voir-le-temps-en-couleurs-les-defis-de-la-photographie-2\/","name":"Voir le temps en couleurs : Les d\u00e9fis de la photographie - Librairie 7L","isPartOf":{"@id":"https:\/\/librairie7l.com\/en\/#website"},"datePublished":"2024-09-13T20:17:49+00:00","dateModified":"2026-05-05T08:01:27+00:00","breadcrumb":{"@id":"https:\/\/librairie7l.com\/en\/produit\/voir-le-temps-en-couleurs-les-defis-de-la-photographie-2\/#breadcrumb"},"inLanguage":"en-US","potentialAction":[{"@type":"ReadAction","target":["https:\/\/librairie7l.com\/en\/produit\/voir-le-temps-en-couleurs-les-defis-de-la-photographie-2\/"]}]},{"@type":"BreadcrumbList","@id":"https:\/\/librairie7l.com\/en\/produit\/voir-le-temps-en-couleurs-les-defis-de-la-photographie-2\/#breadcrumb","itemListElement":[{"@type":"ListItem","position":1,"name":"Accueil","item":"https:\/\/librairie7l.com\/en\/"},{"@type":"ListItem","position":2,"name":"Shop","item":"https:\/\/librairie7l.com\/en\/shop\/"},{"@type":"ListItem","position":3,"name":"VOIR LE TEMPS EN COULEURS : LES D\u00c9FIS DE LA PHOTOGRAPHIE"}]},{"@type":"WebSite","@id":"https:\/\/librairie7l.com\/en\/#website","url":"https:\/\/librairie7l.com\/en\/","name":"Librairie 7L","description":"Librairie fond\u00e9e en 1999 par Karl Lagerfeld \u00e0 Paris","publisher":{"@id":"https:\/\/librairie7l.com\/en\/#organization"},"potentialAction":[{"@type":"SearchAction","target":{"@type":"EntryPoint","urlTemplate":"https:\/\/librairie7l.com\/en\/?s={search_term_string}"},"query-input":"required name=search_term_string"}],"inLanguage":"en-US"},{"@type":"Organization","@id":"https:\/\/librairie7l.com\/en\/#organization","name":"Librairie 7L","url":"https:\/\/librairie7l.com\/en\/","logo":{"@type":"ImageObject","inLanguage":"en-US","@id":"https:\/\/librairie7l.com\/en\/#\/schema\/logo\/image\/","url":"https:\/\/librairie7l.com\/wp-content\/uploads\/2022\/08\/logo-1.png","contentUrl":"https:\/\/librairie7l.com\/wp-content\/uploads\/2022\/08\/logo-1.png","width":227,"height":301,"caption":"Librairie 7L"},"image":{"@id":"https:\/\/librairie7l.com\/en\/#\/schema\/logo\/image\/"}}]}},"_links":{"self":[{"href":"https:\/\/librairie7l.com\/en\/wp-json\/wp\/v2\/product\/42538"}],"collection":[{"href":"https:\/\/librairie7l.com\/en\/wp-json\/wp\/v2\/product"}],"about":[{"href":"https:\/\/librairie7l.com\/en\/wp-json\/wp\/v2\/types\/product"}],"wp:featuredmedia":[{"embeddable":true,"href":"https:\/\/librairie7l.com\/en\/wp-json\/wp\/v2\/media\/42536"}],"wp:attachment":[{"href":"https:\/\/librairie7l.com\/en\/wp-json\/wp\/v2\/media?parent=42538"}],"wp:term":[{"taxonomy":"product_cat","embeddable":true,"href":"https:\/\/librairie7l.com\/en\/wp-json\/wp\/v2\/product_cat?post=42538"},{"taxonomy":"product_tag","embeddable":true,"href":"https:\/\/librairie7l.com\/en\/wp-json\/wp\/v2\/product_tag?post=42538"}],"curies":[{"name":"wp","href":"https:\/\/api.w.org\/{rel}","templated":true}]}}