{"id":42542,"date":"2024-09-13T22:17:51","date_gmt":"2024-09-13T20:17:51","guid":{"rendered":"https:\/\/librairie7l.com\/?post_type=product&#038;p=42542"},"modified":"2026-05-05T07:11:41","modified_gmt":"2026-05-05T05:11:41","slug":"se-mouvoir-et-etre-emu-lexperience-esthetique-en-architecture-2","status":"publish","type":"product","link":"https:\/\/librairie7l.com\/en\/produit\/se-mouvoir-et-etre-emu-lexperience-esthetique-en-architecture-2\/","title":{"rendered":"SE MOUVOIR ET \u00caTRE \u00c9MU : L&#8217;EXP\u00c9RIENCE ESTH\u00c9TIQUE EN ARCHITECTURE"},"content":{"rendered":"<p>Consid\u00e9r\u00e9e par la philosophie esth\u00e9tique comme oeuvre imparfaite parce qu&#8217;assujettie au besoin et \u00e0 la n\u00e9cessit\u00e9, l&#8217;architecture ordinaire est ici l&#8217;objet d&#8217;un tout autre regard. Habitation, lieu de travail, de culte ou de simple passage, elle est montr\u00e9e au contraire comme l&#8217;endroit d&#8217;une exp\u00e9rience \u00e9minemment esth\u00e9tique en ce qu&#8217;elle donne acc\u00e8s au plus profond de notre \u00eatre-au-monde.<\/p>\n<p>Laissant \u00e0 d&#8217;autres la v\u00e9n\u00e9ration immobile de l&#8217;architecture monumentale, l&#8217;autrice chemine sans masque dans l&#8217;infinie complexit\u00e9 des \u00e9motions et des sensations suscit\u00e9es par ces espaces du quotidien. Sont \u00e9veill\u00e9s en nous, dit-elle, tandis que l&#8217;on s&#8217;y meut, le sentiment d&#8217;\u00eatre \u00e0 sa place, celui d&#8217;\u00eatre vivant, de battre \u00e0 l&#8217;unisson du monde.?<\/p>\n<p>Cette version dynamique de l&#8217;esth\u00e9tique architecturale, qui recourt aux concepts de rythme, d&#8217;ambiance et d&#8217;atmosph\u00e8re, s&#8217;affirme comme r\u00e9solument contemporaine et, \u00e0 ce titre, comme une source d&#8217;inspiration \u00e0 la fois nouvelle et indispensable.<\/p>\n<p>Car ce contrepied pris des th\u00e9ories de Kant, Hegel et Benjamin l&#8217;est aussi d&#8217;une certaine architecture dont les exc\u00e8s de fa\u00e7ade privent de toute s\u00e8ve nos lieux dits de vie.<\/p>\n","protected":false},"excerpt":{"rendered":"<p>Consid\u00e9r\u00e9e par la philosophie esth\u00e9tique comme oeuvre imparfaite parce qu&#8217;assujettie au besoin et \u00e0 la n\u00e9cessit\u00e9, l&#8217;architecture ordinaire est ici l&#8217;objet d&#8217;un tout autre regard. Habitation, lieu de travail, de culte ou de simple passage, elle est montr\u00e9e au contraire comme l&#8217;endroit d&#8217;une exp\u00e9rience \u00e9minemment esth\u00e9tique en ce qu&#8217;elle donne acc\u00e8s au plus profond de [&hellip;]<\/p>\n","protected":false},"featured_media":42540,"template":"","meta":[],"product_cat":[2948],"product_tag":[],"acf":[],"yoast_head":"<!-- This site is optimized with the Yoast SEO plugin v20.11 - https:\/\/yoast.com\/wordpress\/plugins\/seo\/ -->\n<title>Se mouvoir et \u00eatre \u00e9mu : l&#039;exp\u00e9rience esth\u00e9tique en architecture - Librairie 7L<\/title>\n<meta name=\"robots\" content=\"index, follow, max-snippet:-1, max-image-preview:large, max-video-preview:-1\" \/>\n<link rel=\"canonical\" href=\"https:\/\/librairie7l.com\/en\/produit\/se-mouvoir-et-etre-emu-lexperience-esthetique-en-architecture-2\/\" \/>\n<meta property=\"og:locale\" content=\"en_US\" \/>\n<meta property=\"og:type\" content=\"article\" \/>\n<meta property=\"og:title\" content=\"Se mouvoir et \u00eatre \u00e9mu : l&#039;exp\u00e9rience esth\u00e9tique en architecture - Librairie 7L\" \/>\n<meta property=\"og:description\" content=\"Consid\u00e9r\u00e9e par la philosophie esth\u00e9tique comme oeuvre imparfaite parce qu&#8217;assujettie au besoin et \u00e0 la n\u00e9cessit\u00e9, l&#8217;architecture ordinaire est ici l&#8217;objet d&#8217;un tout autre regard. Habitation, lieu de travail, de culte ou de simple passage, elle est montr\u00e9e au contraire comme l&#8217;endroit d&#8217;une exp\u00e9rience \u00e9minemment esth\u00e9tique en ce qu&#8217;elle donne acc\u00e8s au plus profond de [&hellip;]\" \/>\n<meta property=\"og:url\" content=\"https:\/\/librairie7l.com\/en\/produit\/se-mouvoir-et-etre-emu-lexperience-esthetique-en-architecture-2\/\" \/>\n<meta property=\"og:site_name\" content=\"Librairie 7L\" \/>\n<meta property=\"article:modified_time\" content=\"2026-05-05T05:11:41+00:00\" \/>\n<meta property=\"og:image\" content=\"https:\/\/librairie7l.com\/wp-content\/uploads\/2023\/12\/9782863646915_1_75.jpg\" \/>\n\t<meta property=\"og:image:width\" content=\"600\" \/>\n\t<meta property=\"og:image:height\" content=\"925\" \/>\n\t<meta property=\"og:image:type\" content=\"image\/jpeg\" \/>\n<meta name=\"twitter:card\" content=\"summary_large_image\" \/>\n<meta name=\"twitter:label1\" content=\"Est. reading time\" \/>\n\t<meta name=\"twitter:data1\" content=\"1 minute\" \/>\n<script type=\"application\/ld+json\" class=\"yoast-schema-graph\">{\"@context\":\"https:\/\/schema.org\",\"@graph\":[{\"@type\":\"WebPage\",\"@id\":\"https:\/\/librairie7l.com\/en\/produit\/se-mouvoir-et-etre-emu-lexperience-esthetique-en-architecture-2\/\",\"url\":\"https:\/\/librairie7l.com\/en\/produit\/se-mouvoir-et-etre-emu-lexperience-esthetique-en-architecture-2\/\",\"name\":\"Se mouvoir et \u00eatre \u00e9mu : l'exp\u00e9rience esth\u00e9tique en architecture - Librairie 7L\",\"isPartOf\":{\"@id\":\"https:\/\/librairie7l.com\/en\/#website\"},\"datePublished\":\"2024-09-13T20:17:51+00:00\",\"dateModified\":\"2026-05-05T05:11:41+00:00\",\"breadcrumb\":{\"@id\":\"https:\/\/librairie7l.com\/en\/produit\/se-mouvoir-et-etre-emu-lexperience-esthetique-en-architecture-2\/#breadcrumb\"},\"inLanguage\":\"en-US\",\"potentialAction\":[{\"@type\":\"ReadAction\",\"target\":[\"https:\/\/librairie7l.com\/en\/produit\/se-mouvoir-et-etre-emu-lexperience-esthetique-en-architecture-2\/\"]}]},{\"@type\":\"BreadcrumbList\",\"@id\":\"https:\/\/librairie7l.com\/en\/produit\/se-mouvoir-et-etre-emu-lexperience-esthetique-en-architecture-2\/#breadcrumb\",\"itemListElement\":[{\"@type\":\"ListItem\",\"position\":1,\"name\":\"Accueil\",\"item\":\"https:\/\/librairie7l.com\/en\/\"},{\"@type\":\"ListItem\",\"position\":2,\"name\":\"Shop\",\"item\":\"https:\/\/librairie7l.com\/en\/shop\/\"},{\"@type\":\"ListItem\",\"position\":3,\"name\":\"SE MOUVOIR ET \u00caTRE \u00c9MU : L&#8217;EXP\u00c9RIENCE ESTH\u00c9TIQUE EN ARCHITECTURE\"}]},{\"@type\":\"WebSite\",\"@id\":\"https:\/\/librairie7l.com\/en\/#website\",\"url\":\"https:\/\/librairie7l.com\/en\/\",\"name\":\"Librairie 7L\",\"description\":\"Librairie fond\u00e9e en 1999 par Karl Lagerfeld \u00e0 Paris\",\"publisher\":{\"@id\":\"https:\/\/librairie7l.com\/en\/#organization\"},\"potentialAction\":[{\"@type\":\"SearchAction\",\"target\":{\"@type\":\"EntryPoint\",\"urlTemplate\":\"https:\/\/librairie7l.com\/en\/?s={search_term_string}\"},\"query-input\":\"required name=search_term_string\"}],\"inLanguage\":\"en-US\"},{\"@type\":\"Organization\",\"@id\":\"https:\/\/librairie7l.com\/en\/#organization\",\"name\":\"Librairie 7L\",\"url\":\"https:\/\/librairie7l.com\/en\/\",\"logo\":{\"@type\":\"ImageObject\",\"inLanguage\":\"en-US\",\"@id\":\"https:\/\/librairie7l.com\/en\/#\/schema\/logo\/image\/\",\"url\":\"https:\/\/librairie7l.com\/wp-content\/uploads\/2022\/08\/logo-1.png\",\"contentUrl\":\"https:\/\/librairie7l.com\/wp-content\/uploads\/2022\/08\/logo-1.png\",\"width\":227,\"height\":301,\"caption\":\"Librairie 7L\"},\"image\":{\"@id\":\"https:\/\/librairie7l.com\/en\/#\/schema\/logo\/image\/\"}}]}<\/script>\n<!-- \/ Yoast SEO plugin. -->","yoast_head_json":{"title":"Se mouvoir et \u00eatre \u00e9mu : l'exp\u00e9rience esth\u00e9tique en architecture - Librairie 7L","robots":{"index":"index","follow":"follow","max-snippet":"max-snippet:-1","max-image-preview":"max-image-preview:large","max-video-preview":"max-video-preview:-1"},"canonical":"https:\/\/librairie7l.com\/en\/produit\/se-mouvoir-et-etre-emu-lexperience-esthetique-en-architecture-2\/","og_locale":"en_US","og_type":"article","og_title":"Se mouvoir et \u00eatre \u00e9mu : l'exp\u00e9rience esth\u00e9tique en architecture - Librairie 7L","og_description":"Consid\u00e9r\u00e9e par la philosophie esth\u00e9tique comme oeuvre imparfaite parce qu&#8217;assujettie au besoin et \u00e0 la n\u00e9cessit\u00e9, l&#8217;architecture ordinaire est ici l&#8217;objet d&#8217;un tout autre regard. Habitation, lieu de travail, de culte ou de simple passage, elle est montr\u00e9e au contraire comme l&#8217;endroit d&#8217;une exp\u00e9rience \u00e9minemment esth\u00e9tique en ce qu&#8217;elle donne acc\u00e8s au plus profond de [&hellip;]","og_url":"https:\/\/librairie7l.com\/en\/produit\/se-mouvoir-et-etre-emu-lexperience-esthetique-en-architecture-2\/","og_site_name":"Librairie 7L","article_modified_time":"2026-05-05T05:11:41+00:00","og_image":[{"width":600,"height":925,"url":"https:\/\/librairie7l.com\/wp-content\/uploads\/2023\/12\/9782863646915_1_75.jpg","type":"image\/jpeg"}],"twitter_card":"summary_large_image","twitter_misc":{"Est. reading time":"1 minute"},"schema":{"@context":"https:\/\/schema.org","@graph":[{"@type":"WebPage","@id":"https:\/\/librairie7l.com\/en\/produit\/se-mouvoir-et-etre-emu-lexperience-esthetique-en-architecture-2\/","url":"https:\/\/librairie7l.com\/en\/produit\/se-mouvoir-et-etre-emu-lexperience-esthetique-en-architecture-2\/","name":"Se mouvoir et \u00eatre \u00e9mu : l'exp\u00e9rience esth\u00e9tique en architecture - Librairie 7L","isPartOf":{"@id":"https:\/\/librairie7l.com\/en\/#website"},"datePublished":"2024-09-13T20:17:51+00:00","dateModified":"2026-05-05T05:11:41+00:00","breadcrumb":{"@id":"https:\/\/librairie7l.com\/en\/produit\/se-mouvoir-et-etre-emu-lexperience-esthetique-en-architecture-2\/#breadcrumb"},"inLanguage":"en-US","potentialAction":[{"@type":"ReadAction","target":["https:\/\/librairie7l.com\/en\/produit\/se-mouvoir-et-etre-emu-lexperience-esthetique-en-architecture-2\/"]}]},{"@type":"BreadcrumbList","@id":"https:\/\/librairie7l.com\/en\/produit\/se-mouvoir-et-etre-emu-lexperience-esthetique-en-architecture-2\/#breadcrumb","itemListElement":[{"@type":"ListItem","position":1,"name":"Accueil","item":"https:\/\/librairie7l.com\/en\/"},{"@type":"ListItem","position":2,"name":"Shop","item":"https:\/\/librairie7l.com\/en\/shop\/"},{"@type":"ListItem","position":3,"name":"SE MOUVOIR ET \u00caTRE \u00c9MU : L&#8217;EXP\u00c9RIENCE ESTH\u00c9TIQUE EN ARCHITECTURE"}]},{"@type":"WebSite","@id":"https:\/\/librairie7l.com\/en\/#website","url":"https:\/\/librairie7l.com\/en\/","name":"Librairie 7L","description":"Librairie fond\u00e9e en 1999 par Karl Lagerfeld \u00e0 Paris","publisher":{"@id":"https:\/\/librairie7l.com\/en\/#organization"},"potentialAction":[{"@type":"SearchAction","target":{"@type":"EntryPoint","urlTemplate":"https:\/\/librairie7l.com\/en\/?s={search_term_string}"},"query-input":"required name=search_term_string"}],"inLanguage":"en-US"},{"@type":"Organization","@id":"https:\/\/librairie7l.com\/en\/#organization","name":"Librairie 7L","url":"https:\/\/librairie7l.com\/en\/","logo":{"@type":"ImageObject","inLanguage":"en-US","@id":"https:\/\/librairie7l.com\/en\/#\/schema\/logo\/image\/","url":"https:\/\/librairie7l.com\/wp-content\/uploads\/2022\/08\/logo-1.png","contentUrl":"https:\/\/librairie7l.com\/wp-content\/uploads\/2022\/08\/logo-1.png","width":227,"height":301,"caption":"Librairie 7L"},"image":{"@id":"https:\/\/librairie7l.com\/en\/#\/schema\/logo\/image\/"}}]}},"_links":{"self":[{"href":"https:\/\/librairie7l.com\/en\/wp-json\/wp\/v2\/product\/42542"}],"collection":[{"href":"https:\/\/librairie7l.com\/en\/wp-json\/wp\/v2\/product"}],"about":[{"href":"https:\/\/librairie7l.com\/en\/wp-json\/wp\/v2\/types\/product"}],"wp:featuredmedia":[{"embeddable":true,"href":"https:\/\/librairie7l.com\/en\/wp-json\/wp\/v2\/media\/42540"}],"wp:attachment":[{"href":"https:\/\/librairie7l.com\/en\/wp-json\/wp\/v2\/media?parent=42542"}],"wp:term":[{"taxonomy":"product_cat","embeddable":true,"href":"https:\/\/librairie7l.com\/en\/wp-json\/wp\/v2\/product_cat?post=42542"},{"taxonomy":"product_tag","embeddable":true,"href":"https:\/\/librairie7l.com\/en\/wp-json\/wp\/v2\/product_tag?post=42542"}],"curies":[{"name":"wp","href":"https:\/\/api.w.org\/{rel}","templated":true}]}}