{"id":42546,"date":"2024-09-13T22:17:54","date_gmt":"2024-09-13T20:17:54","guid":{"rendered":"https:\/\/librairie7l.com\/?post_type=product&#038;p=42546"},"modified":"2026-05-05T08:44:06","modified_gmt":"2026-05-05T06:44:06","slug":"les-ateliers-de-la-parure-savoirs-et-pratiques-des-artisans-france-xvii-xviii-siecle-2","status":"publish","type":"product","link":"https:\/\/librairie7l.com\/en\/produit\/les-ateliers-de-la-parure-savoirs-et-pratiques-des-artisans-france-xvii-xviii-siecle-2\/","title":{"rendered":"LES ATELIERS DE LA PARURE : SAVOIRS ET PRATIQUES DES ARTISANS, FRANCE XVII-XVIII SI\u00c8CLE"},"content":{"rendered":"<p>Savoirs et pratiques des artisans en France XVIIe-XVIIIe si\u00e8cles<\/p>\n<p>\u00c0 partir de l&#8217;\u00e9tude des gants, des \u00e9ventails et des perruques, cet ouvrage articule l&#8217;histoire de la parure du corps et celle de l&#8217;artisanat, afin d&#8217;\u00e9clairer le socle technique de la \u00ab culture des apparences \u00bb des XVIIe et XVIIIe si\u00e8cles. Gr\u00e2ce \u00e0 l&#8217;exploitation d&#8217;un corpus d&#8217;archives manuscrites et d&#8217;objets de collection, la diversit\u00e9 mat\u00e9rielle des articles et celle de leurs appropriations sociales sont d\u00e9voil\u00e9es, port\u00e9es par l&#8217;inventivit\u00e9 des artisans. Loin d&#8217;\u00eatre exclusivement des travailleurs manuels, ces derniers d\u00e9veloppent une pens\u00e9e abstraite des produits et sont aussi des entrepreneurs. En amont de la r\u00e9volution industrielle, ils promeuvent ainsi une organisation s\u00e9quenc\u00e9e, segment\u00e9e et d\u00e9localis\u00e9e de la production, qui repose largement sur le recours \u00e0 une main d&#8217;oeuvre f\u00e9minine.<\/p>\n","protected":false},"excerpt":{"rendered":"<p>Savoirs et pratiques des artisans en France XVIIe-XVIIIe si\u00e8cles \u00c0 partir de l&#8217;\u00e9tude des gants, des \u00e9ventails et des perruques, cet ouvrage articule l&#8217;histoire de la parure du corps et celle de l&#8217;artisanat, afin d&#8217;\u00e9clairer le socle technique de la \u00ab culture des apparences \u00bb des XVIIe et XVIIIe si\u00e8cles. Gr\u00e2ce \u00e0 l&#8217;exploitation d&#8217;un corpus [&hellip;]<\/p>\n","protected":false},"featured_media":42544,"template":"","meta":[],"product_cat":[2948],"product_tag":[],"acf":[],"yoast_head":"<!-- This site is optimized with the Yoast SEO plugin v20.11 - https:\/\/yoast.com\/wordpress\/plugins\/seo\/ -->\n<title>Les ateliers de la parure : savoirs et pratiques des artisans, France XVII-XVIII si\u00e8cle - Librairie 7L<\/title>\n<meta name=\"robots\" content=\"index, follow, max-snippet:-1, max-image-preview:large, max-video-preview:-1\" \/>\n<link rel=\"canonical\" href=\"https:\/\/librairie7l.com\/en\/produit\/les-ateliers-de-la-parure-savoirs-et-pratiques-des-artisans-france-xvii-xviii-siecle-2\/\" \/>\n<meta property=\"og:locale\" content=\"en_US\" \/>\n<meta property=\"og:type\" content=\"article\" \/>\n<meta property=\"og:title\" content=\"Les ateliers de la parure : savoirs et pratiques des artisans, France XVII-XVIII si\u00e8cle - Librairie 7L\" \/>\n<meta property=\"og:description\" content=\"Savoirs et pratiques des artisans en France XVIIe-XVIIIe si\u00e8cles \u00c0 partir de l&#8217;\u00e9tude des gants, des \u00e9ventails et des perruques, cet ouvrage articule l&#8217;histoire de la parure du corps et celle de l&#8217;artisanat, afin d&#8217;\u00e9clairer le socle technique de la \u00ab culture des apparences \u00bb des XVIIe et XVIIIe si\u00e8cles. Gr\u00e2ce \u00e0 l&#8217;exploitation d&#8217;un corpus [&hellip;]\" \/>\n<meta property=\"og:url\" content=\"https:\/\/librairie7l.com\/en\/produit\/les-ateliers-de-la-parure-savoirs-et-pratiques-des-artisans-france-xvii-xviii-siecle-2\/\" \/>\n<meta property=\"og:site_name\" content=\"Librairie 7L\" \/>\n<meta property=\"article:modified_time\" content=\"2026-05-05T06:44:06+00:00\" \/>\n<meta property=\"og:image\" content=\"https:\/\/librairie7l.com\/wp-content\/uploads\/2024\/02\/9791026712787_1_75.jpg\" \/>\n\t<meta property=\"og:image:width\" content=\"600\" \/>\n\t<meta property=\"og:image:height\" content=\"929\" \/>\n\t<meta property=\"og:image:type\" content=\"image\/jpeg\" \/>\n<meta name=\"twitter:card\" content=\"summary_large_image\" \/>\n<meta name=\"twitter:label1\" content=\"Est. reading time\" \/>\n\t<meta name=\"twitter:data1\" content=\"1 minute\" \/>\n<script type=\"application\/ld+json\" class=\"yoast-schema-graph\">{\"@context\":\"https:\/\/schema.org\",\"@graph\":[{\"@type\":\"WebPage\",\"@id\":\"https:\/\/librairie7l.com\/en\/produit\/les-ateliers-de-la-parure-savoirs-et-pratiques-des-artisans-france-xvii-xviii-siecle-2\/\",\"url\":\"https:\/\/librairie7l.com\/en\/produit\/les-ateliers-de-la-parure-savoirs-et-pratiques-des-artisans-france-xvii-xviii-siecle-2\/\",\"name\":\"Les ateliers de la parure : savoirs et pratiques des artisans, France XVII-XVIII si\u00e8cle - Librairie 7L\",\"isPartOf\":{\"@id\":\"https:\/\/librairie7l.com\/en\/#website\"},\"datePublished\":\"2024-09-13T20:17:54+00:00\",\"dateModified\":\"2026-05-05T06:44:06+00:00\",\"breadcrumb\":{\"@id\":\"https:\/\/librairie7l.com\/en\/produit\/les-ateliers-de-la-parure-savoirs-et-pratiques-des-artisans-france-xvii-xviii-siecle-2\/#breadcrumb\"},\"inLanguage\":\"en-US\",\"potentialAction\":[{\"@type\":\"ReadAction\",\"target\":[\"https:\/\/librairie7l.com\/en\/produit\/les-ateliers-de-la-parure-savoirs-et-pratiques-des-artisans-france-xvii-xviii-siecle-2\/\"]}]},{\"@type\":\"BreadcrumbList\",\"@id\":\"https:\/\/librairie7l.com\/en\/produit\/les-ateliers-de-la-parure-savoirs-et-pratiques-des-artisans-france-xvii-xviii-siecle-2\/#breadcrumb\",\"itemListElement\":[{\"@type\":\"ListItem\",\"position\":1,\"name\":\"Accueil\",\"item\":\"https:\/\/librairie7l.com\/en\/\"},{\"@type\":\"ListItem\",\"position\":2,\"name\":\"Shop\",\"item\":\"https:\/\/librairie7l.com\/en\/shop\/\"},{\"@type\":\"ListItem\",\"position\":3,\"name\":\"LES ATELIERS DE LA PARURE : SAVOIRS ET PRATIQUES DES ARTISANS, FRANCE XVII-XVIII SI\u00c8CLE\"}]},{\"@type\":\"WebSite\",\"@id\":\"https:\/\/librairie7l.com\/en\/#website\",\"url\":\"https:\/\/librairie7l.com\/en\/\",\"name\":\"Librairie 7L\",\"description\":\"Librairie fond\u00e9e en 1999 par Karl Lagerfeld \u00e0 Paris\",\"publisher\":{\"@id\":\"https:\/\/librairie7l.com\/en\/#organization\"},\"potentialAction\":[{\"@type\":\"SearchAction\",\"target\":{\"@type\":\"EntryPoint\",\"urlTemplate\":\"https:\/\/librairie7l.com\/en\/?s={search_term_string}\"},\"query-input\":\"required name=search_term_string\"}],\"inLanguage\":\"en-US\"},{\"@type\":\"Organization\",\"@id\":\"https:\/\/librairie7l.com\/en\/#organization\",\"name\":\"Librairie 7L\",\"url\":\"https:\/\/librairie7l.com\/en\/\",\"logo\":{\"@type\":\"ImageObject\",\"inLanguage\":\"en-US\",\"@id\":\"https:\/\/librairie7l.com\/en\/#\/schema\/logo\/image\/\",\"url\":\"https:\/\/librairie7l.com\/wp-content\/uploads\/2022\/08\/logo-1.png\",\"contentUrl\":\"https:\/\/librairie7l.com\/wp-content\/uploads\/2022\/08\/logo-1.png\",\"width\":227,\"height\":301,\"caption\":\"Librairie 7L\"},\"image\":{\"@id\":\"https:\/\/librairie7l.com\/en\/#\/schema\/logo\/image\/\"}}]}<\/script>\n<!-- \/ Yoast SEO plugin. -->","yoast_head_json":{"title":"Les ateliers de la parure : savoirs et pratiques des artisans, France XVII-XVIII si\u00e8cle - Librairie 7L","robots":{"index":"index","follow":"follow","max-snippet":"max-snippet:-1","max-image-preview":"max-image-preview:large","max-video-preview":"max-video-preview:-1"},"canonical":"https:\/\/librairie7l.com\/en\/produit\/les-ateliers-de-la-parure-savoirs-et-pratiques-des-artisans-france-xvii-xviii-siecle-2\/","og_locale":"en_US","og_type":"article","og_title":"Les ateliers de la parure : savoirs et pratiques des artisans, France XVII-XVIII si\u00e8cle - Librairie 7L","og_description":"Savoirs et pratiques des artisans en France XVIIe-XVIIIe si\u00e8cles \u00c0 partir de l&#8217;\u00e9tude des gants, des \u00e9ventails et des perruques, cet ouvrage articule l&#8217;histoire de la parure du corps et celle de l&#8217;artisanat, afin d&#8217;\u00e9clairer le socle technique de la \u00ab culture des apparences \u00bb des XVIIe et XVIIIe si\u00e8cles. Gr\u00e2ce \u00e0 l&#8217;exploitation d&#8217;un corpus [&hellip;]","og_url":"https:\/\/librairie7l.com\/en\/produit\/les-ateliers-de-la-parure-savoirs-et-pratiques-des-artisans-france-xvii-xviii-siecle-2\/","og_site_name":"Librairie 7L","article_modified_time":"2026-05-05T06:44:06+00:00","og_image":[{"width":600,"height":929,"url":"https:\/\/librairie7l.com\/wp-content\/uploads\/2024\/02\/9791026712787_1_75.jpg","type":"image\/jpeg"}],"twitter_card":"summary_large_image","twitter_misc":{"Est. reading time":"1 minute"},"schema":{"@context":"https:\/\/schema.org","@graph":[{"@type":"WebPage","@id":"https:\/\/librairie7l.com\/en\/produit\/les-ateliers-de-la-parure-savoirs-et-pratiques-des-artisans-france-xvii-xviii-siecle-2\/","url":"https:\/\/librairie7l.com\/en\/produit\/les-ateliers-de-la-parure-savoirs-et-pratiques-des-artisans-france-xvii-xviii-siecle-2\/","name":"Les ateliers de la parure : savoirs et pratiques des artisans, France XVII-XVIII si\u00e8cle - Librairie 7L","isPartOf":{"@id":"https:\/\/librairie7l.com\/en\/#website"},"datePublished":"2024-09-13T20:17:54+00:00","dateModified":"2026-05-05T06:44:06+00:00","breadcrumb":{"@id":"https:\/\/librairie7l.com\/en\/produit\/les-ateliers-de-la-parure-savoirs-et-pratiques-des-artisans-france-xvii-xviii-siecle-2\/#breadcrumb"},"inLanguage":"en-US","potentialAction":[{"@type":"ReadAction","target":["https:\/\/librairie7l.com\/en\/produit\/les-ateliers-de-la-parure-savoirs-et-pratiques-des-artisans-france-xvii-xviii-siecle-2\/"]}]},{"@type":"BreadcrumbList","@id":"https:\/\/librairie7l.com\/en\/produit\/les-ateliers-de-la-parure-savoirs-et-pratiques-des-artisans-france-xvii-xviii-siecle-2\/#breadcrumb","itemListElement":[{"@type":"ListItem","position":1,"name":"Accueil","item":"https:\/\/librairie7l.com\/en\/"},{"@type":"ListItem","position":2,"name":"Shop","item":"https:\/\/librairie7l.com\/en\/shop\/"},{"@type":"ListItem","position":3,"name":"LES ATELIERS DE LA PARURE : SAVOIRS ET PRATIQUES DES ARTISANS, FRANCE XVII-XVIII SI\u00c8CLE"}]},{"@type":"WebSite","@id":"https:\/\/librairie7l.com\/en\/#website","url":"https:\/\/librairie7l.com\/en\/","name":"Librairie 7L","description":"Librairie fond\u00e9e en 1999 par Karl Lagerfeld \u00e0 Paris","publisher":{"@id":"https:\/\/librairie7l.com\/en\/#organization"},"potentialAction":[{"@type":"SearchAction","target":{"@type":"EntryPoint","urlTemplate":"https:\/\/librairie7l.com\/en\/?s={search_term_string}"},"query-input":"required name=search_term_string"}],"inLanguage":"en-US"},{"@type":"Organization","@id":"https:\/\/librairie7l.com\/en\/#organization","name":"Librairie 7L","url":"https:\/\/librairie7l.com\/en\/","logo":{"@type":"ImageObject","inLanguage":"en-US","@id":"https:\/\/librairie7l.com\/en\/#\/schema\/logo\/image\/","url":"https:\/\/librairie7l.com\/wp-content\/uploads\/2022\/08\/logo-1.png","contentUrl":"https:\/\/librairie7l.com\/wp-content\/uploads\/2022\/08\/logo-1.png","width":227,"height":301,"caption":"Librairie 7L"},"image":{"@id":"https:\/\/librairie7l.com\/en\/#\/schema\/logo\/image\/"}}]}},"_links":{"self":[{"href":"https:\/\/librairie7l.com\/en\/wp-json\/wp\/v2\/product\/42546"}],"collection":[{"href":"https:\/\/librairie7l.com\/en\/wp-json\/wp\/v2\/product"}],"about":[{"href":"https:\/\/librairie7l.com\/en\/wp-json\/wp\/v2\/types\/product"}],"wp:featuredmedia":[{"embeddable":true,"href":"https:\/\/librairie7l.com\/en\/wp-json\/wp\/v2\/media\/42544"}],"wp:attachment":[{"href":"https:\/\/librairie7l.com\/en\/wp-json\/wp\/v2\/media?parent=42546"}],"wp:term":[{"taxonomy":"product_cat","embeddable":true,"href":"https:\/\/librairie7l.com\/en\/wp-json\/wp\/v2\/product_cat?post=42546"},{"taxonomy":"product_tag","embeddable":true,"href":"https:\/\/librairie7l.com\/en\/wp-json\/wp\/v2\/product_tag?post=42546"}],"curies":[{"name":"wp","href":"https:\/\/api.w.org\/{rel}","templated":true}]}}