{"id":42595,"date":"2024-09-14T22:17:50","date_gmt":"2024-09-14T20:17:50","guid":{"rendered":"https:\/\/librairie7l.com\/?post_type=product&#038;p=42595"},"modified":"2026-04-09T13:14:13","modified_gmt":"2026-04-09T11:14:13","slug":"nusch-eluard-sous-le-surrealisme-les-femmes-2","status":"publish","type":"product","link":"https:\/\/librairie7l.com\/en\/produit\/nusch-eluard-sous-le-surrealisme-les-femmes-2\/","title":{"rendered":"NUSCH ELUARD &#8211; SOUS LE SURR\u00c9ALISME, LES FEMMES"},"content":{"rendered":"<p>La biographie impossible d&#8217;une ic\u00f4ne du XXe si\u00e8cle.<br \/>\nNusch \u00e9tait-elle une muse ou une artiste \u00e0 part enti\u00e8re ?<br \/>\nDurant les ann\u00e9es 1930, Nusch Eluard a occup\u00e9 une place centrale dans la vie et l&#8217;imaginaire du groupe surr\u00e9aliste. Pourtant, elle nous appara\u00eet aujourd&#8217;hui comme un corps sans voix, sans histoire. Sa post\u00e9rit\u00e9 dans les dessins et les toiles de Picasso, les photographies de Man Ray, Dora Maar, Roland Penrose ou Lee Miller, mais aussi dans les po\u00e8mes de son mari Paul Eluard, nous a emp\u00each\u00e9s de prendre conscience de son effacement. Ses portraits, comme<br \/>\nceux d&#8217;autres femmes qui gravitaient autour des surr\u00e9alistes, l&#8217;ont offerte \u00e0 notre regard sans que nous ne sachions rien d&#8217;elle.<\/p>\n<p>Dans ce livre, Joana Mas\u00f3 retrace le parcours de Nusch Eluard en collectant les fragments qui, un \u00e0 un, composent la m\u00e9moire d&#8217;une courte existence, enti\u00e8rement vou\u00e9e \u00e0 la cr\u00e9ation artistique. \u00c0 l&#8217;heure o\u00f9 l&#8217;on questionne l&#8217;h\u00e9ritage surr\u00e9aliste, elle s&#8217;interroge : comment recevoir la pr\u00e9sence de ces femmes, dites sans oeuvre, dans la production photographique et picturale des hommes ?<\/p>\n<p>Au terme d&#8217;une r\u00e9flexion passionnante et gr\u00e2ce \u00e0 une abondante iconographie, dont de nombreux documents in\u00e9dits, elle nous engage \u00e0 dire enfin le r\u00f4le de celles que notre histoire de l&#8217;art a longtemps consid\u00e9r\u00e9es comme de simples inspiratrices, muses ou \u00e9g\u00e9ries, et qui peuplent les livres d&#8217;art.<\/p>\n","protected":false},"excerpt":{"rendered":"<p>La biographie impossible d&#8217;une ic\u00f4ne du XXe si\u00e8cle. Nusch \u00e9tait-elle une muse ou une artiste \u00e0 part enti\u00e8re ? Durant les ann\u00e9es 1930, Nusch Eluard a occup\u00e9 une place centrale dans la vie et l&#8217;imaginaire du groupe surr\u00e9aliste. Pourtant, elle nous appara\u00eet aujourd&#8217;hui comme un corps sans voix, sans histoire. Sa post\u00e9rit\u00e9 dans les dessins [&hellip;]<\/p>\n","protected":false},"featured_media":42593,"template":"","meta":[],"product_cat":[2948],"product_tag":[],"acf":[],"yoast_head":"<!-- This site is optimized with the Yoast SEO plugin v20.11 - https:\/\/yoast.com\/wordpress\/plugins\/seo\/ -->\n<title>Nusch Eluard - Sous le surr\u00e9alisme, les femmes - Librairie 7L<\/title>\n<meta name=\"robots\" content=\"index, follow, max-snippet:-1, max-image-preview:large, max-video-preview:-1\" \/>\n<link rel=\"canonical\" href=\"https:\/\/librairie7l.com\/en\/produit\/nusch-eluard-sous-le-surrealisme-les-femmes-2\/\" \/>\n<meta property=\"og:locale\" content=\"en_US\" \/>\n<meta property=\"og:type\" content=\"article\" \/>\n<meta property=\"og:title\" content=\"Nusch Eluard - Sous le surr\u00e9alisme, les femmes - Librairie 7L\" \/>\n<meta property=\"og:description\" content=\"La biographie impossible d&#8217;une ic\u00f4ne du XXe si\u00e8cle. Nusch \u00e9tait-elle une muse ou une artiste \u00e0 part enti\u00e8re ? Durant les ann\u00e9es 1930, Nusch Eluard a occup\u00e9 une place centrale dans la vie et l&#8217;imaginaire du groupe surr\u00e9aliste. Pourtant, elle nous appara\u00eet aujourd&#8217;hui comme un corps sans voix, sans histoire. Sa post\u00e9rit\u00e9 dans les dessins [&hellip;]\" \/>\n<meta property=\"og:url\" content=\"https:\/\/librairie7l.com\/en\/produit\/nusch-eluard-sous-le-surrealisme-les-femmes-2\/\" \/>\n<meta property=\"og:site_name\" content=\"Librairie 7L\" \/>\n<meta property=\"article:modified_time\" content=\"2026-04-09T11:14:13+00:00\" \/>\n<meta property=\"og:image\" content=\"https:\/\/librairie7l.com\/wp-content\/uploads\/2024\/04\/9782232147524_1_75.jpg\" \/>\n\t<meta property=\"og:image:width\" content=\"400\" \/>\n\t<meta property=\"og:image:height\" content=\"506\" \/>\n\t<meta property=\"og:image:type\" content=\"image\/jpeg\" \/>\n<meta name=\"twitter:card\" content=\"summary_large_image\" \/>\n<meta name=\"twitter:label1\" content=\"Est. reading time\" \/>\n\t<meta name=\"twitter:data1\" content=\"1 minute\" \/>\n<script type=\"application\/ld+json\" class=\"yoast-schema-graph\">{\"@context\":\"https:\/\/schema.org\",\"@graph\":[{\"@type\":\"WebPage\",\"@id\":\"https:\/\/librairie7l.com\/en\/produit\/nusch-eluard-sous-le-surrealisme-les-femmes-2\/\",\"url\":\"https:\/\/librairie7l.com\/en\/produit\/nusch-eluard-sous-le-surrealisme-les-femmes-2\/\",\"name\":\"Nusch Eluard - Sous le surr\u00e9alisme, les femmes - Librairie 7L\",\"isPartOf\":{\"@id\":\"https:\/\/librairie7l.com\/en\/#website\"},\"datePublished\":\"2024-09-14T20:17:50+00:00\",\"dateModified\":\"2026-04-09T11:14:13+00:00\",\"breadcrumb\":{\"@id\":\"https:\/\/librairie7l.com\/en\/produit\/nusch-eluard-sous-le-surrealisme-les-femmes-2\/#breadcrumb\"},\"inLanguage\":\"en-US\",\"potentialAction\":[{\"@type\":\"ReadAction\",\"target\":[\"https:\/\/librairie7l.com\/en\/produit\/nusch-eluard-sous-le-surrealisme-les-femmes-2\/\"]}]},{\"@type\":\"BreadcrumbList\",\"@id\":\"https:\/\/librairie7l.com\/en\/produit\/nusch-eluard-sous-le-surrealisme-les-femmes-2\/#breadcrumb\",\"itemListElement\":[{\"@type\":\"ListItem\",\"position\":1,\"name\":\"Accueil\",\"item\":\"https:\/\/librairie7l.com\/en\/\"},{\"@type\":\"ListItem\",\"position\":2,\"name\":\"Shop\",\"item\":\"https:\/\/librairie7l.com\/en\/shop\/\"},{\"@type\":\"ListItem\",\"position\":3,\"name\":\"NUSCH ELUARD &#8211; SOUS LE SURR\u00c9ALISME, LES FEMMES\"}]},{\"@type\":\"WebSite\",\"@id\":\"https:\/\/librairie7l.com\/en\/#website\",\"url\":\"https:\/\/librairie7l.com\/en\/\",\"name\":\"Librairie 7L\",\"description\":\"Librairie fond\u00e9e en 1999 par Karl Lagerfeld \u00e0 Paris\",\"publisher\":{\"@id\":\"https:\/\/librairie7l.com\/en\/#organization\"},\"potentialAction\":[{\"@type\":\"SearchAction\",\"target\":{\"@type\":\"EntryPoint\",\"urlTemplate\":\"https:\/\/librairie7l.com\/en\/?s={search_term_string}\"},\"query-input\":\"required name=search_term_string\"}],\"inLanguage\":\"en-US\"},{\"@type\":\"Organization\",\"@id\":\"https:\/\/librairie7l.com\/en\/#organization\",\"name\":\"Librairie 7L\",\"url\":\"https:\/\/librairie7l.com\/en\/\",\"logo\":{\"@type\":\"ImageObject\",\"inLanguage\":\"en-US\",\"@id\":\"https:\/\/librairie7l.com\/en\/#\/schema\/logo\/image\/\",\"url\":\"https:\/\/librairie7l.com\/wp-content\/uploads\/2022\/08\/logo-1.png\",\"contentUrl\":\"https:\/\/librairie7l.com\/wp-content\/uploads\/2022\/08\/logo-1.png\",\"width\":227,\"height\":301,\"caption\":\"Librairie 7L\"},\"image\":{\"@id\":\"https:\/\/librairie7l.com\/en\/#\/schema\/logo\/image\/\"}}]}<\/script>\n<!-- \/ Yoast SEO plugin. -->","yoast_head_json":{"title":"Nusch Eluard - Sous le surr\u00e9alisme, les femmes - Librairie 7L","robots":{"index":"index","follow":"follow","max-snippet":"max-snippet:-1","max-image-preview":"max-image-preview:large","max-video-preview":"max-video-preview:-1"},"canonical":"https:\/\/librairie7l.com\/en\/produit\/nusch-eluard-sous-le-surrealisme-les-femmes-2\/","og_locale":"en_US","og_type":"article","og_title":"Nusch Eluard - Sous le surr\u00e9alisme, les femmes - Librairie 7L","og_description":"La biographie impossible d&#8217;une ic\u00f4ne du XXe si\u00e8cle. Nusch \u00e9tait-elle une muse ou une artiste \u00e0 part enti\u00e8re ? Durant les ann\u00e9es 1930, Nusch Eluard a occup\u00e9 une place centrale dans la vie et l&#8217;imaginaire du groupe surr\u00e9aliste. Pourtant, elle nous appara\u00eet aujourd&#8217;hui comme un corps sans voix, sans histoire. Sa post\u00e9rit\u00e9 dans les dessins [&hellip;]","og_url":"https:\/\/librairie7l.com\/en\/produit\/nusch-eluard-sous-le-surrealisme-les-femmes-2\/","og_site_name":"Librairie 7L","article_modified_time":"2026-04-09T11:14:13+00:00","og_image":[{"width":400,"height":506,"url":"https:\/\/librairie7l.com\/wp-content\/uploads\/2024\/04\/9782232147524_1_75.jpg","type":"image\/jpeg"}],"twitter_card":"summary_large_image","twitter_misc":{"Est. reading time":"1 minute"},"schema":{"@context":"https:\/\/schema.org","@graph":[{"@type":"WebPage","@id":"https:\/\/librairie7l.com\/en\/produit\/nusch-eluard-sous-le-surrealisme-les-femmes-2\/","url":"https:\/\/librairie7l.com\/en\/produit\/nusch-eluard-sous-le-surrealisme-les-femmes-2\/","name":"Nusch Eluard - Sous le surr\u00e9alisme, les femmes - Librairie 7L","isPartOf":{"@id":"https:\/\/librairie7l.com\/en\/#website"},"datePublished":"2024-09-14T20:17:50+00:00","dateModified":"2026-04-09T11:14:13+00:00","breadcrumb":{"@id":"https:\/\/librairie7l.com\/en\/produit\/nusch-eluard-sous-le-surrealisme-les-femmes-2\/#breadcrumb"},"inLanguage":"en-US","potentialAction":[{"@type":"ReadAction","target":["https:\/\/librairie7l.com\/en\/produit\/nusch-eluard-sous-le-surrealisme-les-femmes-2\/"]}]},{"@type":"BreadcrumbList","@id":"https:\/\/librairie7l.com\/en\/produit\/nusch-eluard-sous-le-surrealisme-les-femmes-2\/#breadcrumb","itemListElement":[{"@type":"ListItem","position":1,"name":"Accueil","item":"https:\/\/librairie7l.com\/en\/"},{"@type":"ListItem","position":2,"name":"Shop","item":"https:\/\/librairie7l.com\/en\/shop\/"},{"@type":"ListItem","position":3,"name":"NUSCH ELUARD &#8211; SOUS LE SURR\u00c9ALISME, LES FEMMES"}]},{"@type":"WebSite","@id":"https:\/\/librairie7l.com\/en\/#website","url":"https:\/\/librairie7l.com\/en\/","name":"Librairie 7L","description":"Librairie fond\u00e9e en 1999 par Karl Lagerfeld \u00e0 Paris","publisher":{"@id":"https:\/\/librairie7l.com\/en\/#organization"},"potentialAction":[{"@type":"SearchAction","target":{"@type":"EntryPoint","urlTemplate":"https:\/\/librairie7l.com\/en\/?s={search_term_string}"},"query-input":"required name=search_term_string"}],"inLanguage":"en-US"},{"@type":"Organization","@id":"https:\/\/librairie7l.com\/en\/#organization","name":"Librairie 7L","url":"https:\/\/librairie7l.com\/en\/","logo":{"@type":"ImageObject","inLanguage":"en-US","@id":"https:\/\/librairie7l.com\/en\/#\/schema\/logo\/image\/","url":"https:\/\/librairie7l.com\/wp-content\/uploads\/2022\/08\/logo-1.png","contentUrl":"https:\/\/librairie7l.com\/wp-content\/uploads\/2022\/08\/logo-1.png","width":227,"height":301,"caption":"Librairie 7L"},"image":{"@id":"https:\/\/librairie7l.com\/en\/#\/schema\/logo\/image\/"}}]}},"_links":{"self":[{"href":"https:\/\/librairie7l.com\/en\/wp-json\/wp\/v2\/product\/42595"}],"collection":[{"href":"https:\/\/librairie7l.com\/en\/wp-json\/wp\/v2\/product"}],"about":[{"href":"https:\/\/librairie7l.com\/en\/wp-json\/wp\/v2\/types\/product"}],"wp:featuredmedia":[{"embeddable":true,"href":"https:\/\/librairie7l.com\/en\/wp-json\/wp\/v2\/media\/42593"}],"wp:attachment":[{"href":"https:\/\/librairie7l.com\/en\/wp-json\/wp\/v2\/media?parent=42595"}],"wp:term":[{"taxonomy":"product_cat","embeddable":true,"href":"https:\/\/librairie7l.com\/en\/wp-json\/wp\/v2\/product_cat?post=42595"},{"taxonomy":"product_tag","embeddable":true,"href":"https:\/\/librairie7l.com\/en\/wp-json\/wp\/v2\/product_tag?post=42595"}],"curies":[{"name":"wp","href":"https:\/\/api.w.org\/{rel}","templated":true}]}}