{"id":42597,"date":"2024-09-14T22:17:52","date_gmt":"2024-09-14T20:17:52","guid":{"rendered":"https:\/\/librairie7l.com\/?post_type=product&#038;p=42597"},"modified":"2026-05-05T10:01:29","modified_gmt":"2026-05-05T08:01:29","slug":"louis-sognot-2","status":"publish","type":"product","link":"https:\/\/librairie7l.com\/en\/produit\/louis-sognot-2\/","title":{"rendered":"LOUIS SOGNOT"},"content":{"rendered":"<p>La cr\u00e9ation de Louis Sognot (1892-1969) s&#8217;\u00e9panouit sur plusieurs p\u00e9riodes de l&#8217;histoire du style du mobilier. D&#8217;abord impr\u00e9gn\u00e9 des techniques traditionnelles par sa formation et son passage au faubourg Saint-Antoine chez Krieger. Jeune, il participe \u00e0 l&#8217;\u00e9tonnante aventure des ateliers d&#8217;art du Printemps : Primavera fond\u00e9 par Ren\u00e9 Guiller\u00e9 en 1912<br \/>\nLa cr\u00e9ation de Louis Sognot (1892-1969) s&#8217;\u00e9panouit sur plusieurs p\u00e9riodes de l&#8217;histoire du style du mobilier. D&#8217;abord impr\u00e9gn\u00e9 des techniques traditionnelles par sa formation et son passage au faubourg Saint-Antoine chez Krieger. Jeune, il participe \u00e0 l&#8217;\u00e9tonnante aventure des ateliers d&#8217;art du Printemps : Primavera fond\u00e9 par Ren\u00e9 Guiller\u00e9 en 1912. Personnalit\u00e9 qui compte en ce d\u00e9but de XX\u00e8me si\u00e8cle, il est \u00e0 l&#8217;origine de la soci\u00e9t\u00e9 des Artistes d\u00e9corateurs en 1901. Entre 1920 et 1929 Louis Sognot collabore chez Primavera \u00e0 la r\u00e9alisation des projets de Guiller\u00e9, des ensembles pour des int\u00e9rieurs modernes selon les principes \u00e9dict\u00e9s par Guiller\u00e9 pour qui &#8221; La forme d\u00e9termine le d\u00e9cor &#8220;, ils seront remarqu\u00e9s \u00e0 la SAD et au salon d&#8217;Automne. Ce style annonce &#8221; l&#8217;art d\u00e9co &#8221; pour un public plus modeste. Encourag\u00e9 par Primavera, en 1926, il propose pour la premi\u00e8re fois du mobilier en m\u00e9tal se rapprochant ainsi des acteurs du mouvement moderne, Ren\u00e9 Herbst, Charlotte Perriand, Pierre Chareau. En 1929, il quitte Primavera pour rejoindre l&#8217;UAM (Union des artistes modernes). Associ\u00e9 pendant quatre ann\u00e9es avec Charlotte Alix, ils se distinguent par des r\u00e9alisations remarquables, pour les laboratoires Roussel ou le Maharadjah d&#8217;Indore. D\u00e8s lors il appartient \u00e0 l&#8217;avant-garde et participe activement au mouvement en explorant de nouveaux mat\u00e9riaux et il reprend son ind\u00e9pendance. Apr\u00e8s la Seconde Guerre mondiale il se passionne pour le rotin, un choix qui le place au-devant de la sc\u00e8ne. Une technique \u00e0 la fois \u00e9conomique, organique et rationnelle. Le Salon des Arts m\u00e9nagers s&#8217;impose afin de faire d\u00e9couvrir cette nouvelle tendance.<br \/>\nExcellent p\u00e9dagogue, il enseigne dans diverses \u00e9coles (Boulle, Duperr\u00e9, \u00e9cole des Arts d\u00e9coratifs). Il collabore avec de nombreux \u00e9diteurs pour le rotin, et avec des \u00e9diteurs plus traditionnels dont la soci\u00e9t\u00e9 dirig\u00e9e par Maurice Rinck, avec laquelle il coop\u00e8re dix ann\u00e9es. Sa relation avec le cr\u00e9ateur de luminaires Serge Mouille sera id\u00e9ale.<\/p>\n","protected":false},"excerpt":{"rendered":"<p>La cr\u00e9ation de Louis Sognot (1892-1969) s&#8217;\u00e9panouit sur plusieurs p\u00e9riodes de l&#8217;histoire du style du mobilier. D&#8217;abord impr\u00e9gn\u00e9 des techniques traditionnelles par sa formation et son passage au faubourg Saint-Antoine chez Krieger. Jeune, il participe \u00e0 l&#8217;\u00e9tonnante aventure des ateliers d&#8217;art du Printemps : Primavera fond\u00e9 par Ren\u00e9 Guiller\u00e9 en 1912 La cr\u00e9ation de Louis [&hellip;]<\/p>\n","protected":false},"featured_media":42972,"template":"","meta":[],"product_cat":[2948],"product_tag":[],"acf":[],"yoast_head":"<!-- This site is optimized with the Yoast SEO plugin v20.11 - https:\/\/yoast.com\/wordpress\/plugins\/seo\/ -->\n<title>Louis Sognot - Librairie 7L<\/title>\n<meta name=\"robots\" content=\"index, follow, max-snippet:-1, max-image-preview:large, max-video-preview:-1\" \/>\n<link rel=\"canonical\" href=\"https:\/\/librairie7l.com\/en\/produit\/louis-sognot-2\/\" \/>\n<meta property=\"og:locale\" content=\"en_US\" \/>\n<meta property=\"og:type\" content=\"article\" \/>\n<meta property=\"og:title\" content=\"Louis Sognot - Librairie 7L\" \/>\n<meta property=\"og:description\" content=\"La cr\u00e9ation de Louis Sognot (1892-1969) s&#8217;\u00e9panouit sur plusieurs p\u00e9riodes de l&#8217;histoire du style du mobilier. D&#8217;abord impr\u00e9gn\u00e9 des techniques traditionnelles par sa formation et son passage au faubourg Saint-Antoine chez Krieger. Jeune, il participe \u00e0 l&#8217;\u00e9tonnante aventure des ateliers d&#8217;art du Printemps : Primavera fond\u00e9 par Ren\u00e9 Guiller\u00e9 en 1912 La cr\u00e9ation de Louis [&hellip;]\" \/>\n<meta property=\"og:url\" content=\"https:\/\/librairie7l.com\/en\/produit\/louis-sognot-2\/\" \/>\n<meta property=\"og:site_name\" content=\"Librairie 7L\" \/>\n<meta property=\"article:modified_time\" content=\"2026-05-05T08:01:29+00:00\" \/>\n<meta name=\"twitter:card\" content=\"summary_large_image\" \/>\n<meta name=\"twitter:label1\" content=\"Est. reading time\" \/>\n\t<meta name=\"twitter:data1\" content=\"2 minutes\" \/>\n<script type=\"application\/ld+json\" class=\"yoast-schema-graph\">{\"@context\":\"https:\/\/schema.org\",\"@graph\":[{\"@type\":\"WebPage\",\"@id\":\"https:\/\/librairie7l.com\/en\/produit\/louis-sognot-2\/\",\"url\":\"https:\/\/librairie7l.com\/en\/produit\/louis-sognot-2\/\",\"name\":\"Louis Sognot - Librairie 7L\",\"isPartOf\":{\"@id\":\"https:\/\/librairie7l.com\/en\/#website\"},\"datePublished\":\"2024-09-14T20:17:52+00:00\",\"dateModified\":\"2026-05-05T08:01:29+00:00\",\"breadcrumb\":{\"@id\":\"https:\/\/librairie7l.com\/en\/produit\/louis-sognot-2\/#breadcrumb\"},\"inLanguage\":\"en-US\",\"potentialAction\":[{\"@type\":\"ReadAction\",\"target\":[\"https:\/\/librairie7l.com\/en\/produit\/louis-sognot-2\/\"]}]},{\"@type\":\"BreadcrumbList\",\"@id\":\"https:\/\/librairie7l.com\/en\/produit\/louis-sognot-2\/#breadcrumb\",\"itemListElement\":[{\"@type\":\"ListItem\",\"position\":1,\"name\":\"Accueil\",\"item\":\"https:\/\/librairie7l.com\/en\/\"},{\"@type\":\"ListItem\",\"position\":2,\"name\":\"Shop\",\"item\":\"https:\/\/librairie7l.com\/en\/shop\/\"},{\"@type\":\"ListItem\",\"position\":3,\"name\":\"LOUIS SOGNOT\"}]},{\"@type\":\"WebSite\",\"@id\":\"https:\/\/librairie7l.com\/en\/#website\",\"url\":\"https:\/\/librairie7l.com\/en\/\",\"name\":\"Librairie 7L\",\"description\":\"Librairie fond\u00e9e en 1999 par Karl Lagerfeld \u00e0 Paris\",\"publisher\":{\"@id\":\"https:\/\/librairie7l.com\/en\/#organization\"},\"potentialAction\":[{\"@type\":\"SearchAction\",\"target\":{\"@type\":\"EntryPoint\",\"urlTemplate\":\"https:\/\/librairie7l.com\/en\/?s={search_term_string}\"},\"query-input\":\"required name=search_term_string\"}],\"inLanguage\":\"en-US\"},{\"@type\":\"Organization\",\"@id\":\"https:\/\/librairie7l.com\/en\/#organization\",\"name\":\"Librairie 7L\",\"url\":\"https:\/\/librairie7l.com\/en\/\",\"logo\":{\"@type\":\"ImageObject\",\"inLanguage\":\"en-US\",\"@id\":\"https:\/\/librairie7l.com\/en\/#\/schema\/logo\/image\/\",\"url\":\"https:\/\/librairie7l.com\/wp-content\/uploads\/2022\/08\/logo-1.png\",\"contentUrl\":\"https:\/\/librairie7l.com\/wp-content\/uploads\/2022\/08\/logo-1.png\",\"width\":227,\"height\":301,\"caption\":\"Librairie 7L\"},\"image\":{\"@id\":\"https:\/\/librairie7l.com\/en\/#\/schema\/logo\/image\/\"}}]}<\/script>\n<!-- \/ Yoast SEO plugin. -->","yoast_head_json":{"title":"Louis Sognot - Librairie 7L","robots":{"index":"index","follow":"follow","max-snippet":"max-snippet:-1","max-image-preview":"max-image-preview:large","max-video-preview":"max-video-preview:-1"},"canonical":"https:\/\/librairie7l.com\/en\/produit\/louis-sognot-2\/","og_locale":"en_US","og_type":"article","og_title":"Louis Sognot - Librairie 7L","og_description":"La cr\u00e9ation de Louis Sognot (1892-1969) s&#8217;\u00e9panouit sur plusieurs p\u00e9riodes de l&#8217;histoire du style du mobilier. D&#8217;abord impr\u00e9gn\u00e9 des techniques traditionnelles par sa formation et son passage au faubourg Saint-Antoine chez Krieger. Jeune, il participe \u00e0 l&#8217;\u00e9tonnante aventure des ateliers d&#8217;art du Printemps : Primavera fond\u00e9 par Ren\u00e9 Guiller\u00e9 en 1912 La cr\u00e9ation de Louis [&hellip;]","og_url":"https:\/\/librairie7l.com\/en\/produit\/louis-sognot-2\/","og_site_name":"Librairie 7L","article_modified_time":"2026-05-05T08:01:29+00:00","twitter_card":"summary_large_image","twitter_misc":{"Est. reading time":"2 minutes"},"schema":{"@context":"https:\/\/schema.org","@graph":[{"@type":"WebPage","@id":"https:\/\/librairie7l.com\/en\/produit\/louis-sognot-2\/","url":"https:\/\/librairie7l.com\/en\/produit\/louis-sognot-2\/","name":"Louis Sognot - Librairie 7L","isPartOf":{"@id":"https:\/\/librairie7l.com\/en\/#website"},"datePublished":"2024-09-14T20:17:52+00:00","dateModified":"2026-05-05T08:01:29+00:00","breadcrumb":{"@id":"https:\/\/librairie7l.com\/en\/produit\/louis-sognot-2\/#breadcrumb"},"inLanguage":"en-US","potentialAction":[{"@type":"ReadAction","target":["https:\/\/librairie7l.com\/en\/produit\/louis-sognot-2\/"]}]},{"@type":"BreadcrumbList","@id":"https:\/\/librairie7l.com\/en\/produit\/louis-sognot-2\/#breadcrumb","itemListElement":[{"@type":"ListItem","position":1,"name":"Accueil","item":"https:\/\/librairie7l.com\/en\/"},{"@type":"ListItem","position":2,"name":"Shop","item":"https:\/\/librairie7l.com\/en\/shop\/"},{"@type":"ListItem","position":3,"name":"LOUIS SOGNOT"}]},{"@type":"WebSite","@id":"https:\/\/librairie7l.com\/en\/#website","url":"https:\/\/librairie7l.com\/en\/","name":"Librairie 7L","description":"Librairie fond\u00e9e en 1999 par Karl Lagerfeld \u00e0 Paris","publisher":{"@id":"https:\/\/librairie7l.com\/en\/#organization"},"potentialAction":[{"@type":"SearchAction","target":{"@type":"EntryPoint","urlTemplate":"https:\/\/librairie7l.com\/en\/?s={search_term_string}"},"query-input":"required name=search_term_string"}],"inLanguage":"en-US"},{"@type":"Organization","@id":"https:\/\/librairie7l.com\/en\/#organization","name":"Librairie 7L","url":"https:\/\/librairie7l.com\/en\/","logo":{"@type":"ImageObject","inLanguage":"en-US","@id":"https:\/\/librairie7l.com\/en\/#\/schema\/logo\/image\/","url":"https:\/\/librairie7l.com\/wp-content\/uploads\/2022\/08\/logo-1.png","contentUrl":"https:\/\/librairie7l.com\/wp-content\/uploads\/2022\/08\/logo-1.png","width":227,"height":301,"caption":"Librairie 7L"},"image":{"@id":"https:\/\/librairie7l.com\/en\/#\/schema\/logo\/image\/"}}]}},"_links":{"self":[{"href":"https:\/\/librairie7l.com\/en\/wp-json\/wp\/v2\/product\/42597"}],"collection":[{"href":"https:\/\/librairie7l.com\/en\/wp-json\/wp\/v2\/product"}],"about":[{"href":"https:\/\/librairie7l.com\/en\/wp-json\/wp\/v2\/types\/product"}],"wp:featuredmedia":[{"embeddable":true,"href":"https:\/\/librairie7l.com\/en\/wp-json\/wp\/v2\/media\/42972"}],"wp:attachment":[{"href":"https:\/\/librairie7l.com\/en\/wp-json\/wp\/v2\/media?parent=42597"}],"wp:term":[{"taxonomy":"product_cat","embeddable":true,"href":"https:\/\/librairie7l.com\/en\/wp-json\/wp\/v2\/product_cat?post=42597"},{"taxonomy":"product_tag","embeddable":true,"href":"https:\/\/librairie7l.com\/en\/wp-json\/wp\/v2\/product_tag?post=42597"}],"curies":[{"name":"wp","href":"https:\/\/api.w.org\/{rel}","templated":true}]}}