{"id":42601,"date":"2024-09-14T22:17:56","date_gmt":"2024-09-14T20:17:56","guid":{"rendered":"https:\/\/librairie7l.com\/?post_type=product&#038;p=42601"},"modified":"2026-04-09T13:24:42","modified_gmt":"2026-04-09T11:24:42","slug":"paris-folies-paillettes-strass-et-trucs-en-plumes-le-music-hall-dans-tous-ses-etats-2","status":"publish","type":"product","link":"https:\/\/librairie7l.com\/en\/produit\/paris-folies-paillettes-strass-et-trucs-en-plumes-le-music-hall-dans-tous-ses-etats-2\/","title":{"rendered":"PARIS FOLIES : PAILLETTES, STRASS ET TRUCS EN PLUMES&#8230; LE MUSIC-HALL DANS TOUS SES \u00c9TATS"},"content":{"rendered":"<p>Le music-hall tient du spectacle total, m\u00ealant la danse, le chant, la culture physique, le cirque et parfois m\u00eame la magie, le tout servi par des dispositifs sc\u00e9niques spectaculaires.<br \/>\nLes revues apparaissent \u00e0 la fin du XIXe si\u00e8cle, alors que les Folies Berg\u00e8re ou le Moulin Rouge ouvrent leurs portes, et triomphent des ann\u00e9es 1920 aux ann\u00e9es 1970, port\u00e9es par les stars que furent Mistinguett, Jos\u00e9phine Baker, Zizi Jeanmaire ou Line Renaud. Dans l&#8217;ombre des grandes salles, des sc\u00e8nes plus modestes s&#8217;affirment, offrant souvent un refuge \u00e0 la communaut\u00e9 homosexuelle ; consacrant leurs propres vedettes, telles Coccinelle ou Bambi, elles ne comptent pas pour rien dans le renouvellement du genre.<\/p>\n","protected":false},"excerpt":{"rendered":"<p>Le music-hall tient du spectacle total, m\u00ealant la danse, le chant, la culture physique, le cirque et parfois m\u00eame la magie, le tout servi par des dispositifs sc\u00e9niques spectaculaires. Les revues apparaissent \u00e0 la fin du XIXe si\u00e8cle, alors que les Folies Berg\u00e8re ou le Moulin Rouge ouvrent leurs portes, et triomphent des ann\u00e9es 1920 [&hellip;]<\/p>\n","protected":false},"featured_media":42599,"template":"","meta":[],"product_cat":[2948],"product_tag":[],"acf":[],"yoast_head":"<!-- This site is optimized with the Yoast SEO plugin v20.11 - https:\/\/yoast.com\/wordpress\/plugins\/seo\/ -->\n<title>Paris folies : Paillettes, strass et trucs en plumes... Le music-hall dans tous ses \u00e9tats - Librairie 7L<\/title>\n<meta name=\"robots\" content=\"index, follow, max-snippet:-1, max-image-preview:large, max-video-preview:-1\" \/>\n<link rel=\"canonical\" href=\"https:\/\/librairie7l.com\/en\/produit\/paris-folies-paillettes-strass-et-trucs-en-plumes-le-music-hall-dans-tous-ses-etats-2\/\" \/>\n<meta property=\"og:locale\" content=\"en_US\" \/>\n<meta property=\"og:type\" content=\"article\" \/>\n<meta property=\"og:title\" content=\"Paris folies : Paillettes, strass et trucs en plumes... Le music-hall dans tous ses \u00e9tats - Librairie 7L\" \/>\n<meta property=\"og:description\" content=\"Le music-hall tient du spectacle total, m\u00ealant la danse, le chant, la culture physique, le cirque et parfois m\u00eame la magie, le tout servi par des dispositifs sc\u00e9niques spectaculaires. Les revues apparaissent \u00e0 la fin du XIXe si\u00e8cle, alors que les Folies Berg\u00e8re ou le Moulin Rouge ouvrent leurs portes, et triomphent des ann\u00e9es 1920 [&hellip;]\" \/>\n<meta property=\"og:url\" content=\"https:\/\/librairie7l.com\/en\/produit\/paris-folies-paillettes-strass-et-trucs-en-plumes-le-music-hall-dans-tous-ses-etats-2\/\" \/>\n<meta property=\"og:site_name\" content=\"Librairie 7L\" \/>\n<meta property=\"article:modified_time\" content=\"2026-04-09T11:24:42+00:00\" \/>\n<meta property=\"og:image\" content=\"https:\/\/librairie7l.com\/wp-content\/uploads\/2024\/04\/9782373952407_1_75.jpg\" \/>\n\t<meta property=\"og:image:width\" content=\"600\" \/>\n\t<meta property=\"og:image:height\" content=\"836\" \/>\n\t<meta property=\"og:image:type\" content=\"image\/jpeg\" \/>\n<meta name=\"twitter:card\" content=\"summary_large_image\" \/>\n<meta name=\"twitter:label1\" content=\"Est. reading time\" \/>\n\t<meta name=\"twitter:data1\" content=\"1 minute\" \/>\n<script type=\"application\/ld+json\" class=\"yoast-schema-graph\">{\"@context\":\"https:\/\/schema.org\",\"@graph\":[{\"@type\":\"WebPage\",\"@id\":\"https:\/\/librairie7l.com\/en\/produit\/paris-folies-paillettes-strass-et-trucs-en-plumes-le-music-hall-dans-tous-ses-etats-2\/\",\"url\":\"https:\/\/librairie7l.com\/en\/produit\/paris-folies-paillettes-strass-et-trucs-en-plumes-le-music-hall-dans-tous-ses-etats-2\/\",\"name\":\"Paris folies : Paillettes, strass et trucs en plumes... Le music-hall dans tous ses \u00e9tats - Librairie 7L\",\"isPartOf\":{\"@id\":\"https:\/\/librairie7l.com\/en\/#website\"},\"datePublished\":\"2024-09-14T20:17:56+00:00\",\"dateModified\":\"2026-04-09T11:24:42+00:00\",\"breadcrumb\":{\"@id\":\"https:\/\/librairie7l.com\/en\/produit\/paris-folies-paillettes-strass-et-trucs-en-plumes-le-music-hall-dans-tous-ses-etats-2\/#breadcrumb\"},\"inLanguage\":\"en-US\",\"potentialAction\":[{\"@type\":\"ReadAction\",\"target\":[\"https:\/\/librairie7l.com\/en\/produit\/paris-folies-paillettes-strass-et-trucs-en-plumes-le-music-hall-dans-tous-ses-etats-2\/\"]}]},{\"@type\":\"BreadcrumbList\",\"@id\":\"https:\/\/librairie7l.com\/en\/produit\/paris-folies-paillettes-strass-et-trucs-en-plumes-le-music-hall-dans-tous-ses-etats-2\/#breadcrumb\",\"itemListElement\":[{\"@type\":\"ListItem\",\"position\":1,\"name\":\"Accueil\",\"item\":\"https:\/\/librairie7l.com\/en\/\"},{\"@type\":\"ListItem\",\"position\":2,\"name\":\"Shop\",\"item\":\"https:\/\/librairie7l.com\/en\/shop\/\"},{\"@type\":\"ListItem\",\"position\":3,\"name\":\"PARIS FOLIES : PAILLETTES, STRASS ET TRUCS EN PLUMES&#8230; LE MUSIC-HALL DANS TOUS SES \u00c9TATS\"}]},{\"@type\":\"WebSite\",\"@id\":\"https:\/\/librairie7l.com\/en\/#website\",\"url\":\"https:\/\/librairie7l.com\/en\/\",\"name\":\"Librairie 7L\",\"description\":\"Librairie fond\u00e9e en 1999 par Karl Lagerfeld \u00e0 Paris\",\"publisher\":{\"@id\":\"https:\/\/librairie7l.com\/en\/#organization\"},\"potentialAction\":[{\"@type\":\"SearchAction\",\"target\":{\"@type\":\"EntryPoint\",\"urlTemplate\":\"https:\/\/librairie7l.com\/en\/?s={search_term_string}\"},\"query-input\":\"required name=search_term_string\"}],\"inLanguage\":\"en-US\"},{\"@type\":\"Organization\",\"@id\":\"https:\/\/librairie7l.com\/en\/#organization\",\"name\":\"Librairie 7L\",\"url\":\"https:\/\/librairie7l.com\/en\/\",\"logo\":{\"@type\":\"ImageObject\",\"inLanguage\":\"en-US\",\"@id\":\"https:\/\/librairie7l.com\/en\/#\/schema\/logo\/image\/\",\"url\":\"https:\/\/librairie7l.com\/wp-content\/uploads\/2022\/08\/logo-1.png\",\"contentUrl\":\"https:\/\/librairie7l.com\/wp-content\/uploads\/2022\/08\/logo-1.png\",\"width\":227,\"height\":301,\"caption\":\"Librairie 7L\"},\"image\":{\"@id\":\"https:\/\/librairie7l.com\/en\/#\/schema\/logo\/image\/\"}}]}<\/script>\n<!-- \/ Yoast SEO plugin. -->","yoast_head_json":{"title":"Paris folies : Paillettes, strass et trucs en plumes... Le music-hall dans tous ses \u00e9tats - Librairie 7L","robots":{"index":"index","follow":"follow","max-snippet":"max-snippet:-1","max-image-preview":"max-image-preview:large","max-video-preview":"max-video-preview:-1"},"canonical":"https:\/\/librairie7l.com\/en\/produit\/paris-folies-paillettes-strass-et-trucs-en-plumes-le-music-hall-dans-tous-ses-etats-2\/","og_locale":"en_US","og_type":"article","og_title":"Paris folies : Paillettes, strass et trucs en plumes... Le music-hall dans tous ses \u00e9tats - Librairie 7L","og_description":"Le music-hall tient du spectacle total, m\u00ealant la danse, le chant, la culture physique, le cirque et parfois m\u00eame la magie, le tout servi par des dispositifs sc\u00e9niques spectaculaires. Les revues apparaissent \u00e0 la fin du XIXe si\u00e8cle, alors que les Folies Berg\u00e8re ou le Moulin Rouge ouvrent leurs portes, et triomphent des ann\u00e9es 1920 [&hellip;]","og_url":"https:\/\/librairie7l.com\/en\/produit\/paris-folies-paillettes-strass-et-trucs-en-plumes-le-music-hall-dans-tous-ses-etats-2\/","og_site_name":"Librairie 7L","article_modified_time":"2026-04-09T11:24:42+00:00","og_image":[{"width":600,"height":836,"url":"https:\/\/librairie7l.com\/wp-content\/uploads\/2024\/04\/9782373952407_1_75.jpg","type":"image\/jpeg"}],"twitter_card":"summary_large_image","twitter_misc":{"Est. reading time":"1 minute"},"schema":{"@context":"https:\/\/schema.org","@graph":[{"@type":"WebPage","@id":"https:\/\/librairie7l.com\/en\/produit\/paris-folies-paillettes-strass-et-trucs-en-plumes-le-music-hall-dans-tous-ses-etats-2\/","url":"https:\/\/librairie7l.com\/en\/produit\/paris-folies-paillettes-strass-et-trucs-en-plumes-le-music-hall-dans-tous-ses-etats-2\/","name":"Paris folies : Paillettes, strass et trucs en plumes... Le music-hall dans tous ses \u00e9tats - Librairie 7L","isPartOf":{"@id":"https:\/\/librairie7l.com\/en\/#website"},"datePublished":"2024-09-14T20:17:56+00:00","dateModified":"2026-04-09T11:24:42+00:00","breadcrumb":{"@id":"https:\/\/librairie7l.com\/en\/produit\/paris-folies-paillettes-strass-et-trucs-en-plumes-le-music-hall-dans-tous-ses-etats-2\/#breadcrumb"},"inLanguage":"en-US","potentialAction":[{"@type":"ReadAction","target":["https:\/\/librairie7l.com\/en\/produit\/paris-folies-paillettes-strass-et-trucs-en-plumes-le-music-hall-dans-tous-ses-etats-2\/"]}]},{"@type":"BreadcrumbList","@id":"https:\/\/librairie7l.com\/en\/produit\/paris-folies-paillettes-strass-et-trucs-en-plumes-le-music-hall-dans-tous-ses-etats-2\/#breadcrumb","itemListElement":[{"@type":"ListItem","position":1,"name":"Accueil","item":"https:\/\/librairie7l.com\/en\/"},{"@type":"ListItem","position":2,"name":"Shop","item":"https:\/\/librairie7l.com\/en\/shop\/"},{"@type":"ListItem","position":3,"name":"PARIS FOLIES : PAILLETTES, STRASS ET TRUCS EN PLUMES&#8230; LE MUSIC-HALL DANS TOUS SES \u00c9TATS"}]},{"@type":"WebSite","@id":"https:\/\/librairie7l.com\/en\/#website","url":"https:\/\/librairie7l.com\/en\/","name":"Librairie 7L","description":"Librairie fond\u00e9e en 1999 par Karl Lagerfeld \u00e0 Paris","publisher":{"@id":"https:\/\/librairie7l.com\/en\/#organization"},"potentialAction":[{"@type":"SearchAction","target":{"@type":"EntryPoint","urlTemplate":"https:\/\/librairie7l.com\/en\/?s={search_term_string}"},"query-input":"required name=search_term_string"}],"inLanguage":"en-US"},{"@type":"Organization","@id":"https:\/\/librairie7l.com\/en\/#organization","name":"Librairie 7L","url":"https:\/\/librairie7l.com\/en\/","logo":{"@type":"ImageObject","inLanguage":"en-US","@id":"https:\/\/librairie7l.com\/en\/#\/schema\/logo\/image\/","url":"https:\/\/librairie7l.com\/wp-content\/uploads\/2022\/08\/logo-1.png","contentUrl":"https:\/\/librairie7l.com\/wp-content\/uploads\/2022\/08\/logo-1.png","width":227,"height":301,"caption":"Librairie 7L"},"image":{"@id":"https:\/\/librairie7l.com\/en\/#\/schema\/logo\/image\/"}}]}},"_links":{"self":[{"href":"https:\/\/librairie7l.com\/en\/wp-json\/wp\/v2\/product\/42601"}],"collection":[{"href":"https:\/\/librairie7l.com\/en\/wp-json\/wp\/v2\/product"}],"about":[{"href":"https:\/\/librairie7l.com\/en\/wp-json\/wp\/v2\/types\/product"}],"wp:featuredmedia":[{"embeddable":true,"href":"https:\/\/librairie7l.com\/en\/wp-json\/wp\/v2\/media\/42599"}],"wp:attachment":[{"href":"https:\/\/librairie7l.com\/en\/wp-json\/wp\/v2\/media?parent=42601"}],"wp:term":[{"taxonomy":"product_cat","embeddable":true,"href":"https:\/\/librairie7l.com\/en\/wp-json\/wp\/v2\/product_cat?post=42601"},{"taxonomy":"product_tag","embeddable":true,"href":"https:\/\/librairie7l.com\/en\/wp-json\/wp\/v2\/product_tag?post=42601"}],"curies":[{"name":"wp","href":"https:\/\/api.w.org\/{rel}","templated":true}]}}