{"id":42616,"date":"2024-09-16T12:12:42","date_gmt":"2024-09-16T10:12:42","guid":{"rendered":"https:\/\/librairie7l.com\/?post_type=product&#038;p=42616"},"modified":"2026-04-30T16:19:53","modified_gmt":"2026-04-30T14:19:53","slug":"encyclopedie-de-la-broderie-a-laiguille-2","status":"publish","type":"product","link":"https:\/\/librairie7l.com\/en\/produit\/encyclopedie-de-la-broderie-a-laiguille-2\/","title":{"rendered":"ENCYCLOP\u00c9DIE DE LA BRODERIE \u00c0 L&#8217;AIGUILLE"},"content":{"rendered":"<p>Exhaustif, d\u00e9taill\u00e9 et inspirant : le classique de demain ! Apprenez les bases de la broderie : faites vos gammes, ma\u00eetrisez vos classiques, puis affranchissez-vous des r\u00e8gles, explorez et exp\u00e9rimentez afin d&#8217;amener cet art vers la modernit\u00e9 ! Sans aide, il est souvent difficile de se lancer et de savoir quel mat\u00e9riel et fils \u00e0 broder se procurer, par o\u00f9 commencer&#8230; Ces premiers gestes, Martine Biessy les a appris de sa grand-m\u00e8re. Dans cet ouvrage encyclop\u00e9dique, elle livre \u00e0 son tour les techniques traditionnelles de broderie \u00e0 l&#8217;aiguille afin de perp\u00e9tuer le savoir-faire des brodeuses, autrefois transmis oralement de g\u00e9n\u00e9ration en g\u00e9n\u00e9ration. Que vous fassiez vos premiers pas en tant que brodeur ou que vous souhaitiez consolider vos connaissances ou d\u00e9couvrir de nouvelles techniques, Martine Biessy vous guide pas \u00e0 pas dans votre pratique gr\u00e2ce \u00e0 ses explications d\u00e9taill\u00e9es et \u00e0 ses sch\u00e9mas tr\u00e8s pr\u00e9cis.    D\u00e9couvrez le mat\u00e9riel et les bonnes techniques du brodeur. Apprenez \u00e0 broder plus de 290 points et techniques, class\u00e9s par grandes familles. Mettez vos connaissances en pratique gr\u00e2ce aux 90 mod\u00e8les \u00e0 r\u00e9aliser.<\/p>\n","protected":false},"excerpt":{"rendered":"<p>Exhaustif, d\u00e9taill\u00e9 et inspirant : le classique de demain ! Apprenez les bases de la broderie : faites vos gammes, ma\u00eetrisez vos classiques, puis affranchissez-vous des r\u00e8gles, explorez et exp\u00e9rimentez afin d&#8217;amener cet art vers la modernit\u00e9 ! Sans aide, il est souvent difficile de se lancer et de savoir quel mat\u00e9riel et fils \u00e0 [&hellip;]<\/p>\n","protected":false},"featured_media":42614,"template":"","meta":[],"product_cat":[7364,2948],"product_tag":[],"acf":[],"yoast_head":"<!-- This site is optimized with the Yoast SEO plugin v20.11 - https:\/\/yoast.com\/wordpress\/plugins\/seo\/ -->\n<title>Encyclop\u00e9die de la broderie \u00e0 l&#039;aiguille - Librairie 7L<\/title>\n<meta name=\"robots\" content=\"index, follow, max-snippet:-1, max-image-preview:large, max-video-preview:-1\" \/>\n<link rel=\"canonical\" href=\"https:\/\/librairie7l.com\/en\/produit\/encyclopedie-de-la-broderie-a-laiguille-2\/\" \/>\n<meta property=\"og:locale\" content=\"en_US\" \/>\n<meta property=\"og:type\" content=\"article\" \/>\n<meta property=\"og:title\" content=\"Encyclop\u00e9die de la broderie \u00e0 l&#039;aiguille - Librairie 7L\" \/>\n<meta property=\"og:description\" content=\"Exhaustif, d\u00e9taill\u00e9 et inspirant : le classique de demain ! Apprenez les bases de la broderie : faites vos gammes, ma\u00eetrisez vos classiques, puis affranchissez-vous des r\u00e8gles, explorez et exp\u00e9rimentez afin d&#8217;amener cet art vers la modernit\u00e9 ! Sans aide, il est souvent difficile de se lancer et de savoir quel mat\u00e9riel et fils \u00e0 [&hellip;]\" \/>\n<meta property=\"og:url\" content=\"https:\/\/librairie7l.com\/en\/produit\/encyclopedie-de-la-broderie-a-laiguille-2\/\" \/>\n<meta property=\"og:site_name\" content=\"Librairie 7L\" \/>\n<meta property=\"article:modified_time\" content=\"2026-04-30T14:19:53+00:00\" \/>\n<meta property=\"og:image\" content=\"https:\/\/librairie7l.com\/wp-content\/uploads\/2020\/12\/9782212678819_1_75.jpg\" \/>\n\t<meta property=\"og:image:width\" content=\"600\" \/>\n\t<meta property=\"og:image:height\" content=\"714\" \/>\n\t<meta property=\"og:image:type\" content=\"image\/jpeg\" \/>\n<meta name=\"twitter:card\" content=\"summary_large_image\" \/>\n<meta name=\"twitter:label1\" content=\"Est. reading time\" \/>\n\t<meta name=\"twitter:data1\" content=\"1 minute\" \/>\n<script type=\"application\/ld+json\" class=\"yoast-schema-graph\">{\"@context\":\"https:\/\/schema.org\",\"@graph\":[{\"@type\":\"WebPage\",\"@id\":\"https:\/\/librairie7l.com\/en\/produit\/encyclopedie-de-la-broderie-a-laiguille-2\/\",\"url\":\"https:\/\/librairie7l.com\/en\/produit\/encyclopedie-de-la-broderie-a-laiguille-2\/\",\"name\":\"Encyclop\u00e9die de la broderie \u00e0 l'aiguille - Librairie 7L\",\"isPartOf\":{\"@id\":\"https:\/\/librairie7l.com\/en\/#website\"},\"datePublished\":\"2024-09-16T10:12:42+00:00\",\"dateModified\":\"2026-04-30T14:19:53+00:00\",\"breadcrumb\":{\"@id\":\"https:\/\/librairie7l.com\/en\/produit\/encyclopedie-de-la-broderie-a-laiguille-2\/#breadcrumb\"},\"inLanguage\":\"en-US\",\"potentialAction\":[{\"@type\":\"ReadAction\",\"target\":[\"https:\/\/librairie7l.com\/en\/produit\/encyclopedie-de-la-broderie-a-laiguille-2\/\"]}]},{\"@type\":\"BreadcrumbList\",\"@id\":\"https:\/\/librairie7l.com\/en\/produit\/encyclopedie-de-la-broderie-a-laiguille-2\/#breadcrumb\",\"itemListElement\":[{\"@type\":\"ListItem\",\"position\":1,\"name\":\"Accueil\",\"item\":\"https:\/\/librairie7l.com\/en\/\"},{\"@type\":\"ListItem\",\"position\":2,\"name\":\"Shop\",\"item\":\"https:\/\/librairie7l.com\/en\/shop\/\"},{\"@type\":\"ListItem\",\"position\":3,\"name\":\"ENCYCLOP\u00c9DIE DE LA BRODERIE \u00c0 L&#8217;AIGUILLE\"}]},{\"@type\":\"WebSite\",\"@id\":\"https:\/\/librairie7l.com\/en\/#website\",\"url\":\"https:\/\/librairie7l.com\/en\/\",\"name\":\"Librairie 7L\",\"description\":\"Librairie fond\u00e9e en 1999 par Karl Lagerfeld \u00e0 Paris\",\"publisher\":{\"@id\":\"https:\/\/librairie7l.com\/en\/#organization\"},\"potentialAction\":[{\"@type\":\"SearchAction\",\"target\":{\"@type\":\"EntryPoint\",\"urlTemplate\":\"https:\/\/librairie7l.com\/en\/?s={search_term_string}\"},\"query-input\":\"required name=search_term_string\"}],\"inLanguage\":\"en-US\"},{\"@type\":\"Organization\",\"@id\":\"https:\/\/librairie7l.com\/en\/#organization\",\"name\":\"Librairie 7L\",\"url\":\"https:\/\/librairie7l.com\/en\/\",\"logo\":{\"@type\":\"ImageObject\",\"inLanguage\":\"en-US\",\"@id\":\"https:\/\/librairie7l.com\/en\/#\/schema\/logo\/image\/\",\"url\":\"https:\/\/librairie7l.com\/wp-content\/uploads\/2022\/08\/logo-1.png\",\"contentUrl\":\"https:\/\/librairie7l.com\/wp-content\/uploads\/2022\/08\/logo-1.png\",\"width\":227,\"height\":301,\"caption\":\"Librairie 7L\"},\"image\":{\"@id\":\"https:\/\/librairie7l.com\/en\/#\/schema\/logo\/image\/\"}}]}<\/script>\n<!-- \/ Yoast SEO plugin. -->","yoast_head_json":{"title":"Encyclop\u00e9die de la broderie \u00e0 l'aiguille - Librairie 7L","robots":{"index":"index","follow":"follow","max-snippet":"max-snippet:-1","max-image-preview":"max-image-preview:large","max-video-preview":"max-video-preview:-1"},"canonical":"https:\/\/librairie7l.com\/en\/produit\/encyclopedie-de-la-broderie-a-laiguille-2\/","og_locale":"en_US","og_type":"article","og_title":"Encyclop\u00e9die de la broderie \u00e0 l'aiguille - Librairie 7L","og_description":"Exhaustif, d\u00e9taill\u00e9 et inspirant : le classique de demain ! Apprenez les bases de la broderie : faites vos gammes, ma\u00eetrisez vos classiques, puis affranchissez-vous des r\u00e8gles, explorez et exp\u00e9rimentez afin d&#8217;amener cet art vers la modernit\u00e9 ! Sans aide, il est souvent difficile de se lancer et de savoir quel mat\u00e9riel et fils \u00e0 [&hellip;]","og_url":"https:\/\/librairie7l.com\/en\/produit\/encyclopedie-de-la-broderie-a-laiguille-2\/","og_site_name":"Librairie 7L","article_modified_time":"2026-04-30T14:19:53+00:00","og_image":[{"width":600,"height":714,"url":"https:\/\/librairie7l.com\/wp-content\/uploads\/2020\/12\/9782212678819_1_75.jpg","type":"image\/jpeg"}],"twitter_card":"summary_large_image","twitter_misc":{"Est. reading time":"1 minute"},"schema":{"@context":"https:\/\/schema.org","@graph":[{"@type":"WebPage","@id":"https:\/\/librairie7l.com\/en\/produit\/encyclopedie-de-la-broderie-a-laiguille-2\/","url":"https:\/\/librairie7l.com\/en\/produit\/encyclopedie-de-la-broderie-a-laiguille-2\/","name":"Encyclop\u00e9die de la broderie \u00e0 l'aiguille - Librairie 7L","isPartOf":{"@id":"https:\/\/librairie7l.com\/en\/#website"},"datePublished":"2024-09-16T10:12:42+00:00","dateModified":"2026-04-30T14:19:53+00:00","breadcrumb":{"@id":"https:\/\/librairie7l.com\/en\/produit\/encyclopedie-de-la-broderie-a-laiguille-2\/#breadcrumb"},"inLanguage":"en-US","potentialAction":[{"@type":"ReadAction","target":["https:\/\/librairie7l.com\/en\/produit\/encyclopedie-de-la-broderie-a-laiguille-2\/"]}]},{"@type":"BreadcrumbList","@id":"https:\/\/librairie7l.com\/en\/produit\/encyclopedie-de-la-broderie-a-laiguille-2\/#breadcrumb","itemListElement":[{"@type":"ListItem","position":1,"name":"Accueil","item":"https:\/\/librairie7l.com\/en\/"},{"@type":"ListItem","position":2,"name":"Shop","item":"https:\/\/librairie7l.com\/en\/shop\/"},{"@type":"ListItem","position":3,"name":"ENCYCLOP\u00c9DIE DE LA BRODERIE \u00c0 L&#8217;AIGUILLE"}]},{"@type":"WebSite","@id":"https:\/\/librairie7l.com\/en\/#website","url":"https:\/\/librairie7l.com\/en\/","name":"Librairie 7L","description":"Librairie fond\u00e9e en 1999 par Karl Lagerfeld \u00e0 Paris","publisher":{"@id":"https:\/\/librairie7l.com\/en\/#organization"},"potentialAction":[{"@type":"SearchAction","target":{"@type":"EntryPoint","urlTemplate":"https:\/\/librairie7l.com\/en\/?s={search_term_string}"},"query-input":"required name=search_term_string"}],"inLanguage":"en-US"},{"@type":"Organization","@id":"https:\/\/librairie7l.com\/en\/#organization","name":"Librairie 7L","url":"https:\/\/librairie7l.com\/en\/","logo":{"@type":"ImageObject","inLanguage":"en-US","@id":"https:\/\/librairie7l.com\/en\/#\/schema\/logo\/image\/","url":"https:\/\/librairie7l.com\/wp-content\/uploads\/2022\/08\/logo-1.png","contentUrl":"https:\/\/librairie7l.com\/wp-content\/uploads\/2022\/08\/logo-1.png","width":227,"height":301,"caption":"Librairie 7L"},"image":{"@id":"https:\/\/librairie7l.com\/en\/#\/schema\/logo\/image\/"}}]}},"_links":{"self":[{"href":"https:\/\/librairie7l.com\/en\/wp-json\/wp\/v2\/product\/42616"}],"collection":[{"href":"https:\/\/librairie7l.com\/en\/wp-json\/wp\/v2\/product"}],"about":[{"href":"https:\/\/librairie7l.com\/en\/wp-json\/wp\/v2\/types\/product"}],"wp:featuredmedia":[{"embeddable":true,"href":"https:\/\/librairie7l.com\/en\/wp-json\/wp\/v2\/media\/42614"}],"wp:attachment":[{"href":"https:\/\/librairie7l.com\/en\/wp-json\/wp\/v2\/media?parent=42616"}],"wp:term":[{"taxonomy":"product_cat","embeddable":true,"href":"https:\/\/librairie7l.com\/en\/wp-json\/wp\/v2\/product_cat?post=42616"},{"taxonomy":"product_tag","embeddable":true,"href":"https:\/\/librairie7l.com\/en\/wp-json\/wp\/v2\/product_tag?post=42616"}],"curies":[{"name":"wp","href":"https:\/\/api.w.org\/{rel}","templated":true}]}}