{"id":42636,"date":"2024-09-17T22:16:57","date_gmt":"2024-09-17T20:16:57","guid":{"rendered":"https:\/\/librairie7l.com\/?post_type=product&#038;p=42636"},"modified":"2026-05-05T10:04:58","modified_gmt":"2026-05-05T08:04:58","slug":"rose-valland-lespionne-a-loeuvre-3","status":"publish","type":"product","link":"https:\/\/librairie7l.com\/en\/produit\/rose-valland-lespionne-a-loeuvre-3\/","title":{"rendered":"ROSE VALLAND : L&#8217;ESPIONNE \u00c0 L&#8217;OEUVRE"},"content":{"rendered":"<p>Rose Valland a sauv\u00e9 plus de soixante mille oeuvres au lendemain de la Seconde Guerre mondiale. Mais personne ne conna\u00eet son nom. Lorsque Goering d\u00e9barque \u00e0 Paris pour se servir parmi les collections spoli\u00e9es aux Juifs, elle est l\u00e0, qui espionne, fondue dans le d\u00e9cor, insoup\u00e7onnable. Elle voit et note tout : les titres, les artistes, les propri\u00e9taires, les origines et les destinations. Au risque d&#8217;\u00eatre fusill\u00e9e ou d\u00e9port\u00e9e. Elle poursuit sa mission de justice jusqu&#8217;\u00e0 sa mort, mais son obsession du secret touche jusqu&#8217;\u00e0 sa vie priv\u00e9e, jug\u00e9e inavouable. Pour r\u00e9sister, il faut savoir dispara\u00eetre. Jennifer Lesieur lui redonne sa place dans l&#8217;Histoire.<\/p>\n<p>Dans cette biographie ardente, l&#8217;autrice \u00e9l\u00e8ve le sacerdoce, l&#8217;audace et le courage de la Dame du Jeu de Paume \u00e0 la hauteur d&#8217;un bel art. J\u00e9r\u00f4me Garcin, L&#8217;Obs.<\/p>\n<p>Avec ce livre, le nom de Rose Valland devrait \u00eatre connu de tous. Il serait temps. Laurence Caracalla, Le Figaro magazine.<\/p>\n<p>Jennifer Lesieur, prix Goncourt de la biographie pour Jack London, retrace la vie de cette r\u00e9sistante de l&#8217;ombre dans un ouvrage captivant, \u00e9crit comme un roman \u00e0 suspense. Nathalie Lacube, La Croix.<\/p>\n<p>Postface d&#8217;Emmanuelle Polack.<\/p>\n","protected":false},"excerpt":{"rendered":"<p>Rose Valland a sauv\u00e9 plus de soixante mille oeuvres au lendemain de la Seconde Guerre mondiale. Mais personne ne conna\u00eet son nom. Lorsque Goering d\u00e9barque \u00e0 Paris pour se servir parmi les collections spoli\u00e9es aux Juifs, elle est l\u00e0, qui espionne, fondue dans le d\u00e9cor, insoup\u00e7onnable. Elle voit et note tout : les titres, les [&hellip;]<\/p>\n","protected":false},"featured_media":42634,"template":"","meta":[],"product_cat":[2948],"product_tag":[],"acf":[],"yoast_head":"<!-- This site is optimized with the Yoast SEO plugin v20.11 - https:\/\/yoast.com\/wordpress\/plugins\/seo\/ -->\n<title>Rose Valland : L&#039;Espionne \u00e0 l&#039;oeuvre - Librairie 7L<\/title>\n<meta name=\"robots\" content=\"index, follow, max-snippet:-1, max-image-preview:large, max-video-preview:-1\" \/>\n<link rel=\"canonical\" href=\"https:\/\/librairie7l.com\/en\/produit\/rose-valland-lespionne-a-loeuvre-3\/\" \/>\n<meta property=\"og:locale\" content=\"en_US\" \/>\n<meta property=\"og:type\" content=\"article\" \/>\n<meta property=\"og:title\" content=\"Rose Valland : L&#039;Espionne \u00e0 l&#039;oeuvre - Librairie 7L\" \/>\n<meta property=\"og:description\" content=\"Rose Valland a sauv\u00e9 plus de soixante mille oeuvres au lendemain de la Seconde Guerre mondiale. Mais personne ne conna\u00eet son nom. Lorsque Goering d\u00e9barque \u00e0 Paris pour se servir parmi les collections spoli\u00e9es aux Juifs, elle est l\u00e0, qui espionne, fondue dans le d\u00e9cor, insoup\u00e7onnable. Elle voit et note tout : les titres, les [&hellip;]\" \/>\n<meta property=\"og:url\" content=\"https:\/\/librairie7l.com\/en\/produit\/rose-valland-lespionne-a-loeuvre-3\/\" \/>\n<meta property=\"og:site_name\" content=\"Librairie 7L\" \/>\n<meta property=\"article:modified_time\" content=\"2026-05-05T08:04:58+00:00\" \/>\n<meta property=\"og:image\" content=\"https:\/\/librairie7l.com\/wp-content\/uploads\/2024\/05\/9782253249375_1_75.jpg\" \/>\n\t<meta property=\"og:image:width\" content=\"600\" \/>\n\t<meta property=\"og:image:height\" content=\"970\" \/>\n\t<meta property=\"og:image:type\" content=\"image\/jpeg\" \/>\n<meta name=\"twitter:card\" content=\"summary_large_image\" \/>\n<meta name=\"twitter:label1\" content=\"Est. reading time\" \/>\n\t<meta name=\"twitter:data1\" content=\"1 minute\" \/>\n<script type=\"application\/ld+json\" class=\"yoast-schema-graph\">{\"@context\":\"https:\/\/schema.org\",\"@graph\":[{\"@type\":\"WebPage\",\"@id\":\"https:\/\/librairie7l.com\/en\/produit\/rose-valland-lespionne-a-loeuvre-3\/\",\"url\":\"https:\/\/librairie7l.com\/en\/produit\/rose-valland-lespionne-a-loeuvre-3\/\",\"name\":\"Rose Valland : L'Espionne \u00e0 l'oeuvre - Librairie 7L\",\"isPartOf\":{\"@id\":\"https:\/\/librairie7l.com\/en\/#website\"},\"datePublished\":\"2024-09-17T20:16:57+00:00\",\"dateModified\":\"2026-05-05T08:04:58+00:00\",\"breadcrumb\":{\"@id\":\"https:\/\/librairie7l.com\/en\/produit\/rose-valland-lespionne-a-loeuvre-3\/#breadcrumb\"},\"inLanguage\":\"en-US\",\"potentialAction\":[{\"@type\":\"ReadAction\",\"target\":[\"https:\/\/librairie7l.com\/en\/produit\/rose-valland-lespionne-a-loeuvre-3\/\"]}]},{\"@type\":\"BreadcrumbList\",\"@id\":\"https:\/\/librairie7l.com\/en\/produit\/rose-valland-lespionne-a-loeuvre-3\/#breadcrumb\",\"itemListElement\":[{\"@type\":\"ListItem\",\"position\":1,\"name\":\"Accueil\",\"item\":\"https:\/\/librairie7l.com\/en\/\"},{\"@type\":\"ListItem\",\"position\":2,\"name\":\"Shop\",\"item\":\"https:\/\/librairie7l.com\/en\/shop\/\"},{\"@type\":\"ListItem\",\"position\":3,\"name\":\"ROSE VALLAND : L&#8217;ESPIONNE \u00c0 L&#8217;OEUVRE\"}]},{\"@type\":\"WebSite\",\"@id\":\"https:\/\/librairie7l.com\/en\/#website\",\"url\":\"https:\/\/librairie7l.com\/en\/\",\"name\":\"Librairie 7L\",\"description\":\"Librairie fond\u00e9e en 1999 par Karl Lagerfeld \u00e0 Paris\",\"publisher\":{\"@id\":\"https:\/\/librairie7l.com\/en\/#organization\"},\"potentialAction\":[{\"@type\":\"SearchAction\",\"target\":{\"@type\":\"EntryPoint\",\"urlTemplate\":\"https:\/\/librairie7l.com\/en\/?s={search_term_string}\"},\"query-input\":\"required name=search_term_string\"}],\"inLanguage\":\"en-US\"},{\"@type\":\"Organization\",\"@id\":\"https:\/\/librairie7l.com\/en\/#organization\",\"name\":\"Librairie 7L\",\"url\":\"https:\/\/librairie7l.com\/en\/\",\"logo\":{\"@type\":\"ImageObject\",\"inLanguage\":\"en-US\",\"@id\":\"https:\/\/librairie7l.com\/en\/#\/schema\/logo\/image\/\",\"url\":\"https:\/\/librairie7l.com\/wp-content\/uploads\/2022\/08\/logo-1.png\",\"contentUrl\":\"https:\/\/librairie7l.com\/wp-content\/uploads\/2022\/08\/logo-1.png\",\"width\":227,\"height\":301,\"caption\":\"Librairie 7L\"},\"image\":{\"@id\":\"https:\/\/librairie7l.com\/en\/#\/schema\/logo\/image\/\"}}]}<\/script>\n<!-- \/ Yoast SEO plugin. -->","yoast_head_json":{"title":"Rose Valland : L'Espionne \u00e0 l'oeuvre - Librairie 7L","robots":{"index":"index","follow":"follow","max-snippet":"max-snippet:-1","max-image-preview":"max-image-preview:large","max-video-preview":"max-video-preview:-1"},"canonical":"https:\/\/librairie7l.com\/en\/produit\/rose-valland-lespionne-a-loeuvre-3\/","og_locale":"en_US","og_type":"article","og_title":"Rose Valland : L'Espionne \u00e0 l'oeuvre - Librairie 7L","og_description":"Rose Valland a sauv\u00e9 plus de soixante mille oeuvres au lendemain de la Seconde Guerre mondiale. Mais personne ne conna\u00eet son nom. Lorsque Goering d\u00e9barque \u00e0 Paris pour se servir parmi les collections spoli\u00e9es aux Juifs, elle est l\u00e0, qui espionne, fondue dans le d\u00e9cor, insoup\u00e7onnable. Elle voit et note tout : les titres, les [&hellip;]","og_url":"https:\/\/librairie7l.com\/en\/produit\/rose-valland-lespionne-a-loeuvre-3\/","og_site_name":"Librairie 7L","article_modified_time":"2026-05-05T08:04:58+00:00","og_image":[{"width":600,"height":970,"url":"https:\/\/librairie7l.com\/wp-content\/uploads\/2024\/05\/9782253249375_1_75.jpg","type":"image\/jpeg"}],"twitter_card":"summary_large_image","twitter_misc":{"Est. reading time":"1 minute"},"schema":{"@context":"https:\/\/schema.org","@graph":[{"@type":"WebPage","@id":"https:\/\/librairie7l.com\/en\/produit\/rose-valland-lespionne-a-loeuvre-3\/","url":"https:\/\/librairie7l.com\/en\/produit\/rose-valland-lespionne-a-loeuvre-3\/","name":"Rose Valland : L'Espionne \u00e0 l'oeuvre - Librairie 7L","isPartOf":{"@id":"https:\/\/librairie7l.com\/en\/#website"},"datePublished":"2024-09-17T20:16:57+00:00","dateModified":"2026-05-05T08:04:58+00:00","breadcrumb":{"@id":"https:\/\/librairie7l.com\/en\/produit\/rose-valland-lespionne-a-loeuvre-3\/#breadcrumb"},"inLanguage":"en-US","potentialAction":[{"@type":"ReadAction","target":["https:\/\/librairie7l.com\/en\/produit\/rose-valland-lespionne-a-loeuvre-3\/"]}]},{"@type":"BreadcrumbList","@id":"https:\/\/librairie7l.com\/en\/produit\/rose-valland-lespionne-a-loeuvre-3\/#breadcrumb","itemListElement":[{"@type":"ListItem","position":1,"name":"Accueil","item":"https:\/\/librairie7l.com\/en\/"},{"@type":"ListItem","position":2,"name":"Shop","item":"https:\/\/librairie7l.com\/en\/shop\/"},{"@type":"ListItem","position":3,"name":"ROSE VALLAND : L&#8217;ESPIONNE \u00c0 L&#8217;OEUVRE"}]},{"@type":"WebSite","@id":"https:\/\/librairie7l.com\/en\/#website","url":"https:\/\/librairie7l.com\/en\/","name":"Librairie 7L","description":"Librairie fond\u00e9e en 1999 par Karl Lagerfeld \u00e0 Paris","publisher":{"@id":"https:\/\/librairie7l.com\/en\/#organization"},"potentialAction":[{"@type":"SearchAction","target":{"@type":"EntryPoint","urlTemplate":"https:\/\/librairie7l.com\/en\/?s={search_term_string}"},"query-input":"required name=search_term_string"}],"inLanguage":"en-US"},{"@type":"Organization","@id":"https:\/\/librairie7l.com\/en\/#organization","name":"Librairie 7L","url":"https:\/\/librairie7l.com\/en\/","logo":{"@type":"ImageObject","inLanguage":"en-US","@id":"https:\/\/librairie7l.com\/en\/#\/schema\/logo\/image\/","url":"https:\/\/librairie7l.com\/wp-content\/uploads\/2022\/08\/logo-1.png","contentUrl":"https:\/\/librairie7l.com\/wp-content\/uploads\/2022\/08\/logo-1.png","width":227,"height":301,"caption":"Librairie 7L"},"image":{"@id":"https:\/\/librairie7l.com\/en\/#\/schema\/logo\/image\/"}}]}},"_links":{"self":[{"href":"https:\/\/librairie7l.com\/en\/wp-json\/wp\/v2\/product\/42636"}],"collection":[{"href":"https:\/\/librairie7l.com\/en\/wp-json\/wp\/v2\/product"}],"about":[{"href":"https:\/\/librairie7l.com\/en\/wp-json\/wp\/v2\/types\/product"}],"wp:featuredmedia":[{"embeddable":true,"href":"https:\/\/librairie7l.com\/en\/wp-json\/wp\/v2\/media\/42634"}],"wp:attachment":[{"href":"https:\/\/librairie7l.com\/en\/wp-json\/wp\/v2\/media?parent=42636"}],"wp:term":[{"taxonomy":"product_cat","embeddable":true,"href":"https:\/\/librairie7l.com\/en\/wp-json\/wp\/v2\/product_cat?post=42636"},{"taxonomy":"product_tag","embeddable":true,"href":"https:\/\/librairie7l.com\/en\/wp-json\/wp\/v2\/product_tag?post=42636"}],"curies":[{"name":"wp","href":"https:\/\/api.w.org\/{rel}","templated":true}]}}