{"id":42640,"date":"2024-09-17T22:16:59","date_gmt":"2024-09-17T20:16:59","guid":{"rendered":"https:\/\/librairie7l.com\/?post_type=product&#038;p=42640"},"modified":"2026-04-08T16:49:08","modified_gmt":"2026-04-08T14:49:08","slug":"histoire-des-galeries-dart-en-france-du-xixe-au-xxi-siecle-2","status":"publish","type":"product","link":"https:\/\/librairie7l.com\/en\/produit\/histoire-des-galeries-dart-en-france-du-xixe-au-xxi-siecle-2\/","title":{"rendered":"HISTOIRE DES GALERIES D&#8217;ART EN FRANCE : DU XIXE AU XXI SI\u00c8CLE"},"content":{"rendered":"<p>Les galeries d&#8217;art interm\u00e9diaires m\u00e9connues entre les cr\u00e9ateurs et leur public, sont au coeur de cet ouvrage. Cinq sp\u00e9cialistes &#8211; historiennes, historiennes de l&#8217;art et \u00e9conomistes &#8211; s&#8217;appuient sur les recherches les plus r\u00e9centes afin de proposer une synth\u00e8se in\u00e9dite de leur histoire en France, du XIX? si\u00e8cle \u00e0 nos jours. Ce livre dessine en creux une histoire originale d&#8217;un march\u00e9 de l&#8217;art r\u00e9agissant aux changements soci\u00e9taux et aux r\u00e9volutions artistiques : il met en lumi\u00e8re les relations complexes qui existent entre marchands, artistes et collectionneurs d&#8217;art moderne et contemporain, ainsi que les profondes transformations du m\u00e9tier de marchand d&#8217;art, des vendeurs de curiosit\u00e9s d&#8217;autrefois aux galeristes d&#8217;aujourd&#8217;hui.<\/p>\n","protected":false},"excerpt":{"rendered":"<p>Les galeries d&#8217;art interm\u00e9diaires m\u00e9connues entre les cr\u00e9ateurs et leur public, sont au coeur de cet ouvrage. Cinq sp\u00e9cialistes &#8211; historiennes, historiennes de l&#8217;art et \u00e9conomistes &#8211; s&#8217;appuient sur les recherches les plus r\u00e9centes afin de proposer une synth\u00e8se in\u00e9dite de leur histoire en France, du XIX? si\u00e8cle \u00e0 nos jours. Ce livre dessine en [&hellip;]<\/p>\n","protected":false},"featured_media":42638,"template":"","meta":[],"product_cat":[2948],"product_tag":[],"acf":[],"yoast_head":"<!-- This site is optimized with the Yoast SEO plugin v20.11 - https:\/\/yoast.com\/wordpress\/plugins\/seo\/ -->\n<title>Histoire des galeries d&#039;art en France : Du XIXe au XXI si\u00e8cle - Librairie 7L<\/title>\n<meta name=\"robots\" content=\"index, follow, max-snippet:-1, max-image-preview:large, max-video-preview:-1\" \/>\n<link rel=\"canonical\" href=\"https:\/\/librairie7l.com\/en\/produit\/histoire-des-galeries-dart-en-france-du-xixe-au-xxi-siecle-2\/\" \/>\n<meta property=\"og:locale\" content=\"en_US\" \/>\n<meta property=\"og:type\" content=\"article\" \/>\n<meta property=\"og:title\" content=\"Histoire des galeries d&#039;art en France : Du XIXe au XXI si\u00e8cle - Librairie 7L\" \/>\n<meta property=\"og:description\" content=\"Les galeries d&#8217;art interm\u00e9diaires m\u00e9connues entre les cr\u00e9ateurs et leur public, sont au coeur de cet ouvrage. Cinq sp\u00e9cialistes &#8211; historiennes, historiennes de l&#8217;art et \u00e9conomistes &#8211; s&#8217;appuient sur les recherches les plus r\u00e9centes afin de proposer une synth\u00e8se in\u00e9dite de leur histoire en France, du XIX? si\u00e8cle \u00e0 nos jours. Ce livre dessine en [&hellip;]\" \/>\n<meta property=\"og:url\" content=\"https:\/\/librairie7l.com\/en\/produit\/histoire-des-galeries-dart-en-france-du-xixe-au-xxi-siecle-2\/\" \/>\n<meta property=\"og:site_name\" content=\"Librairie 7L\" \/>\n<meta property=\"article:modified_time\" content=\"2026-04-08T14:49:08+00:00\" \/>\n<meta property=\"og:image\" content=\"https:\/\/librairie7l.com\/wp-content\/uploads\/2023\/12\/9782080444561_1_75.jpg\" \/>\n\t<meta property=\"og:image:width\" content=\"600\" \/>\n\t<meta property=\"og:image:height\" content=\"836\" \/>\n\t<meta property=\"og:image:type\" content=\"image\/jpeg\" \/>\n<meta name=\"twitter:card\" content=\"summary_large_image\" \/>\n<meta name=\"twitter:label1\" content=\"Est. reading time\" \/>\n\t<meta name=\"twitter:data1\" content=\"1 minute\" \/>\n<script type=\"application\/ld+json\" class=\"yoast-schema-graph\">{\"@context\":\"https:\/\/schema.org\",\"@graph\":[{\"@type\":\"WebPage\",\"@id\":\"https:\/\/librairie7l.com\/en\/produit\/histoire-des-galeries-dart-en-france-du-xixe-au-xxi-siecle-2\/\",\"url\":\"https:\/\/librairie7l.com\/en\/produit\/histoire-des-galeries-dart-en-france-du-xixe-au-xxi-siecle-2\/\",\"name\":\"Histoire des galeries d'art en France : Du XIXe au XXI si\u00e8cle - Librairie 7L\",\"isPartOf\":{\"@id\":\"https:\/\/librairie7l.com\/en\/#website\"},\"datePublished\":\"2024-09-17T20:16:59+00:00\",\"dateModified\":\"2026-04-08T14:49:08+00:00\",\"breadcrumb\":{\"@id\":\"https:\/\/librairie7l.com\/en\/produit\/histoire-des-galeries-dart-en-france-du-xixe-au-xxi-siecle-2\/#breadcrumb\"},\"inLanguage\":\"en-US\",\"potentialAction\":[{\"@type\":\"ReadAction\",\"target\":[\"https:\/\/librairie7l.com\/en\/produit\/histoire-des-galeries-dart-en-france-du-xixe-au-xxi-siecle-2\/\"]}]},{\"@type\":\"BreadcrumbList\",\"@id\":\"https:\/\/librairie7l.com\/en\/produit\/histoire-des-galeries-dart-en-france-du-xixe-au-xxi-siecle-2\/#breadcrumb\",\"itemListElement\":[{\"@type\":\"ListItem\",\"position\":1,\"name\":\"Accueil\",\"item\":\"https:\/\/librairie7l.com\/en\/\"},{\"@type\":\"ListItem\",\"position\":2,\"name\":\"Shop\",\"item\":\"https:\/\/librairie7l.com\/en\/shop\/\"},{\"@type\":\"ListItem\",\"position\":3,\"name\":\"HISTOIRE DES GALERIES D&#8217;ART EN FRANCE : DU XIXE AU XXI SI\u00c8CLE\"}]},{\"@type\":\"WebSite\",\"@id\":\"https:\/\/librairie7l.com\/en\/#website\",\"url\":\"https:\/\/librairie7l.com\/en\/\",\"name\":\"Librairie 7L\",\"description\":\"Librairie fond\u00e9e en 1999 par Karl Lagerfeld \u00e0 Paris\",\"publisher\":{\"@id\":\"https:\/\/librairie7l.com\/en\/#organization\"},\"potentialAction\":[{\"@type\":\"SearchAction\",\"target\":{\"@type\":\"EntryPoint\",\"urlTemplate\":\"https:\/\/librairie7l.com\/en\/?s={search_term_string}\"},\"query-input\":\"required name=search_term_string\"}],\"inLanguage\":\"en-US\"},{\"@type\":\"Organization\",\"@id\":\"https:\/\/librairie7l.com\/en\/#organization\",\"name\":\"Librairie 7L\",\"url\":\"https:\/\/librairie7l.com\/en\/\",\"logo\":{\"@type\":\"ImageObject\",\"inLanguage\":\"en-US\",\"@id\":\"https:\/\/librairie7l.com\/en\/#\/schema\/logo\/image\/\",\"url\":\"https:\/\/librairie7l.com\/wp-content\/uploads\/2022\/08\/logo-1.png\",\"contentUrl\":\"https:\/\/librairie7l.com\/wp-content\/uploads\/2022\/08\/logo-1.png\",\"width\":227,\"height\":301,\"caption\":\"Librairie 7L\"},\"image\":{\"@id\":\"https:\/\/librairie7l.com\/en\/#\/schema\/logo\/image\/\"}}]}<\/script>\n<!-- \/ Yoast SEO plugin. -->","yoast_head_json":{"title":"Histoire des galeries d'art en France : Du XIXe au XXI si\u00e8cle - Librairie 7L","robots":{"index":"index","follow":"follow","max-snippet":"max-snippet:-1","max-image-preview":"max-image-preview:large","max-video-preview":"max-video-preview:-1"},"canonical":"https:\/\/librairie7l.com\/en\/produit\/histoire-des-galeries-dart-en-france-du-xixe-au-xxi-siecle-2\/","og_locale":"en_US","og_type":"article","og_title":"Histoire des galeries d'art en France : Du XIXe au XXI si\u00e8cle - Librairie 7L","og_description":"Les galeries d&#8217;art interm\u00e9diaires m\u00e9connues entre les cr\u00e9ateurs et leur public, sont au coeur de cet ouvrage. Cinq sp\u00e9cialistes &#8211; historiennes, historiennes de l&#8217;art et \u00e9conomistes &#8211; s&#8217;appuient sur les recherches les plus r\u00e9centes afin de proposer une synth\u00e8se in\u00e9dite de leur histoire en France, du XIX? si\u00e8cle \u00e0 nos jours. Ce livre dessine en [&hellip;]","og_url":"https:\/\/librairie7l.com\/en\/produit\/histoire-des-galeries-dart-en-france-du-xixe-au-xxi-siecle-2\/","og_site_name":"Librairie 7L","article_modified_time":"2026-04-08T14:49:08+00:00","og_image":[{"width":600,"height":836,"url":"https:\/\/librairie7l.com\/wp-content\/uploads\/2023\/12\/9782080444561_1_75.jpg","type":"image\/jpeg"}],"twitter_card":"summary_large_image","twitter_misc":{"Est. reading time":"1 minute"},"schema":{"@context":"https:\/\/schema.org","@graph":[{"@type":"WebPage","@id":"https:\/\/librairie7l.com\/en\/produit\/histoire-des-galeries-dart-en-france-du-xixe-au-xxi-siecle-2\/","url":"https:\/\/librairie7l.com\/en\/produit\/histoire-des-galeries-dart-en-france-du-xixe-au-xxi-siecle-2\/","name":"Histoire des galeries d'art en France : Du XIXe au XXI si\u00e8cle - Librairie 7L","isPartOf":{"@id":"https:\/\/librairie7l.com\/en\/#website"},"datePublished":"2024-09-17T20:16:59+00:00","dateModified":"2026-04-08T14:49:08+00:00","breadcrumb":{"@id":"https:\/\/librairie7l.com\/en\/produit\/histoire-des-galeries-dart-en-france-du-xixe-au-xxi-siecle-2\/#breadcrumb"},"inLanguage":"en-US","potentialAction":[{"@type":"ReadAction","target":["https:\/\/librairie7l.com\/en\/produit\/histoire-des-galeries-dart-en-france-du-xixe-au-xxi-siecle-2\/"]}]},{"@type":"BreadcrumbList","@id":"https:\/\/librairie7l.com\/en\/produit\/histoire-des-galeries-dart-en-france-du-xixe-au-xxi-siecle-2\/#breadcrumb","itemListElement":[{"@type":"ListItem","position":1,"name":"Accueil","item":"https:\/\/librairie7l.com\/en\/"},{"@type":"ListItem","position":2,"name":"Shop","item":"https:\/\/librairie7l.com\/en\/shop\/"},{"@type":"ListItem","position":3,"name":"HISTOIRE DES GALERIES D&#8217;ART EN FRANCE : DU XIXE AU XXI SI\u00c8CLE"}]},{"@type":"WebSite","@id":"https:\/\/librairie7l.com\/en\/#website","url":"https:\/\/librairie7l.com\/en\/","name":"Librairie 7L","description":"Librairie fond\u00e9e en 1999 par Karl Lagerfeld \u00e0 Paris","publisher":{"@id":"https:\/\/librairie7l.com\/en\/#organization"},"potentialAction":[{"@type":"SearchAction","target":{"@type":"EntryPoint","urlTemplate":"https:\/\/librairie7l.com\/en\/?s={search_term_string}"},"query-input":"required name=search_term_string"}],"inLanguage":"en-US"},{"@type":"Organization","@id":"https:\/\/librairie7l.com\/en\/#organization","name":"Librairie 7L","url":"https:\/\/librairie7l.com\/en\/","logo":{"@type":"ImageObject","inLanguage":"en-US","@id":"https:\/\/librairie7l.com\/en\/#\/schema\/logo\/image\/","url":"https:\/\/librairie7l.com\/wp-content\/uploads\/2022\/08\/logo-1.png","contentUrl":"https:\/\/librairie7l.com\/wp-content\/uploads\/2022\/08\/logo-1.png","width":227,"height":301,"caption":"Librairie 7L"},"image":{"@id":"https:\/\/librairie7l.com\/en\/#\/schema\/logo\/image\/"}}]}},"_links":{"self":[{"href":"https:\/\/librairie7l.com\/en\/wp-json\/wp\/v2\/product\/42640"}],"collection":[{"href":"https:\/\/librairie7l.com\/en\/wp-json\/wp\/v2\/product"}],"about":[{"href":"https:\/\/librairie7l.com\/en\/wp-json\/wp\/v2\/types\/product"}],"wp:featuredmedia":[{"embeddable":true,"href":"https:\/\/librairie7l.com\/en\/wp-json\/wp\/v2\/media\/42638"}],"wp:attachment":[{"href":"https:\/\/librairie7l.com\/en\/wp-json\/wp\/v2\/media?parent=42640"}],"wp:term":[{"taxonomy":"product_cat","embeddable":true,"href":"https:\/\/librairie7l.com\/en\/wp-json\/wp\/v2\/product_cat?post=42640"},{"taxonomy":"product_tag","embeddable":true,"href":"https:\/\/librairie7l.com\/en\/wp-json\/wp\/v2\/product_tag?post=42640"}],"curies":[{"name":"wp","href":"https:\/\/api.w.org\/{rel}","templated":true}]}}