{"id":42648,"date":"2024-09-17T22:17:05","date_gmt":"2024-09-17T20:17:05","guid":{"rendered":"https:\/\/librairie7l.com\/?post_type=product&#038;p=42648"},"modified":"2026-04-05T19:20:04","modified_gmt":"2026-04-05T17:20:04","slug":"alexandre-lenoir-2","status":"publish","type":"product","link":"https:\/\/librairie7l.com\/en\/produit\/alexandre-lenoir-2\/","title":{"rendered":"ALEXANDRE LENOIR"},"content":{"rendered":"<p>Avec un texte de Joachim Pissarro, historien de l&#8217;art et pr\u00e9sident du festival Normandie Impressionniste, et un entretien d&#8217;Alexandre Lenoir par Ana\u00ebl Pigeat, r\u00e9dactrice en chef de<br \/>\nThe Art Newspaper France et journaliste \u00e0 Paris Match.<br \/>\nLa galerie Almine Rech consacre \u00e0 l&#8217;artiste une exposition, \u00ab Entre chien et loup \u00bb, de ses derni\u00e8res cr\u00e9ations. \u00c0 d\u00e9couvrir \u00e0 New York, Tribeca, du 6 septembre au 19 octobre 2024.<br \/>\nLe travail d&#8217;Alexandre Lenoir explore la polyvalence de l&#8217;image peinte \u00e0 partir de photographies personnelles retravaill\u00e9es. Ses paysages foisonnants et myst\u00e9rieux, souvent de taille monumentale, repr\u00e9sentent des sc\u00e8nes qui semblent \u00eatre issues de r\u00eaves ou de souvenirs lointains, dans un style singulier \u00e0 la fronti\u00e8re entre figuration et abstraction.<\/p>\n","protected":false},"excerpt":{"rendered":"<p>Avec un texte de Joachim Pissarro, historien de l&#8217;art et pr\u00e9sident du festival Normandie Impressionniste, et un entretien d&#8217;Alexandre Lenoir par Ana\u00ebl Pigeat, r\u00e9dactrice en chef de The Art Newspaper France et journaliste \u00e0 Paris Match. La galerie Almine Rech consacre \u00e0 l&#8217;artiste une exposition, \u00ab Entre chien et loup \u00bb, de ses derni\u00e8res cr\u00e9ations. [&hellip;]<\/p>\n","protected":false},"featured_media":42646,"template":"","meta":[],"product_cat":[2948],"product_tag":[],"acf":[],"yoast_head":"<!-- This site is optimized with the Yoast SEO plugin v20.11 - https:\/\/yoast.com\/wordpress\/plugins\/seo\/ -->\n<title>Alexandre Lenoir - Librairie 7L<\/title>\n<meta name=\"robots\" content=\"index, follow, max-snippet:-1, max-image-preview:large, max-video-preview:-1\" \/>\n<link rel=\"canonical\" href=\"https:\/\/librairie7l.com\/en\/produit\/alexandre-lenoir-2\/\" \/>\n<meta property=\"og:locale\" content=\"en_US\" \/>\n<meta property=\"og:type\" content=\"article\" \/>\n<meta property=\"og:title\" content=\"Alexandre Lenoir - Librairie 7L\" \/>\n<meta property=\"og:description\" content=\"Avec un texte de Joachim Pissarro, historien de l&#8217;art et pr\u00e9sident du festival Normandie Impressionniste, et un entretien d&#8217;Alexandre Lenoir par Ana\u00ebl Pigeat, r\u00e9dactrice en chef de The Art Newspaper France et journaliste \u00e0 Paris Match. La galerie Almine Rech consacre \u00e0 l&#8217;artiste une exposition, \u00ab Entre chien et loup \u00bb, de ses derni\u00e8res cr\u00e9ations. [&hellip;]\" \/>\n<meta property=\"og:url\" content=\"https:\/\/librairie7l.com\/en\/produit\/alexandre-lenoir-2\/\" \/>\n<meta property=\"og:site_name\" content=\"Librairie 7L\" \/>\n<meta property=\"article:modified_time\" content=\"2026-04-05T17:20:04+00:00\" \/>\n<meta property=\"og:image\" content=\"https:\/\/librairie7l.com\/wp-content\/uploads\/2024\/04\/9782370742322_1_75.jpg\" \/>\n\t<meta property=\"og:image:width\" content=\"466\" \/>\n\t<meta property=\"og:image:height\" content=\"591\" \/>\n\t<meta property=\"og:image:type\" content=\"image\/jpeg\" \/>\n<meta name=\"twitter:card\" content=\"summary_large_image\" \/>\n<meta name=\"twitter:label1\" content=\"Est. reading time\" \/>\n\t<meta name=\"twitter:data1\" content=\"1 minute\" \/>\n<script type=\"application\/ld+json\" class=\"yoast-schema-graph\">{\"@context\":\"https:\/\/schema.org\",\"@graph\":[{\"@type\":\"WebPage\",\"@id\":\"https:\/\/librairie7l.com\/en\/produit\/alexandre-lenoir-2\/\",\"url\":\"https:\/\/librairie7l.com\/en\/produit\/alexandre-lenoir-2\/\",\"name\":\"Alexandre Lenoir - Librairie 7L\",\"isPartOf\":{\"@id\":\"https:\/\/librairie7l.com\/en\/#website\"},\"datePublished\":\"2024-09-17T20:17:05+00:00\",\"dateModified\":\"2026-04-05T17:20:04+00:00\",\"breadcrumb\":{\"@id\":\"https:\/\/librairie7l.com\/en\/produit\/alexandre-lenoir-2\/#breadcrumb\"},\"inLanguage\":\"en-US\",\"potentialAction\":[{\"@type\":\"ReadAction\",\"target\":[\"https:\/\/librairie7l.com\/en\/produit\/alexandre-lenoir-2\/\"]}]},{\"@type\":\"BreadcrumbList\",\"@id\":\"https:\/\/librairie7l.com\/en\/produit\/alexandre-lenoir-2\/#breadcrumb\",\"itemListElement\":[{\"@type\":\"ListItem\",\"position\":1,\"name\":\"Accueil\",\"item\":\"https:\/\/librairie7l.com\/en\/\"},{\"@type\":\"ListItem\",\"position\":2,\"name\":\"Shop\",\"item\":\"https:\/\/librairie7l.com\/en\/shop\/\"},{\"@type\":\"ListItem\",\"position\":3,\"name\":\"ALEXANDRE LENOIR\"}]},{\"@type\":\"WebSite\",\"@id\":\"https:\/\/librairie7l.com\/en\/#website\",\"url\":\"https:\/\/librairie7l.com\/en\/\",\"name\":\"Librairie 7L\",\"description\":\"Librairie fond\u00e9e en 1999 par Karl Lagerfeld \u00e0 Paris\",\"publisher\":{\"@id\":\"https:\/\/librairie7l.com\/en\/#organization\"},\"potentialAction\":[{\"@type\":\"SearchAction\",\"target\":{\"@type\":\"EntryPoint\",\"urlTemplate\":\"https:\/\/librairie7l.com\/en\/?s={search_term_string}\"},\"query-input\":\"required name=search_term_string\"}],\"inLanguage\":\"en-US\"},{\"@type\":\"Organization\",\"@id\":\"https:\/\/librairie7l.com\/en\/#organization\",\"name\":\"Librairie 7L\",\"url\":\"https:\/\/librairie7l.com\/en\/\",\"logo\":{\"@type\":\"ImageObject\",\"inLanguage\":\"en-US\",\"@id\":\"https:\/\/librairie7l.com\/en\/#\/schema\/logo\/image\/\",\"url\":\"https:\/\/librairie7l.com\/wp-content\/uploads\/2022\/08\/logo-1.png\",\"contentUrl\":\"https:\/\/librairie7l.com\/wp-content\/uploads\/2022\/08\/logo-1.png\",\"width\":227,\"height\":301,\"caption\":\"Librairie 7L\"},\"image\":{\"@id\":\"https:\/\/librairie7l.com\/en\/#\/schema\/logo\/image\/\"}}]}<\/script>\n<!-- \/ Yoast SEO plugin. -->","yoast_head_json":{"title":"Alexandre Lenoir - Librairie 7L","robots":{"index":"index","follow":"follow","max-snippet":"max-snippet:-1","max-image-preview":"max-image-preview:large","max-video-preview":"max-video-preview:-1"},"canonical":"https:\/\/librairie7l.com\/en\/produit\/alexandre-lenoir-2\/","og_locale":"en_US","og_type":"article","og_title":"Alexandre Lenoir - Librairie 7L","og_description":"Avec un texte de Joachim Pissarro, historien de l&#8217;art et pr\u00e9sident du festival Normandie Impressionniste, et un entretien d&#8217;Alexandre Lenoir par Ana\u00ebl Pigeat, r\u00e9dactrice en chef de The Art Newspaper France et journaliste \u00e0 Paris Match. La galerie Almine Rech consacre \u00e0 l&#8217;artiste une exposition, \u00ab Entre chien et loup \u00bb, de ses derni\u00e8res cr\u00e9ations. [&hellip;]","og_url":"https:\/\/librairie7l.com\/en\/produit\/alexandre-lenoir-2\/","og_site_name":"Librairie 7L","article_modified_time":"2026-04-05T17:20:04+00:00","og_image":[{"width":466,"height":591,"url":"https:\/\/librairie7l.com\/wp-content\/uploads\/2024\/04\/9782370742322_1_75.jpg","type":"image\/jpeg"}],"twitter_card":"summary_large_image","twitter_misc":{"Est. reading time":"1 minute"},"schema":{"@context":"https:\/\/schema.org","@graph":[{"@type":"WebPage","@id":"https:\/\/librairie7l.com\/en\/produit\/alexandre-lenoir-2\/","url":"https:\/\/librairie7l.com\/en\/produit\/alexandre-lenoir-2\/","name":"Alexandre Lenoir - Librairie 7L","isPartOf":{"@id":"https:\/\/librairie7l.com\/en\/#website"},"datePublished":"2024-09-17T20:17:05+00:00","dateModified":"2026-04-05T17:20:04+00:00","breadcrumb":{"@id":"https:\/\/librairie7l.com\/en\/produit\/alexandre-lenoir-2\/#breadcrumb"},"inLanguage":"en-US","potentialAction":[{"@type":"ReadAction","target":["https:\/\/librairie7l.com\/en\/produit\/alexandre-lenoir-2\/"]}]},{"@type":"BreadcrumbList","@id":"https:\/\/librairie7l.com\/en\/produit\/alexandre-lenoir-2\/#breadcrumb","itemListElement":[{"@type":"ListItem","position":1,"name":"Accueil","item":"https:\/\/librairie7l.com\/en\/"},{"@type":"ListItem","position":2,"name":"Shop","item":"https:\/\/librairie7l.com\/en\/shop\/"},{"@type":"ListItem","position":3,"name":"ALEXANDRE LENOIR"}]},{"@type":"WebSite","@id":"https:\/\/librairie7l.com\/en\/#website","url":"https:\/\/librairie7l.com\/en\/","name":"Librairie 7L","description":"Librairie fond\u00e9e en 1999 par Karl Lagerfeld \u00e0 Paris","publisher":{"@id":"https:\/\/librairie7l.com\/en\/#organization"},"potentialAction":[{"@type":"SearchAction","target":{"@type":"EntryPoint","urlTemplate":"https:\/\/librairie7l.com\/en\/?s={search_term_string}"},"query-input":"required name=search_term_string"}],"inLanguage":"en-US"},{"@type":"Organization","@id":"https:\/\/librairie7l.com\/en\/#organization","name":"Librairie 7L","url":"https:\/\/librairie7l.com\/en\/","logo":{"@type":"ImageObject","inLanguage":"en-US","@id":"https:\/\/librairie7l.com\/en\/#\/schema\/logo\/image\/","url":"https:\/\/librairie7l.com\/wp-content\/uploads\/2022\/08\/logo-1.png","contentUrl":"https:\/\/librairie7l.com\/wp-content\/uploads\/2022\/08\/logo-1.png","width":227,"height":301,"caption":"Librairie 7L"},"image":{"@id":"https:\/\/librairie7l.com\/en\/#\/schema\/logo\/image\/"}}]}},"_links":{"self":[{"href":"https:\/\/librairie7l.com\/en\/wp-json\/wp\/v2\/product\/42648"}],"collection":[{"href":"https:\/\/librairie7l.com\/en\/wp-json\/wp\/v2\/product"}],"about":[{"href":"https:\/\/librairie7l.com\/en\/wp-json\/wp\/v2\/types\/product"}],"wp:featuredmedia":[{"embeddable":true,"href":"https:\/\/librairie7l.com\/en\/wp-json\/wp\/v2\/media\/42646"}],"wp:attachment":[{"href":"https:\/\/librairie7l.com\/en\/wp-json\/wp\/v2\/media?parent=42648"}],"wp:term":[{"taxonomy":"product_cat","embeddable":true,"href":"https:\/\/librairie7l.com\/en\/wp-json\/wp\/v2\/product_cat?post=42648"},{"taxonomy":"product_tag","embeddable":true,"href":"https:\/\/librairie7l.com\/en\/wp-json\/wp\/v2\/product_tag?post=42648"}],"curies":[{"name":"wp","href":"https:\/\/api.w.org\/{rel}","templated":true}]}}