{"id":42656,"date":"2024-09-18T22:16:57","date_gmt":"2024-09-18T20:16:57","guid":{"rendered":"https:\/\/librairie7l.com\/?post_type=product&#038;p=42656"},"modified":"2026-04-05T13:54:25","modified_gmt":"2026-04-05T11:54:25","slug":"capron-roger-2","status":"publish","type":"product","link":"https:\/\/librairie7l.com\/en\/produit\/capron-roger-2\/","title":{"rendered":"CAPRON ROGER"},"content":{"rendered":"<p>Personnage aux multiples facettes, Roger Capron est le seul c\u00e9ramiste fran\u00e7ais de son \u00e9poque qui ait \u00e0 la fois accompli une importante oeuvre artistique et fond\u00e9 une entreprise industrielle de premier plan.<br \/>\nApr\u00e8s avoir suivi l&#8217;enseignement du d\u00e9corateur Ren\u00e9 Gabriel, dont l&#8217;influence a profond\u00e9ment marqu\u00e9 la jeune g\u00e9n\u00e9ration de cr\u00e9ateurs des ann\u00e9es 50, Capron choisit de devenir c\u00e9ramiste. En 1946, il cr\u00e9e avec Robert Picault l&#8217;atelier Callis \u00e0 Vallauris. C&#8217;est \u00e0 cette p\u00e9riode qu&#8217;apparaissent les formes et les repr\u00e9sentations embl\u00e9matiques de son travail : branchages, personnages stylis\u00e9s, soleils et motifs g\u00e9om\u00e9triques.<br \/>\nEn 1952, avec l&#8217;achat d&#8217;une poterie d\u00e9saffect\u00e9e, commence son aventure industrielle. Faisant preuve d&#8217;un \u00e9tonnant sens de son \u00e9poque, il met au point des mod\u00e8les dont il renouvelle les d\u00e9cors pour les salons auxquels il participe chaque ann\u00e9e (Salon de la c\u00e9ramique, Salon du meuble et Batimat). Les carreaux \u00e9maill\u00e9s qu&#8217;il fabrique dans les m\u00eames motifs que ses autres pi\u00e8ces permettent, par jeux d&#8217;assemblage, la r\u00e9alisation d&#8217;un mobilier d&#8217;appoint et de panneaux d\u00e9coratifs.<br \/>\nSa c\u00e9l\u00e9brit\u00e9 est telle que, tr\u00e8s rapidement, des copies de sa production apparaissent en Italie. A la fin des ann\u00e9es 50, la commande d&#8217;une fresque de 300 m2 pour la gare maritime de Cannes lui fait d\u00e9couvrir la c\u00e9ramique architecturale. Trois ans plus tard, il r\u00e9alise la piste de danse en gr\u00e8s du fameux h\u00f4tel Byblos \u00e0 Saint-Tropez. Cette nouvelle mati\u00e8re dure et brillante le s\u00e9duit et l&#8217;am\u00e8ne \u00e0 modifier son type de production.<br \/>\nLorsqu&#8217;en 1982 il doit fermer son entreprise \u00e0 la suite de la crise \u00e9conomique, Roger Capron aborde un travail totalement nouveau avec des pi\u00e8ces uniques, proches de la sculpture. Aujourd&#8217;hui, \u00e0 plus de quatre-vingts ans, son oeuvre fait l&#8217;objet d&#8217;un v\u00e9ritable engouement de la part des collectionneurs \u00e0 travers le monde. Des galeries l&#8217;exposent r\u00e9guli\u00e8rement en Allemagne, au Canada et aux \u00c9tats-Unis.<\/p>\n","protected":false},"excerpt":{"rendered":"<p>Personnage aux multiples facettes, Roger Capron est le seul c\u00e9ramiste fran\u00e7ais de son \u00e9poque qui ait \u00e0 la fois accompli une importante oeuvre artistique et fond\u00e9 une entreprise industrielle de premier plan. Apr\u00e8s avoir suivi l&#8217;enseignement du d\u00e9corateur Ren\u00e9 Gabriel, dont l&#8217;influence a profond\u00e9ment marqu\u00e9 la jeune g\u00e9n\u00e9ration de cr\u00e9ateurs des ann\u00e9es 50, Capron choisit [&hellip;]<\/p>\n","protected":false},"featured_media":42654,"template":"","meta":[],"product_cat":[2948],"product_tag":[],"acf":[],"yoast_head":"<!-- This site is optimized with the Yoast SEO plugin v20.11 - https:\/\/yoast.com\/wordpress\/plugins\/seo\/ -->\n<title>Capron roger - Librairie 7L<\/title>\n<meta name=\"robots\" content=\"index, follow, max-snippet:-1, max-image-preview:large, max-video-preview:-1\" \/>\n<link rel=\"canonical\" href=\"https:\/\/librairie7l.com\/en\/produit\/capron-roger-2\/\" \/>\n<meta property=\"og:locale\" content=\"en_US\" \/>\n<meta property=\"og:type\" content=\"article\" \/>\n<meta property=\"og:title\" content=\"Capron roger - Librairie 7L\" \/>\n<meta property=\"og:description\" content=\"Personnage aux multiples facettes, Roger Capron est le seul c\u00e9ramiste fran\u00e7ais de son \u00e9poque qui ait \u00e0 la fois accompli une importante oeuvre artistique et fond\u00e9 une entreprise industrielle de premier plan. Apr\u00e8s avoir suivi l&#8217;enseignement du d\u00e9corateur Ren\u00e9 Gabriel, dont l&#8217;influence a profond\u00e9ment marqu\u00e9 la jeune g\u00e9n\u00e9ration de cr\u00e9ateurs des ann\u00e9es 50, Capron choisit [&hellip;]\" \/>\n<meta property=\"og:url\" content=\"https:\/\/librairie7l.com\/en\/produit\/capron-roger-2\/\" \/>\n<meta property=\"og:site_name\" content=\"Librairie 7L\" \/>\n<meta property=\"article:modified_time\" content=\"2026-04-05T11:54:25+00:00\" \/>\n<meta property=\"og:image\" content=\"https:\/\/librairie7l.com\/wp-content\/uploads\/2003\/01\/9782909283777_1_75.jpg\" \/>\n\t<meta property=\"og:image:width\" content=\"656\" \/>\n\t<meta property=\"og:image:height\" content=\"874\" \/>\n\t<meta property=\"og:image:type\" content=\"image\/jpeg\" \/>\n<meta name=\"twitter:card\" content=\"summary_large_image\" \/>\n<meta name=\"twitter:label1\" content=\"Est. reading time\" \/>\n\t<meta name=\"twitter:data1\" content=\"2 minutes\" \/>\n<script type=\"application\/ld+json\" class=\"yoast-schema-graph\">{\"@context\":\"https:\/\/schema.org\",\"@graph\":[{\"@type\":\"WebPage\",\"@id\":\"https:\/\/librairie7l.com\/en\/produit\/capron-roger-2\/\",\"url\":\"https:\/\/librairie7l.com\/en\/produit\/capron-roger-2\/\",\"name\":\"Capron roger - Librairie 7L\",\"isPartOf\":{\"@id\":\"https:\/\/librairie7l.com\/en\/#website\"},\"datePublished\":\"2024-09-18T20:16:57+00:00\",\"dateModified\":\"2026-04-05T11:54:25+00:00\",\"breadcrumb\":{\"@id\":\"https:\/\/librairie7l.com\/en\/produit\/capron-roger-2\/#breadcrumb\"},\"inLanguage\":\"en-US\",\"potentialAction\":[{\"@type\":\"ReadAction\",\"target\":[\"https:\/\/librairie7l.com\/en\/produit\/capron-roger-2\/\"]}]},{\"@type\":\"BreadcrumbList\",\"@id\":\"https:\/\/librairie7l.com\/en\/produit\/capron-roger-2\/#breadcrumb\",\"itemListElement\":[{\"@type\":\"ListItem\",\"position\":1,\"name\":\"Accueil\",\"item\":\"https:\/\/librairie7l.com\/en\/\"},{\"@type\":\"ListItem\",\"position\":2,\"name\":\"Shop\",\"item\":\"https:\/\/librairie7l.com\/en\/shop\/\"},{\"@type\":\"ListItem\",\"position\":3,\"name\":\"CAPRON ROGER\"}]},{\"@type\":\"WebSite\",\"@id\":\"https:\/\/librairie7l.com\/en\/#website\",\"url\":\"https:\/\/librairie7l.com\/en\/\",\"name\":\"Librairie 7L\",\"description\":\"Librairie fond\u00e9e en 1999 par Karl Lagerfeld \u00e0 Paris\",\"publisher\":{\"@id\":\"https:\/\/librairie7l.com\/en\/#organization\"},\"potentialAction\":[{\"@type\":\"SearchAction\",\"target\":{\"@type\":\"EntryPoint\",\"urlTemplate\":\"https:\/\/librairie7l.com\/en\/?s={search_term_string}\"},\"query-input\":\"required name=search_term_string\"}],\"inLanguage\":\"en-US\"},{\"@type\":\"Organization\",\"@id\":\"https:\/\/librairie7l.com\/en\/#organization\",\"name\":\"Librairie 7L\",\"url\":\"https:\/\/librairie7l.com\/en\/\",\"logo\":{\"@type\":\"ImageObject\",\"inLanguage\":\"en-US\",\"@id\":\"https:\/\/librairie7l.com\/en\/#\/schema\/logo\/image\/\",\"url\":\"https:\/\/librairie7l.com\/wp-content\/uploads\/2022\/08\/logo-1.png\",\"contentUrl\":\"https:\/\/librairie7l.com\/wp-content\/uploads\/2022\/08\/logo-1.png\",\"width\":227,\"height\":301,\"caption\":\"Librairie 7L\"},\"image\":{\"@id\":\"https:\/\/librairie7l.com\/en\/#\/schema\/logo\/image\/\"}}]}<\/script>\n<!-- \/ Yoast SEO plugin. -->","yoast_head_json":{"title":"Capron roger - Librairie 7L","robots":{"index":"index","follow":"follow","max-snippet":"max-snippet:-1","max-image-preview":"max-image-preview:large","max-video-preview":"max-video-preview:-1"},"canonical":"https:\/\/librairie7l.com\/en\/produit\/capron-roger-2\/","og_locale":"en_US","og_type":"article","og_title":"Capron roger - Librairie 7L","og_description":"Personnage aux multiples facettes, Roger Capron est le seul c\u00e9ramiste fran\u00e7ais de son \u00e9poque qui ait \u00e0 la fois accompli une importante oeuvre artistique et fond\u00e9 une entreprise industrielle de premier plan. Apr\u00e8s avoir suivi l&#8217;enseignement du d\u00e9corateur Ren\u00e9 Gabriel, dont l&#8217;influence a profond\u00e9ment marqu\u00e9 la jeune g\u00e9n\u00e9ration de cr\u00e9ateurs des ann\u00e9es 50, Capron choisit [&hellip;]","og_url":"https:\/\/librairie7l.com\/en\/produit\/capron-roger-2\/","og_site_name":"Librairie 7L","article_modified_time":"2026-04-05T11:54:25+00:00","og_image":[{"width":656,"height":874,"url":"https:\/\/librairie7l.com\/wp-content\/uploads\/2003\/01\/9782909283777_1_75.jpg","type":"image\/jpeg"}],"twitter_card":"summary_large_image","twitter_misc":{"Est. reading time":"2 minutes"},"schema":{"@context":"https:\/\/schema.org","@graph":[{"@type":"WebPage","@id":"https:\/\/librairie7l.com\/en\/produit\/capron-roger-2\/","url":"https:\/\/librairie7l.com\/en\/produit\/capron-roger-2\/","name":"Capron roger - Librairie 7L","isPartOf":{"@id":"https:\/\/librairie7l.com\/en\/#website"},"datePublished":"2024-09-18T20:16:57+00:00","dateModified":"2026-04-05T11:54:25+00:00","breadcrumb":{"@id":"https:\/\/librairie7l.com\/en\/produit\/capron-roger-2\/#breadcrumb"},"inLanguage":"en-US","potentialAction":[{"@type":"ReadAction","target":["https:\/\/librairie7l.com\/en\/produit\/capron-roger-2\/"]}]},{"@type":"BreadcrumbList","@id":"https:\/\/librairie7l.com\/en\/produit\/capron-roger-2\/#breadcrumb","itemListElement":[{"@type":"ListItem","position":1,"name":"Accueil","item":"https:\/\/librairie7l.com\/en\/"},{"@type":"ListItem","position":2,"name":"Shop","item":"https:\/\/librairie7l.com\/en\/shop\/"},{"@type":"ListItem","position":3,"name":"CAPRON ROGER"}]},{"@type":"WebSite","@id":"https:\/\/librairie7l.com\/en\/#website","url":"https:\/\/librairie7l.com\/en\/","name":"Librairie 7L","description":"Librairie fond\u00e9e en 1999 par Karl Lagerfeld \u00e0 Paris","publisher":{"@id":"https:\/\/librairie7l.com\/en\/#organization"},"potentialAction":[{"@type":"SearchAction","target":{"@type":"EntryPoint","urlTemplate":"https:\/\/librairie7l.com\/en\/?s={search_term_string}"},"query-input":"required name=search_term_string"}],"inLanguage":"en-US"},{"@type":"Organization","@id":"https:\/\/librairie7l.com\/en\/#organization","name":"Librairie 7L","url":"https:\/\/librairie7l.com\/en\/","logo":{"@type":"ImageObject","inLanguage":"en-US","@id":"https:\/\/librairie7l.com\/en\/#\/schema\/logo\/image\/","url":"https:\/\/librairie7l.com\/wp-content\/uploads\/2022\/08\/logo-1.png","contentUrl":"https:\/\/librairie7l.com\/wp-content\/uploads\/2022\/08\/logo-1.png","width":227,"height":301,"caption":"Librairie 7L"},"image":{"@id":"https:\/\/librairie7l.com\/en\/#\/schema\/logo\/image\/"}}]}},"_links":{"self":[{"href":"https:\/\/librairie7l.com\/en\/wp-json\/wp\/v2\/product\/42656"}],"collection":[{"href":"https:\/\/librairie7l.com\/en\/wp-json\/wp\/v2\/product"}],"about":[{"href":"https:\/\/librairie7l.com\/en\/wp-json\/wp\/v2\/types\/product"}],"wp:featuredmedia":[{"embeddable":true,"href":"https:\/\/librairie7l.com\/en\/wp-json\/wp\/v2\/media\/42654"}],"wp:attachment":[{"href":"https:\/\/librairie7l.com\/en\/wp-json\/wp\/v2\/media?parent=42656"}],"wp:term":[{"taxonomy":"product_cat","embeddable":true,"href":"https:\/\/librairie7l.com\/en\/wp-json\/wp\/v2\/product_cat?post=42656"},{"taxonomy":"product_tag","embeddable":true,"href":"https:\/\/librairie7l.com\/en\/wp-json\/wp\/v2\/product_tag?post=42656"}],"curies":[{"name":"wp","href":"https:\/\/api.w.org\/{rel}","templated":true}]}}