{"id":42676,"date":"2024-09-19T22:16:55","date_gmt":"2024-09-19T20:16:55","guid":{"rendered":"https:\/\/librairie7l.com\/?post_type=product&#038;p=42676"},"modified":"2026-05-05T10:01:04","modified_gmt":"2026-05-05T08:01:04","slug":"manufactures-dexception-2","status":"publish","type":"product","link":"https:\/\/librairie7l.com\/en\/produit\/manufactures-dexception-2\/","title":{"rendered":"MANUFACTURES D&#8217;EXCEPTION"},"content":{"rendered":"<p>Les manufactures lient la main de l&#8217;homme \u00e0 la machine. \u00c9crins de savoir-faire s\u00e9culaires promouvant un art de vivre unique, elles sont inscrites dans notre m\u00e9moire collective depuis des si\u00e8cles.<br \/>\nFascin\u00e9e par les coulisses de ces fabriques de l&#8217;excellence, la photographe Julie Limont immortalise le travail d&#8217;artisans dans de d\u00e9licats clairs-obscurs et capte avec sensibilit\u00e9 l&#8217;\u00e2me des lieux. Ce tour de France singulier, imagin\u00e9 comme un voyage \u00e0 remonter le temps, nous m\u00e8ne des ateliers de la Monnaie de Paris, plus ancienne manufacture de France, \u00e0 ceux des tisseurs de Dentelle de Calais-Caudry, comme \u00e0 la d\u00e9couverte de la tannerie Bastin &amp; Fils et du chausseur J.M. Weston.<br \/>\n\u00c0 travers quinze portraits de manufactures d&#8217;exception qui perp\u00e9tuent ce patrimoine vivant sans manquer de s&#8217;adapter aux nouveaux outils de production et de commercialisation, la journaliste Catherine Scotto raconte d&#8217;incroyables sagas familiales et de passionnantes aventures entrepreneuriales. C&#8217;est ici l&#8217;occasion de regarder ces maisons autrement et de contempler la fragilit\u00e9 de leur beaut\u00e9.<\/p>\n<p>La photographe Julie Limont pose dans ce livre, fruit d&#8217;un long travail sur la valorisation et la pr\u00e9servation de savoir-faire remarquables, un regard tr\u00e8s personnel sur les coulisses de la cr\u00e9ation. Ses reportages sensibles sur l&#8217;excellence des artisans d&#8217;art et l&#8217;univers des chefs \u00e9toil\u00e9s sont r\u00e9guli\u00e8rement publi\u00e9s dans la presse.<br \/>\nL&#8217;auteure des textes, Catherine Scotto, journaliste sp\u00e9cialis\u00e9e dans l&#8217;univers de la d\u00e9coration, a collabor\u00e9 \u00e0 Maison fran\u00e7aise puis Elle D\u00e9coration dont elle a \u00e9t\u00e9 la r\u00e9dactrice en chef. Elle a cosign\u00e9 plusieurs ouvrages aux \u00c9ditions de La Martini\u00e8re : Ch\u00e2teaux et d\u00e9pendances (2021), Maroc (2022) et Fermes et d\u00e9pendances (2023).<\/p>\n","protected":false},"excerpt":{"rendered":"<p>Les manufactures lient la main de l&#8217;homme \u00e0 la machine. \u00c9crins de savoir-faire s\u00e9culaires promouvant un art de vivre unique, elles sont inscrites dans notre m\u00e9moire collective depuis des si\u00e8cles. Fascin\u00e9e par les coulisses de ces fabriques de l&#8217;excellence, la photographe Julie Limont immortalise le travail d&#8217;artisans dans de d\u00e9licats clairs-obscurs et capte avec sensibilit\u00e9 [&hellip;]<\/p>\n","protected":false},"featured_media":42674,"template":"","meta":[],"product_cat":[2948],"product_tag":[],"acf":[],"yoast_head":"<!-- This site is optimized with the Yoast SEO plugin v20.11 - https:\/\/yoast.com\/wordpress\/plugins\/seo\/ -->\n<title>Manufactures d&#039;exception - Librairie 7L<\/title>\n<meta name=\"robots\" content=\"index, follow, max-snippet:-1, max-image-preview:large, max-video-preview:-1\" \/>\n<link rel=\"canonical\" href=\"https:\/\/librairie7l.com\/en\/produit\/manufactures-dexception-2\/\" \/>\n<meta property=\"og:locale\" content=\"en_US\" \/>\n<meta property=\"og:type\" content=\"article\" \/>\n<meta property=\"og:title\" content=\"Manufactures d&#039;exception - Librairie 7L\" \/>\n<meta property=\"og:description\" content=\"Les manufactures lient la main de l&#8217;homme \u00e0 la machine. \u00c9crins de savoir-faire s\u00e9culaires promouvant un art de vivre unique, elles sont inscrites dans notre m\u00e9moire collective depuis des si\u00e8cles. Fascin\u00e9e par les coulisses de ces fabriques de l&#8217;excellence, la photographe Julie Limont immortalise le travail d&#8217;artisans dans de d\u00e9licats clairs-obscurs et capte avec sensibilit\u00e9 [&hellip;]\" \/>\n<meta property=\"og:url\" content=\"https:\/\/librairie7l.com\/en\/produit\/manufactures-dexception-2\/\" \/>\n<meta property=\"og:site_name\" content=\"Librairie 7L\" \/>\n<meta property=\"article:modified_time\" content=\"2026-05-05T08:01:04+00:00\" \/>\n<meta property=\"og:image\" content=\"https:\/\/librairie7l.com\/wp-content\/uploads\/2024\/04\/9791040120582_1_75.jpg\" \/>\n\t<meta property=\"og:image:width\" content=\"400\" \/>\n\t<meta property=\"og:image:height\" content=\"515\" \/>\n\t<meta property=\"og:image:type\" content=\"image\/jpeg\" \/>\n<meta name=\"twitter:card\" content=\"summary_large_image\" \/>\n<meta name=\"twitter:label1\" content=\"Est. reading time\" \/>\n\t<meta name=\"twitter:data1\" content=\"1 minute\" \/>\n<script type=\"application\/ld+json\" class=\"yoast-schema-graph\">{\"@context\":\"https:\/\/schema.org\",\"@graph\":[{\"@type\":\"WebPage\",\"@id\":\"https:\/\/librairie7l.com\/en\/produit\/manufactures-dexception-2\/\",\"url\":\"https:\/\/librairie7l.com\/en\/produit\/manufactures-dexception-2\/\",\"name\":\"Manufactures d'exception - Librairie 7L\",\"isPartOf\":{\"@id\":\"https:\/\/librairie7l.com\/en\/#website\"},\"datePublished\":\"2024-09-19T20:16:55+00:00\",\"dateModified\":\"2026-05-05T08:01:04+00:00\",\"breadcrumb\":{\"@id\":\"https:\/\/librairie7l.com\/en\/produit\/manufactures-dexception-2\/#breadcrumb\"},\"inLanguage\":\"en-US\",\"potentialAction\":[{\"@type\":\"ReadAction\",\"target\":[\"https:\/\/librairie7l.com\/en\/produit\/manufactures-dexception-2\/\"]}]},{\"@type\":\"BreadcrumbList\",\"@id\":\"https:\/\/librairie7l.com\/en\/produit\/manufactures-dexception-2\/#breadcrumb\",\"itemListElement\":[{\"@type\":\"ListItem\",\"position\":1,\"name\":\"Accueil\",\"item\":\"https:\/\/librairie7l.com\/en\/\"},{\"@type\":\"ListItem\",\"position\":2,\"name\":\"Shop\",\"item\":\"https:\/\/librairie7l.com\/en\/shop\/\"},{\"@type\":\"ListItem\",\"position\":3,\"name\":\"MANUFACTURES D&#8217;EXCEPTION\"}]},{\"@type\":\"WebSite\",\"@id\":\"https:\/\/librairie7l.com\/en\/#website\",\"url\":\"https:\/\/librairie7l.com\/en\/\",\"name\":\"Librairie 7L\",\"description\":\"Librairie fond\u00e9e en 1999 par Karl Lagerfeld \u00e0 Paris\",\"publisher\":{\"@id\":\"https:\/\/librairie7l.com\/en\/#organization\"},\"potentialAction\":[{\"@type\":\"SearchAction\",\"target\":{\"@type\":\"EntryPoint\",\"urlTemplate\":\"https:\/\/librairie7l.com\/en\/?s={search_term_string}\"},\"query-input\":\"required name=search_term_string\"}],\"inLanguage\":\"en-US\"},{\"@type\":\"Organization\",\"@id\":\"https:\/\/librairie7l.com\/en\/#organization\",\"name\":\"Librairie 7L\",\"url\":\"https:\/\/librairie7l.com\/en\/\",\"logo\":{\"@type\":\"ImageObject\",\"inLanguage\":\"en-US\",\"@id\":\"https:\/\/librairie7l.com\/en\/#\/schema\/logo\/image\/\",\"url\":\"https:\/\/librairie7l.com\/wp-content\/uploads\/2022\/08\/logo-1.png\",\"contentUrl\":\"https:\/\/librairie7l.com\/wp-content\/uploads\/2022\/08\/logo-1.png\",\"width\":227,\"height\":301,\"caption\":\"Librairie 7L\"},\"image\":{\"@id\":\"https:\/\/librairie7l.com\/en\/#\/schema\/logo\/image\/\"}}]}<\/script>\n<!-- \/ Yoast SEO plugin. -->","yoast_head_json":{"title":"Manufactures d'exception - Librairie 7L","robots":{"index":"index","follow":"follow","max-snippet":"max-snippet:-1","max-image-preview":"max-image-preview:large","max-video-preview":"max-video-preview:-1"},"canonical":"https:\/\/librairie7l.com\/en\/produit\/manufactures-dexception-2\/","og_locale":"en_US","og_type":"article","og_title":"Manufactures d'exception - Librairie 7L","og_description":"Les manufactures lient la main de l&#8217;homme \u00e0 la machine. \u00c9crins de savoir-faire s\u00e9culaires promouvant un art de vivre unique, elles sont inscrites dans notre m\u00e9moire collective depuis des si\u00e8cles. Fascin\u00e9e par les coulisses de ces fabriques de l&#8217;excellence, la photographe Julie Limont immortalise le travail d&#8217;artisans dans de d\u00e9licats clairs-obscurs et capte avec sensibilit\u00e9 [&hellip;]","og_url":"https:\/\/librairie7l.com\/en\/produit\/manufactures-dexception-2\/","og_site_name":"Librairie 7L","article_modified_time":"2026-05-05T08:01:04+00:00","og_image":[{"width":400,"height":515,"url":"https:\/\/librairie7l.com\/wp-content\/uploads\/2024\/04\/9791040120582_1_75.jpg","type":"image\/jpeg"}],"twitter_card":"summary_large_image","twitter_misc":{"Est. reading time":"1 minute"},"schema":{"@context":"https:\/\/schema.org","@graph":[{"@type":"WebPage","@id":"https:\/\/librairie7l.com\/en\/produit\/manufactures-dexception-2\/","url":"https:\/\/librairie7l.com\/en\/produit\/manufactures-dexception-2\/","name":"Manufactures d'exception - Librairie 7L","isPartOf":{"@id":"https:\/\/librairie7l.com\/en\/#website"},"datePublished":"2024-09-19T20:16:55+00:00","dateModified":"2026-05-05T08:01:04+00:00","breadcrumb":{"@id":"https:\/\/librairie7l.com\/en\/produit\/manufactures-dexception-2\/#breadcrumb"},"inLanguage":"en-US","potentialAction":[{"@type":"ReadAction","target":["https:\/\/librairie7l.com\/en\/produit\/manufactures-dexception-2\/"]}]},{"@type":"BreadcrumbList","@id":"https:\/\/librairie7l.com\/en\/produit\/manufactures-dexception-2\/#breadcrumb","itemListElement":[{"@type":"ListItem","position":1,"name":"Accueil","item":"https:\/\/librairie7l.com\/en\/"},{"@type":"ListItem","position":2,"name":"Shop","item":"https:\/\/librairie7l.com\/en\/shop\/"},{"@type":"ListItem","position":3,"name":"MANUFACTURES D&#8217;EXCEPTION"}]},{"@type":"WebSite","@id":"https:\/\/librairie7l.com\/en\/#website","url":"https:\/\/librairie7l.com\/en\/","name":"Librairie 7L","description":"Librairie fond\u00e9e en 1999 par Karl Lagerfeld \u00e0 Paris","publisher":{"@id":"https:\/\/librairie7l.com\/en\/#organization"},"potentialAction":[{"@type":"SearchAction","target":{"@type":"EntryPoint","urlTemplate":"https:\/\/librairie7l.com\/en\/?s={search_term_string}"},"query-input":"required name=search_term_string"}],"inLanguage":"en-US"},{"@type":"Organization","@id":"https:\/\/librairie7l.com\/en\/#organization","name":"Librairie 7L","url":"https:\/\/librairie7l.com\/en\/","logo":{"@type":"ImageObject","inLanguage":"en-US","@id":"https:\/\/librairie7l.com\/en\/#\/schema\/logo\/image\/","url":"https:\/\/librairie7l.com\/wp-content\/uploads\/2022\/08\/logo-1.png","contentUrl":"https:\/\/librairie7l.com\/wp-content\/uploads\/2022\/08\/logo-1.png","width":227,"height":301,"caption":"Librairie 7L"},"image":{"@id":"https:\/\/librairie7l.com\/en\/#\/schema\/logo\/image\/"}}]}},"_links":{"self":[{"href":"https:\/\/librairie7l.com\/en\/wp-json\/wp\/v2\/product\/42676"}],"collection":[{"href":"https:\/\/librairie7l.com\/en\/wp-json\/wp\/v2\/product"}],"about":[{"href":"https:\/\/librairie7l.com\/en\/wp-json\/wp\/v2\/types\/product"}],"wp:featuredmedia":[{"embeddable":true,"href":"https:\/\/librairie7l.com\/en\/wp-json\/wp\/v2\/media\/42674"}],"wp:attachment":[{"href":"https:\/\/librairie7l.com\/en\/wp-json\/wp\/v2\/media?parent=42676"}],"wp:term":[{"taxonomy":"product_cat","embeddable":true,"href":"https:\/\/librairie7l.com\/en\/wp-json\/wp\/v2\/product_cat?post=42676"},{"taxonomy":"product_tag","embeddable":true,"href":"https:\/\/librairie7l.com\/en\/wp-json\/wp\/v2\/product_tag?post=42676"}],"curies":[{"name":"wp","href":"https:\/\/api.w.org\/{rel}","templated":true}]}}