{"id":42688,"date":"2024-09-20T22:17:08","date_gmt":"2024-09-20T20:17:08","guid":{"rendered":"https:\/\/librairie7l.com\/?post_type=product&#038;p=42688"},"modified":"2026-04-09T11:38:07","modified_gmt":"2026-04-09T09:38:07","slug":"juergen-teller-fashion-photography-for-america-1999-2016-2","status":"publish","type":"product","link":"https:\/\/librairie7l.com\/en\/produit\/juergen-teller-fashion-photography-for-america-1999-2016-2\/","title":{"rendered":"JUERGEN TELLER : FASHION PHOTOGRAPHY FOR AMERICA 1999\/2016"},"content":{"rendered":"<p>Ce livre c\u00e9l\u00e8bre la collaboration de Juergen Teller avec Dennis Freedman pour le magazine W et, plus tard, pour le grand magasin de luxe Barneys \u00e0 New York. Entre 1999 et 2016, le duo a cr\u00e9\u00e9 une s\u00e9rie d&#8217;images embl\u00e9matiques, toutes captur\u00e9es dans le style r\u00e9aliste caract\u00e9ristique de Teller. Dans ses photographies pour W, Teller a toujours \u00e9t\u00e9 \u00e0 contre-courant, r\u00e9sistant aux prises de vue \u00e0 gros budget et recherchant des r\u00e9cits authentiques, anti-commerciaux et des lieux d\u00e9pouill\u00e9s &#8211; comme dans son inoubliable premier \u00e9ditorial de 1999 qui met en sc\u00e8ne Stephanie Seymour, Shalom Harlow et Naomi Campbell (parmi d&#8217;autres top-mod\u00e8les) en tant qu&#8217;employ\u00e9es de bureau du magazine. Consid\u00e9r\u00e9es dans leur ensemble, les commandes de Teller pour W r\u00e9v\u00e8lent l&#8217;\u00e9volution de sa libert\u00e9 cr\u00e9ative, de la prise de vue de clients de la haute couture, de Kate Moss au Grand Prix de Monaco et de Tilda Swinton en tant que collectionneuse mondaine, aux portraits de William Eggleston et de Roni Horn.<\/p>\n","protected":false},"excerpt":{"rendered":"<p>Ce livre c\u00e9l\u00e8bre la collaboration de Juergen Teller avec Dennis Freedman pour le magazine W et, plus tard, pour le grand magasin de luxe Barneys \u00e0 New York. Entre 1999 et 2016, le duo a cr\u00e9\u00e9 une s\u00e9rie d&#8217;images embl\u00e9matiques, toutes captur\u00e9es dans le style r\u00e9aliste caract\u00e9ristique de Teller. Dans ses photographies pour W, Teller [&hellip;]<\/p>\n","protected":false},"featured_media":42686,"template":"","meta":[],"product_cat":[2948],"product_tag":[],"acf":[],"yoast_head":"<!-- This site is optimized with the Yoast SEO plugin v20.11 - https:\/\/yoast.com\/wordpress\/plugins\/seo\/ -->\n<title>Juergen Teller : fashion photography for America 1999\/2016 - Librairie 7L<\/title>\n<meta name=\"robots\" content=\"index, follow, max-snippet:-1, max-image-preview:large, max-video-preview:-1\" \/>\n<link rel=\"canonical\" href=\"https:\/\/librairie7l.com\/en\/produit\/juergen-teller-fashion-photography-for-america-1999-2016-2\/\" \/>\n<meta property=\"og:locale\" content=\"en_US\" \/>\n<meta property=\"og:type\" content=\"article\" \/>\n<meta property=\"og:title\" content=\"Juergen Teller : fashion photography for America 1999\/2016 - Librairie 7L\" \/>\n<meta property=\"og:description\" content=\"Ce livre c\u00e9l\u00e8bre la collaboration de Juergen Teller avec Dennis Freedman pour le magazine W et, plus tard, pour le grand magasin de luxe Barneys \u00e0 New York. Entre 1999 et 2016, le duo a cr\u00e9\u00e9 une s\u00e9rie d&#8217;images embl\u00e9matiques, toutes captur\u00e9es dans le style r\u00e9aliste caract\u00e9ristique de Teller. Dans ses photographies pour W, Teller [&hellip;]\" \/>\n<meta property=\"og:url\" content=\"https:\/\/librairie7l.com\/en\/produit\/juergen-teller-fashion-photography-for-america-1999-2016-2\/\" \/>\n<meta property=\"og:site_name\" content=\"Librairie 7L\" \/>\n<meta property=\"article:modified_time\" content=\"2026-04-09T09:38:07+00:00\" \/>\n<meta property=\"og:image\" content=\"https:\/\/librairie7l.com\/wp-content\/uploads\/2023\/08\/9783969992951_1_75.jpg\" \/>\n\t<meta property=\"og:image:width\" content=\"600\" \/>\n\t<meta property=\"og:image:height\" content=\"780\" \/>\n\t<meta property=\"og:image:type\" content=\"image\/jpeg\" \/>\n<meta name=\"twitter:card\" content=\"summary_large_image\" \/>\n<meta name=\"twitter:label1\" content=\"Est. reading time\" \/>\n\t<meta name=\"twitter:data1\" content=\"1 minute\" \/>\n<script type=\"application\/ld+json\" class=\"yoast-schema-graph\">{\"@context\":\"https:\/\/schema.org\",\"@graph\":[{\"@type\":\"WebPage\",\"@id\":\"https:\/\/librairie7l.com\/en\/produit\/juergen-teller-fashion-photography-for-america-1999-2016-2\/\",\"url\":\"https:\/\/librairie7l.com\/en\/produit\/juergen-teller-fashion-photography-for-america-1999-2016-2\/\",\"name\":\"Juergen Teller : fashion photography for America 1999\/2016 - Librairie 7L\",\"isPartOf\":{\"@id\":\"https:\/\/librairie7l.com\/en\/#website\"},\"datePublished\":\"2024-09-20T20:17:08+00:00\",\"dateModified\":\"2026-04-09T09:38:07+00:00\",\"breadcrumb\":{\"@id\":\"https:\/\/librairie7l.com\/en\/produit\/juergen-teller-fashion-photography-for-america-1999-2016-2\/#breadcrumb\"},\"inLanguage\":\"en-US\",\"potentialAction\":[{\"@type\":\"ReadAction\",\"target\":[\"https:\/\/librairie7l.com\/en\/produit\/juergen-teller-fashion-photography-for-america-1999-2016-2\/\"]}]},{\"@type\":\"BreadcrumbList\",\"@id\":\"https:\/\/librairie7l.com\/en\/produit\/juergen-teller-fashion-photography-for-america-1999-2016-2\/#breadcrumb\",\"itemListElement\":[{\"@type\":\"ListItem\",\"position\":1,\"name\":\"Accueil\",\"item\":\"https:\/\/librairie7l.com\/en\/\"},{\"@type\":\"ListItem\",\"position\":2,\"name\":\"Shop\",\"item\":\"https:\/\/librairie7l.com\/en\/shop\/\"},{\"@type\":\"ListItem\",\"position\":3,\"name\":\"JUERGEN TELLER : FASHION PHOTOGRAPHY FOR AMERICA 1999\/2016\"}]},{\"@type\":\"WebSite\",\"@id\":\"https:\/\/librairie7l.com\/en\/#website\",\"url\":\"https:\/\/librairie7l.com\/en\/\",\"name\":\"Librairie 7L\",\"description\":\"Librairie fond\u00e9e en 1999 par Karl Lagerfeld \u00e0 Paris\",\"publisher\":{\"@id\":\"https:\/\/librairie7l.com\/en\/#organization\"},\"potentialAction\":[{\"@type\":\"SearchAction\",\"target\":{\"@type\":\"EntryPoint\",\"urlTemplate\":\"https:\/\/librairie7l.com\/en\/?s={search_term_string}\"},\"query-input\":\"required name=search_term_string\"}],\"inLanguage\":\"en-US\"},{\"@type\":\"Organization\",\"@id\":\"https:\/\/librairie7l.com\/en\/#organization\",\"name\":\"Librairie 7L\",\"url\":\"https:\/\/librairie7l.com\/en\/\",\"logo\":{\"@type\":\"ImageObject\",\"inLanguage\":\"en-US\",\"@id\":\"https:\/\/librairie7l.com\/en\/#\/schema\/logo\/image\/\",\"url\":\"https:\/\/librairie7l.com\/wp-content\/uploads\/2022\/08\/logo-1.png\",\"contentUrl\":\"https:\/\/librairie7l.com\/wp-content\/uploads\/2022\/08\/logo-1.png\",\"width\":227,\"height\":301,\"caption\":\"Librairie 7L\"},\"image\":{\"@id\":\"https:\/\/librairie7l.com\/en\/#\/schema\/logo\/image\/\"}}]}<\/script>\n<!-- \/ Yoast SEO plugin. -->","yoast_head_json":{"title":"Juergen Teller : fashion photography for America 1999\/2016 - Librairie 7L","robots":{"index":"index","follow":"follow","max-snippet":"max-snippet:-1","max-image-preview":"max-image-preview:large","max-video-preview":"max-video-preview:-1"},"canonical":"https:\/\/librairie7l.com\/en\/produit\/juergen-teller-fashion-photography-for-america-1999-2016-2\/","og_locale":"en_US","og_type":"article","og_title":"Juergen Teller : fashion photography for America 1999\/2016 - Librairie 7L","og_description":"Ce livre c\u00e9l\u00e8bre la collaboration de Juergen Teller avec Dennis Freedman pour le magazine W et, plus tard, pour le grand magasin de luxe Barneys \u00e0 New York. Entre 1999 et 2016, le duo a cr\u00e9\u00e9 une s\u00e9rie d&#8217;images embl\u00e9matiques, toutes captur\u00e9es dans le style r\u00e9aliste caract\u00e9ristique de Teller. Dans ses photographies pour W, Teller [&hellip;]","og_url":"https:\/\/librairie7l.com\/en\/produit\/juergen-teller-fashion-photography-for-america-1999-2016-2\/","og_site_name":"Librairie 7L","article_modified_time":"2026-04-09T09:38:07+00:00","og_image":[{"width":600,"height":780,"url":"https:\/\/librairie7l.com\/wp-content\/uploads\/2023\/08\/9783969992951_1_75.jpg","type":"image\/jpeg"}],"twitter_card":"summary_large_image","twitter_misc":{"Est. reading time":"1 minute"},"schema":{"@context":"https:\/\/schema.org","@graph":[{"@type":"WebPage","@id":"https:\/\/librairie7l.com\/en\/produit\/juergen-teller-fashion-photography-for-america-1999-2016-2\/","url":"https:\/\/librairie7l.com\/en\/produit\/juergen-teller-fashion-photography-for-america-1999-2016-2\/","name":"Juergen Teller : fashion photography for America 1999\/2016 - Librairie 7L","isPartOf":{"@id":"https:\/\/librairie7l.com\/en\/#website"},"datePublished":"2024-09-20T20:17:08+00:00","dateModified":"2026-04-09T09:38:07+00:00","breadcrumb":{"@id":"https:\/\/librairie7l.com\/en\/produit\/juergen-teller-fashion-photography-for-america-1999-2016-2\/#breadcrumb"},"inLanguage":"en-US","potentialAction":[{"@type":"ReadAction","target":["https:\/\/librairie7l.com\/en\/produit\/juergen-teller-fashion-photography-for-america-1999-2016-2\/"]}]},{"@type":"BreadcrumbList","@id":"https:\/\/librairie7l.com\/en\/produit\/juergen-teller-fashion-photography-for-america-1999-2016-2\/#breadcrumb","itemListElement":[{"@type":"ListItem","position":1,"name":"Accueil","item":"https:\/\/librairie7l.com\/en\/"},{"@type":"ListItem","position":2,"name":"Shop","item":"https:\/\/librairie7l.com\/en\/shop\/"},{"@type":"ListItem","position":3,"name":"JUERGEN TELLER : FASHION PHOTOGRAPHY FOR AMERICA 1999\/2016"}]},{"@type":"WebSite","@id":"https:\/\/librairie7l.com\/en\/#website","url":"https:\/\/librairie7l.com\/en\/","name":"Librairie 7L","description":"Librairie fond\u00e9e en 1999 par Karl Lagerfeld \u00e0 Paris","publisher":{"@id":"https:\/\/librairie7l.com\/en\/#organization"},"potentialAction":[{"@type":"SearchAction","target":{"@type":"EntryPoint","urlTemplate":"https:\/\/librairie7l.com\/en\/?s={search_term_string}"},"query-input":"required name=search_term_string"}],"inLanguage":"en-US"},{"@type":"Organization","@id":"https:\/\/librairie7l.com\/en\/#organization","name":"Librairie 7L","url":"https:\/\/librairie7l.com\/en\/","logo":{"@type":"ImageObject","inLanguage":"en-US","@id":"https:\/\/librairie7l.com\/en\/#\/schema\/logo\/image\/","url":"https:\/\/librairie7l.com\/wp-content\/uploads\/2022\/08\/logo-1.png","contentUrl":"https:\/\/librairie7l.com\/wp-content\/uploads\/2022\/08\/logo-1.png","width":227,"height":301,"caption":"Librairie 7L"},"image":{"@id":"https:\/\/librairie7l.com\/en\/#\/schema\/logo\/image\/"}}]}},"_links":{"self":[{"href":"https:\/\/librairie7l.com\/en\/wp-json\/wp\/v2\/product\/42688"}],"collection":[{"href":"https:\/\/librairie7l.com\/en\/wp-json\/wp\/v2\/product"}],"about":[{"href":"https:\/\/librairie7l.com\/en\/wp-json\/wp\/v2\/types\/product"}],"wp:featuredmedia":[{"embeddable":true,"href":"https:\/\/librairie7l.com\/en\/wp-json\/wp\/v2\/media\/42686"}],"wp:attachment":[{"href":"https:\/\/librairie7l.com\/en\/wp-json\/wp\/v2\/media?parent=42688"}],"wp:term":[{"taxonomy":"product_cat","embeddable":true,"href":"https:\/\/librairie7l.com\/en\/wp-json\/wp\/v2\/product_cat?post=42688"},{"taxonomy":"product_tag","embeddable":true,"href":"https:\/\/librairie7l.com\/en\/wp-json\/wp\/v2\/product_tag?post=42688"}],"curies":[{"name":"wp","href":"https:\/\/api.w.org\/{rel}","templated":true}]}}