{"id":42700,"date":"2024-09-20T22:17:15","date_gmt":"2024-09-20T20:17:15","guid":{"rendered":"https:\/\/librairie7l.com\/?post_type=product&#038;p=42700"},"modified":"2026-04-08T18:38:36","modified_gmt":"2026-04-08T16:38:36","slug":"juergen-teller-jurgaiciai-2","status":"publish","type":"product","link":"https:\/\/librairie7l.com\/en\/produit\/juergen-teller-jurgaiciai-2\/","title":{"rendered":"JUERGEN TELLER : JURGAICIAI"},"content":{"rendered":"<p>La tristement c\u00e9l\u00e8bre Colline des Croix est un site de p\u00e8lerinage et touristique pr\u00e8s de iauliai, en Lituanie, qui a vu le jour apr\u00e8s les r\u00e9voltes de novembre 1830-1831, une tentative infructueuse de renverser la domination russe. Jurgai?iai est la r\u00e9ponse intime de Juergen Teller \u00e0 ce lieu de m\u00e9moire, qu&#8217;il a visit\u00e9 avec son \u00e9pouse lituanienne Dovile Drizyte et ses parents \u00e0 l&#8217;automne 2022. Avec son oeil toujours curieux et observateur, il capture la spiritualit\u00e9 intense de cette destination. Avec plus de 100 000 crucifix sur un seul acre, ses images incarnent cet enchev\u00eatrement d&#8217;iconographie religieuse, comprenant une multitude dense de croix, des sculptures en pierre de J\u00e9sus-Christ drap\u00e9es de chapelets et de grandes sculptures en bois. La s\u00e9rie prend une signification personnelle encore plus profonde dans le contexte du d\u00e9c\u00e8s en 2022 de la cr\u00e9atrice de mode Vivienne Westwood, avec qui Jurgen Teller collaborait depuis 2007, et de Suzanne Tarasieve, sa galeriste depuis 2013. Il int\u00e8gre des portraits de ces femmes puissantes mais vuln\u00e9rables dans sa collection d&#8217;images symboliques, un hommage convaincant \u00e0 deux personnalit\u00e9s qui continuent d&#8217;inspirer son travail.<\/p>\n","protected":false},"excerpt":{"rendered":"<p>La tristement c\u00e9l\u00e8bre Colline des Croix est un site de p\u00e8lerinage et touristique pr\u00e8s de iauliai, en Lituanie, qui a vu le jour apr\u00e8s les r\u00e9voltes de novembre 1830-1831, une tentative infructueuse de renverser la domination russe. Jurgai?iai est la r\u00e9ponse intime de Juergen Teller \u00e0 ce lieu de m\u00e9moire, qu&#8217;il a visit\u00e9 avec son [&hellip;]<\/p>\n","protected":false},"featured_media":42698,"template":"","meta":[],"product_cat":[2948],"product_tag":[],"acf":[],"yoast_head":"<!-- This site is optimized with the Yoast SEO plugin v20.11 - https:\/\/yoast.com\/wordpress\/plugins\/seo\/ -->\n<title>Juergen Teller : Jurgaiciai - Librairie 7L<\/title>\n<meta name=\"robots\" content=\"index, follow, max-snippet:-1, max-image-preview:large, max-video-preview:-1\" \/>\n<link rel=\"canonical\" href=\"https:\/\/librairie7l.com\/en\/produit\/juergen-teller-jurgaiciai-2\/\" \/>\n<meta property=\"og:locale\" content=\"en_US\" \/>\n<meta property=\"og:type\" content=\"article\" \/>\n<meta property=\"og:title\" content=\"Juergen Teller : Jurgaiciai - Librairie 7L\" \/>\n<meta property=\"og:description\" content=\"La tristement c\u00e9l\u00e8bre Colline des Croix est un site de p\u00e8lerinage et touristique pr\u00e8s de iauliai, en Lituanie, qui a vu le jour apr\u00e8s les r\u00e9voltes de novembre 1830-1831, une tentative infructueuse de renverser la domination russe. Jurgai?iai est la r\u00e9ponse intime de Juergen Teller \u00e0 ce lieu de m\u00e9moire, qu&#8217;il a visit\u00e9 avec son [&hellip;]\" \/>\n<meta property=\"og:url\" content=\"https:\/\/librairie7l.com\/en\/produit\/juergen-teller-jurgaiciai-2\/\" \/>\n<meta property=\"og:site_name\" content=\"Librairie 7L\" \/>\n<meta property=\"article:modified_time\" content=\"2026-04-08T16:38:36+00:00\" \/>\n<meta property=\"og:image\" content=\"https:\/\/librairie7l.com\/wp-content\/uploads\/2023\/08\/9783969992920_1_75.jpg\" \/>\n\t<meta property=\"og:image:width\" content=\"376\" \/>\n\t<meta property=\"og:image:height\" content=\"500\" \/>\n\t<meta property=\"og:image:type\" content=\"image\/jpeg\" \/>\n<meta name=\"twitter:card\" content=\"summary_large_image\" \/>\n<meta name=\"twitter:label1\" content=\"Est. reading time\" \/>\n\t<meta name=\"twitter:data1\" content=\"1 minute\" \/>\n<script type=\"application\/ld+json\" class=\"yoast-schema-graph\">{\"@context\":\"https:\/\/schema.org\",\"@graph\":[{\"@type\":\"WebPage\",\"@id\":\"https:\/\/librairie7l.com\/en\/produit\/juergen-teller-jurgaiciai-2\/\",\"url\":\"https:\/\/librairie7l.com\/en\/produit\/juergen-teller-jurgaiciai-2\/\",\"name\":\"Juergen Teller : Jurgaiciai - Librairie 7L\",\"isPartOf\":{\"@id\":\"https:\/\/librairie7l.com\/en\/#website\"},\"datePublished\":\"2024-09-20T20:17:15+00:00\",\"dateModified\":\"2026-04-08T16:38:36+00:00\",\"breadcrumb\":{\"@id\":\"https:\/\/librairie7l.com\/en\/produit\/juergen-teller-jurgaiciai-2\/#breadcrumb\"},\"inLanguage\":\"en-US\",\"potentialAction\":[{\"@type\":\"ReadAction\",\"target\":[\"https:\/\/librairie7l.com\/en\/produit\/juergen-teller-jurgaiciai-2\/\"]}]},{\"@type\":\"BreadcrumbList\",\"@id\":\"https:\/\/librairie7l.com\/en\/produit\/juergen-teller-jurgaiciai-2\/#breadcrumb\",\"itemListElement\":[{\"@type\":\"ListItem\",\"position\":1,\"name\":\"Accueil\",\"item\":\"https:\/\/librairie7l.com\/en\/\"},{\"@type\":\"ListItem\",\"position\":2,\"name\":\"Shop\",\"item\":\"https:\/\/librairie7l.com\/en\/shop\/\"},{\"@type\":\"ListItem\",\"position\":3,\"name\":\"JUERGEN TELLER : JURGAICIAI\"}]},{\"@type\":\"WebSite\",\"@id\":\"https:\/\/librairie7l.com\/en\/#website\",\"url\":\"https:\/\/librairie7l.com\/en\/\",\"name\":\"Librairie 7L\",\"description\":\"Librairie fond\u00e9e en 1999 par Karl Lagerfeld \u00e0 Paris\",\"publisher\":{\"@id\":\"https:\/\/librairie7l.com\/en\/#organization\"},\"potentialAction\":[{\"@type\":\"SearchAction\",\"target\":{\"@type\":\"EntryPoint\",\"urlTemplate\":\"https:\/\/librairie7l.com\/en\/?s={search_term_string}\"},\"query-input\":\"required name=search_term_string\"}],\"inLanguage\":\"en-US\"},{\"@type\":\"Organization\",\"@id\":\"https:\/\/librairie7l.com\/en\/#organization\",\"name\":\"Librairie 7L\",\"url\":\"https:\/\/librairie7l.com\/en\/\",\"logo\":{\"@type\":\"ImageObject\",\"inLanguage\":\"en-US\",\"@id\":\"https:\/\/librairie7l.com\/en\/#\/schema\/logo\/image\/\",\"url\":\"https:\/\/librairie7l.com\/wp-content\/uploads\/2022\/08\/logo-1.png\",\"contentUrl\":\"https:\/\/librairie7l.com\/wp-content\/uploads\/2022\/08\/logo-1.png\",\"width\":227,\"height\":301,\"caption\":\"Librairie 7L\"},\"image\":{\"@id\":\"https:\/\/librairie7l.com\/en\/#\/schema\/logo\/image\/\"}}]}<\/script>\n<!-- \/ Yoast SEO plugin. -->","yoast_head_json":{"title":"Juergen Teller : Jurgaiciai - Librairie 7L","robots":{"index":"index","follow":"follow","max-snippet":"max-snippet:-1","max-image-preview":"max-image-preview:large","max-video-preview":"max-video-preview:-1"},"canonical":"https:\/\/librairie7l.com\/en\/produit\/juergen-teller-jurgaiciai-2\/","og_locale":"en_US","og_type":"article","og_title":"Juergen Teller : Jurgaiciai - Librairie 7L","og_description":"La tristement c\u00e9l\u00e8bre Colline des Croix est un site de p\u00e8lerinage et touristique pr\u00e8s de iauliai, en Lituanie, qui a vu le jour apr\u00e8s les r\u00e9voltes de novembre 1830-1831, une tentative infructueuse de renverser la domination russe. Jurgai?iai est la r\u00e9ponse intime de Juergen Teller \u00e0 ce lieu de m\u00e9moire, qu&#8217;il a visit\u00e9 avec son [&hellip;]","og_url":"https:\/\/librairie7l.com\/en\/produit\/juergen-teller-jurgaiciai-2\/","og_site_name":"Librairie 7L","article_modified_time":"2026-04-08T16:38:36+00:00","og_image":[{"width":376,"height":500,"url":"https:\/\/librairie7l.com\/wp-content\/uploads\/2023\/08\/9783969992920_1_75.jpg","type":"image\/jpeg"}],"twitter_card":"summary_large_image","twitter_misc":{"Est. reading time":"1 minute"},"schema":{"@context":"https:\/\/schema.org","@graph":[{"@type":"WebPage","@id":"https:\/\/librairie7l.com\/en\/produit\/juergen-teller-jurgaiciai-2\/","url":"https:\/\/librairie7l.com\/en\/produit\/juergen-teller-jurgaiciai-2\/","name":"Juergen Teller : Jurgaiciai - Librairie 7L","isPartOf":{"@id":"https:\/\/librairie7l.com\/en\/#website"},"datePublished":"2024-09-20T20:17:15+00:00","dateModified":"2026-04-08T16:38:36+00:00","breadcrumb":{"@id":"https:\/\/librairie7l.com\/en\/produit\/juergen-teller-jurgaiciai-2\/#breadcrumb"},"inLanguage":"en-US","potentialAction":[{"@type":"ReadAction","target":["https:\/\/librairie7l.com\/en\/produit\/juergen-teller-jurgaiciai-2\/"]}]},{"@type":"BreadcrumbList","@id":"https:\/\/librairie7l.com\/en\/produit\/juergen-teller-jurgaiciai-2\/#breadcrumb","itemListElement":[{"@type":"ListItem","position":1,"name":"Accueil","item":"https:\/\/librairie7l.com\/en\/"},{"@type":"ListItem","position":2,"name":"Shop","item":"https:\/\/librairie7l.com\/en\/shop\/"},{"@type":"ListItem","position":3,"name":"JUERGEN TELLER : JURGAICIAI"}]},{"@type":"WebSite","@id":"https:\/\/librairie7l.com\/en\/#website","url":"https:\/\/librairie7l.com\/en\/","name":"Librairie 7L","description":"Librairie fond\u00e9e en 1999 par Karl Lagerfeld \u00e0 Paris","publisher":{"@id":"https:\/\/librairie7l.com\/en\/#organization"},"potentialAction":[{"@type":"SearchAction","target":{"@type":"EntryPoint","urlTemplate":"https:\/\/librairie7l.com\/en\/?s={search_term_string}"},"query-input":"required name=search_term_string"}],"inLanguage":"en-US"},{"@type":"Organization","@id":"https:\/\/librairie7l.com\/en\/#organization","name":"Librairie 7L","url":"https:\/\/librairie7l.com\/en\/","logo":{"@type":"ImageObject","inLanguage":"en-US","@id":"https:\/\/librairie7l.com\/en\/#\/schema\/logo\/image\/","url":"https:\/\/librairie7l.com\/wp-content\/uploads\/2022\/08\/logo-1.png","contentUrl":"https:\/\/librairie7l.com\/wp-content\/uploads\/2022\/08\/logo-1.png","width":227,"height":301,"caption":"Librairie 7L"},"image":{"@id":"https:\/\/librairie7l.com\/en\/#\/schema\/logo\/image\/"}}]}},"_links":{"self":[{"href":"https:\/\/librairie7l.com\/en\/wp-json\/wp\/v2\/product\/42700"}],"collection":[{"href":"https:\/\/librairie7l.com\/en\/wp-json\/wp\/v2\/product"}],"about":[{"href":"https:\/\/librairie7l.com\/en\/wp-json\/wp\/v2\/types\/product"}],"wp:featuredmedia":[{"embeddable":true,"href":"https:\/\/librairie7l.com\/en\/wp-json\/wp\/v2\/media\/42698"}],"wp:attachment":[{"href":"https:\/\/librairie7l.com\/en\/wp-json\/wp\/v2\/media?parent=42700"}],"wp:term":[{"taxonomy":"product_cat","embeddable":true,"href":"https:\/\/librairie7l.com\/en\/wp-json\/wp\/v2\/product_cat?post=42700"},{"taxonomy":"product_tag","embeddable":true,"href":"https:\/\/librairie7l.com\/en\/wp-json\/wp\/v2\/product_tag?post=42700"}],"curies":[{"name":"wp","href":"https:\/\/api.w.org\/{rel}","templated":true}]}}