{"id":42704,"date":"2024-09-20T22:17:18","date_gmt":"2024-09-20T20:17:18","guid":{"rendered":"https:\/\/librairie7l.com\/?post_type=product&#038;p=42704"},"modified":"2026-04-15T16:34:11","modified_gmt":"2026-04-15T14:34:11","slug":"juergen-teller-keys-to-the-house-2","status":"publish","type":"product","link":"https:\/\/librairie7l.com\/en\/produit\/juergen-teller-keys-to-the-house-2\/","title":{"rendered":"JUERGEN TELLER KEYS TO THE HOUSE"},"content":{"rendered":"<p>Dans The Keys to the House, Juergen Teller continue de m\u00e9langer ses photos intimes \u00e0 des travaux commissionn\u00e9s pour la mode. Ce bel ouvrage reli\u00e9 pr\u00e9sente ses images r\u00e9centes o\u00f9 les paysages c\u00f4toient les amis et les c\u00e9l\u00e9brit\u00e9s.<\/p>\n","protected":false},"excerpt":{"rendered":"<p>Dans The Keys to the House, Juergen Teller continue de m\u00e9langer ses photos intimes \u00e0 des travaux commissionn\u00e9s pour la mode. Ce bel ouvrage reli\u00e9 pr\u00e9sente ses images r\u00e9centes o\u00f9 les paysages c\u00f4toient les amis et les c\u00e9l\u00e9brit\u00e9s.<\/p>\n","protected":false},"featured_media":42702,"template":"","meta":[],"product_cat":[2948],"product_tag":[],"acf":[],"yoast_head":"<!-- This site is optimized with the Yoast SEO plugin v20.11 - https:\/\/yoast.com\/wordpress\/plugins\/seo\/ -->\n<title>Juergen teller keys to the house - Librairie 7L<\/title>\n<meta name=\"robots\" content=\"index, follow, max-snippet:-1, max-image-preview:large, max-video-preview:-1\" \/>\n<link rel=\"canonical\" href=\"https:\/\/librairie7l.com\/en\/produit\/juergen-teller-keys-to-the-house-2\/\" \/>\n<meta property=\"og:locale\" content=\"en_US\" \/>\n<meta property=\"og:type\" content=\"article\" \/>\n<meta property=\"og:title\" content=\"Juergen teller keys to the house - Librairie 7L\" \/>\n<meta property=\"og:description\" content=\"Dans The Keys to the House, Juergen Teller continue de m\u00e9langer ses photos intimes \u00e0 des travaux commissionn\u00e9s pour la mode. Ce bel ouvrage reli\u00e9 pr\u00e9sente ses images r\u00e9centes o\u00f9 les paysages c\u00f4toient les amis et les c\u00e9l\u00e9brit\u00e9s.\" \/>\n<meta property=\"og:url\" content=\"https:\/\/librairie7l.com\/en\/produit\/juergen-teller-keys-to-the-house-2\/\" \/>\n<meta property=\"og:site_name\" content=\"Librairie 7L\" \/>\n<meta property=\"article:modified_time\" content=\"2026-04-15T14:34:11+00:00\" \/>\n<meta property=\"og:image\" content=\"https:\/\/librairie7l.com\/wp-content\/uploads\/2011\/05\/9783869303833_1_75.jpg\" \/>\n\t<meta property=\"og:image:width\" content=\"362\" \/>\n\t<meta property=\"og:image:height\" content=\"500\" \/>\n\t<meta property=\"og:image:type\" content=\"image\/jpeg\" \/>\n<meta name=\"twitter:card\" content=\"summary_large_image\" \/>\n<script type=\"application\/ld+json\" class=\"yoast-schema-graph\">{\"@context\":\"https:\/\/schema.org\",\"@graph\":[{\"@type\":\"WebPage\",\"@id\":\"https:\/\/librairie7l.com\/en\/produit\/juergen-teller-keys-to-the-house-2\/\",\"url\":\"https:\/\/librairie7l.com\/en\/produit\/juergen-teller-keys-to-the-house-2\/\",\"name\":\"Juergen teller keys to the house - Librairie 7L\",\"isPartOf\":{\"@id\":\"https:\/\/librairie7l.com\/en\/#website\"},\"datePublished\":\"2024-09-20T20:17:18+00:00\",\"dateModified\":\"2026-04-15T14:34:11+00:00\",\"breadcrumb\":{\"@id\":\"https:\/\/librairie7l.com\/en\/produit\/juergen-teller-keys-to-the-house-2\/#breadcrumb\"},\"inLanguage\":\"en-US\",\"potentialAction\":[{\"@type\":\"ReadAction\",\"target\":[\"https:\/\/librairie7l.com\/en\/produit\/juergen-teller-keys-to-the-house-2\/\"]}]},{\"@type\":\"BreadcrumbList\",\"@id\":\"https:\/\/librairie7l.com\/en\/produit\/juergen-teller-keys-to-the-house-2\/#breadcrumb\",\"itemListElement\":[{\"@type\":\"ListItem\",\"position\":1,\"name\":\"Accueil\",\"item\":\"https:\/\/librairie7l.com\/en\/\"},{\"@type\":\"ListItem\",\"position\":2,\"name\":\"Shop\",\"item\":\"https:\/\/librairie7l.com\/en\/shop\/\"},{\"@type\":\"ListItem\",\"position\":3,\"name\":\"JUERGEN TELLER KEYS TO THE HOUSE\"}]},{\"@type\":\"WebSite\",\"@id\":\"https:\/\/librairie7l.com\/en\/#website\",\"url\":\"https:\/\/librairie7l.com\/en\/\",\"name\":\"Librairie 7L\",\"description\":\"Librairie fond\u00e9e en 1999 par Karl Lagerfeld \u00e0 Paris\",\"publisher\":{\"@id\":\"https:\/\/librairie7l.com\/en\/#organization\"},\"potentialAction\":[{\"@type\":\"SearchAction\",\"target\":{\"@type\":\"EntryPoint\",\"urlTemplate\":\"https:\/\/librairie7l.com\/en\/?s={search_term_string}\"},\"query-input\":\"required name=search_term_string\"}],\"inLanguage\":\"en-US\"},{\"@type\":\"Organization\",\"@id\":\"https:\/\/librairie7l.com\/en\/#organization\",\"name\":\"Librairie 7L\",\"url\":\"https:\/\/librairie7l.com\/en\/\",\"logo\":{\"@type\":\"ImageObject\",\"inLanguage\":\"en-US\",\"@id\":\"https:\/\/librairie7l.com\/en\/#\/schema\/logo\/image\/\",\"url\":\"https:\/\/librairie7l.com\/wp-content\/uploads\/2022\/08\/logo-1.png\",\"contentUrl\":\"https:\/\/librairie7l.com\/wp-content\/uploads\/2022\/08\/logo-1.png\",\"width\":227,\"height\":301,\"caption\":\"Librairie 7L\"},\"image\":{\"@id\":\"https:\/\/librairie7l.com\/en\/#\/schema\/logo\/image\/\"}}]}<\/script>\n<!-- \/ Yoast SEO plugin. -->","yoast_head_json":{"title":"Juergen teller keys to the house - Librairie 7L","robots":{"index":"index","follow":"follow","max-snippet":"max-snippet:-1","max-image-preview":"max-image-preview:large","max-video-preview":"max-video-preview:-1"},"canonical":"https:\/\/librairie7l.com\/en\/produit\/juergen-teller-keys-to-the-house-2\/","og_locale":"en_US","og_type":"article","og_title":"Juergen teller keys to the house - Librairie 7L","og_description":"Dans The Keys to the House, Juergen Teller continue de m\u00e9langer ses photos intimes \u00e0 des travaux commissionn\u00e9s pour la mode. Ce bel ouvrage reli\u00e9 pr\u00e9sente ses images r\u00e9centes o\u00f9 les paysages c\u00f4toient les amis et les c\u00e9l\u00e9brit\u00e9s.","og_url":"https:\/\/librairie7l.com\/en\/produit\/juergen-teller-keys-to-the-house-2\/","og_site_name":"Librairie 7L","article_modified_time":"2026-04-15T14:34:11+00:00","og_image":[{"width":362,"height":500,"url":"https:\/\/librairie7l.com\/wp-content\/uploads\/2011\/05\/9783869303833_1_75.jpg","type":"image\/jpeg"}],"twitter_card":"summary_large_image","schema":{"@context":"https:\/\/schema.org","@graph":[{"@type":"WebPage","@id":"https:\/\/librairie7l.com\/en\/produit\/juergen-teller-keys-to-the-house-2\/","url":"https:\/\/librairie7l.com\/en\/produit\/juergen-teller-keys-to-the-house-2\/","name":"Juergen teller keys to the house - Librairie 7L","isPartOf":{"@id":"https:\/\/librairie7l.com\/en\/#website"},"datePublished":"2024-09-20T20:17:18+00:00","dateModified":"2026-04-15T14:34:11+00:00","breadcrumb":{"@id":"https:\/\/librairie7l.com\/en\/produit\/juergen-teller-keys-to-the-house-2\/#breadcrumb"},"inLanguage":"en-US","potentialAction":[{"@type":"ReadAction","target":["https:\/\/librairie7l.com\/en\/produit\/juergen-teller-keys-to-the-house-2\/"]}]},{"@type":"BreadcrumbList","@id":"https:\/\/librairie7l.com\/en\/produit\/juergen-teller-keys-to-the-house-2\/#breadcrumb","itemListElement":[{"@type":"ListItem","position":1,"name":"Accueil","item":"https:\/\/librairie7l.com\/en\/"},{"@type":"ListItem","position":2,"name":"Shop","item":"https:\/\/librairie7l.com\/en\/shop\/"},{"@type":"ListItem","position":3,"name":"JUERGEN TELLER KEYS TO THE HOUSE"}]},{"@type":"WebSite","@id":"https:\/\/librairie7l.com\/en\/#website","url":"https:\/\/librairie7l.com\/en\/","name":"Librairie 7L","description":"Librairie fond\u00e9e en 1999 par Karl Lagerfeld \u00e0 Paris","publisher":{"@id":"https:\/\/librairie7l.com\/en\/#organization"},"potentialAction":[{"@type":"SearchAction","target":{"@type":"EntryPoint","urlTemplate":"https:\/\/librairie7l.com\/en\/?s={search_term_string}"},"query-input":"required name=search_term_string"}],"inLanguage":"en-US"},{"@type":"Organization","@id":"https:\/\/librairie7l.com\/en\/#organization","name":"Librairie 7L","url":"https:\/\/librairie7l.com\/en\/","logo":{"@type":"ImageObject","inLanguage":"en-US","@id":"https:\/\/librairie7l.com\/en\/#\/schema\/logo\/image\/","url":"https:\/\/librairie7l.com\/wp-content\/uploads\/2022\/08\/logo-1.png","contentUrl":"https:\/\/librairie7l.com\/wp-content\/uploads\/2022\/08\/logo-1.png","width":227,"height":301,"caption":"Librairie 7L"},"image":{"@id":"https:\/\/librairie7l.com\/en\/#\/schema\/logo\/image\/"}}]}},"_links":{"self":[{"href":"https:\/\/librairie7l.com\/en\/wp-json\/wp\/v2\/product\/42704"}],"collection":[{"href":"https:\/\/librairie7l.com\/en\/wp-json\/wp\/v2\/product"}],"about":[{"href":"https:\/\/librairie7l.com\/en\/wp-json\/wp\/v2\/types\/product"}],"wp:featuredmedia":[{"embeddable":true,"href":"https:\/\/librairie7l.com\/en\/wp-json\/wp\/v2\/media\/42702"}],"wp:attachment":[{"href":"https:\/\/librairie7l.com\/en\/wp-json\/wp\/v2\/media?parent=42704"}],"wp:term":[{"taxonomy":"product_cat","embeddable":true,"href":"https:\/\/librairie7l.com\/en\/wp-json\/wp\/v2\/product_cat?post=42704"},{"taxonomy":"product_tag","embeddable":true,"href":"https:\/\/librairie7l.com\/en\/wp-json\/wp\/v2\/product_tag?post=42704"}],"curies":[{"name":"wp","href":"https:\/\/api.w.org\/{rel}","templated":true}]}}