{"id":42708,"date":"2024-09-20T22:17:20","date_gmt":"2024-09-20T20:17:20","guid":{"rendered":"https:\/\/librairie7l.com\/?post_type=product&#038;p=42708"},"modified":"2026-05-05T10:00:59","modified_gmt":"2026-05-05T08:00:59","slug":"juergen-teller-more-handbags-2","status":"publish","type":"product","link":"https:\/\/librairie7l.com\/en\/produit\/juergen-teller-more-handbags-2\/","title":{"rendered":"JUERGEN TELLER : MORE HANDBAGS"},"content":{"rendered":"<p>Cette \u00e9dition r\u00e9vis\u00e9e et augment\u00e9e des sacs \u00e0 main photographi\u00e9s par Juergen Teller pr\u00e9sente une s\u00e9lection minutieuse d&#8217;images du livre original de 2019, ainsi que ses clich\u00e9s in\u00e9dits. Les campagnes publicitaires de Juergen Teller pour des marques c\u00e9l\u00e8bres telles que Coach, Dolce &amp; Gabbana, Loewe, Saint Laurent et Vivienne Westwood sont pr\u00e9sent\u00e9es \u00e0 c\u00f4t\u00e9 d&#8217;\u00e9ditoriaux de mode, avec des c\u00e9l\u00e9brit\u00e9s et des mannequins ou bien immortalis\u00e9s en tant qu&#8217;objets isol\u00e9s, comme des natures mortes. Teller pr\u00e9sente cet accessoire de mode comme un article du quotidien plut\u00f4t que comme un produit glamour, souvent dans des contextes surprenants ou avec une approche humoristique. Cette fois-ci, More Handbags a la taille compacte d&#8217;un sac \u00e0 main lui-m\u00eame, ce qui le rend plus accessible et maniable.<\/p>\n","protected":false},"excerpt":{"rendered":"<p>Cette \u00e9dition r\u00e9vis\u00e9e et augment\u00e9e des sacs \u00e0 main photographi\u00e9s par Juergen Teller pr\u00e9sente une s\u00e9lection minutieuse d&#8217;images du livre original de 2019, ainsi que ses clich\u00e9s in\u00e9dits. Les campagnes publicitaires de Juergen Teller pour des marques c\u00e9l\u00e8bres telles que Coach, Dolce &amp; Gabbana, Loewe, Saint Laurent et Vivienne Westwood sont pr\u00e9sent\u00e9es \u00e0 c\u00f4t\u00e9 d&#8217;\u00e9ditoriaux [&hellip;]<\/p>\n","protected":false},"featured_media":42706,"template":"","meta":[],"product_cat":[2948],"product_tag":[],"acf":[],"yoast_head":"<!-- This site is optimized with the Yoast SEO plugin v20.11 - https:\/\/yoast.com\/wordpress\/plugins\/seo\/ -->\n<title>Juergen Teller : more handbags - Librairie 7L<\/title>\n<meta name=\"robots\" content=\"index, follow, max-snippet:-1, max-image-preview:large, max-video-preview:-1\" \/>\n<link rel=\"canonical\" href=\"https:\/\/librairie7l.com\/en\/produit\/juergen-teller-more-handbags-2\/\" \/>\n<meta property=\"og:locale\" content=\"en_US\" \/>\n<meta property=\"og:type\" content=\"article\" \/>\n<meta property=\"og:title\" content=\"Juergen Teller : more handbags - Librairie 7L\" \/>\n<meta property=\"og:description\" content=\"Cette \u00e9dition r\u00e9vis\u00e9e et augment\u00e9e des sacs \u00e0 main photographi\u00e9s par Juergen Teller pr\u00e9sente une s\u00e9lection minutieuse d&#8217;images du livre original de 2019, ainsi que ses clich\u00e9s in\u00e9dits. Les campagnes publicitaires de Juergen Teller pour des marques c\u00e9l\u00e8bres telles que Coach, Dolce &amp; Gabbana, Loewe, Saint Laurent et Vivienne Westwood sont pr\u00e9sent\u00e9es \u00e0 c\u00f4t\u00e9 d&#8217;\u00e9ditoriaux [&hellip;]\" \/>\n<meta property=\"og:url\" content=\"https:\/\/librairie7l.com\/en\/produit\/juergen-teller-more-handbags-2\/\" \/>\n<meta property=\"og:site_name\" content=\"Librairie 7L\" \/>\n<meta property=\"article:modified_time\" content=\"2026-05-05T08:00:59+00:00\" \/>\n<meta property=\"og:image\" content=\"https:\/\/librairie7l.com\/wp-content\/uploads\/2023\/08\/9783969992906_1_75.jpg\" \/>\n\t<meta property=\"og:image:width\" content=\"600\" \/>\n\t<meta property=\"og:image:height\" content=\"780\" \/>\n\t<meta property=\"og:image:type\" content=\"image\/jpeg\" \/>\n<meta name=\"twitter:card\" content=\"summary_large_image\" \/>\n<meta name=\"twitter:label1\" content=\"Est. reading time\" \/>\n\t<meta name=\"twitter:data1\" content=\"1 minute\" \/>\n<script type=\"application\/ld+json\" class=\"yoast-schema-graph\">{\"@context\":\"https:\/\/schema.org\",\"@graph\":[{\"@type\":\"WebPage\",\"@id\":\"https:\/\/librairie7l.com\/en\/produit\/juergen-teller-more-handbags-2\/\",\"url\":\"https:\/\/librairie7l.com\/en\/produit\/juergen-teller-more-handbags-2\/\",\"name\":\"Juergen Teller : more handbags - Librairie 7L\",\"isPartOf\":{\"@id\":\"https:\/\/librairie7l.com\/en\/#website\"},\"datePublished\":\"2024-09-20T20:17:20+00:00\",\"dateModified\":\"2026-05-05T08:00:59+00:00\",\"breadcrumb\":{\"@id\":\"https:\/\/librairie7l.com\/en\/produit\/juergen-teller-more-handbags-2\/#breadcrumb\"},\"inLanguage\":\"en-US\",\"potentialAction\":[{\"@type\":\"ReadAction\",\"target\":[\"https:\/\/librairie7l.com\/en\/produit\/juergen-teller-more-handbags-2\/\"]}]},{\"@type\":\"BreadcrumbList\",\"@id\":\"https:\/\/librairie7l.com\/en\/produit\/juergen-teller-more-handbags-2\/#breadcrumb\",\"itemListElement\":[{\"@type\":\"ListItem\",\"position\":1,\"name\":\"Accueil\",\"item\":\"https:\/\/librairie7l.com\/en\/\"},{\"@type\":\"ListItem\",\"position\":2,\"name\":\"Shop\",\"item\":\"https:\/\/librairie7l.com\/en\/shop\/\"},{\"@type\":\"ListItem\",\"position\":3,\"name\":\"JUERGEN TELLER : MORE HANDBAGS\"}]},{\"@type\":\"WebSite\",\"@id\":\"https:\/\/librairie7l.com\/en\/#website\",\"url\":\"https:\/\/librairie7l.com\/en\/\",\"name\":\"Librairie 7L\",\"description\":\"Librairie fond\u00e9e en 1999 par Karl Lagerfeld \u00e0 Paris\",\"publisher\":{\"@id\":\"https:\/\/librairie7l.com\/en\/#organization\"},\"potentialAction\":[{\"@type\":\"SearchAction\",\"target\":{\"@type\":\"EntryPoint\",\"urlTemplate\":\"https:\/\/librairie7l.com\/en\/?s={search_term_string}\"},\"query-input\":\"required name=search_term_string\"}],\"inLanguage\":\"en-US\"},{\"@type\":\"Organization\",\"@id\":\"https:\/\/librairie7l.com\/en\/#organization\",\"name\":\"Librairie 7L\",\"url\":\"https:\/\/librairie7l.com\/en\/\",\"logo\":{\"@type\":\"ImageObject\",\"inLanguage\":\"en-US\",\"@id\":\"https:\/\/librairie7l.com\/en\/#\/schema\/logo\/image\/\",\"url\":\"https:\/\/librairie7l.com\/wp-content\/uploads\/2022\/08\/logo-1.png\",\"contentUrl\":\"https:\/\/librairie7l.com\/wp-content\/uploads\/2022\/08\/logo-1.png\",\"width\":227,\"height\":301,\"caption\":\"Librairie 7L\"},\"image\":{\"@id\":\"https:\/\/librairie7l.com\/en\/#\/schema\/logo\/image\/\"}}]}<\/script>\n<!-- \/ Yoast SEO plugin. -->","yoast_head_json":{"title":"Juergen Teller : more handbags - Librairie 7L","robots":{"index":"index","follow":"follow","max-snippet":"max-snippet:-1","max-image-preview":"max-image-preview:large","max-video-preview":"max-video-preview:-1"},"canonical":"https:\/\/librairie7l.com\/en\/produit\/juergen-teller-more-handbags-2\/","og_locale":"en_US","og_type":"article","og_title":"Juergen Teller : more handbags - Librairie 7L","og_description":"Cette \u00e9dition r\u00e9vis\u00e9e et augment\u00e9e des sacs \u00e0 main photographi\u00e9s par Juergen Teller pr\u00e9sente une s\u00e9lection minutieuse d&#8217;images du livre original de 2019, ainsi que ses clich\u00e9s in\u00e9dits. Les campagnes publicitaires de Juergen Teller pour des marques c\u00e9l\u00e8bres telles que Coach, Dolce &amp; Gabbana, Loewe, Saint Laurent et Vivienne Westwood sont pr\u00e9sent\u00e9es \u00e0 c\u00f4t\u00e9 d&#8217;\u00e9ditoriaux [&hellip;]","og_url":"https:\/\/librairie7l.com\/en\/produit\/juergen-teller-more-handbags-2\/","og_site_name":"Librairie 7L","article_modified_time":"2026-05-05T08:00:59+00:00","og_image":[{"width":600,"height":780,"url":"https:\/\/librairie7l.com\/wp-content\/uploads\/2023\/08\/9783969992906_1_75.jpg","type":"image\/jpeg"}],"twitter_card":"summary_large_image","twitter_misc":{"Est. reading time":"1 minute"},"schema":{"@context":"https:\/\/schema.org","@graph":[{"@type":"WebPage","@id":"https:\/\/librairie7l.com\/en\/produit\/juergen-teller-more-handbags-2\/","url":"https:\/\/librairie7l.com\/en\/produit\/juergen-teller-more-handbags-2\/","name":"Juergen Teller : more handbags - Librairie 7L","isPartOf":{"@id":"https:\/\/librairie7l.com\/en\/#website"},"datePublished":"2024-09-20T20:17:20+00:00","dateModified":"2026-05-05T08:00:59+00:00","breadcrumb":{"@id":"https:\/\/librairie7l.com\/en\/produit\/juergen-teller-more-handbags-2\/#breadcrumb"},"inLanguage":"en-US","potentialAction":[{"@type":"ReadAction","target":["https:\/\/librairie7l.com\/en\/produit\/juergen-teller-more-handbags-2\/"]}]},{"@type":"BreadcrumbList","@id":"https:\/\/librairie7l.com\/en\/produit\/juergen-teller-more-handbags-2\/#breadcrumb","itemListElement":[{"@type":"ListItem","position":1,"name":"Accueil","item":"https:\/\/librairie7l.com\/en\/"},{"@type":"ListItem","position":2,"name":"Shop","item":"https:\/\/librairie7l.com\/en\/shop\/"},{"@type":"ListItem","position":3,"name":"JUERGEN TELLER : MORE HANDBAGS"}]},{"@type":"WebSite","@id":"https:\/\/librairie7l.com\/en\/#website","url":"https:\/\/librairie7l.com\/en\/","name":"Librairie 7L","description":"Librairie fond\u00e9e en 1999 par Karl Lagerfeld \u00e0 Paris","publisher":{"@id":"https:\/\/librairie7l.com\/en\/#organization"},"potentialAction":[{"@type":"SearchAction","target":{"@type":"EntryPoint","urlTemplate":"https:\/\/librairie7l.com\/en\/?s={search_term_string}"},"query-input":"required name=search_term_string"}],"inLanguage":"en-US"},{"@type":"Organization","@id":"https:\/\/librairie7l.com\/en\/#organization","name":"Librairie 7L","url":"https:\/\/librairie7l.com\/en\/","logo":{"@type":"ImageObject","inLanguage":"en-US","@id":"https:\/\/librairie7l.com\/en\/#\/schema\/logo\/image\/","url":"https:\/\/librairie7l.com\/wp-content\/uploads\/2022\/08\/logo-1.png","contentUrl":"https:\/\/librairie7l.com\/wp-content\/uploads\/2022\/08\/logo-1.png","width":227,"height":301,"caption":"Librairie 7L"},"image":{"@id":"https:\/\/librairie7l.com\/en\/#\/schema\/logo\/image\/"}}]}},"_links":{"self":[{"href":"https:\/\/librairie7l.com\/en\/wp-json\/wp\/v2\/product\/42708"}],"collection":[{"href":"https:\/\/librairie7l.com\/en\/wp-json\/wp\/v2\/product"}],"about":[{"href":"https:\/\/librairie7l.com\/en\/wp-json\/wp\/v2\/types\/product"}],"wp:featuredmedia":[{"embeddable":true,"href":"https:\/\/librairie7l.com\/en\/wp-json\/wp\/v2\/media\/42706"}],"wp:attachment":[{"href":"https:\/\/librairie7l.com\/en\/wp-json\/wp\/v2\/media?parent=42708"}],"wp:term":[{"taxonomy":"product_cat","embeddable":true,"href":"https:\/\/librairie7l.com\/en\/wp-json\/wp\/v2\/product_cat?post=42708"},{"taxonomy":"product_tag","embeddable":true,"href":"https:\/\/librairie7l.com\/en\/wp-json\/wp\/v2\/product_tag?post=42708"}],"curies":[{"name":"wp","href":"https:\/\/api.w.org\/{rel}","templated":true}]}}