{"id":42720,"date":"2024-09-20T22:17:28","date_gmt":"2024-09-20T20:17:28","guid":{"rendered":"https:\/\/librairie7l.com\/?post_type=product&#038;p=42720"},"modified":"2026-04-15T16:36:52","modified_gmt":"2026-04-15T14:36:52","slug":"juergen-teller-the-myth-2","status":"publish","type":"product","link":"https:\/\/librairie7l.com\/en\/produit\/juergen-teller-the-myth-2\/","title":{"rendered":"JUERGEN TELLER : THE MYTH"},"content":{"rendered":"<p>Derni\u00e8re collaboration avec son \u00e9pouse Dovile Drizyte, The Myth est l&#8217;interpr\u00e9tation ludique de Juergen Teller du mythe de la fertilit\u00e9 \u00ab les jambes en l&#8217;air \u00bb. Faisant suite \u00e0 la s\u00e9rie humoristique de 2021 &#8220;We are building our future together&#8221;dans laquelle les Tellers se d\u00e9guisaient en ouvriers du b\u00e2timent sur des chantiers, ce projet refl\u00e8te la prochaine \u00e9tape de leur relation alors qu&#8217;ils fondent une famille ensemble. Le lieu o\u00f9 se d\u00e9roule la s\u00e9rie est le Grand H\u00f4tel Villa Serbelloni sur le lac de C\u00f4me, avec des images dans chacune des 97 chambres. Dans certaines, nous voyons le corps nu de Drizyte dans son int\u00e9gralit\u00e9, tandis que dans d&#8217;autres, ses jambes ou ses pieds coup\u00e9s apparaissent de mani\u00e8re inattendue : regardant derri\u00e8re les couettes, les rideaux et les meubles. G\u00e9r\u00e9 par la m\u00eame famille depuis quatre g\u00e9n\u00e9rations et fa\u00e7onn\u00e9 par la tradition, le Grand H\u00f4tel Villa Serbelloni regorge d&#8217;art faisant allusion \u00e0 la maternit\u00e9 et \u00e0 la cellule familiale.<\/p>\n","protected":false},"excerpt":{"rendered":"<p>Derni\u00e8re collaboration avec son \u00e9pouse Dovile Drizyte, The Myth est l&#8217;interpr\u00e9tation ludique de Juergen Teller du mythe de la fertilit\u00e9 \u00ab les jambes en l&#8217;air \u00bb. Faisant suite \u00e0 la s\u00e9rie humoristique de 2021 &#8220;We are building our future together&#8221;dans laquelle les Tellers se d\u00e9guisaient en ouvriers du b\u00e2timent sur des chantiers, ce projet refl\u00e8te [&hellip;]<\/p>\n","protected":false},"featured_media":42718,"template":"","meta":[],"product_cat":[2948],"product_tag":[],"acf":[],"yoast_head":"<!-- This site is optimized with the Yoast SEO plugin v20.11 - https:\/\/yoast.com\/wordpress\/plugins\/seo\/ -->\n<title>Juergen Teller : the myth - Librairie 7L<\/title>\n<meta name=\"robots\" content=\"index, follow, max-snippet:-1, max-image-preview:large, max-video-preview:-1\" \/>\n<link rel=\"canonical\" href=\"https:\/\/librairie7l.com\/en\/produit\/juergen-teller-the-myth-2\/\" \/>\n<meta property=\"og:locale\" content=\"en_US\" \/>\n<meta property=\"og:type\" content=\"article\" \/>\n<meta property=\"og:title\" content=\"Juergen Teller : the myth - Librairie 7L\" \/>\n<meta property=\"og:description\" content=\"Derni\u00e8re collaboration avec son \u00e9pouse Dovile Drizyte, The Myth est l&#8217;interpr\u00e9tation ludique de Juergen Teller du mythe de la fertilit\u00e9 \u00ab les jambes en l&#8217;air \u00bb. Faisant suite \u00e0 la s\u00e9rie humoristique de 2021 &#8220;We are building our future together&#8221;dans laquelle les Tellers se d\u00e9guisaient en ouvriers du b\u00e2timent sur des chantiers, ce projet refl\u00e8te [&hellip;]\" \/>\n<meta property=\"og:url\" content=\"https:\/\/librairie7l.com\/en\/produit\/juergen-teller-the-myth-2\/\" \/>\n<meta property=\"og:site_name\" content=\"Librairie 7L\" \/>\n<meta property=\"article:modified_time\" content=\"2026-04-15T14:36:52+00:00\" \/>\n<meta property=\"og:image\" content=\"https:\/\/librairie7l.com\/wp-content\/uploads\/2023\/08\/9783969992944_1_75.jpg\" \/>\n\t<meta property=\"og:image:width\" content=\"500\" \/>\n\t<meta property=\"og:image:height\" content=\"365\" \/>\n\t<meta property=\"og:image:type\" content=\"image\/jpeg\" \/>\n<meta name=\"twitter:card\" content=\"summary_large_image\" \/>\n<meta name=\"twitter:label1\" content=\"Est. reading time\" \/>\n\t<meta name=\"twitter:data1\" content=\"1 minute\" \/>\n<script type=\"application\/ld+json\" class=\"yoast-schema-graph\">{\"@context\":\"https:\/\/schema.org\",\"@graph\":[{\"@type\":\"WebPage\",\"@id\":\"https:\/\/librairie7l.com\/en\/produit\/juergen-teller-the-myth-2\/\",\"url\":\"https:\/\/librairie7l.com\/en\/produit\/juergen-teller-the-myth-2\/\",\"name\":\"Juergen Teller : the myth - Librairie 7L\",\"isPartOf\":{\"@id\":\"https:\/\/librairie7l.com\/en\/#website\"},\"datePublished\":\"2024-09-20T20:17:28+00:00\",\"dateModified\":\"2026-04-15T14:36:52+00:00\",\"breadcrumb\":{\"@id\":\"https:\/\/librairie7l.com\/en\/produit\/juergen-teller-the-myth-2\/#breadcrumb\"},\"inLanguage\":\"en-US\",\"potentialAction\":[{\"@type\":\"ReadAction\",\"target\":[\"https:\/\/librairie7l.com\/en\/produit\/juergen-teller-the-myth-2\/\"]}]},{\"@type\":\"BreadcrumbList\",\"@id\":\"https:\/\/librairie7l.com\/en\/produit\/juergen-teller-the-myth-2\/#breadcrumb\",\"itemListElement\":[{\"@type\":\"ListItem\",\"position\":1,\"name\":\"Accueil\",\"item\":\"https:\/\/librairie7l.com\/en\/\"},{\"@type\":\"ListItem\",\"position\":2,\"name\":\"Shop\",\"item\":\"https:\/\/librairie7l.com\/en\/shop\/\"},{\"@type\":\"ListItem\",\"position\":3,\"name\":\"JUERGEN TELLER : THE MYTH\"}]},{\"@type\":\"WebSite\",\"@id\":\"https:\/\/librairie7l.com\/en\/#website\",\"url\":\"https:\/\/librairie7l.com\/en\/\",\"name\":\"Librairie 7L\",\"description\":\"Librairie fond\u00e9e en 1999 par Karl Lagerfeld \u00e0 Paris\",\"publisher\":{\"@id\":\"https:\/\/librairie7l.com\/en\/#organization\"},\"potentialAction\":[{\"@type\":\"SearchAction\",\"target\":{\"@type\":\"EntryPoint\",\"urlTemplate\":\"https:\/\/librairie7l.com\/en\/?s={search_term_string}\"},\"query-input\":\"required name=search_term_string\"}],\"inLanguage\":\"en-US\"},{\"@type\":\"Organization\",\"@id\":\"https:\/\/librairie7l.com\/en\/#organization\",\"name\":\"Librairie 7L\",\"url\":\"https:\/\/librairie7l.com\/en\/\",\"logo\":{\"@type\":\"ImageObject\",\"inLanguage\":\"en-US\",\"@id\":\"https:\/\/librairie7l.com\/en\/#\/schema\/logo\/image\/\",\"url\":\"https:\/\/librairie7l.com\/wp-content\/uploads\/2022\/08\/logo-1.png\",\"contentUrl\":\"https:\/\/librairie7l.com\/wp-content\/uploads\/2022\/08\/logo-1.png\",\"width\":227,\"height\":301,\"caption\":\"Librairie 7L\"},\"image\":{\"@id\":\"https:\/\/librairie7l.com\/en\/#\/schema\/logo\/image\/\"}}]}<\/script>\n<!-- \/ Yoast SEO plugin. -->","yoast_head_json":{"title":"Juergen Teller : the myth - Librairie 7L","robots":{"index":"index","follow":"follow","max-snippet":"max-snippet:-1","max-image-preview":"max-image-preview:large","max-video-preview":"max-video-preview:-1"},"canonical":"https:\/\/librairie7l.com\/en\/produit\/juergen-teller-the-myth-2\/","og_locale":"en_US","og_type":"article","og_title":"Juergen Teller : the myth - Librairie 7L","og_description":"Derni\u00e8re collaboration avec son \u00e9pouse Dovile Drizyte, The Myth est l&#8217;interpr\u00e9tation ludique de Juergen Teller du mythe de la fertilit\u00e9 \u00ab les jambes en l&#8217;air \u00bb. Faisant suite \u00e0 la s\u00e9rie humoristique de 2021 &#8220;We are building our future together&#8221;dans laquelle les Tellers se d\u00e9guisaient en ouvriers du b\u00e2timent sur des chantiers, ce projet refl\u00e8te [&hellip;]","og_url":"https:\/\/librairie7l.com\/en\/produit\/juergen-teller-the-myth-2\/","og_site_name":"Librairie 7L","article_modified_time":"2026-04-15T14:36:52+00:00","og_image":[{"width":500,"height":365,"url":"https:\/\/librairie7l.com\/wp-content\/uploads\/2023\/08\/9783969992944_1_75.jpg","type":"image\/jpeg"}],"twitter_card":"summary_large_image","twitter_misc":{"Est. reading time":"1 minute"},"schema":{"@context":"https:\/\/schema.org","@graph":[{"@type":"WebPage","@id":"https:\/\/librairie7l.com\/en\/produit\/juergen-teller-the-myth-2\/","url":"https:\/\/librairie7l.com\/en\/produit\/juergen-teller-the-myth-2\/","name":"Juergen Teller : the myth - Librairie 7L","isPartOf":{"@id":"https:\/\/librairie7l.com\/en\/#website"},"datePublished":"2024-09-20T20:17:28+00:00","dateModified":"2026-04-15T14:36:52+00:00","breadcrumb":{"@id":"https:\/\/librairie7l.com\/en\/produit\/juergen-teller-the-myth-2\/#breadcrumb"},"inLanguage":"en-US","potentialAction":[{"@type":"ReadAction","target":["https:\/\/librairie7l.com\/en\/produit\/juergen-teller-the-myth-2\/"]}]},{"@type":"BreadcrumbList","@id":"https:\/\/librairie7l.com\/en\/produit\/juergen-teller-the-myth-2\/#breadcrumb","itemListElement":[{"@type":"ListItem","position":1,"name":"Accueil","item":"https:\/\/librairie7l.com\/en\/"},{"@type":"ListItem","position":2,"name":"Shop","item":"https:\/\/librairie7l.com\/en\/shop\/"},{"@type":"ListItem","position":3,"name":"JUERGEN TELLER : THE MYTH"}]},{"@type":"WebSite","@id":"https:\/\/librairie7l.com\/en\/#website","url":"https:\/\/librairie7l.com\/en\/","name":"Librairie 7L","description":"Librairie fond\u00e9e en 1999 par Karl Lagerfeld \u00e0 Paris","publisher":{"@id":"https:\/\/librairie7l.com\/en\/#organization"},"potentialAction":[{"@type":"SearchAction","target":{"@type":"EntryPoint","urlTemplate":"https:\/\/librairie7l.com\/en\/?s={search_term_string}"},"query-input":"required name=search_term_string"}],"inLanguage":"en-US"},{"@type":"Organization","@id":"https:\/\/librairie7l.com\/en\/#organization","name":"Librairie 7L","url":"https:\/\/librairie7l.com\/en\/","logo":{"@type":"ImageObject","inLanguage":"en-US","@id":"https:\/\/librairie7l.com\/en\/#\/schema\/logo\/image\/","url":"https:\/\/librairie7l.com\/wp-content\/uploads\/2022\/08\/logo-1.png","contentUrl":"https:\/\/librairie7l.com\/wp-content\/uploads\/2022\/08\/logo-1.png","width":227,"height":301,"caption":"Librairie 7L"},"image":{"@id":"https:\/\/librairie7l.com\/en\/#\/schema\/logo\/image\/"}}]}},"_links":{"self":[{"href":"https:\/\/librairie7l.com\/en\/wp-json\/wp\/v2\/product\/42720"}],"collection":[{"href":"https:\/\/librairie7l.com\/en\/wp-json\/wp\/v2\/product"}],"about":[{"href":"https:\/\/librairie7l.com\/en\/wp-json\/wp\/v2\/types\/product"}],"wp:featuredmedia":[{"embeddable":true,"href":"https:\/\/librairie7l.com\/en\/wp-json\/wp\/v2\/media\/42718"}],"wp:attachment":[{"href":"https:\/\/librairie7l.com\/en\/wp-json\/wp\/v2\/media?parent=42720"}],"wp:term":[{"taxonomy":"product_cat","embeddable":true,"href":"https:\/\/librairie7l.com\/en\/wp-json\/wp\/v2\/product_cat?post=42720"},{"taxonomy":"product_tag","embeddable":true,"href":"https:\/\/librairie7l.com\/en\/wp-json\/wp\/v2\/product_tag?post=42720"}],"curies":[{"name":"wp","href":"https:\/\/api.w.org\/{rel}","templated":true}]}}