{"id":42761,"date":"2024-09-24T17:37:00","date_gmt":"2024-09-24T15:37:00","guid":{"rendered":"https:\/\/librairie7l.com\/?post_type=product&#038;p=42761"},"modified":"2026-04-05T15:54:21","modified_gmt":"2026-04-05T13:54:21","slug":"la-nouvelle-encyclopedie-du-tricot-toutes-les-techniques-et-astuces-du-niveau-debutant-a-expert-2","status":"publish","type":"product","link":"https:\/\/librairie7l.com\/en\/produit\/la-nouvelle-encyclopedie-du-tricot-toutes-les-techniques-et-astuces-du-niveau-debutant-a-expert-2\/","title":{"rendered":"LA NOUVELLE ENCYCLOP\u00c9DIE DU TRICOT : TOUTES LES TECHNIQUES ET ASTUCES DU NIVEAU D\u00c9BUTANT \u00c0 EXPERT"},"content":{"rendered":"<p>Le seul livre de tricot dont vous avez besoin !<\/p>\n<p>Que vous d\u00e9butiez ou soyez expert, cette encyclop\u00e9die r\u00e9pondra \u00e0 toutes vos interrogations. Pour commencer sereinement, vous saurez tout sur le mat\u00e9riel et les fils ainsi que les techniques de base de montage de mailles, de diminutions, d&#8217;augmentation ou encore de couture des pi\u00e8ces. Une fois ces \u00e9l\u00e9ments ma\u00eetris\u00e9s, passez \u00e0 la vitesse sup\u00e9rieure gr\u00e2ce aux conseils de Debbie Tomkies, pour soigner vos finitions et tous les d\u00e9tails qui font la diff\u00e9rence. Vous pourrez enfin assimiler les techniques les plus complexes de tricot circulaire, de dentelle ou de jacquard.<\/p>\n<p>Chaque technique est d\u00e9taill\u00e9e en pas \u00e0 pas et illustr\u00e9e de nombreuses photos d\u00e9composant les gestes avec pr\u00e9cision. Des astuces distill\u00e9es au fil des pages vous permettent d&#8217;\u00e9viter les erreurs et de tricoter des cr\u00e9ations parfaites.<\/p>\n","protected":false},"excerpt":{"rendered":"<p>Le seul livre de tricot dont vous avez besoin ! Que vous d\u00e9butiez ou soyez expert, cette encyclop\u00e9die r\u00e9pondra \u00e0 toutes vos interrogations. Pour commencer sereinement, vous saurez tout sur le mat\u00e9riel et les fils ainsi que les techniques de base de montage de mailles, de diminutions, d&#8217;augmentation ou encore de couture des pi\u00e8ces. Une [&hellip;]<\/p>\n","protected":false},"featured_media":42759,"template":"","meta":[],"product_cat":[7364,2948],"product_tag":[],"acf":[],"yoast_head":"<!-- This site is optimized with the Yoast SEO plugin v20.11 - https:\/\/yoast.com\/wordpress\/plugins\/seo\/ -->\n<title>La nouvelle encyclop\u00e9die du tricot : toutes les techniques et astuces du niveau d\u00e9butant \u00e0 expert - Librairie 7L<\/title>\n<meta name=\"robots\" content=\"index, follow, max-snippet:-1, max-image-preview:large, max-video-preview:-1\" \/>\n<link rel=\"canonical\" href=\"https:\/\/librairie7l.com\/en\/produit\/la-nouvelle-encyclopedie-du-tricot-toutes-les-techniques-et-astuces-du-niveau-debutant-a-expert-2\/\" \/>\n<meta property=\"og:locale\" content=\"en_US\" \/>\n<meta property=\"og:type\" content=\"article\" \/>\n<meta property=\"og:title\" content=\"La nouvelle encyclop\u00e9die du tricot : toutes les techniques et astuces du niveau d\u00e9butant \u00e0 expert - Librairie 7L\" \/>\n<meta property=\"og:description\" content=\"Le seul livre de tricot dont vous avez besoin ! Que vous d\u00e9butiez ou soyez expert, cette encyclop\u00e9die r\u00e9pondra \u00e0 toutes vos interrogations. Pour commencer sereinement, vous saurez tout sur le mat\u00e9riel et les fils ainsi que les techniques de base de montage de mailles, de diminutions, d&#8217;augmentation ou encore de couture des pi\u00e8ces. Une [&hellip;]\" \/>\n<meta property=\"og:url\" content=\"https:\/\/librairie7l.com\/en\/produit\/la-nouvelle-encyclopedie-du-tricot-toutes-les-techniques-et-astuces-du-niveau-debutant-a-expert-2\/\" \/>\n<meta property=\"og:site_name\" content=\"Librairie 7L\" \/>\n<meta property=\"article:modified_time\" content=\"2026-04-05T13:54:21+00:00\" \/>\n<meta property=\"og:image\" content=\"https:\/\/librairie7l.com\/wp-content\/uploads\/2022\/11\/9782317030819_1_75.jpg\" \/>\n\t<meta property=\"og:image:width\" content=\"600\" \/>\n\t<meta property=\"og:image:height\" content=\"700\" \/>\n\t<meta property=\"og:image:type\" content=\"image\/jpeg\" \/>\n<meta name=\"twitter:card\" content=\"summary_large_image\" \/>\n<meta name=\"twitter:label1\" content=\"Est. reading time\" \/>\n\t<meta name=\"twitter:data1\" content=\"1 minute\" \/>\n<script type=\"application\/ld+json\" class=\"yoast-schema-graph\">{\"@context\":\"https:\/\/schema.org\",\"@graph\":[{\"@type\":\"WebPage\",\"@id\":\"https:\/\/librairie7l.com\/en\/produit\/la-nouvelle-encyclopedie-du-tricot-toutes-les-techniques-et-astuces-du-niveau-debutant-a-expert-2\/\",\"url\":\"https:\/\/librairie7l.com\/en\/produit\/la-nouvelle-encyclopedie-du-tricot-toutes-les-techniques-et-astuces-du-niveau-debutant-a-expert-2\/\",\"name\":\"La nouvelle encyclop\u00e9die du tricot : toutes les techniques et astuces du niveau d\u00e9butant \u00e0 expert - Librairie 7L\",\"isPartOf\":{\"@id\":\"https:\/\/librairie7l.com\/en\/#website\"},\"datePublished\":\"2024-09-24T15:37:00+00:00\",\"dateModified\":\"2026-04-05T13:54:21+00:00\",\"breadcrumb\":{\"@id\":\"https:\/\/librairie7l.com\/en\/produit\/la-nouvelle-encyclopedie-du-tricot-toutes-les-techniques-et-astuces-du-niveau-debutant-a-expert-2\/#breadcrumb\"},\"inLanguage\":\"en-US\",\"potentialAction\":[{\"@type\":\"ReadAction\",\"target\":[\"https:\/\/librairie7l.com\/en\/produit\/la-nouvelle-encyclopedie-du-tricot-toutes-les-techniques-et-astuces-du-niveau-debutant-a-expert-2\/\"]}]},{\"@type\":\"BreadcrumbList\",\"@id\":\"https:\/\/librairie7l.com\/en\/produit\/la-nouvelle-encyclopedie-du-tricot-toutes-les-techniques-et-astuces-du-niveau-debutant-a-expert-2\/#breadcrumb\",\"itemListElement\":[{\"@type\":\"ListItem\",\"position\":1,\"name\":\"Accueil\",\"item\":\"https:\/\/librairie7l.com\/en\/\"},{\"@type\":\"ListItem\",\"position\":2,\"name\":\"Shop\",\"item\":\"https:\/\/librairie7l.com\/en\/shop\/\"},{\"@type\":\"ListItem\",\"position\":3,\"name\":\"LA NOUVELLE ENCYCLOP\u00c9DIE DU TRICOT : TOUTES LES TECHNIQUES ET ASTUCES DU NIVEAU D\u00c9BUTANT \u00c0 EXPERT\"}]},{\"@type\":\"WebSite\",\"@id\":\"https:\/\/librairie7l.com\/en\/#website\",\"url\":\"https:\/\/librairie7l.com\/en\/\",\"name\":\"Librairie 7L\",\"description\":\"Librairie fond\u00e9e en 1999 par Karl Lagerfeld \u00e0 Paris\",\"publisher\":{\"@id\":\"https:\/\/librairie7l.com\/en\/#organization\"},\"potentialAction\":[{\"@type\":\"SearchAction\",\"target\":{\"@type\":\"EntryPoint\",\"urlTemplate\":\"https:\/\/librairie7l.com\/en\/?s={search_term_string}\"},\"query-input\":\"required name=search_term_string\"}],\"inLanguage\":\"en-US\"},{\"@type\":\"Organization\",\"@id\":\"https:\/\/librairie7l.com\/en\/#organization\",\"name\":\"Librairie 7L\",\"url\":\"https:\/\/librairie7l.com\/en\/\",\"logo\":{\"@type\":\"ImageObject\",\"inLanguage\":\"en-US\",\"@id\":\"https:\/\/librairie7l.com\/en\/#\/schema\/logo\/image\/\",\"url\":\"https:\/\/librairie7l.com\/wp-content\/uploads\/2022\/08\/logo-1.png\",\"contentUrl\":\"https:\/\/librairie7l.com\/wp-content\/uploads\/2022\/08\/logo-1.png\",\"width\":227,\"height\":301,\"caption\":\"Librairie 7L\"},\"image\":{\"@id\":\"https:\/\/librairie7l.com\/en\/#\/schema\/logo\/image\/\"}}]}<\/script>\n<!-- \/ Yoast SEO plugin. -->","yoast_head_json":{"title":"La nouvelle encyclop\u00e9die du tricot : toutes les techniques et astuces du niveau d\u00e9butant \u00e0 expert - Librairie 7L","robots":{"index":"index","follow":"follow","max-snippet":"max-snippet:-1","max-image-preview":"max-image-preview:large","max-video-preview":"max-video-preview:-1"},"canonical":"https:\/\/librairie7l.com\/en\/produit\/la-nouvelle-encyclopedie-du-tricot-toutes-les-techniques-et-astuces-du-niveau-debutant-a-expert-2\/","og_locale":"en_US","og_type":"article","og_title":"La nouvelle encyclop\u00e9die du tricot : toutes les techniques et astuces du niveau d\u00e9butant \u00e0 expert - Librairie 7L","og_description":"Le seul livre de tricot dont vous avez besoin ! Que vous d\u00e9butiez ou soyez expert, cette encyclop\u00e9die r\u00e9pondra \u00e0 toutes vos interrogations. Pour commencer sereinement, vous saurez tout sur le mat\u00e9riel et les fils ainsi que les techniques de base de montage de mailles, de diminutions, d&#8217;augmentation ou encore de couture des pi\u00e8ces. Une [&hellip;]","og_url":"https:\/\/librairie7l.com\/en\/produit\/la-nouvelle-encyclopedie-du-tricot-toutes-les-techniques-et-astuces-du-niveau-debutant-a-expert-2\/","og_site_name":"Librairie 7L","article_modified_time":"2026-04-05T13:54:21+00:00","og_image":[{"width":600,"height":700,"url":"https:\/\/librairie7l.com\/wp-content\/uploads\/2022\/11\/9782317030819_1_75.jpg","type":"image\/jpeg"}],"twitter_card":"summary_large_image","twitter_misc":{"Est. reading time":"1 minute"},"schema":{"@context":"https:\/\/schema.org","@graph":[{"@type":"WebPage","@id":"https:\/\/librairie7l.com\/en\/produit\/la-nouvelle-encyclopedie-du-tricot-toutes-les-techniques-et-astuces-du-niveau-debutant-a-expert-2\/","url":"https:\/\/librairie7l.com\/en\/produit\/la-nouvelle-encyclopedie-du-tricot-toutes-les-techniques-et-astuces-du-niveau-debutant-a-expert-2\/","name":"La nouvelle encyclop\u00e9die du tricot : toutes les techniques et astuces du niveau d\u00e9butant \u00e0 expert - Librairie 7L","isPartOf":{"@id":"https:\/\/librairie7l.com\/en\/#website"},"datePublished":"2024-09-24T15:37:00+00:00","dateModified":"2026-04-05T13:54:21+00:00","breadcrumb":{"@id":"https:\/\/librairie7l.com\/en\/produit\/la-nouvelle-encyclopedie-du-tricot-toutes-les-techniques-et-astuces-du-niveau-debutant-a-expert-2\/#breadcrumb"},"inLanguage":"en-US","potentialAction":[{"@type":"ReadAction","target":["https:\/\/librairie7l.com\/en\/produit\/la-nouvelle-encyclopedie-du-tricot-toutes-les-techniques-et-astuces-du-niveau-debutant-a-expert-2\/"]}]},{"@type":"BreadcrumbList","@id":"https:\/\/librairie7l.com\/en\/produit\/la-nouvelle-encyclopedie-du-tricot-toutes-les-techniques-et-astuces-du-niveau-debutant-a-expert-2\/#breadcrumb","itemListElement":[{"@type":"ListItem","position":1,"name":"Accueil","item":"https:\/\/librairie7l.com\/en\/"},{"@type":"ListItem","position":2,"name":"Shop","item":"https:\/\/librairie7l.com\/en\/shop\/"},{"@type":"ListItem","position":3,"name":"LA NOUVELLE ENCYCLOP\u00c9DIE DU TRICOT : TOUTES LES TECHNIQUES ET ASTUCES DU NIVEAU D\u00c9BUTANT \u00c0 EXPERT"}]},{"@type":"WebSite","@id":"https:\/\/librairie7l.com\/en\/#website","url":"https:\/\/librairie7l.com\/en\/","name":"Librairie 7L","description":"Librairie fond\u00e9e en 1999 par Karl Lagerfeld \u00e0 Paris","publisher":{"@id":"https:\/\/librairie7l.com\/en\/#organization"},"potentialAction":[{"@type":"SearchAction","target":{"@type":"EntryPoint","urlTemplate":"https:\/\/librairie7l.com\/en\/?s={search_term_string}"},"query-input":"required name=search_term_string"}],"inLanguage":"en-US"},{"@type":"Organization","@id":"https:\/\/librairie7l.com\/en\/#organization","name":"Librairie 7L","url":"https:\/\/librairie7l.com\/en\/","logo":{"@type":"ImageObject","inLanguage":"en-US","@id":"https:\/\/librairie7l.com\/en\/#\/schema\/logo\/image\/","url":"https:\/\/librairie7l.com\/wp-content\/uploads\/2022\/08\/logo-1.png","contentUrl":"https:\/\/librairie7l.com\/wp-content\/uploads\/2022\/08\/logo-1.png","width":227,"height":301,"caption":"Librairie 7L"},"image":{"@id":"https:\/\/librairie7l.com\/en\/#\/schema\/logo\/image\/"}}]}},"_links":{"self":[{"href":"https:\/\/librairie7l.com\/en\/wp-json\/wp\/v2\/product\/42761"}],"collection":[{"href":"https:\/\/librairie7l.com\/en\/wp-json\/wp\/v2\/product"}],"about":[{"href":"https:\/\/librairie7l.com\/en\/wp-json\/wp\/v2\/types\/product"}],"wp:featuredmedia":[{"embeddable":true,"href":"https:\/\/librairie7l.com\/en\/wp-json\/wp\/v2\/media\/42759"}],"wp:attachment":[{"href":"https:\/\/librairie7l.com\/en\/wp-json\/wp\/v2\/media?parent=42761"}],"wp:term":[{"taxonomy":"product_cat","embeddable":true,"href":"https:\/\/librairie7l.com\/en\/wp-json\/wp\/v2\/product_cat?post=42761"},{"taxonomy":"product_tag","embeddable":true,"href":"https:\/\/librairie7l.com\/en\/wp-json\/wp\/v2\/product_tag?post=42761"}],"curies":[{"name":"wp","href":"https:\/\/api.w.org\/{rel}","templated":true}]}}