{"id":42765,"date":"2024-09-24T22:16:57","date_gmt":"2024-09-24T20:16:57","guid":{"rendered":"https:\/\/librairie7l.com\/?post_type=product&#038;p=42765"},"modified":"2026-05-01T11:05:32","modified_gmt":"2026-05-01T09:05:32","slug":"harriet-backer-2","status":"publish","type":"product","link":"https:\/\/librairie7l.com\/en\/produit\/harriet-backer-2\/","title":{"rendered":"HARRIET BACKER"},"content":{"rendered":"<p>M\u00e9connue en dehors des fronti\u00e8res de son pays, Harriet Backer (1845-1932) est pourtant la peintre femme la plus renomm\u00e9e en Norv\u00e8ge \u00e0 la fin du XIX? si\u00e8cle. Apr\u00e8s une formation \u00e0 Munich et \u00e0 Paris, puisant son inspiration dans le courant naturaliste et dans les innovations de l&#8217;impressionnisme, cette artiste cosmopolite a su cr\u00e9er une oeuvre tr\u00e8s personnelle. Harriet Backer s&#8217;empare de la sph\u00e8re priv\u00e9e et la d\u00e9cline tout au long de sa carri\u00e8re. Les int\u00e9rieurs paysans en Bretagne et en Norv\u00e8ge, les pi\u00e8ces du quotidien, les salons-ateliers des logements parisiens des artistes de son r\u00e9seau scandinave ou les \u00e9glises typiques norv\u00e9giennes deviennent ses motifs de pr\u00e9dilection. La musique tient \u00e9galement une place essentielle dans la vie de Backer, dont la soeur Agathe, compositrice de renom, a fortement influenc\u00e9 l&#8217;oeuvre, comme si le piano et le pinceau vibraient \u00e0 l&#8217;unisson, emport\u00e9s dans un m\u00eame \u00e9lan. Cette premi\u00e8re monographie fran\u00e7aise consacr\u00e9e \u00e0 l&#8217;artiste \u00e9claire les liens privil\u00e9gi\u00e9s entretenus entre les peintres norv\u00e9giens et les avant-gardes parisiennes, met en lumi\u00e8re la trajectoire d&#8217;une femme volontaire et d\u00e9voile sa touche singuli\u00e8re \u00e0 la fois libre et r\u00e9fl\u00e9chie, et son utilisation magistrale de la couleur.<\/p>\n","protected":false},"excerpt":{"rendered":"<p>M\u00e9connue en dehors des fronti\u00e8res de son pays, Harriet Backer (1845-1932) est pourtant la peintre femme la plus renomm\u00e9e en Norv\u00e8ge \u00e0 la fin du XIX? si\u00e8cle. Apr\u00e8s une formation \u00e0 Munich et \u00e0 Paris, puisant son inspiration dans le courant naturaliste et dans les innovations de l&#8217;impressionnisme, cette artiste cosmopolite a su cr\u00e9er une [&hellip;]<\/p>\n","protected":false},"featured_media":42763,"template":"","meta":[],"product_cat":[2948],"product_tag":[],"acf":[],"yoast_head":"<!-- This site is optimized with the Yoast SEO plugin v20.11 - https:\/\/yoast.com\/wordpress\/plugins\/seo\/ -->\n<title>Harriet Backer - Librairie 7L<\/title>\n<meta name=\"robots\" content=\"index, follow, max-snippet:-1, max-image-preview:large, max-video-preview:-1\" \/>\n<link rel=\"canonical\" href=\"https:\/\/librairie7l.com\/en\/produit\/harriet-backer-2\/\" \/>\n<meta property=\"og:locale\" content=\"en_US\" \/>\n<meta property=\"og:type\" content=\"article\" \/>\n<meta property=\"og:title\" content=\"Harriet Backer - Librairie 7L\" \/>\n<meta property=\"og:description\" content=\"M\u00e9connue en dehors des fronti\u00e8res de son pays, Harriet Backer (1845-1932) est pourtant la peintre femme la plus renomm\u00e9e en Norv\u00e8ge \u00e0 la fin du XIX? si\u00e8cle. Apr\u00e8s une formation \u00e0 Munich et \u00e0 Paris, puisant son inspiration dans le courant naturaliste et dans les innovations de l&#8217;impressionnisme, cette artiste cosmopolite a su cr\u00e9er une [&hellip;]\" \/>\n<meta property=\"og:url\" content=\"https:\/\/librairie7l.com\/en\/produit\/harriet-backer-2\/\" \/>\n<meta property=\"og:site_name\" content=\"Librairie 7L\" \/>\n<meta property=\"article:modified_time\" content=\"2026-05-01T09:05:32+00:00\" \/>\n<meta property=\"og:image\" content=\"https:\/\/librairie7l.com\/wp-content\/uploads\/2024\/04\/9782080453389_1_75.jpg\" \/>\n\t<meta property=\"og:image:width\" content=\"600\" \/>\n\t<meta property=\"og:image:height\" content=\"800\" \/>\n\t<meta property=\"og:image:type\" content=\"image\/jpeg\" \/>\n<meta name=\"twitter:card\" content=\"summary_large_image\" \/>\n<meta name=\"twitter:label1\" content=\"Est. reading time\" \/>\n\t<meta name=\"twitter:data1\" content=\"1 minute\" \/>\n<script type=\"application\/ld+json\" class=\"yoast-schema-graph\">{\"@context\":\"https:\/\/schema.org\",\"@graph\":[{\"@type\":\"WebPage\",\"@id\":\"https:\/\/librairie7l.com\/en\/produit\/harriet-backer-2\/\",\"url\":\"https:\/\/librairie7l.com\/en\/produit\/harriet-backer-2\/\",\"name\":\"Harriet Backer - Librairie 7L\",\"isPartOf\":{\"@id\":\"https:\/\/librairie7l.com\/en\/#website\"},\"datePublished\":\"2024-09-24T20:16:57+00:00\",\"dateModified\":\"2026-05-01T09:05:32+00:00\",\"breadcrumb\":{\"@id\":\"https:\/\/librairie7l.com\/en\/produit\/harriet-backer-2\/#breadcrumb\"},\"inLanguage\":\"en-US\",\"potentialAction\":[{\"@type\":\"ReadAction\",\"target\":[\"https:\/\/librairie7l.com\/en\/produit\/harriet-backer-2\/\"]}]},{\"@type\":\"BreadcrumbList\",\"@id\":\"https:\/\/librairie7l.com\/en\/produit\/harriet-backer-2\/#breadcrumb\",\"itemListElement\":[{\"@type\":\"ListItem\",\"position\":1,\"name\":\"Accueil\",\"item\":\"https:\/\/librairie7l.com\/en\/\"},{\"@type\":\"ListItem\",\"position\":2,\"name\":\"Shop\",\"item\":\"https:\/\/librairie7l.com\/en\/shop\/\"},{\"@type\":\"ListItem\",\"position\":3,\"name\":\"HARRIET BACKER\"}]},{\"@type\":\"WebSite\",\"@id\":\"https:\/\/librairie7l.com\/en\/#website\",\"url\":\"https:\/\/librairie7l.com\/en\/\",\"name\":\"Librairie 7L\",\"description\":\"Librairie fond\u00e9e en 1999 par Karl Lagerfeld \u00e0 Paris\",\"publisher\":{\"@id\":\"https:\/\/librairie7l.com\/en\/#organization\"},\"potentialAction\":[{\"@type\":\"SearchAction\",\"target\":{\"@type\":\"EntryPoint\",\"urlTemplate\":\"https:\/\/librairie7l.com\/en\/?s={search_term_string}\"},\"query-input\":\"required name=search_term_string\"}],\"inLanguage\":\"en-US\"},{\"@type\":\"Organization\",\"@id\":\"https:\/\/librairie7l.com\/en\/#organization\",\"name\":\"Librairie 7L\",\"url\":\"https:\/\/librairie7l.com\/en\/\",\"logo\":{\"@type\":\"ImageObject\",\"inLanguage\":\"en-US\",\"@id\":\"https:\/\/librairie7l.com\/en\/#\/schema\/logo\/image\/\",\"url\":\"https:\/\/librairie7l.com\/wp-content\/uploads\/2022\/08\/logo-1.png\",\"contentUrl\":\"https:\/\/librairie7l.com\/wp-content\/uploads\/2022\/08\/logo-1.png\",\"width\":227,\"height\":301,\"caption\":\"Librairie 7L\"},\"image\":{\"@id\":\"https:\/\/librairie7l.com\/en\/#\/schema\/logo\/image\/\"}}]}<\/script>\n<!-- \/ Yoast SEO plugin. -->","yoast_head_json":{"title":"Harriet Backer - Librairie 7L","robots":{"index":"index","follow":"follow","max-snippet":"max-snippet:-1","max-image-preview":"max-image-preview:large","max-video-preview":"max-video-preview:-1"},"canonical":"https:\/\/librairie7l.com\/en\/produit\/harriet-backer-2\/","og_locale":"en_US","og_type":"article","og_title":"Harriet Backer - Librairie 7L","og_description":"M\u00e9connue en dehors des fronti\u00e8res de son pays, Harriet Backer (1845-1932) est pourtant la peintre femme la plus renomm\u00e9e en Norv\u00e8ge \u00e0 la fin du XIX? si\u00e8cle. Apr\u00e8s une formation \u00e0 Munich et \u00e0 Paris, puisant son inspiration dans le courant naturaliste et dans les innovations de l&#8217;impressionnisme, cette artiste cosmopolite a su cr\u00e9er une [&hellip;]","og_url":"https:\/\/librairie7l.com\/en\/produit\/harriet-backer-2\/","og_site_name":"Librairie 7L","article_modified_time":"2026-05-01T09:05:32+00:00","og_image":[{"width":600,"height":800,"url":"https:\/\/librairie7l.com\/wp-content\/uploads\/2024\/04\/9782080453389_1_75.jpg","type":"image\/jpeg"}],"twitter_card":"summary_large_image","twitter_misc":{"Est. reading time":"1 minute"},"schema":{"@context":"https:\/\/schema.org","@graph":[{"@type":"WebPage","@id":"https:\/\/librairie7l.com\/en\/produit\/harriet-backer-2\/","url":"https:\/\/librairie7l.com\/en\/produit\/harriet-backer-2\/","name":"Harriet Backer - Librairie 7L","isPartOf":{"@id":"https:\/\/librairie7l.com\/en\/#website"},"datePublished":"2024-09-24T20:16:57+00:00","dateModified":"2026-05-01T09:05:32+00:00","breadcrumb":{"@id":"https:\/\/librairie7l.com\/en\/produit\/harriet-backer-2\/#breadcrumb"},"inLanguage":"en-US","potentialAction":[{"@type":"ReadAction","target":["https:\/\/librairie7l.com\/en\/produit\/harriet-backer-2\/"]}]},{"@type":"BreadcrumbList","@id":"https:\/\/librairie7l.com\/en\/produit\/harriet-backer-2\/#breadcrumb","itemListElement":[{"@type":"ListItem","position":1,"name":"Accueil","item":"https:\/\/librairie7l.com\/en\/"},{"@type":"ListItem","position":2,"name":"Shop","item":"https:\/\/librairie7l.com\/en\/shop\/"},{"@type":"ListItem","position":3,"name":"HARRIET BACKER"}]},{"@type":"WebSite","@id":"https:\/\/librairie7l.com\/en\/#website","url":"https:\/\/librairie7l.com\/en\/","name":"Librairie 7L","description":"Librairie fond\u00e9e en 1999 par Karl Lagerfeld \u00e0 Paris","publisher":{"@id":"https:\/\/librairie7l.com\/en\/#organization"},"potentialAction":[{"@type":"SearchAction","target":{"@type":"EntryPoint","urlTemplate":"https:\/\/librairie7l.com\/en\/?s={search_term_string}"},"query-input":"required name=search_term_string"}],"inLanguage":"en-US"},{"@type":"Organization","@id":"https:\/\/librairie7l.com\/en\/#organization","name":"Librairie 7L","url":"https:\/\/librairie7l.com\/en\/","logo":{"@type":"ImageObject","inLanguage":"en-US","@id":"https:\/\/librairie7l.com\/en\/#\/schema\/logo\/image\/","url":"https:\/\/librairie7l.com\/wp-content\/uploads\/2022\/08\/logo-1.png","contentUrl":"https:\/\/librairie7l.com\/wp-content\/uploads\/2022\/08\/logo-1.png","width":227,"height":301,"caption":"Librairie 7L"},"image":{"@id":"https:\/\/librairie7l.com\/en\/#\/schema\/logo\/image\/"}}]}},"_links":{"self":[{"href":"https:\/\/librairie7l.com\/en\/wp-json\/wp\/v2\/product\/42765"}],"collection":[{"href":"https:\/\/librairie7l.com\/en\/wp-json\/wp\/v2\/product"}],"about":[{"href":"https:\/\/librairie7l.com\/en\/wp-json\/wp\/v2\/types\/product"}],"wp:featuredmedia":[{"embeddable":true,"href":"https:\/\/librairie7l.com\/en\/wp-json\/wp\/v2\/media\/42763"}],"wp:attachment":[{"href":"https:\/\/librairie7l.com\/en\/wp-json\/wp\/v2\/media?parent=42765"}],"wp:term":[{"taxonomy":"product_cat","embeddable":true,"href":"https:\/\/librairie7l.com\/en\/wp-json\/wp\/v2\/product_cat?post=42765"},{"taxonomy":"product_tag","embeddable":true,"href":"https:\/\/librairie7l.com\/en\/wp-json\/wp\/v2\/product_tag?post=42765"}],"curies":[{"name":"wp","href":"https:\/\/api.w.org\/{rel}","templated":true}]}}