{"id":42773,"date":"2024-09-24T22:17:02","date_gmt":"2024-09-24T20:17:02","guid":{"rendered":"https:\/\/librairie7l.com\/?post_type=product&#038;p=42773"},"modified":"2026-05-05T10:11:31","modified_gmt":"2026-05-05T08:11:31","slug":"marin-karmitz-une-autre-histoire-du-cinema-2","status":"publish","type":"product","link":"https:\/\/librairie7l.com\/en\/produit\/marin-karmitz-une-autre-histoire-du-cinema-2\/","title":{"rendered":"MARIN KARMITZ : UNE AUTRE HISTOIRE DU CIN\u00c9MA"},"content":{"rendered":"<p>Jeune homme de la Nouvelle Vague, militant de gauche, producteur, distributeur, Marin Karmitz est n\u00e9 ailleurs, en Roumanie. De cette enfance-l\u00e0, il a gard\u00e9 une certaine m\u00e9lancolie qui le suit \u00e0 travers ses oeuvres, ses engagements et ses questionnements. Gr\u00e2ce \u00e0 une mine d&#8217;archives in\u00e9dites, Antoine de Baecque replace ce destin dans la longue histoire du XX? si\u00e8cle. Le petit gar\u00e7on juif de Bucarest, rejeton d&#8217;une riche famille \u00e9chappant \u00e0 la Shoah et au r\u00e9gime communiste, avant de se r\u00e9fugier en France. Puis la vie d&#8217;un lyc\u00e9en chahut\u00e9e par une \u00e9nergie politique pr\u00e9coce tourn\u00e9e contre les injustices. Sa formation comme op\u00e9rateur et ses ann\u00e9es de cin\u00e9aste seront \u00e0 l&#8217;image de son militantisme contre la guerre d&#8217;Alg\u00e9rie et pour la r\u00e9volution de Mai 68 : ses films gardent trace de cette volont\u00e9 de t\u00e9moigner de ce qui se joue dans la France d&#8217;alors. \u00c9pris de libert\u00e9, fer de lance de la contre-culture, Marin Karmitz s&#8217;engage \u00e9galement dans l&#8217;aventure de la distribution avec mk2, ce qui l&#8217;installe bient\u00f4t au coeur du cin\u00e9ma fran\u00e7ais, non sans combats ni pol\u00e9miques. En parall\u00e8le, il produit et accompagne dans leur cr\u00e9ation de grands auteurs, de Chabrol \u00e0 Godard, de Varda \u00e0 Resnais, de Kieslowski \u00e0 Kiarostami, sans oublier les fr\u00e8res Taviani, Haneke ou Gus Van Sant. Voici l&#8217;un des plus beaux palmar\u00e8s mondiaux : sept Palmes d&#8217;or \u00e0 Cannes, trois Lions d&#8217;or \u00e0 Venise, une trentaine de C\u00e9sars. Rarement existence aura \u00e9pous\u00e9 \u00e0 ce point les crises, les ruptures, les \u00e9lans, rarement un homme aura souhait\u00e9 \u00eatre aussi \u00abcontemporain\u00bb de son temps.<\/p>\n","protected":false},"excerpt":{"rendered":"<p>Jeune homme de la Nouvelle Vague, militant de gauche, producteur, distributeur, Marin Karmitz est n\u00e9 ailleurs, en Roumanie. De cette enfance-l\u00e0, il a gard\u00e9 une certaine m\u00e9lancolie qui le suit \u00e0 travers ses oeuvres, ses engagements et ses questionnements. Gr\u00e2ce \u00e0 une mine d&#8217;archives in\u00e9dites, Antoine de Baecque replace ce destin dans la longue histoire [&hellip;]<\/p>\n","protected":false},"featured_media":42771,"template":"","meta":[],"product_cat":[2948],"product_tag":[],"acf":[],"yoast_head":"<!-- This site is optimized with the Yoast SEO plugin v20.11 - https:\/\/yoast.com\/wordpress\/plugins\/seo\/ -->\n<title>Marin Karmitz : une autre histoire du cin\u00e9ma - Librairie 7L<\/title>\n<meta name=\"robots\" content=\"index, follow, max-snippet:-1, max-image-preview:large, max-video-preview:-1\" \/>\n<link rel=\"canonical\" href=\"https:\/\/librairie7l.com\/en\/produit\/marin-karmitz-une-autre-histoire-du-cinema-2\/\" \/>\n<meta property=\"og:locale\" content=\"en_US\" \/>\n<meta property=\"og:type\" content=\"article\" \/>\n<meta property=\"og:title\" content=\"Marin Karmitz : une autre histoire du cin\u00e9ma - Librairie 7L\" \/>\n<meta property=\"og:description\" content=\"Jeune homme de la Nouvelle Vague, militant de gauche, producteur, distributeur, Marin Karmitz est n\u00e9 ailleurs, en Roumanie. De cette enfance-l\u00e0, il a gard\u00e9 une certaine m\u00e9lancolie qui le suit \u00e0 travers ses oeuvres, ses engagements et ses questionnements. Gr\u00e2ce \u00e0 une mine d&#8217;archives in\u00e9dites, Antoine de Baecque replace ce destin dans la longue histoire [&hellip;]\" \/>\n<meta property=\"og:url\" content=\"https:\/\/librairie7l.com\/en\/produit\/marin-karmitz-une-autre-histoire-du-cinema-2\/\" \/>\n<meta property=\"og:site_name\" content=\"Librairie 7L\" \/>\n<meta property=\"article:modified_time\" content=\"2026-05-05T08:11:31+00:00\" \/>\n<meta property=\"og:image\" content=\"https:\/\/librairie7l.com\/wp-content\/uploads\/2024\/04\/9782080432810_1_75.jpg\" \/>\n\t<meta property=\"og:image:width\" content=\"600\" \/>\n\t<meta property=\"og:image:height\" content=\"946\" \/>\n\t<meta property=\"og:image:type\" content=\"image\/jpeg\" \/>\n<meta name=\"twitter:card\" content=\"summary_large_image\" \/>\n<meta name=\"twitter:label1\" content=\"Est. reading time\" \/>\n\t<meta name=\"twitter:data1\" content=\"1 minute\" \/>\n<script type=\"application\/ld+json\" class=\"yoast-schema-graph\">{\"@context\":\"https:\/\/schema.org\",\"@graph\":[{\"@type\":\"WebPage\",\"@id\":\"https:\/\/librairie7l.com\/en\/produit\/marin-karmitz-une-autre-histoire-du-cinema-2\/\",\"url\":\"https:\/\/librairie7l.com\/en\/produit\/marin-karmitz-une-autre-histoire-du-cinema-2\/\",\"name\":\"Marin Karmitz : une autre histoire du cin\u00e9ma - Librairie 7L\",\"isPartOf\":{\"@id\":\"https:\/\/librairie7l.com\/en\/#website\"},\"datePublished\":\"2024-09-24T20:17:02+00:00\",\"dateModified\":\"2026-05-05T08:11:31+00:00\",\"breadcrumb\":{\"@id\":\"https:\/\/librairie7l.com\/en\/produit\/marin-karmitz-une-autre-histoire-du-cinema-2\/#breadcrumb\"},\"inLanguage\":\"en-US\",\"potentialAction\":[{\"@type\":\"ReadAction\",\"target\":[\"https:\/\/librairie7l.com\/en\/produit\/marin-karmitz-une-autre-histoire-du-cinema-2\/\"]}]},{\"@type\":\"BreadcrumbList\",\"@id\":\"https:\/\/librairie7l.com\/en\/produit\/marin-karmitz-une-autre-histoire-du-cinema-2\/#breadcrumb\",\"itemListElement\":[{\"@type\":\"ListItem\",\"position\":1,\"name\":\"Accueil\",\"item\":\"https:\/\/librairie7l.com\/en\/\"},{\"@type\":\"ListItem\",\"position\":2,\"name\":\"Shop\",\"item\":\"https:\/\/librairie7l.com\/en\/shop\/\"},{\"@type\":\"ListItem\",\"position\":3,\"name\":\"MARIN KARMITZ : UNE AUTRE HISTOIRE DU CIN\u00c9MA\"}]},{\"@type\":\"WebSite\",\"@id\":\"https:\/\/librairie7l.com\/en\/#website\",\"url\":\"https:\/\/librairie7l.com\/en\/\",\"name\":\"Librairie 7L\",\"description\":\"Librairie fond\u00e9e en 1999 par Karl Lagerfeld \u00e0 Paris\",\"publisher\":{\"@id\":\"https:\/\/librairie7l.com\/en\/#organization\"},\"potentialAction\":[{\"@type\":\"SearchAction\",\"target\":{\"@type\":\"EntryPoint\",\"urlTemplate\":\"https:\/\/librairie7l.com\/en\/?s={search_term_string}\"},\"query-input\":\"required name=search_term_string\"}],\"inLanguage\":\"en-US\"},{\"@type\":\"Organization\",\"@id\":\"https:\/\/librairie7l.com\/en\/#organization\",\"name\":\"Librairie 7L\",\"url\":\"https:\/\/librairie7l.com\/en\/\",\"logo\":{\"@type\":\"ImageObject\",\"inLanguage\":\"en-US\",\"@id\":\"https:\/\/librairie7l.com\/en\/#\/schema\/logo\/image\/\",\"url\":\"https:\/\/librairie7l.com\/wp-content\/uploads\/2022\/08\/logo-1.png\",\"contentUrl\":\"https:\/\/librairie7l.com\/wp-content\/uploads\/2022\/08\/logo-1.png\",\"width\":227,\"height\":301,\"caption\":\"Librairie 7L\"},\"image\":{\"@id\":\"https:\/\/librairie7l.com\/en\/#\/schema\/logo\/image\/\"}}]}<\/script>\n<!-- \/ Yoast SEO plugin. -->","yoast_head_json":{"title":"Marin Karmitz : une autre histoire du cin\u00e9ma - Librairie 7L","robots":{"index":"index","follow":"follow","max-snippet":"max-snippet:-1","max-image-preview":"max-image-preview:large","max-video-preview":"max-video-preview:-1"},"canonical":"https:\/\/librairie7l.com\/en\/produit\/marin-karmitz-une-autre-histoire-du-cinema-2\/","og_locale":"en_US","og_type":"article","og_title":"Marin Karmitz : une autre histoire du cin\u00e9ma - Librairie 7L","og_description":"Jeune homme de la Nouvelle Vague, militant de gauche, producteur, distributeur, Marin Karmitz est n\u00e9 ailleurs, en Roumanie. De cette enfance-l\u00e0, il a gard\u00e9 une certaine m\u00e9lancolie qui le suit \u00e0 travers ses oeuvres, ses engagements et ses questionnements. Gr\u00e2ce \u00e0 une mine d&#8217;archives in\u00e9dites, Antoine de Baecque replace ce destin dans la longue histoire [&hellip;]","og_url":"https:\/\/librairie7l.com\/en\/produit\/marin-karmitz-une-autre-histoire-du-cinema-2\/","og_site_name":"Librairie 7L","article_modified_time":"2026-05-05T08:11:31+00:00","og_image":[{"width":600,"height":946,"url":"https:\/\/librairie7l.com\/wp-content\/uploads\/2024\/04\/9782080432810_1_75.jpg","type":"image\/jpeg"}],"twitter_card":"summary_large_image","twitter_misc":{"Est. reading time":"1 minute"},"schema":{"@context":"https:\/\/schema.org","@graph":[{"@type":"WebPage","@id":"https:\/\/librairie7l.com\/en\/produit\/marin-karmitz-une-autre-histoire-du-cinema-2\/","url":"https:\/\/librairie7l.com\/en\/produit\/marin-karmitz-une-autre-histoire-du-cinema-2\/","name":"Marin Karmitz : une autre histoire du cin\u00e9ma - Librairie 7L","isPartOf":{"@id":"https:\/\/librairie7l.com\/en\/#website"},"datePublished":"2024-09-24T20:17:02+00:00","dateModified":"2026-05-05T08:11:31+00:00","breadcrumb":{"@id":"https:\/\/librairie7l.com\/en\/produit\/marin-karmitz-une-autre-histoire-du-cinema-2\/#breadcrumb"},"inLanguage":"en-US","potentialAction":[{"@type":"ReadAction","target":["https:\/\/librairie7l.com\/en\/produit\/marin-karmitz-une-autre-histoire-du-cinema-2\/"]}]},{"@type":"BreadcrumbList","@id":"https:\/\/librairie7l.com\/en\/produit\/marin-karmitz-une-autre-histoire-du-cinema-2\/#breadcrumb","itemListElement":[{"@type":"ListItem","position":1,"name":"Accueil","item":"https:\/\/librairie7l.com\/en\/"},{"@type":"ListItem","position":2,"name":"Shop","item":"https:\/\/librairie7l.com\/en\/shop\/"},{"@type":"ListItem","position":3,"name":"MARIN KARMITZ : UNE AUTRE HISTOIRE DU CIN\u00c9MA"}]},{"@type":"WebSite","@id":"https:\/\/librairie7l.com\/en\/#website","url":"https:\/\/librairie7l.com\/en\/","name":"Librairie 7L","description":"Librairie fond\u00e9e en 1999 par Karl Lagerfeld \u00e0 Paris","publisher":{"@id":"https:\/\/librairie7l.com\/en\/#organization"},"potentialAction":[{"@type":"SearchAction","target":{"@type":"EntryPoint","urlTemplate":"https:\/\/librairie7l.com\/en\/?s={search_term_string}"},"query-input":"required name=search_term_string"}],"inLanguage":"en-US"},{"@type":"Organization","@id":"https:\/\/librairie7l.com\/en\/#organization","name":"Librairie 7L","url":"https:\/\/librairie7l.com\/en\/","logo":{"@type":"ImageObject","inLanguage":"en-US","@id":"https:\/\/librairie7l.com\/en\/#\/schema\/logo\/image\/","url":"https:\/\/librairie7l.com\/wp-content\/uploads\/2022\/08\/logo-1.png","contentUrl":"https:\/\/librairie7l.com\/wp-content\/uploads\/2022\/08\/logo-1.png","width":227,"height":301,"caption":"Librairie 7L"},"image":{"@id":"https:\/\/librairie7l.com\/en\/#\/schema\/logo\/image\/"}}]}},"_links":{"self":[{"href":"https:\/\/librairie7l.com\/en\/wp-json\/wp\/v2\/product\/42773"}],"collection":[{"href":"https:\/\/librairie7l.com\/en\/wp-json\/wp\/v2\/product"}],"about":[{"href":"https:\/\/librairie7l.com\/en\/wp-json\/wp\/v2\/types\/product"}],"wp:featuredmedia":[{"embeddable":true,"href":"https:\/\/librairie7l.com\/en\/wp-json\/wp\/v2\/media\/42771"}],"wp:attachment":[{"href":"https:\/\/librairie7l.com\/en\/wp-json\/wp\/v2\/media?parent=42773"}],"wp:term":[{"taxonomy":"product_cat","embeddable":true,"href":"https:\/\/librairie7l.com\/en\/wp-json\/wp\/v2\/product_cat?post=42773"},{"taxonomy":"product_tag","embeddable":true,"href":"https:\/\/librairie7l.com\/en\/wp-json\/wp\/v2\/product_tag?post=42773"}],"curies":[{"name":"wp","href":"https:\/\/api.w.org\/{rel}","templated":true}]}}