{"id":42775,"date":"2024-09-24T22:17:05","date_gmt":"2024-09-24T20:17:05","guid":{"rendered":"https:\/\/librairie7l.com\/?post_type=product&#038;p=42775"},"modified":"2026-05-05T11:30:49","modified_gmt":"2026-05-05T09:30:49","slug":"le-dibbouk-fantome-du-monde-disparu-2","status":"publish","type":"product","link":"https:\/\/librairie7l.com\/en\/produit\/le-dibbouk-fantome-du-monde-disparu-2\/","title":{"rendered":"LE DIBBOUK, FANT\u00d4ME DU MONDE DISPARU"},"content":{"rendered":"<p>\u00c0 l&#8217;instar du golem, le dibbouk fait partie de ces cr\u00e9atures surnaturelles juives qui ont d\u00e9pass\u00e9 le domaine de la superstition et la culture juive. \u00c0 travers sa r\u00e9ception dans le monde des arts (cin\u00e9ma, th\u00e9\u00e2tre, peinture, litt\u00e9rature), le livre montre que cette figure fantastique op\u00e8re encore aujourd&#8217;hui dans un imaginaire mondialis\u00e9. Par l&#8217;exploration de ce th\u00e8me, ce catalogue d&#8217;exposition abondamment illustr\u00e9 propose d&#8217;appr\u00e9hender le dibbouk \u00e0 la fois comme \u00e0 un objet majeur de la culture juive moderne, mais aussi comme une clef de compr\u00e9hension de l&#8217;identit\u00e9 juive, obs\u00e9d\u00e9e par un pass\u00e9 souvent traumatique, par la disparition de ceux qui nous ont pr\u00e9c\u00e9d\u00e9s et par la peur de se diluer dans la soci\u00e9t\u00e9 contemporaine.<\/p>\n","protected":false},"excerpt":{"rendered":"<p>\u00c0 l&#8217;instar du golem, le dibbouk fait partie de ces cr\u00e9atures surnaturelles juives qui ont d\u00e9pass\u00e9 le domaine de la superstition et la culture juive. \u00c0 travers sa r\u00e9ception dans le monde des arts (cin\u00e9ma, th\u00e9\u00e2tre, peinture, litt\u00e9rature), le livre montre que cette figure fantastique op\u00e8re encore aujourd&#8217;hui dans un imaginaire mondialis\u00e9. Par l&#8217;exploration de [&hellip;]<\/p>\n","protected":false},"featured_media":44118,"template":"","meta":[],"product_cat":[2948],"product_tag":[],"acf":[],"yoast_head":"<!-- This site is optimized with the Yoast SEO plugin v20.11 - https:\/\/yoast.com\/wordpress\/plugins\/seo\/ -->\n<title>Le dibbouk, fant\u00f4me du monde disparu - Librairie 7L<\/title>\n<meta name=\"robots\" content=\"index, follow, max-snippet:-1, max-image-preview:large, max-video-preview:-1\" \/>\n<link rel=\"canonical\" href=\"https:\/\/librairie7l.com\/en\/produit\/le-dibbouk-fantome-du-monde-disparu-2\/\" \/>\n<meta property=\"og:locale\" content=\"en_US\" \/>\n<meta property=\"og:type\" content=\"article\" \/>\n<meta property=\"og:title\" content=\"Le dibbouk, fant\u00f4me du monde disparu - Librairie 7L\" \/>\n<meta property=\"og:description\" content=\"\u00c0 l&#8217;instar du golem, le dibbouk fait partie de ces cr\u00e9atures surnaturelles juives qui ont d\u00e9pass\u00e9 le domaine de la superstition et la culture juive. \u00c0 travers sa r\u00e9ception dans le monde des arts (cin\u00e9ma, th\u00e9\u00e2tre, peinture, litt\u00e9rature), le livre montre que cette figure fantastique op\u00e8re encore aujourd&#8217;hui dans un imaginaire mondialis\u00e9. Par l&#8217;exploration de [&hellip;]\" \/>\n<meta property=\"og:url\" content=\"https:\/\/librairie7l.com\/en\/produit\/le-dibbouk-fantome-du-monde-disparu-2\/\" \/>\n<meta property=\"og:site_name\" content=\"Librairie 7L\" \/>\n<meta property=\"article:modified_time\" content=\"2026-05-05T09:30:49+00:00\" \/>\n<meta name=\"twitter:card\" content=\"summary_large_image\" \/>\n<meta name=\"twitter:label1\" content=\"Est. reading time\" \/>\n\t<meta name=\"twitter:data1\" content=\"1 minute\" \/>\n<script type=\"application\/ld+json\" class=\"yoast-schema-graph\">{\"@context\":\"https:\/\/schema.org\",\"@graph\":[{\"@type\":\"WebPage\",\"@id\":\"https:\/\/librairie7l.com\/en\/produit\/le-dibbouk-fantome-du-monde-disparu-2\/\",\"url\":\"https:\/\/librairie7l.com\/en\/produit\/le-dibbouk-fantome-du-monde-disparu-2\/\",\"name\":\"Le dibbouk, fant\u00f4me du monde disparu - Librairie 7L\",\"isPartOf\":{\"@id\":\"https:\/\/librairie7l.com\/en\/#website\"},\"datePublished\":\"2024-09-24T20:17:05+00:00\",\"dateModified\":\"2026-05-05T09:30:49+00:00\",\"breadcrumb\":{\"@id\":\"https:\/\/librairie7l.com\/en\/produit\/le-dibbouk-fantome-du-monde-disparu-2\/#breadcrumb\"},\"inLanguage\":\"en-US\",\"potentialAction\":[{\"@type\":\"ReadAction\",\"target\":[\"https:\/\/librairie7l.com\/en\/produit\/le-dibbouk-fantome-du-monde-disparu-2\/\"]}]},{\"@type\":\"BreadcrumbList\",\"@id\":\"https:\/\/librairie7l.com\/en\/produit\/le-dibbouk-fantome-du-monde-disparu-2\/#breadcrumb\",\"itemListElement\":[{\"@type\":\"ListItem\",\"position\":1,\"name\":\"Accueil\",\"item\":\"https:\/\/librairie7l.com\/en\/\"},{\"@type\":\"ListItem\",\"position\":2,\"name\":\"Shop\",\"item\":\"https:\/\/librairie7l.com\/en\/shop\/\"},{\"@type\":\"ListItem\",\"position\":3,\"name\":\"LE DIBBOUK, FANT\u00d4ME DU MONDE DISPARU\"}]},{\"@type\":\"WebSite\",\"@id\":\"https:\/\/librairie7l.com\/en\/#website\",\"url\":\"https:\/\/librairie7l.com\/en\/\",\"name\":\"Librairie 7L\",\"description\":\"Librairie fond\u00e9e en 1999 par Karl Lagerfeld \u00e0 Paris\",\"publisher\":{\"@id\":\"https:\/\/librairie7l.com\/en\/#organization\"},\"potentialAction\":[{\"@type\":\"SearchAction\",\"target\":{\"@type\":\"EntryPoint\",\"urlTemplate\":\"https:\/\/librairie7l.com\/en\/?s={search_term_string}\"},\"query-input\":\"required name=search_term_string\"}],\"inLanguage\":\"en-US\"},{\"@type\":\"Organization\",\"@id\":\"https:\/\/librairie7l.com\/en\/#organization\",\"name\":\"Librairie 7L\",\"url\":\"https:\/\/librairie7l.com\/en\/\",\"logo\":{\"@type\":\"ImageObject\",\"inLanguage\":\"en-US\",\"@id\":\"https:\/\/librairie7l.com\/en\/#\/schema\/logo\/image\/\",\"url\":\"https:\/\/librairie7l.com\/wp-content\/uploads\/2022\/08\/logo-1.png\",\"contentUrl\":\"https:\/\/librairie7l.com\/wp-content\/uploads\/2022\/08\/logo-1.png\",\"width\":227,\"height\":301,\"caption\":\"Librairie 7L\"},\"image\":{\"@id\":\"https:\/\/librairie7l.com\/en\/#\/schema\/logo\/image\/\"}}]}<\/script>\n<!-- \/ Yoast SEO plugin. -->","yoast_head_json":{"title":"Le dibbouk, fant\u00f4me du monde disparu - Librairie 7L","robots":{"index":"index","follow":"follow","max-snippet":"max-snippet:-1","max-image-preview":"max-image-preview:large","max-video-preview":"max-video-preview:-1"},"canonical":"https:\/\/librairie7l.com\/en\/produit\/le-dibbouk-fantome-du-monde-disparu-2\/","og_locale":"en_US","og_type":"article","og_title":"Le dibbouk, fant\u00f4me du monde disparu - Librairie 7L","og_description":"\u00c0 l&#8217;instar du golem, le dibbouk fait partie de ces cr\u00e9atures surnaturelles juives qui ont d\u00e9pass\u00e9 le domaine de la superstition et la culture juive. \u00c0 travers sa r\u00e9ception dans le monde des arts (cin\u00e9ma, th\u00e9\u00e2tre, peinture, litt\u00e9rature), le livre montre que cette figure fantastique op\u00e8re encore aujourd&#8217;hui dans un imaginaire mondialis\u00e9. Par l&#8217;exploration de [&hellip;]","og_url":"https:\/\/librairie7l.com\/en\/produit\/le-dibbouk-fantome-du-monde-disparu-2\/","og_site_name":"Librairie 7L","article_modified_time":"2026-05-05T09:30:49+00:00","twitter_card":"summary_large_image","twitter_misc":{"Est. reading time":"1 minute"},"schema":{"@context":"https:\/\/schema.org","@graph":[{"@type":"WebPage","@id":"https:\/\/librairie7l.com\/en\/produit\/le-dibbouk-fantome-du-monde-disparu-2\/","url":"https:\/\/librairie7l.com\/en\/produit\/le-dibbouk-fantome-du-monde-disparu-2\/","name":"Le dibbouk, fant\u00f4me du monde disparu - Librairie 7L","isPartOf":{"@id":"https:\/\/librairie7l.com\/en\/#website"},"datePublished":"2024-09-24T20:17:05+00:00","dateModified":"2026-05-05T09:30:49+00:00","breadcrumb":{"@id":"https:\/\/librairie7l.com\/en\/produit\/le-dibbouk-fantome-du-monde-disparu-2\/#breadcrumb"},"inLanguage":"en-US","potentialAction":[{"@type":"ReadAction","target":["https:\/\/librairie7l.com\/en\/produit\/le-dibbouk-fantome-du-monde-disparu-2\/"]}]},{"@type":"BreadcrumbList","@id":"https:\/\/librairie7l.com\/en\/produit\/le-dibbouk-fantome-du-monde-disparu-2\/#breadcrumb","itemListElement":[{"@type":"ListItem","position":1,"name":"Accueil","item":"https:\/\/librairie7l.com\/en\/"},{"@type":"ListItem","position":2,"name":"Shop","item":"https:\/\/librairie7l.com\/en\/shop\/"},{"@type":"ListItem","position":3,"name":"LE DIBBOUK, FANT\u00d4ME DU MONDE DISPARU"}]},{"@type":"WebSite","@id":"https:\/\/librairie7l.com\/en\/#website","url":"https:\/\/librairie7l.com\/en\/","name":"Librairie 7L","description":"Librairie fond\u00e9e en 1999 par Karl Lagerfeld \u00e0 Paris","publisher":{"@id":"https:\/\/librairie7l.com\/en\/#organization"},"potentialAction":[{"@type":"SearchAction","target":{"@type":"EntryPoint","urlTemplate":"https:\/\/librairie7l.com\/en\/?s={search_term_string}"},"query-input":"required name=search_term_string"}],"inLanguage":"en-US"},{"@type":"Organization","@id":"https:\/\/librairie7l.com\/en\/#organization","name":"Librairie 7L","url":"https:\/\/librairie7l.com\/en\/","logo":{"@type":"ImageObject","inLanguage":"en-US","@id":"https:\/\/librairie7l.com\/en\/#\/schema\/logo\/image\/","url":"https:\/\/librairie7l.com\/wp-content\/uploads\/2022\/08\/logo-1.png","contentUrl":"https:\/\/librairie7l.com\/wp-content\/uploads\/2022\/08\/logo-1.png","width":227,"height":301,"caption":"Librairie 7L"},"image":{"@id":"https:\/\/librairie7l.com\/en\/#\/schema\/logo\/image\/"}}]}},"_links":{"self":[{"href":"https:\/\/librairie7l.com\/en\/wp-json\/wp\/v2\/product\/42775"}],"collection":[{"href":"https:\/\/librairie7l.com\/en\/wp-json\/wp\/v2\/product"}],"about":[{"href":"https:\/\/librairie7l.com\/en\/wp-json\/wp\/v2\/types\/product"}],"wp:featuredmedia":[{"embeddable":true,"href":"https:\/\/librairie7l.com\/en\/wp-json\/wp\/v2\/media\/44118"}],"wp:attachment":[{"href":"https:\/\/librairie7l.com\/en\/wp-json\/wp\/v2\/media?parent=42775"}],"wp:term":[{"taxonomy":"product_cat","embeddable":true,"href":"https:\/\/librairie7l.com\/en\/wp-json\/wp\/v2\/product_cat?post=42775"},{"taxonomy":"product_tag","embeddable":true,"href":"https:\/\/librairie7l.com\/en\/wp-json\/wp\/v2\/product_tag?post=42775"}],"curies":[{"name":"wp","href":"https:\/\/api.w.org\/{rel}","templated":true}]}}