{"id":42779,"date":"2024-09-24T22:17:07","date_gmt":"2024-09-24T20:17:07","guid":{"rendered":"https:\/\/librairie7l.com\/?post_type=product&#038;p=42779"},"modified":"2026-04-27T13:49:11","modified_gmt":"2026-04-27T11:49:11","slug":"naomi-in-fashion-2","status":"publish","type":"product","link":"https:\/\/librairie7l.com\/en\/produit\/naomi-in-fashion-2\/","title":{"rendered":"NAOMI IN FASHION"},"content":{"rendered":"<p>Naomi Campbell est un ph\u00e9nom\u00e8ne. Toujours au sommet de son art apr\u00e8s pr\u00e8s de quatre d\u00e9cennies dans l&#8217;industrie de la mode, son travail r\u00e9volutionnaire, tant sur les podiums qu&#8217;en dehors, continuent de faire les gros titres. Inspirante, cr\u00e9ative, \u00e9nergique et sans aucun doute embl\u00e9matique, Naomi Campbell est une force unique. S&#8217;ouvrant sur un entretien sp\u00e9cialement r\u00e9alis\u00e9 par Tim Blanks, ce livre pr\u00e9sente 25 tenues de la carri\u00e8re de Naomi Campbell, personnellement s\u00e9lectionn\u00e9es et comment\u00e9es par le top model elle-m\u00eame. Cet ouvrage explore \u00e9galement les diff\u00e9rentes facettes de son succ\u00e8s, de son travail en tant que mannequin et muse, notamment aupr\u00e8s de ses cr\u00e9ateurs favoris, qu&#8217;il s&#8217;agisse de l\u00e9gendes comme Lagerfeld, Ala\u00efa, Versace, Chanel, ou McQueen mais aussi de talents en devenir, notamment africains comme Marianne Fassler et Kenneth Ize, pour n&#8217;en citer que quelques-uns : ce livre explore une facette exclusive de l&#8217;univers de l&#8217;une des personnalit\u00e9s les plus talentueuses de l&#8217;industrie de la mode. Cette r\u00e9trospective in\u00e9dite sur la carri\u00e8re spectaculaire de Naomi Campbell est illustr\u00e9e par les images de photographes tels que Steven Meisel , Peter Lindbergh , Paolo Roversi , Ellen von Unwerth , Patrick Demarchelier , Arthur Elgort , Karim Sadli ou encore Mike Jansson.<\/p>\n","protected":false},"excerpt":{"rendered":"<p>Naomi Campbell est un ph\u00e9nom\u00e8ne. Toujours au sommet de son art apr\u00e8s pr\u00e8s de quatre d\u00e9cennies dans l&#8217;industrie de la mode, son travail r\u00e9volutionnaire, tant sur les podiums qu&#8217;en dehors, continuent de faire les gros titres. Inspirante, cr\u00e9ative, \u00e9nergique et sans aucun doute embl\u00e9matique, Naomi Campbell est une force unique. S&#8217;ouvrant sur un entretien sp\u00e9cialement [&hellip;]<\/p>\n","protected":false},"featured_media":42777,"template":"","meta":[],"product_cat":[2948,2957],"product_tag":[],"acf":[],"yoast_head":"<!-- This site is optimized with the Yoast SEO plugin v20.11 - https:\/\/yoast.com\/wordpress\/plugins\/seo\/ -->\n<title>Naomi in fashion - Librairie 7L<\/title>\n<meta name=\"robots\" content=\"index, follow, max-snippet:-1, max-image-preview:large, max-video-preview:-1\" \/>\n<link rel=\"canonical\" href=\"https:\/\/librairie7l.com\/en\/produit\/naomi-in-fashion-2\/\" \/>\n<meta property=\"og:locale\" content=\"en_US\" \/>\n<meta property=\"og:type\" content=\"article\" \/>\n<meta property=\"og:title\" content=\"Naomi in fashion - Librairie 7L\" \/>\n<meta property=\"og:description\" content=\"Naomi Campbell est un ph\u00e9nom\u00e8ne. Toujours au sommet de son art apr\u00e8s pr\u00e8s de quatre d\u00e9cennies dans l&#8217;industrie de la mode, son travail r\u00e9volutionnaire, tant sur les podiums qu&#8217;en dehors, continuent de faire les gros titres. Inspirante, cr\u00e9ative, \u00e9nergique et sans aucun doute embl\u00e9matique, Naomi Campbell est une force unique. S&#8217;ouvrant sur un entretien sp\u00e9cialement [&hellip;]\" \/>\n<meta property=\"og:url\" content=\"https:\/\/librairie7l.com\/en\/produit\/naomi-in-fashion-2\/\" \/>\n<meta property=\"og:site_name\" content=\"Librairie 7L\" \/>\n<meta property=\"article:modified_time\" content=\"2026-04-27T11:49:11+00:00\" \/>\n<meta property=\"og:image\" content=\"https:\/\/librairie7l.com\/wp-content\/uploads\/2024\/01\/9780847839636_1_75.jpg\" \/>\n\t<meta property=\"og:image:width\" content=\"600\" \/>\n\t<meta property=\"og:image:height\" content=\"728\" \/>\n\t<meta property=\"og:image:type\" content=\"image\/jpeg\" \/>\n<meta name=\"twitter:card\" content=\"summary_large_image\" \/>\n<meta name=\"twitter:label1\" content=\"Est. reading time\" \/>\n\t<meta name=\"twitter:data1\" content=\"1 minute\" \/>\n<script type=\"application\/ld+json\" class=\"yoast-schema-graph\">{\"@context\":\"https:\/\/schema.org\",\"@graph\":[{\"@type\":\"WebPage\",\"@id\":\"https:\/\/librairie7l.com\/en\/produit\/naomi-in-fashion-2\/\",\"url\":\"https:\/\/librairie7l.com\/en\/produit\/naomi-in-fashion-2\/\",\"name\":\"Naomi in fashion - Librairie 7L\",\"isPartOf\":{\"@id\":\"https:\/\/librairie7l.com\/en\/#website\"},\"datePublished\":\"2024-09-24T20:17:07+00:00\",\"dateModified\":\"2026-04-27T11:49:11+00:00\",\"breadcrumb\":{\"@id\":\"https:\/\/librairie7l.com\/en\/produit\/naomi-in-fashion-2\/#breadcrumb\"},\"inLanguage\":\"en-US\",\"potentialAction\":[{\"@type\":\"ReadAction\",\"target\":[\"https:\/\/librairie7l.com\/en\/produit\/naomi-in-fashion-2\/\"]}]},{\"@type\":\"BreadcrumbList\",\"@id\":\"https:\/\/librairie7l.com\/en\/produit\/naomi-in-fashion-2\/#breadcrumb\",\"itemListElement\":[{\"@type\":\"ListItem\",\"position\":1,\"name\":\"Accueil\",\"item\":\"https:\/\/librairie7l.com\/en\/\"},{\"@type\":\"ListItem\",\"position\":2,\"name\":\"Shop\",\"item\":\"https:\/\/librairie7l.com\/en\/shop\/\"},{\"@type\":\"ListItem\",\"position\":3,\"name\":\"NAOMI IN FASHION\"}]},{\"@type\":\"WebSite\",\"@id\":\"https:\/\/librairie7l.com\/en\/#website\",\"url\":\"https:\/\/librairie7l.com\/en\/\",\"name\":\"Librairie 7L\",\"description\":\"Librairie fond\u00e9e en 1999 par Karl Lagerfeld \u00e0 Paris\",\"publisher\":{\"@id\":\"https:\/\/librairie7l.com\/en\/#organization\"},\"potentialAction\":[{\"@type\":\"SearchAction\",\"target\":{\"@type\":\"EntryPoint\",\"urlTemplate\":\"https:\/\/librairie7l.com\/en\/?s={search_term_string}\"},\"query-input\":\"required name=search_term_string\"}],\"inLanguage\":\"en-US\"},{\"@type\":\"Organization\",\"@id\":\"https:\/\/librairie7l.com\/en\/#organization\",\"name\":\"Librairie 7L\",\"url\":\"https:\/\/librairie7l.com\/en\/\",\"logo\":{\"@type\":\"ImageObject\",\"inLanguage\":\"en-US\",\"@id\":\"https:\/\/librairie7l.com\/en\/#\/schema\/logo\/image\/\",\"url\":\"https:\/\/librairie7l.com\/wp-content\/uploads\/2022\/08\/logo-1.png\",\"contentUrl\":\"https:\/\/librairie7l.com\/wp-content\/uploads\/2022\/08\/logo-1.png\",\"width\":227,\"height\":301,\"caption\":\"Librairie 7L\"},\"image\":{\"@id\":\"https:\/\/librairie7l.com\/en\/#\/schema\/logo\/image\/\"}}]}<\/script>\n<!-- \/ Yoast SEO plugin. -->","yoast_head_json":{"title":"Naomi in fashion - Librairie 7L","robots":{"index":"index","follow":"follow","max-snippet":"max-snippet:-1","max-image-preview":"max-image-preview:large","max-video-preview":"max-video-preview:-1"},"canonical":"https:\/\/librairie7l.com\/en\/produit\/naomi-in-fashion-2\/","og_locale":"en_US","og_type":"article","og_title":"Naomi in fashion - Librairie 7L","og_description":"Naomi Campbell est un ph\u00e9nom\u00e8ne. Toujours au sommet de son art apr\u00e8s pr\u00e8s de quatre d\u00e9cennies dans l&#8217;industrie de la mode, son travail r\u00e9volutionnaire, tant sur les podiums qu&#8217;en dehors, continuent de faire les gros titres. Inspirante, cr\u00e9ative, \u00e9nergique et sans aucun doute embl\u00e9matique, Naomi Campbell est une force unique. S&#8217;ouvrant sur un entretien sp\u00e9cialement [&hellip;]","og_url":"https:\/\/librairie7l.com\/en\/produit\/naomi-in-fashion-2\/","og_site_name":"Librairie 7L","article_modified_time":"2026-04-27T11:49:11+00:00","og_image":[{"width":600,"height":728,"url":"https:\/\/librairie7l.com\/wp-content\/uploads\/2024\/01\/9780847839636_1_75.jpg","type":"image\/jpeg"}],"twitter_card":"summary_large_image","twitter_misc":{"Est. reading time":"1 minute"},"schema":{"@context":"https:\/\/schema.org","@graph":[{"@type":"WebPage","@id":"https:\/\/librairie7l.com\/en\/produit\/naomi-in-fashion-2\/","url":"https:\/\/librairie7l.com\/en\/produit\/naomi-in-fashion-2\/","name":"Naomi in fashion - Librairie 7L","isPartOf":{"@id":"https:\/\/librairie7l.com\/en\/#website"},"datePublished":"2024-09-24T20:17:07+00:00","dateModified":"2026-04-27T11:49:11+00:00","breadcrumb":{"@id":"https:\/\/librairie7l.com\/en\/produit\/naomi-in-fashion-2\/#breadcrumb"},"inLanguage":"en-US","potentialAction":[{"@type":"ReadAction","target":["https:\/\/librairie7l.com\/en\/produit\/naomi-in-fashion-2\/"]}]},{"@type":"BreadcrumbList","@id":"https:\/\/librairie7l.com\/en\/produit\/naomi-in-fashion-2\/#breadcrumb","itemListElement":[{"@type":"ListItem","position":1,"name":"Accueil","item":"https:\/\/librairie7l.com\/en\/"},{"@type":"ListItem","position":2,"name":"Shop","item":"https:\/\/librairie7l.com\/en\/shop\/"},{"@type":"ListItem","position":3,"name":"NAOMI IN FASHION"}]},{"@type":"WebSite","@id":"https:\/\/librairie7l.com\/en\/#website","url":"https:\/\/librairie7l.com\/en\/","name":"Librairie 7L","description":"Librairie fond\u00e9e en 1999 par Karl Lagerfeld \u00e0 Paris","publisher":{"@id":"https:\/\/librairie7l.com\/en\/#organization"},"potentialAction":[{"@type":"SearchAction","target":{"@type":"EntryPoint","urlTemplate":"https:\/\/librairie7l.com\/en\/?s={search_term_string}"},"query-input":"required name=search_term_string"}],"inLanguage":"en-US"},{"@type":"Organization","@id":"https:\/\/librairie7l.com\/en\/#organization","name":"Librairie 7L","url":"https:\/\/librairie7l.com\/en\/","logo":{"@type":"ImageObject","inLanguage":"en-US","@id":"https:\/\/librairie7l.com\/en\/#\/schema\/logo\/image\/","url":"https:\/\/librairie7l.com\/wp-content\/uploads\/2022\/08\/logo-1.png","contentUrl":"https:\/\/librairie7l.com\/wp-content\/uploads\/2022\/08\/logo-1.png","width":227,"height":301,"caption":"Librairie 7L"},"image":{"@id":"https:\/\/librairie7l.com\/en\/#\/schema\/logo\/image\/"}}]}},"_links":{"self":[{"href":"https:\/\/librairie7l.com\/en\/wp-json\/wp\/v2\/product\/42779"}],"collection":[{"href":"https:\/\/librairie7l.com\/en\/wp-json\/wp\/v2\/product"}],"about":[{"href":"https:\/\/librairie7l.com\/en\/wp-json\/wp\/v2\/types\/product"}],"wp:featuredmedia":[{"embeddable":true,"href":"https:\/\/librairie7l.com\/en\/wp-json\/wp\/v2\/media\/42777"}],"wp:attachment":[{"href":"https:\/\/librairie7l.com\/en\/wp-json\/wp\/v2\/media?parent=42779"}],"wp:term":[{"taxonomy":"product_cat","embeddable":true,"href":"https:\/\/librairie7l.com\/en\/wp-json\/wp\/v2\/product_cat?post=42779"},{"taxonomy":"product_tag","embeddable":true,"href":"https:\/\/librairie7l.com\/en\/wp-json\/wp\/v2\/product_tag?post=42779"}],"curies":[{"name":"wp","href":"https:\/\/api.w.org\/{rel}","templated":true}]}}