{"id":42783,"date":"2024-09-24T22:17:10","date_gmt":"2024-09-24T20:17:10","guid":{"rendered":"https:\/\/librairie7l.com\/?post_type=product&#038;p=42783"},"modified":"2026-04-09T09:53:10","modified_gmt":"2026-04-09T07:53:10","slug":"une-passion-italienne-les-jacquemart-andre-collectionneurs-2","status":"publish","type":"product","link":"https:\/\/librairie7l.com\/en\/produit\/une-passion-italienne-les-jacquemart-andre-collectionneurs-2\/","title":{"rendered":"UNE PASSION ITALIENNE : LES JACQUEMART-ANDR\u00c9 COLLECTIONNEURS"},"content":{"rendered":"<p>\u00c9douard Andr\u00e9 (1833-1894) et N\u00e9lie Jacquemart (1841-1912) incarnent parfaitement la figure des collectionneurs de la haute soci\u00e9t\u00e9 de la fin du XIXe si\u00e8cle. \u00c9douard est issu d&#8217;une famille de riches banquiers protestants. Sa fortune lui permet de devenir rapidement un amateur d&#8217;art dont le go\u00fbt, connu de tous les acteurs du monde de l&#8217;art de l&#8217;\u00e9poque, sera de plus en plus recherch\u00e9. N\u00e9lie, d&#8217;origine modeste, conna\u00eet le succ\u00e8s gr\u00e2ce \u00e0 son talent de portraitiste. Rien ne semble unir deux personnalit\u00e9s aussi diff\u00e9rentes. Pourtant, leur passion pour l&#8217;art de la Renaissance italienne les conduira \u00e0 cr\u00e9er, dans leur h\u00f4tel particulier parisien au 158 boulevard Haussmann, un mus\u00e9e priv\u00e9 unique en son genre: peintures, sculptures et objets d&#8217;art contribuent \u00e0 recr\u00e9er l&#8217;atmosph\u00e8re d&#8217;un palais florentin du XVe si\u00e8cle. Pendant pr\u00e8s de trente ans, gr\u00e2ce \u00e0 de fr\u00e9quents voyages en Italie, le couple va nouer des relations \u00e9troites avec les meilleurs antiquaires &#8211; dont Stefano Bardini et Michelangelo Guggenheim &#8211; ainsi qu&#8217;avec les plus grands experts de l&#8217;\u00e9poque &#8211; comme Wilhelm von Bode et Georges Lafenestre &#8211; qui les accompagneront dans l&#8217;achat, pour une somme globale de trois millions de francs, de deux mille cinq cents oeuvres provenant des principaux centres d&#8217;art italiens. Cette collection, symbole d&#8217;une \u00e9l\u00e9gance raffin\u00e9e, encore unique aujourd&#8217;hui, sera l\u00e9gu\u00e9e \u00e0 l&#8217;Institut de France en 1912 avec pour mission d&#8217;en faire un mus\u00e9e ouvert au public. En analysant le modus operandi du couple \u00e0 travers l&#8217;\u00e9tude de nombreux documents (factures d&#8217;achat, lettres, photographies et bien plus) conserv\u00e9s dans les archives du mus\u00e9e parisien et dans les archives de plusieurs antiquaires italiens, cet ouvrage se propose de porter un regard neuf sur ce qu&#8217;Adolfo Venturi &#8211; \u00e0 l&#8217;occasion de l&#8217;ouverture au public du mus\u00e9e en 1914 &#8211; d\u00e9crivait comme \u00abuna risorta casa del Rinascimento italiano\u00bb.<\/p>\n","protected":false},"excerpt":{"rendered":"<p>\u00c9douard Andr\u00e9 (1833-1894) et N\u00e9lie Jacquemart (1841-1912) incarnent parfaitement la figure des collectionneurs de la haute soci\u00e9t\u00e9 de la fin du XIXe si\u00e8cle. \u00c9douard est issu d&#8217;une famille de riches banquiers protestants. Sa fortune lui permet de devenir rapidement un amateur d&#8217;art dont le go\u00fbt, connu de tous les acteurs du monde de l&#8217;art de [&hellip;]<\/p>\n","protected":false},"featured_media":42781,"template":"","meta":[],"product_cat":[2948],"product_tag":[],"acf":[],"yoast_head":"<!-- This site is optimized with the Yoast SEO plugin v20.11 - https:\/\/yoast.com\/wordpress\/plugins\/seo\/ -->\n<title>Une passion italienne : Les Jacquemart-Andr\u00e9 collectionneurs - Librairie 7L<\/title>\n<meta name=\"robots\" content=\"index, follow, max-snippet:-1, max-image-preview:large, max-video-preview:-1\" \/>\n<link rel=\"canonical\" href=\"https:\/\/librairie7l.com\/en\/produit\/une-passion-italienne-les-jacquemart-andre-collectionneurs-2\/\" \/>\n<meta property=\"og:locale\" content=\"en_US\" \/>\n<meta property=\"og:type\" content=\"article\" \/>\n<meta property=\"og:title\" content=\"Une passion italienne : Les Jacquemart-Andr\u00e9 collectionneurs - Librairie 7L\" \/>\n<meta property=\"og:description\" content=\"\u00c9douard Andr\u00e9 (1833-1894) et N\u00e9lie Jacquemart (1841-1912) incarnent parfaitement la figure des collectionneurs de la haute soci\u00e9t\u00e9 de la fin du XIXe si\u00e8cle. \u00c9douard est issu d&#8217;une famille de riches banquiers protestants. Sa fortune lui permet de devenir rapidement un amateur d&#8217;art dont le go\u00fbt, connu de tous les acteurs du monde de l&#8217;art de [&hellip;]\" \/>\n<meta property=\"og:url\" content=\"https:\/\/librairie7l.com\/en\/produit\/une-passion-italienne-les-jacquemart-andre-collectionneurs-2\/\" \/>\n<meta property=\"og:site_name\" content=\"Librairie 7L\" \/>\n<meta property=\"article:modified_time\" content=\"2026-04-09T07:53:10+00:00\" \/>\n<meta property=\"og:image\" content=\"https:\/\/librairie7l.com\/wp-content\/uploads\/2024\/03\/9788833672649_1_75.jpg\" \/>\n\t<meta property=\"og:image:width\" content=\"600\" \/>\n\t<meta property=\"og:image:height\" content=\"898\" \/>\n\t<meta property=\"og:image:type\" content=\"image\/jpeg\" \/>\n<meta name=\"twitter:card\" content=\"summary_large_image\" \/>\n<meta name=\"twitter:label1\" content=\"Est. reading time\" \/>\n\t<meta name=\"twitter:data1\" content=\"2 minutes\" \/>\n<script type=\"application\/ld+json\" class=\"yoast-schema-graph\">{\"@context\":\"https:\/\/schema.org\",\"@graph\":[{\"@type\":\"WebPage\",\"@id\":\"https:\/\/librairie7l.com\/en\/produit\/une-passion-italienne-les-jacquemart-andre-collectionneurs-2\/\",\"url\":\"https:\/\/librairie7l.com\/en\/produit\/une-passion-italienne-les-jacquemart-andre-collectionneurs-2\/\",\"name\":\"Une passion italienne : Les Jacquemart-Andr\u00e9 collectionneurs - Librairie 7L\",\"isPartOf\":{\"@id\":\"https:\/\/librairie7l.com\/en\/#website\"},\"datePublished\":\"2024-09-24T20:17:10+00:00\",\"dateModified\":\"2026-04-09T07:53:10+00:00\",\"breadcrumb\":{\"@id\":\"https:\/\/librairie7l.com\/en\/produit\/une-passion-italienne-les-jacquemart-andre-collectionneurs-2\/#breadcrumb\"},\"inLanguage\":\"en-US\",\"potentialAction\":[{\"@type\":\"ReadAction\",\"target\":[\"https:\/\/librairie7l.com\/en\/produit\/une-passion-italienne-les-jacquemart-andre-collectionneurs-2\/\"]}]},{\"@type\":\"BreadcrumbList\",\"@id\":\"https:\/\/librairie7l.com\/en\/produit\/une-passion-italienne-les-jacquemart-andre-collectionneurs-2\/#breadcrumb\",\"itemListElement\":[{\"@type\":\"ListItem\",\"position\":1,\"name\":\"Accueil\",\"item\":\"https:\/\/librairie7l.com\/en\/\"},{\"@type\":\"ListItem\",\"position\":2,\"name\":\"Shop\",\"item\":\"https:\/\/librairie7l.com\/en\/shop\/\"},{\"@type\":\"ListItem\",\"position\":3,\"name\":\"UNE PASSION ITALIENNE : LES JACQUEMART-ANDR\u00c9 COLLECTIONNEURS\"}]},{\"@type\":\"WebSite\",\"@id\":\"https:\/\/librairie7l.com\/en\/#website\",\"url\":\"https:\/\/librairie7l.com\/en\/\",\"name\":\"Librairie 7L\",\"description\":\"Librairie fond\u00e9e en 1999 par Karl Lagerfeld \u00e0 Paris\",\"publisher\":{\"@id\":\"https:\/\/librairie7l.com\/en\/#organization\"},\"potentialAction\":[{\"@type\":\"SearchAction\",\"target\":{\"@type\":\"EntryPoint\",\"urlTemplate\":\"https:\/\/librairie7l.com\/en\/?s={search_term_string}\"},\"query-input\":\"required name=search_term_string\"}],\"inLanguage\":\"en-US\"},{\"@type\":\"Organization\",\"@id\":\"https:\/\/librairie7l.com\/en\/#organization\",\"name\":\"Librairie 7L\",\"url\":\"https:\/\/librairie7l.com\/en\/\",\"logo\":{\"@type\":\"ImageObject\",\"inLanguage\":\"en-US\",\"@id\":\"https:\/\/librairie7l.com\/en\/#\/schema\/logo\/image\/\",\"url\":\"https:\/\/librairie7l.com\/wp-content\/uploads\/2022\/08\/logo-1.png\",\"contentUrl\":\"https:\/\/librairie7l.com\/wp-content\/uploads\/2022\/08\/logo-1.png\",\"width\":227,\"height\":301,\"caption\":\"Librairie 7L\"},\"image\":{\"@id\":\"https:\/\/librairie7l.com\/en\/#\/schema\/logo\/image\/\"}}]}<\/script>\n<!-- \/ Yoast SEO plugin. -->","yoast_head_json":{"title":"Une passion italienne : Les Jacquemart-Andr\u00e9 collectionneurs - Librairie 7L","robots":{"index":"index","follow":"follow","max-snippet":"max-snippet:-1","max-image-preview":"max-image-preview:large","max-video-preview":"max-video-preview:-1"},"canonical":"https:\/\/librairie7l.com\/en\/produit\/une-passion-italienne-les-jacquemart-andre-collectionneurs-2\/","og_locale":"en_US","og_type":"article","og_title":"Une passion italienne : Les Jacquemart-Andr\u00e9 collectionneurs - Librairie 7L","og_description":"\u00c9douard Andr\u00e9 (1833-1894) et N\u00e9lie Jacquemart (1841-1912) incarnent parfaitement la figure des collectionneurs de la haute soci\u00e9t\u00e9 de la fin du XIXe si\u00e8cle. \u00c9douard est issu d&#8217;une famille de riches banquiers protestants. Sa fortune lui permet de devenir rapidement un amateur d&#8217;art dont le go\u00fbt, connu de tous les acteurs du monde de l&#8217;art de [&hellip;]","og_url":"https:\/\/librairie7l.com\/en\/produit\/une-passion-italienne-les-jacquemart-andre-collectionneurs-2\/","og_site_name":"Librairie 7L","article_modified_time":"2026-04-09T07:53:10+00:00","og_image":[{"width":600,"height":898,"url":"https:\/\/librairie7l.com\/wp-content\/uploads\/2024\/03\/9788833672649_1_75.jpg","type":"image\/jpeg"}],"twitter_card":"summary_large_image","twitter_misc":{"Est. reading time":"2 minutes"},"schema":{"@context":"https:\/\/schema.org","@graph":[{"@type":"WebPage","@id":"https:\/\/librairie7l.com\/en\/produit\/une-passion-italienne-les-jacquemart-andre-collectionneurs-2\/","url":"https:\/\/librairie7l.com\/en\/produit\/une-passion-italienne-les-jacquemart-andre-collectionneurs-2\/","name":"Une passion italienne : Les Jacquemart-Andr\u00e9 collectionneurs - Librairie 7L","isPartOf":{"@id":"https:\/\/librairie7l.com\/en\/#website"},"datePublished":"2024-09-24T20:17:10+00:00","dateModified":"2026-04-09T07:53:10+00:00","breadcrumb":{"@id":"https:\/\/librairie7l.com\/en\/produit\/une-passion-italienne-les-jacquemart-andre-collectionneurs-2\/#breadcrumb"},"inLanguage":"en-US","potentialAction":[{"@type":"ReadAction","target":["https:\/\/librairie7l.com\/en\/produit\/une-passion-italienne-les-jacquemart-andre-collectionneurs-2\/"]}]},{"@type":"BreadcrumbList","@id":"https:\/\/librairie7l.com\/en\/produit\/une-passion-italienne-les-jacquemart-andre-collectionneurs-2\/#breadcrumb","itemListElement":[{"@type":"ListItem","position":1,"name":"Accueil","item":"https:\/\/librairie7l.com\/en\/"},{"@type":"ListItem","position":2,"name":"Shop","item":"https:\/\/librairie7l.com\/en\/shop\/"},{"@type":"ListItem","position":3,"name":"UNE PASSION ITALIENNE : LES JACQUEMART-ANDR\u00c9 COLLECTIONNEURS"}]},{"@type":"WebSite","@id":"https:\/\/librairie7l.com\/en\/#website","url":"https:\/\/librairie7l.com\/en\/","name":"Librairie 7L","description":"Librairie fond\u00e9e en 1999 par Karl Lagerfeld \u00e0 Paris","publisher":{"@id":"https:\/\/librairie7l.com\/en\/#organization"},"potentialAction":[{"@type":"SearchAction","target":{"@type":"EntryPoint","urlTemplate":"https:\/\/librairie7l.com\/en\/?s={search_term_string}"},"query-input":"required name=search_term_string"}],"inLanguage":"en-US"},{"@type":"Organization","@id":"https:\/\/librairie7l.com\/en\/#organization","name":"Librairie 7L","url":"https:\/\/librairie7l.com\/en\/","logo":{"@type":"ImageObject","inLanguage":"en-US","@id":"https:\/\/librairie7l.com\/en\/#\/schema\/logo\/image\/","url":"https:\/\/librairie7l.com\/wp-content\/uploads\/2022\/08\/logo-1.png","contentUrl":"https:\/\/librairie7l.com\/wp-content\/uploads\/2022\/08\/logo-1.png","width":227,"height":301,"caption":"Librairie 7L"},"image":{"@id":"https:\/\/librairie7l.com\/en\/#\/schema\/logo\/image\/"}}]}},"_links":{"self":[{"href":"https:\/\/librairie7l.com\/en\/wp-json\/wp\/v2\/product\/42783"}],"collection":[{"href":"https:\/\/librairie7l.com\/en\/wp-json\/wp\/v2\/product"}],"about":[{"href":"https:\/\/librairie7l.com\/en\/wp-json\/wp\/v2\/types\/product"}],"wp:featuredmedia":[{"embeddable":true,"href":"https:\/\/librairie7l.com\/en\/wp-json\/wp\/v2\/media\/42781"}],"wp:attachment":[{"href":"https:\/\/librairie7l.com\/en\/wp-json\/wp\/v2\/media?parent=42783"}],"wp:term":[{"taxonomy":"product_cat","embeddable":true,"href":"https:\/\/librairie7l.com\/en\/wp-json\/wp\/v2\/product_cat?post=42783"},{"taxonomy":"product_tag","embeddable":true,"href":"https:\/\/librairie7l.com\/en\/wp-json\/wp\/v2\/product_tag?post=42783"}],"curies":[{"name":"wp","href":"https:\/\/api.w.org\/{rel}","templated":true}]}}