{"id":42799,"date":"2024-09-25T22:17:31","date_gmt":"2024-09-25T20:17:31","guid":{"rendered":"https:\/\/librairie7l.com\/?post_type=product&#038;p=42799"},"modified":"2026-05-05T11:30:49","modified_gmt":"2026-05-05T09:30:49","slug":"arbres-explorer-le-monde-des-racines-aux-cimes-2","status":"publish","type":"product","link":"https:\/\/librairie7l.com\/en\/produit\/arbres-explorer-le-monde-des-racines-aux-cimes-2\/","title":{"rendered":"ARBRES : EXPLORER LE MONDE, DES RACINES AUX CIMES"},"content":{"rendered":"<p>Arbres : Explorer le monde des racines aux cimes invite le lecteur \u00e0 un fabuleux voyage \u00e0 travers les continents et les cultures pour d\u00e9couvrir comment les artistes et illustrateurs se sont inspir\u00e9s des for\u00eats et des arbres, depuis plus de 3 500 ans, de la Gr\u00e8ce antique \u00e0 nos jours. Ce tour d&#8217;horizon superbement illustr\u00e9 r\u00e9unit plus de 300 images spectaculaires couvrant un large \u00e9ventail de styles et de techniques, des peintures, des illustrations botaniques, des sculptures, en passant pas des photographies, des extraits de films et des textiles.<br \/>\nCette s\u00e9lection, r\u00e9alis\u00e9e par un comit\u00e9 international d&#8217;experts, d\u00e9voile la diversit\u00e9 des arbres du monde entier, du fr\u00eane commun au s\u00e9quoia g\u00e9ant en passant par les arbres qui poussent dans le parc californien de Joshua Tree, o\u00f9 ceux bordant les Champs-\u00c9lys\u00e9es. Cet ouvrage de r\u00e9f\u00e9rence inclut des oeuvres c\u00e9l\u00e8bres ou plus confidentielles d&#8217;artistes et de cr\u00e9ateurs tels que Ansel Adams, Yann Arthus-Bertrand, Agnes Denes, Andy Goldsworthy, Frida Kahlo, Yayoi Kusama, SallyMann, Kerry James Marshall, Marianne North, Pierre-Joseph Redout\u00e9 et Vincent van Gogh, et bien d&#8217;autres encore.<br \/>\nAssembl\u00e9es par paires, ind\u00e9pendamment de toute chronologie et toute g\u00e9ographie, les images r\u00e9v\u00e8lent des contrastes et des similitudes \u00e9tonnantes. Observez des fossiles d&#8217;esp\u00e8ces aujourd&#8217;hui disparues ainsi que des graphiques et des cartes pionni\u00e8res retra\u00e7ant la croissance des arbres et la d\u00e9forestation en diff\u00e9rents points du globe. D\u00e9couvrez les traditions des arbres sacr\u00e9s dans les diff\u00e9rentes mythologies, mais aussi chaque \u00e9l\u00e9ment de l&#8217;arbre, de ses r\u00e9seaux complexes de racines au tronc et \u00e0 l&#8217;\u00e9corce, en passant par les branches, les bourgeons, les c\u00f4nes et les feuilles.<br \/>\nLes arbres, qu&#8217;ils soient repr\u00e9sent\u00e9s sur d&#8217;anciennes mosa\u00efques romaines, ou dans des manuscrits enlumin\u00e9s, rendus sur le papier ou captur\u00e9s num\u00e9riquement gr\u00e2ce aux derni\u00e8res technologies, sont depuis longtemps un sujet de pr\u00e9dilection pour les artistes et les cr\u00e9ateurs du monde entier. La beaut\u00e9, la vitalit\u00e9 et la pr\u00e9sence des arbres dans notre vie quotidienne continueront d&#8217;\u00eatre une source d&#8217;inspiration pour les g\u00e9n\u00e9rations \u00e0 venir.<\/p>\n","protected":false},"excerpt":{"rendered":"<p>Arbres : Explorer le monde des racines aux cimes invite le lecteur \u00e0 un fabuleux voyage \u00e0 travers les continents et les cultures pour d\u00e9couvrir comment les artistes et illustrateurs se sont inspir\u00e9s des for\u00eats et des arbres, depuis plus de 3 500 ans, de la Gr\u00e8ce antique \u00e0 nos jours. Ce tour d&#8217;horizon superbement [&hellip;]<\/p>\n","protected":false},"featured_media":42797,"template":"","meta":[],"product_cat":[2948],"product_tag":[],"acf":[],"yoast_head":"<!-- This site is optimized with the Yoast SEO plugin v20.11 - https:\/\/yoast.com\/wordpress\/plugins\/seo\/ -->\n<title>Arbres : Explorer le monde, des racines aux cimes - Librairie 7L<\/title>\n<meta name=\"robots\" content=\"index, follow, max-snippet:-1, max-image-preview:large, max-video-preview:-1\" \/>\n<link rel=\"canonical\" href=\"https:\/\/librairie7l.com\/en\/produit\/arbres-explorer-le-monde-des-racines-aux-cimes-2\/\" \/>\n<meta property=\"og:locale\" content=\"en_US\" \/>\n<meta property=\"og:type\" content=\"article\" \/>\n<meta property=\"og:title\" content=\"Arbres : Explorer le monde, des racines aux cimes - Librairie 7L\" \/>\n<meta property=\"og:description\" content=\"Arbres : Explorer le monde des racines aux cimes invite le lecteur \u00e0 un fabuleux voyage \u00e0 travers les continents et les cultures pour d\u00e9couvrir comment les artistes et illustrateurs se sont inspir\u00e9s des for\u00eats et des arbres, depuis plus de 3 500 ans, de la Gr\u00e8ce antique \u00e0 nos jours. Ce tour d&#8217;horizon superbement [&hellip;]\" \/>\n<meta property=\"og:url\" content=\"https:\/\/librairie7l.com\/en\/produit\/arbres-explorer-le-monde-des-racines-aux-cimes-2\/\" \/>\n<meta property=\"og:site_name\" content=\"Librairie 7L\" \/>\n<meta property=\"article:modified_time\" content=\"2026-05-05T09:30:49+00:00\" \/>\n<meta property=\"og:image\" content=\"https:\/\/librairie7l.com\/wp-content\/uploads\/2024\/04\/9781838669027_1_75.jpg\" \/>\n\t<meta property=\"og:image:width\" content=\"600\" \/>\n\t<meta property=\"og:image:height\" content=\"800\" \/>\n\t<meta property=\"og:image:type\" content=\"image\/jpeg\" \/>\n<meta name=\"twitter:card\" content=\"summary_large_image\" \/>\n<meta name=\"twitter:label1\" content=\"Est. reading time\" \/>\n\t<meta name=\"twitter:data1\" content=\"2 minutes\" \/>\n<script type=\"application\/ld+json\" class=\"yoast-schema-graph\">{\"@context\":\"https:\/\/schema.org\",\"@graph\":[{\"@type\":\"WebPage\",\"@id\":\"https:\/\/librairie7l.com\/en\/produit\/arbres-explorer-le-monde-des-racines-aux-cimes-2\/\",\"url\":\"https:\/\/librairie7l.com\/en\/produit\/arbres-explorer-le-monde-des-racines-aux-cimes-2\/\",\"name\":\"Arbres : Explorer le monde, des racines aux cimes - Librairie 7L\",\"isPartOf\":{\"@id\":\"https:\/\/librairie7l.com\/en\/#website\"},\"datePublished\":\"2024-09-25T20:17:31+00:00\",\"dateModified\":\"2026-05-05T09:30:49+00:00\",\"breadcrumb\":{\"@id\":\"https:\/\/librairie7l.com\/en\/produit\/arbres-explorer-le-monde-des-racines-aux-cimes-2\/#breadcrumb\"},\"inLanguage\":\"en-US\",\"potentialAction\":[{\"@type\":\"ReadAction\",\"target\":[\"https:\/\/librairie7l.com\/en\/produit\/arbres-explorer-le-monde-des-racines-aux-cimes-2\/\"]}]},{\"@type\":\"BreadcrumbList\",\"@id\":\"https:\/\/librairie7l.com\/en\/produit\/arbres-explorer-le-monde-des-racines-aux-cimes-2\/#breadcrumb\",\"itemListElement\":[{\"@type\":\"ListItem\",\"position\":1,\"name\":\"Accueil\",\"item\":\"https:\/\/librairie7l.com\/en\/\"},{\"@type\":\"ListItem\",\"position\":2,\"name\":\"Shop\",\"item\":\"https:\/\/librairie7l.com\/en\/shop\/\"},{\"@type\":\"ListItem\",\"position\":3,\"name\":\"ARBRES : EXPLORER LE MONDE, DES RACINES AUX CIMES\"}]},{\"@type\":\"WebSite\",\"@id\":\"https:\/\/librairie7l.com\/en\/#website\",\"url\":\"https:\/\/librairie7l.com\/en\/\",\"name\":\"Librairie 7L\",\"description\":\"Librairie fond\u00e9e en 1999 par Karl Lagerfeld \u00e0 Paris\",\"publisher\":{\"@id\":\"https:\/\/librairie7l.com\/en\/#organization\"},\"potentialAction\":[{\"@type\":\"SearchAction\",\"target\":{\"@type\":\"EntryPoint\",\"urlTemplate\":\"https:\/\/librairie7l.com\/en\/?s={search_term_string}\"},\"query-input\":\"required name=search_term_string\"}],\"inLanguage\":\"en-US\"},{\"@type\":\"Organization\",\"@id\":\"https:\/\/librairie7l.com\/en\/#organization\",\"name\":\"Librairie 7L\",\"url\":\"https:\/\/librairie7l.com\/en\/\",\"logo\":{\"@type\":\"ImageObject\",\"inLanguage\":\"en-US\",\"@id\":\"https:\/\/librairie7l.com\/en\/#\/schema\/logo\/image\/\",\"url\":\"https:\/\/librairie7l.com\/wp-content\/uploads\/2022\/08\/logo-1.png\",\"contentUrl\":\"https:\/\/librairie7l.com\/wp-content\/uploads\/2022\/08\/logo-1.png\",\"width\":227,\"height\":301,\"caption\":\"Librairie 7L\"},\"image\":{\"@id\":\"https:\/\/librairie7l.com\/en\/#\/schema\/logo\/image\/\"}}]}<\/script>\n<!-- \/ Yoast SEO plugin. -->","yoast_head_json":{"title":"Arbres : Explorer le monde, des racines aux cimes - Librairie 7L","robots":{"index":"index","follow":"follow","max-snippet":"max-snippet:-1","max-image-preview":"max-image-preview:large","max-video-preview":"max-video-preview:-1"},"canonical":"https:\/\/librairie7l.com\/en\/produit\/arbres-explorer-le-monde-des-racines-aux-cimes-2\/","og_locale":"en_US","og_type":"article","og_title":"Arbres : Explorer le monde, des racines aux cimes - Librairie 7L","og_description":"Arbres : Explorer le monde des racines aux cimes invite le lecteur \u00e0 un fabuleux voyage \u00e0 travers les continents et les cultures pour d\u00e9couvrir comment les artistes et illustrateurs se sont inspir\u00e9s des for\u00eats et des arbres, depuis plus de 3 500 ans, de la Gr\u00e8ce antique \u00e0 nos jours. Ce tour d&#8217;horizon superbement [&hellip;]","og_url":"https:\/\/librairie7l.com\/en\/produit\/arbres-explorer-le-monde-des-racines-aux-cimes-2\/","og_site_name":"Librairie 7L","article_modified_time":"2026-05-05T09:30:49+00:00","og_image":[{"width":600,"height":800,"url":"https:\/\/librairie7l.com\/wp-content\/uploads\/2024\/04\/9781838669027_1_75.jpg","type":"image\/jpeg"}],"twitter_card":"summary_large_image","twitter_misc":{"Est. reading time":"2 minutes"},"schema":{"@context":"https:\/\/schema.org","@graph":[{"@type":"WebPage","@id":"https:\/\/librairie7l.com\/en\/produit\/arbres-explorer-le-monde-des-racines-aux-cimes-2\/","url":"https:\/\/librairie7l.com\/en\/produit\/arbres-explorer-le-monde-des-racines-aux-cimes-2\/","name":"Arbres : Explorer le monde, des racines aux cimes - Librairie 7L","isPartOf":{"@id":"https:\/\/librairie7l.com\/en\/#website"},"datePublished":"2024-09-25T20:17:31+00:00","dateModified":"2026-05-05T09:30:49+00:00","breadcrumb":{"@id":"https:\/\/librairie7l.com\/en\/produit\/arbres-explorer-le-monde-des-racines-aux-cimes-2\/#breadcrumb"},"inLanguage":"en-US","potentialAction":[{"@type":"ReadAction","target":["https:\/\/librairie7l.com\/en\/produit\/arbres-explorer-le-monde-des-racines-aux-cimes-2\/"]}]},{"@type":"BreadcrumbList","@id":"https:\/\/librairie7l.com\/en\/produit\/arbres-explorer-le-monde-des-racines-aux-cimes-2\/#breadcrumb","itemListElement":[{"@type":"ListItem","position":1,"name":"Accueil","item":"https:\/\/librairie7l.com\/en\/"},{"@type":"ListItem","position":2,"name":"Shop","item":"https:\/\/librairie7l.com\/en\/shop\/"},{"@type":"ListItem","position":3,"name":"ARBRES : EXPLORER LE MONDE, DES RACINES AUX CIMES"}]},{"@type":"WebSite","@id":"https:\/\/librairie7l.com\/en\/#website","url":"https:\/\/librairie7l.com\/en\/","name":"Librairie 7L","description":"Librairie fond\u00e9e en 1999 par Karl Lagerfeld \u00e0 Paris","publisher":{"@id":"https:\/\/librairie7l.com\/en\/#organization"},"potentialAction":[{"@type":"SearchAction","target":{"@type":"EntryPoint","urlTemplate":"https:\/\/librairie7l.com\/en\/?s={search_term_string}"},"query-input":"required name=search_term_string"}],"inLanguage":"en-US"},{"@type":"Organization","@id":"https:\/\/librairie7l.com\/en\/#organization","name":"Librairie 7L","url":"https:\/\/librairie7l.com\/en\/","logo":{"@type":"ImageObject","inLanguage":"en-US","@id":"https:\/\/librairie7l.com\/en\/#\/schema\/logo\/image\/","url":"https:\/\/librairie7l.com\/wp-content\/uploads\/2022\/08\/logo-1.png","contentUrl":"https:\/\/librairie7l.com\/wp-content\/uploads\/2022\/08\/logo-1.png","width":227,"height":301,"caption":"Librairie 7L"},"image":{"@id":"https:\/\/librairie7l.com\/en\/#\/schema\/logo\/image\/"}}]}},"_links":{"self":[{"href":"https:\/\/librairie7l.com\/en\/wp-json\/wp\/v2\/product\/42799"}],"collection":[{"href":"https:\/\/librairie7l.com\/en\/wp-json\/wp\/v2\/product"}],"about":[{"href":"https:\/\/librairie7l.com\/en\/wp-json\/wp\/v2\/types\/product"}],"wp:featuredmedia":[{"embeddable":true,"href":"https:\/\/librairie7l.com\/en\/wp-json\/wp\/v2\/media\/42797"}],"wp:attachment":[{"href":"https:\/\/librairie7l.com\/en\/wp-json\/wp\/v2\/media?parent=42799"}],"wp:term":[{"taxonomy":"product_cat","embeddable":true,"href":"https:\/\/librairie7l.com\/en\/wp-json\/wp\/v2\/product_cat?post=42799"},{"taxonomy":"product_tag","embeddable":true,"href":"https:\/\/librairie7l.com\/en\/wp-json\/wp\/v2\/product_tag?post=42799"}],"curies":[{"name":"wp","href":"https:\/\/api.w.org\/{rel}","templated":true}]}}