{"id":42816,"date":"2024-09-26T22:17:25","date_gmt":"2024-09-26T20:17:25","guid":{"rendered":"https:\/\/librairie7l.com\/?post_type=product&#038;p=42816"},"modified":"2026-04-09T09:58:13","modified_gmt":"2026-04-09T07:58:13","slug":"agonie-2","status":"publish","type":"product","link":"https:\/\/librairie7l.com\/en\/produit\/agonie-2\/","title":{"rendered":"AGONIE"},"content":{"rendered":"<p>Antoine d&#8217;Agata et Rafael Garrido sont convenus, \u00e0 l&#8217;\u00e9t\u00e9 2008, d&#8217;entamer une correspondance r\u00e9guli\u00e8re \u00e0 propos d&#8217;une s\u00e9lection d&#8217;autoportraits du photographe. Rafael Garrido, \u00e9crivain espagnol, dont le dernier chapitre de la th\u00e8se \u00abLe corps et la violence dans l&#8217;art contemporain\u00bb (facult\u00e9 des beaux-arts de l&#8217;universit\u00e9 de Madrid, 2008) est d\u00e9di\u00e9 \u00e0 l&#8217;oeuvre d&#8217;Antoine d&#8217;Agata, propose ici une lecture in\u00e9dite de la photographie de d&#8217;Agata. Il s&#8217;agit pour une part de confronter l&#8217;exp\u00e9rience de l&#8217;artiste \u00e0 des univers non photographiques mais marqu\u00e9s par les m\u00eames obsessions radicales et, plus encore, de p\u00e9n\u00e9trer au coeur des addictions de toutes sortes qui br\u00fblent cette oeuvre.<br \/>\nPour d&#8217;Agata, Agonies est l&#8217;occasion d&#8217;une exp\u00e9rimentation duelle de son parcours, d&#8217;une re-connaissance (qui est aussi une re-saisie) de ses paroxysmes intimes, \u00e0 l&#8217;aune d&#8217;un langage et d&#8217;un savoir ; les photographies retenues existent et vibrent d&#8217;une mani\u00e8re in\u00e9dite, prises dans des effets de sens labyrinthiques o\u00f9 s&#8217;exacerbent ses propres pulsions. La \u00abcarte blanche\u00bb que le photographe et l&#8217;\u00e9crivain se sont donn\u00e9e en partage ne vise pas \u00e0 \u00e9clairer ou rendre didactique un travail qui ne cesse depuis vingt ans de repousser l&#8217;inconnu de ses limites. \u00abCe n&#8217;est pas notre regard sur le monde qui importe, mais nos rapports les plus intimes avec celui-ci &#8211; composition, lumi\u00e8re, narration ne sont plus des questions fondamentales (.). Comment retranscrire une r\u00e9alit\u00e9 alors qu&#8217;on ne relate que la somme de ses propres exp\u00e9riences ?\u00bb \u00e9crit Antoine d&#8217;Agata, qui a depuis longtemps perverti les codes de l&#8217;acte photographique et vise peut-\u00eatre \u00e0 les abolir aux risques et p\u00e9rils d&#8217;une vie mise en jeu.<\/p>\n","protected":false},"excerpt":{"rendered":"<p>Antoine d&#8217;Agata et Rafael Garrido sont convenus, \u00e0 l&#8217;\u00e9t\u00e9 2008, d&#8217;entamer une correspondance r\u00e9guli\u00e8re \u00e0 propos d&#8217;une s\u00e9lection d&#8217;autoportraits du photographe. Rafael Garrido, \u00e9crivain espagnol, dont le dernier chapitre de la th\u00e8se \u00abLe corps et la violence dans l&#8217;art contemporain\u00bb (facult\u00e9 des beaux-arts de l&#8217;universit\u00e9 de Madrid, 2008) est d\u00e9di\u00e9 \u00e0 l&#8217;oeuvre d&#8217;Antoine d&#8217;Agata, propose [&hellip;]<\/p>\n","protected":false},"featured_media":42814,"template":"","meta":[],"product_cat":[2948],"product_tag":[],"acf":[],"yoast_head":"<!-- This site is optimized with the Yoast SEO plugin v20.11 - https:\/\/yoast.com\/wordpress\/plugins\/seo\/ -->\n<title>Agonie - Librairie 7L<\/title>\n<meta name=\"robots\" content=\"index, follow, max-snippet:-1, max-image-preview:large, max-video-preview:-1\" \/>\n<link rel=\"canonical\" href=\"https:\/\/librairie7l.com\/en\/produit\/agonie-2\/\" \/>\n<meta property=\"og:locale\" content=\"en_US\" \/>\n<meta property=\"og:type\" content=\"article\" \/>\n<meta property=\"og:title\" content=\"Agonie - Librairie 7L\" \/>\n<meta property=\"og:description\" content=\"Antoine d&#8217;Agata et Rafael Garrido sont convenus, \u00e0 l&#8217;\u00e9t\u00e9 2008, d&#8217;entamer une correspondance r\u00e9guli\u00e8re \u00e0 propos d&#8217;une s\u00e9lection d&#8217;autoportraits du photographe. Rafael Garrido, \u00e9crivain espagnol, dont le dernier chapitre de la th\u00e8se \u00abLe corps et la violence dans l&#8217;art contemporain\u00bb (facult\u00e9 des beaux-arts de l&#8217;universit\u00e9 de Madrid, 2008) est d\u00e9di\u00e9 \u00e0 l&#8217;oeuvre d&#8217;Antoine d&#8217;Agata, propose [&hellip;]\" \/>\n<meta property=\"og:url\" content=\"https:\/\/librairie7l.com\/en\/produit\/agonie-2\/\" \/>\n<meta property=\"og:site_name\" content=\"Librairie 7L\" \/>\n<meta property=\"article:modified_time\" content=\"2026-04-09T07:58:13+00:00\" \/>\n<meta property=\"og:image\" content=\"https:\/\/librairie7l.com\/wp-content\/uploads\/2009\/06\/9782742786367_1_75.jpg\" \/>\n\t<meta property=\"og:image:width\" content=\"509\" \/>\n\t<meta property=\"og:image:height\" content=\"689\" \/>\n\t<meta property=\"og:image:type\" content=\"image\/jpeg\" \/>\n<meta name=\"twitter:card\" content=\"summary_large_image\" \/>\n<meta name=\"twitter:label1\" content=\"Est. reading time\" \/>\n\t<meta name=\"twitter:data1\" content=\"1 minute\" \/>\n<script type=\"application\/ld+json\" class=\"yoast-schema-graph\">{\"@context\":\"https:\/\/schema.org\",\"@graph\":[{\"@type\":\"WebPage\",\"@id\":\"https:\/\/librairie7l.com\/en\/produit\/agonie-2\/\",\"url\":\"https:\/\/librairie7l.com\/en\/produit\/agonie-2\/\",\"name\":\"Agonie - Librairie 7L\",\"isPartOf\":{\"@id\":\"https:\/\/librairie7l.com\/en\/#website\"},\"datePublished\":\"2024-09-26T20:17:25+00:00\",\"dateModified\":\"2026-04-09T07:58:13+00:00\",\"breadcrumb\":{\"@id\":\"https:\/\/librairie7l.com\/en\/produit\/agonie-2\/#breadcrumb\"},\"inLanguage\":\"en-US\",\"potentialAction\":[{\"@type\":\"ReadAction\",\"target\":[\"https:\/\/librairie7l.com\/en\/produit\/agonie-2\/\"]}]},{\"@type\":\"BreadcrumbList\",\"@id\":\"https:\/\/librairie7l.com\/en\/produit\/agonie-2\/#breadcrumb\",\"itemListElement\":[{\"@type\":\"ListItem\",\"position\":1,\"name\":\"Accueil\",\"item\":\"https:\/\/librairie7l.com\/en\/\"},{\"@type\":\"ListItem\",\"position\":2,\"name\":\"Shop\",\"item\":\"https:\/\/librairie7l.com\/en\/shop\/\"},{\"@type\":\"ListItem\",\"position\":3,\"name\":\"AGONIE\"}]},{\"@type\":\"WebSite\",\"@id\":\"https:\/\/librairie7l.com\/en\/#website\",\"url\":\"https:\/\/librairie7l.com\/en\/\",\"name\":\"Librairie 7L\",\"description\":\"Librairie fond\u00e9e en 1999 par Karl Lagerfeld \u00e0 Paris\",\"publisher\":{\"@id\":\"https:\/\/librairie7l.com\/en\/#organization\"},\"potentialAction\":[{\"@type\":\"SearchAction\",\"target\":{\"@type\":\"EntryPoint\",\"urlTemplate\":\"https:\/\/librairie7l.com\/en\/?s={search_term_string}\"},\"query-input\":\"required name=search_term_string\"}],\"inLanguage\":\"en-US\"},{\"@type\":\"Organization\",\"@id\":\"https:\/\/librairie7l.com\/en\/#organization\",\"name\":\"Librairie 7L\",\"url\":\"https:\/\/librairie7l.com\/en\/\",\"logo\":{\"@type\":\"ImageObject\",\"inLanguage\":\"en-US\",\"@id\":\"https:\/\/librairie7l.com\/en\/#\/schema\/logo\/image\/\",\"url\":\"https:\/\/librairie7l.com\/wp-content\/uploads\/2022\/08\/logo-1.png\",\"contentUrl\":\"https:\/\/librairie7l.com\/wp-content\/uploads\/2022\/08\/logo-1.png\",\"width\":227,\"height\":301,\"caption\":\"Librairie 7L\"},\"image\":{\"@id\":\"https:\/\/librairie7l.com\/en\/#\/schema\/logo\/image\/\"}}]}<\/script>\n<!-- \/ Yoast SEO plugin. -->","yoast_head_json":{"title":"Agonie - Librairie 7L","robots":{"index":"index","follow":"follow","max-snippet":"max-snippet:-1","max-image-preview":"max-image-preview:large","max-video-preview":"max-video-preview:-1"},"canonical":"https:\/\/librairie7l.com\/en\/produit\/agonie-2\/","og_locale":"en_US","og_type":"article","og_title":"Agonie - Librairie 7L","og_description":"Antoine d&#8217;Agata et Rafael Garrido sont convenus, \u00e0 l&#8217;\u00e9t\u00e9 2008, d&#8217;entamer une correspondance r\u00e9guli\u00e8re \u00e0 propos d&#8217;une s\u00e9lection d&#8217;autoportraits du photographe. Rafael Garrido, \u00e9crivain espagnol, dont le dernier chapitre de la th\u00e8se \u00abLe corps et la violence dans l&#8217;art contemporain\u00bb (facult\u00e9 des beaux-arts de l&#8217;universit\u00e9 de Madrid, 2008) est d\u00e9di\u00e9 \u00e0 l&#8217;oeuvre d&#8217;Antoine d&#8217;Agata, propose [&hellip;]","og_url":"https:\/\/librairie7l.com\/en\/produit\/agonie-2\/","og_site_name":"Librairie 7L","article_modified_time":"2026-04-09T07:58:13+00:00","og_image":[{"width":509,"height":689,"url":"https:\/\/librairie7l.com\/wp-content\/uploads\/2009\/06\/9782742786367_1_75.jpg","type":"image\/jpeg"}],"twitter_card":"summary_large_image","twitter_misc":{"Est. reading time":"1 minute"},"schema":{"@context":"https:\/\/schema.org","@graph":[{"@type":"WebPage","@id":"https:\/\/librairie7l.com\/en\/produit\/agonie-2\/","url":"https:\/\/librairie7l.com\/en\/produit\/agonie-2\/","name":"Agonie - Librairie 7L","isPartOf":{"@id":"https:\/\/librairie7l.com\/en\/#website"},"datePublished":"2024-09-26T20:17:25+00:00","dateModified":"2026-04-09T07:58:13+00:00","breadcrumb":{"@id":"https:\/\/librairie7l.com\/en\/produit\/agonie-2\/#breadcrumb"},"inLanguage":"en-US","potentialAction":[{"@type":"ReadAction","target":["https:\/\/librairie7l.com\/en\/produit\/agonie-2\/"]}]},{"@type":"BreadcrumbList","@id":"https:\/\/librairie7l.com\/en\/produit\/agonie-2\/#breadcrumb","itemListElement":[{"@type":"ListItem","position":1,"name":"Accueil","item":"https:\/\/librairie7l.com\/en\/"},{"@type":"ListItem","position":2,"name":"Shop","item":"https:\/\/librairie7l.com\/en\/shop\/"},{"@type":"ListItem","position":3,"name":"AGONIE"}]},{"@type":"WebSite","@id":"https:\/\/librairie7l.com\/en\/#website","url":"https:\/\/librairie7l.com\/en\/","name":"Librairie 7L","description":"Librairie fond\u00e9e en 1999 par Karl Lagerfeld \u00e0 Paris","publisher":{"@id":"https:\/\/librairie7l.com\/en\/#organization"},"potentialAction":[{"@type":"SearchAction","target":{"@type":"EntryPoint","urlTemplate":"https:\/\/librairie7l.com\/en\/?s={search_term_string}"},"query-input":"required name=search_term_string"}],"inLanguage":"en-US"},{"@type":"Organization","@id":"https:\/\/librairie7l.com\/en\/#organization","name":"Librairie 7L","url":"https:\/\/librairie7l.com\/en\/","logo":{"@type":"ImageObject","inLanguage":"en-US","@id":"https:\/\/librairie7l.com\/en\/#\/schema\/logo\/image\/","url":"https:\/\/librairie7l.com\/wp-content\/uploads\/2022\/08\/logo-1.png","contentUrl":"https:\/\/librairie7l.com\/wp-content\/uploads\/2022\/08\/logo-1.png","width":227,"height":301,"caption":"Librairie 7L"},"image":{"@id":"https:\/\/librairie7l.com\/en\/#\/schema\/logo\/image\/"}}]}},"_links":{"self":[{"href":"https:\/\/librairie7l.com\/en\/wp-json\/wp\/v2\/product\/42816"}],"collection":[{"href":"https:\/\/librairie7l.com\/en\/wp-json\/wp\/v2\/product"}],"about":[{"href":"https:\/\/librairie7l.com\/en\/wp-json\/wp\/v2\/types\/product"}],"wp:featuredmedia":[{"embeddable":true,"href":"https:\/\/librairie7l.com\/en\/wp-json\/wp\/v2\/media\/42814"}],"wp:attachment":[{"href":"https:\/\/librairie7l.com\/en\/wp-json\/wp\/v2\/media?parent=42816"}],"wp:term":[{"taxonomy":"product_cat","embeddable":true,"href":"https:\/\/librairie7l.com\/en\/wp-json\/wp\/v2\/product_cat?post=42816"},{"taxonomy":"product_tag","embeddable":true,"href":"https:\/\/librairie7l.com\/en\/wp-json\/wp\/v2\/product_tag?post=42816"}],"curies":[{"name":"wp","href":"https:\/\/api.w.org\/{rel}","templated":true}]}}