{"id":42844,"date":"2024-09-26T22:17:43","date_gmt":"2024-09-26T20:17:43","guid":{"rendered":"https:\/\/librairie7l.com\/?post_type=product&#038;p=42844"},"modified":"2026-04-17T12:56:35","modified_gmt":"2026-04-17T10:56:35","slug":"omen-phantasmagoria-at-the-farm-security-administration-archive-1935-19-2","status":"publish","type":"product","link":"https:\/\/librairie7l.com\/en\/produit\/omen-phantasmagoria-at-the-farm-security-administration-archive-1935-19-2\/","title":{"rendered":"OMEN : PHANTASMAGORIA AT THE FARM SECURITY ADMINISTRATION ARCHIVE 1935-19"},"content":{"rendered":"<p>&#8220;Omen&#8221; reexamina el archivo fotogr\u00e1fico de la Farm Security Administration, revelando un relato menos conocido que cuestiona las perspectivas tradicionales de la historia estadounidense. La secuencia visual de este libro desaf\u00eda las normas al recortar de manera creativa im\u00e1genes de los archivos de la Farm Security Administration (1935-1944) de la Biblioteca P\u00fablica de Nueva York. Lucy Ives, la aclamada escritora y poetisa estadounidense, ha escrito con maestr\u00eda el cautivador texto de Omen. Ives se ha consolidado como una de las principales voces del mundo literario contempor\u00e1neo, con numerosas publicaciones aclamadas por la cr\u00edtica. Persiguiendo al fantasma, las huellas del olvido y los ecos de lo que fue y ya no es, Omen representa una es una revisi\u00f3n y recontextualizaci\u00f3n de una parte del archivo fotogr\u00e1fico de la Farm Security Administration (1935-1944) alojado en la Biblioteca P\u00fablica de Nueva York. Este programa destac\u00f3 como uno de los hitos de la fotograf\u00eda documental moderna y desempe\u00f1\u00f3 un papel fundamental en la construcci\u00f3n de una narrativa hegem\u00f3nica ?principalmente en torno al triunfo contra la adversidad, la divisi\u00f3n y la cat\u00e1strofe? de la historia reciente de los Estados Unidos y su orden social. Pero enfatizando la mirada sobre ese monumental conjunto de im\u00e1genes y explorando las esquinas de los cuadros, los fondos y los detalles?en los personajes secundarios, en lo que no deber\u00eda estar, en lo que aparece por casualidad, accidente o error?es posible descubrir una narrativa diferente: una m\u00e1s espesa, turbia, turbulenta, compleja, contempor\u00e1nea y contradictoria. Como un estallido y un \u00e1pice: una premonici\u00f3n de la continuidad geneal\u00f3gica de las m\u00faltiples violencias sist\u00e9micas, tumultuosas, visibles e invisibles, atronadoras y silenciosas que dan forma al rostro de la sociedad estadounidense. El libro funciona simult\u00e1neamente como un reflejo de la angustiosa realidad de los Estados Unidos en nuestros d\u00edas y como un instrumento de reflexi\u00f3n sobre la forma en que se interpreta y comprende la fotograf\u00eda hist\u00f3rica y documental.<\/p>\n","protected":false},"excerpt":{"rendered":"<p>&#8220;Omen&#8221; reexamina el archivo fotogr\u00e1fico de la Farm Security Administration, revelando un relato menos conocido que cuestiona las perspectivas tradicionales de la historia estadounidense. La secuencia visual de este libro desaf\u00eda las normas al recortar de manera creativa im\u00e1genes de los archivos de la Farm Security Administration (1935-1944) de la Biblioteca P\u00fablica de Nueva York. [&hellip;]<\/p>\n","protected":false},"featured_media":42842,"template":"","meta":[],"product_cat":[2948],"product_tag":[],"acf":[],"yoast_head":"<!-- This site is optimized with the Yoast SEO plugin v20.11 - https:\/\/yoast.com\/wordpress\/plugins\/seo\/ -->\n<title>Omen : Phantasmagoria at the farm security administration archive 1935-19 - Librairie 7L<\/title>\n<meta name=\"robots\" content=\"index, follow, max-snippet:-1, max-image-preview:large, max-video-preview:-1\" \/>\n<link rel=\"canonical\" href=\"https:\/\/librairie7l.com\/en\/produit\/omen-phantasmagoria-at-the-farm-security-administration-archive-1935-19-2\/\" \/>\n<meta property=\"og:locale\" content=\"en_US\" \/>\n<meta property=\"og:type\" content=\"article\" \/>\n<meta property=\"og:title\" content=\"Omen : Phantasmagoria at the farm security administration archive 1935-19 - Librairie 7L\" \/>\n<meta property=\"og:description\" content=\"&#8220;Omen&#8221; reexamina el archivo fotogr\u00e1fico de la Farm Security Administration, revelando un relato menos conocido que cuestiona las perspectivas tradicionales de la historia estadounidense. La secuencia visual de este libro desaf\u00eda las normas al recortar de manera creativa im\u00e1genes de los archivos de la Farm Security Administration (1935-1944) de la Biblioteca P\u00fablica de Nueva York. [&hellip;]\" \/>\n<meta property=\"og:url\" content=\"https:\/\/librairie7l.com\/en\/produit\/omen-phantasmagoria-at-the-farm-security-administration-archive-1935-19-2\/\" \/>\n<meta property=\"og:site_name\" content=\"Librairie 7L\" \/>\n<meta property=\"article:modified_time\" content=\"2026-04-17T10:56:35+00:00\" \/>\n<meta property=\"og:image\" content=\"https:\/\/librairie7l.com\/wp-content\/uploads\/2023\/12\/9788419233103_1_75.jpg\" \/>\n\t<meta property=\"og:image:width\" content=\"353\" \/>\n\t<meta property=\"og:image:height\" content=\"500\" \/>\n\t<meta property=\"og:image:type\" content=\"image\/jpeg\" \/>\n<meta name=\"twitter:card\" content=\"summary_large_image\" \/>\n<meta name=\"twitter:label1\" content=\"Est. reading time\" \/>\n\t<meta name=\"twitter:data1\" content=\"2 minutes\" \/>\n<script type=\"application\/ld+json\" class=\"yoast-schema-graph\">{\"@context\":\"https:\/\/schema.org\",\"@graph\":[{\"@type\":\"WebPage\",\"@id\":\"https:\/\/librairie7l.com\/en\/produit\/omen-phantasmagoria-at-the-farm-security-administration-archive-1935-19-2\/\",\"url\":\"https:\/\/librairie7l.com\/en\/produit\/omen-phantasmagoria-at-the-farm-security-administration-archive-1935-19-2\/\",\"name\":\"Omen : Phantasmagoria at the farm security administration archive 1935-19 - Librairie 7L\",\"isPartOf\":{\"@id\":\"https:\/\/librairie7l.com\/en\/#website\"},\"datePublished\":\"2024-09-26T20:17:43+00:00\",\"dateModified\":\"2026-04-17T10:56:35+00:00\",\"breadcrumb\":{\"@id\":\"https:\/\/librairie7l.com\/en\/produit\/omen-phantasmagoria-at-the-farm-security-administration-archive-1935-19-2\/#breadcrumb\"},\"inLanguage\":\"en-US\",\"potentialAction\":[{\"@type\":\"ReadAction\",\"target\":[\"https:\/\/librairie7l.com\/en\/produit\/omen-phantasmagoria-at-the-farm-security-administration-archive-1935-19-2\/\"]}]},{\"@type\":\"BreadcrumbList\",\"@id\":\"https:\/\/librairie7l.com\/en\/produit\/omen-phantasmagoria-at-the-farm-security-administration-archive-1935-19-2\/#breadcrumb\",\"itemListElement\":[{\"@type\":\"ListItem\",\"position\":1,\"name\":\"Accueil\",\"item\":\"https:\/\/librairie7l.com\/en\/\"},{\"@type\":\"ListItem\",\"position\":2,\"name\":\"Shop\",\"item\":\"https:\/\/librairie7l.com\/en\/shop\/\"},{\"@type\":\"ListItem\",\"position\":3,\"name\":\"OMEN : PHANTASMAGORIA AT THE FARM SECURITY ADMINISTRATION ARCHIVE 1935-19\"}]},{\"@type\":\"WebSite\",\"@id\":\"https:\/\/librairie7l.com\/en\/#website\",\"url\":\"https:\/\/librairie7l.com\/en\/\",\"name\":\"Librairie 7L\",\"description\":\"Librairie fond\u00e9e en 1999 par Karl Lagerfeld \u00e0 Paris\",\"publisher\":{\"@id\":\"https:\/\/librairie7l.com\/en\/#organization\"},\"potentialAction\":[{\"@type\":\"SearchAction\",\"target\":{\"@type\":\"EntryPoint\",\"urlTemplate\":\"https:\/\/librairie7l.com\/en\/?s={search_term_string}\"},\"query-input\":\"required name=search_term_string\"}],\"inLanguage\":\"en-US\"},{\"@type\":\"Organization\",\"@id\":\"https:\/\/librairie7l.com\/en\/#organization\",\"name\":\"Librairie 7L\",\"url\":\"https:\/\/librairie7l.com\/en\/\",\"logo\":{\"@type\":\"ImageObject\",\"inLanguage\":\"en-US\",\"@id\":\"https:\/\/librairie7l.com\/en\/#\/schema\/logo\/image\/\",\"url\":\"https:\/\/librairie7l.com\/wp-content\/uploads\/2022\/08\/logo-1.png\",\"contentUrl\":\"https:\/\/librairie7l.com\/wp-content\/uploads\/2022\/08\/logo-1.png\",\"width\":227,\"height\":301,\"caption\":\"Librairie 7L\"},\"image\":{\"@id\":\"https:\/\/librairie7l.com\/en\/#\/schema\/logo\/image\/\"}}]}<\/script>\n<!-- \/ Yoast SEO plugin. -->","yoast_head_json":{"title":"Omen : Phantasmagoria at the farm security administration archive 1935-19 - Librairie 7L","robots":{"index":"index","follow":"follow","max-snippet":"max-snippet:-1","max-image-preview":"max-image-preview:large","max-video-preview":"max-video-preview:-1"},"canonical":"https:\/\/librairie7l.com\/en\/produit\/omen-phantasmagoria-at-the-farm-security-administration-archive-1935-19-2\/","og_locale":"en_US","og_type":"article","og_title":"Omen : Phantasmagoria at the farm security administration archive 1935-19 - Librairie 7L","og_description":"&#8220;Omen&#8221; reexamina el archivo fotogr\u00e1fico de la Farm Security Administration, revelando un relato menos conocido que cuestiona las perspectivas tradicionales de la historia estadounidense. La secuencia visual de este libro desaf\u00eda las normas al recortar de manera creativa im\u00e1genes de los archivos de la Farm Security Administration (1935-1944) de la Biblioteca P\u00fablica de Nueva York. [&hellip;]","og_url":"https:\/\/librairie7l.com\/en\/produit\/omen-phantasmagoria-at-the-farm-security-administration-archive-1935-19-2\/","og_site_name":"Librairie 7L","article_modified_time":"2026-04-17T10:56:35+00:00","og_image":[{"width":353,"height":500,"url":"https:\/\/librairie7l.com\/wp-content\/uploads\/2023\/12\/9788419233103_1_75.jpg","type":"image\/jpeg"}],"twitter_card":"summary_large_image","twitter_misc":{"Est. reading time":"2 minutes"},"schema":{"@context":"https:\/\/schema.org","@graph":[{"@type":"WebPage","@id":"https:\/\/librairie7l.com\/en\/produit\/omen-phantasmagoria-at-the-farm-security-administration-archive-1935-19-2\/","url":"https:\/\/librairie7l.com\/en\/produit\/omen-phantasmagoria-at-the-farm-security-administration-archive-1935-19-2\/","name":"Omen : Phantasmagoria at the farm security administration archive 1935-19 - Librairie 7L","isPartOf":{"@id":"https:\/\/librairie7l.com\/en\/#website"},"datePublished":"2024-09-26T20:17:43+00:00","dateModified":"2026-04-17T10:56:35+00:00","breadcrumb":{"@id":"https:\/\/librairie7l.com\/en\/produit\/omen-phantasmagoria-at-the-farm-security-administration-archive-1935-19-2\/#breadcrumb"},"inLanguage":"en-US","potentialAction":[{"@type":"ReadAction","target":["https:\/\/librairie7l.com\/en\/produit\/omen-phantasmagoria-at-the-farm-security-administration-archive-1935-19-2\/"]}]},{"@type":"BreadcrumbList","@id":"https:\/\/librairie7l.com\/en\/produit\/omen-phantasmagoria-at-the-farm-security-administration-archive-1935-19-2\/#breadcrumb","itemListElement":[{"@type":"ListItem","position":1,"name":"Accueil","item":"https:\/\/librairie7l.com\/en\/"},{"@type":"ListItem","position":2,"name":"Shop","item":"https:\/\/librairie7l.com\/en\/shop\/"},{"@type":"ListItem","position":3,"name":"OMEN : PHANTASMAGORIA AT THE FARM SECURITY ADMINISTRATION ARCHIVE 1935-19"}]},{"@type":"WebSite","@id":"https:\/\/librairie7l.com\/en\/#website","url":"https:\/\/librairie7l.com\/en\/","name":"Librairie 7L","description":"Librairie fond\u00e9e en 1999 par Karl Lagerfeld \u00e0 Paris","publisher":{"@id":"https:\/\/librairie7l.com\/en\/#organization"},"potentialAction":[{"@type":"SearchAction","target":{"@type":"EntryPoint","urlTemplate":"https:\/\/librairie7l.com\/en\/?s={search_term_string}"},"query-input":"required name=search_term_string"}],"inLanguage":"en-US"},{"@type":"Organization","@id":"https:\/\/librairie7l.com\/en\/#organization","name":"Librairie 7L","url":"https:\/\/librairie7l.com\/en\/","logo":{"@type":"ImageObject","inLanguage":"en-US","@id":"https:\/\/librairie7l.com\/en\/#\/schema\/logo\/image\/","url":"https:\/\/librairie7l.com\/wp-content\/uploads\/2022\/08\/logo-1.png","contentUrl":"https:\/\/librairie7l.com\/wp-content\/uploads\/2022\/08\/logo-1.png","width":227,"height":301,"caption":"Librairie 7L"},"image":{"@id":"https:\/\/librairie7l.com\/en\/#\/schema\/logo\/image\/"}}]}},"_links":{"self":[{"href":"https:\/\/librairie7l.com\/en\/wp-json\/wp\/v2\/product\/42844"}],"collection":[{"href":"https:\/\/librairie7l.com\/en\/wp-json\/wp\/v2\/product"}],"about":[{"href":"https:\/\/librairie7l.com\/en\/wp-json\/wp\/v2\/types\/product"}],"wp:featuredmedia":[{"embeddable":true,"href":"https:\/\/librairie7l.com\/en\/wp-json\/wp\/v2\/media\/42842"}],"wp:attachment":[{"href":"https:\/\/librairie7l.com\/en\/wp-json\/wp\/v2\/media?parent=42844"}],"wp:term":[{"taxonomy":"product_cat","embeddable":true,"href":"https:\/\/librairie7l.com\/en\/wp-json\/wp\/v2\/product_cat?post=42844"},{"taxonomy":"product_tag","embeddable":true,"href":"https:\/\/librairie7l.com\/en\/wp-json\/wp\/v2\/product_tag?post=42844"}],"curies":[{"name":"wp","href":"https:\/\/api.w.org\/{rel}","templated":true}]}}