{"id":42848,"date":"2024-09-26T22:17:45","date_gmt":"2024-09-26T20:17:45","guid":{"rendered":"https:\/\/librairie7l.com\/?post_type=product&#038;p=42848"},"modified":"2026-04-07T04:58:47","modified_gmt":"2026-04-07T02:58:47","slug":"surrealisme-le-grand-jeu-2","status":"publish","type":"product","link":"https:\/\/librairie7l.com\/en\/produit\/surrealisme-le-grand-jeu-2\/","title":{"rendered":"SURR\u00c9ALISME : LE GRAND JEU"},"content":{"rendered":"<p>Ce catalogue en fran\u00e7ais accompagne une grande exposition annonc\u00e9e au MACBA de Lausanne \u00e0 l&#8217;occasion des 100 ans de la publication du Manifeste du Surr\u00e9alisme par Andr\u00e9 Breton. Cette exposition rend hommage au mouvement international et aux publications qu&#8217;il a g\u00e9n\u00e9r\u00e9es. Son titre fait notamment r\u00e9f\u00e9rence \u00e0 la revue Le Grand Jeu, qui a apport\u00e9 de grandes innovations dans le domaine de la mise en page \u00e9ditoriale. L&#8217;exposition Le Grand Jeu comporte deux volets. Le volet historique est structur\u00e9 en trois s\u00e9quences autour du jeu d&#8217;\u00e9checs, du jeu de Tarot et du jeu de d\u00e9s \u00e0 l&#8217;int\u00e9rieur desquelles sont d\u00e9velopp\u00e9es des notions structurantes du mouvement comme l&#8217;\u00e9sot\u00e9risme ou le hasard. Mais les vertiges suscit\u00e9s par cette lib\u00e9ration de l&#8217;imaginaire ne cessent d&#8217;influencer notre mani\u00e8re d&#8217;envisager le corps, le langage et les objets dans leur capacit\u00e9 \u00e0 se m\u00e9tamorphoser. Dans son second volet, l&#8217;exposition est donc \u00e9galement l&#8217;occasion pour des artistes contemporain.e.s de poursuivre l&#8217;\u00e9lan de cet esprit libertaire, \u00e0 la mani\u00e8re d&#8217;un grand cadavre exquis.<\/p>\n","protected":false},"excerpt":{"rendered":"<p>Ce catalogue en fran\u00e7ais accompagne une grande exposition annonc\u00e9e au MACBA de Lausanne \u00e0 l&#8217;occasion des 100 ans de la publication du Manifeste du Surr\u00e9alisme par Andr\u00e9 Breton. Cette exposition rend hommage au mouvement international et aux publications qu&#8217;il a g\u00e9n\u00e9r\u00e9es. Son titre fait notamment r\u00e9f\u00e9rence \u00e0 la revue Le Grand Jeu, qui a apport\u00e9 [&hellip;]<\/p>\n","protected":false},"featured_media":42846,"template":"","meta":[],"product_cat":[2948],"product_tag":[],"acf":[],"yoast_head":"<!-- This site is optimized with the Yoast SEO plugin v20.11 - https:\/\/yoast.com\/wordpress\/plugins\/seo\/ -->\n<title>Surr\u00e9alisme : Le grand jeu - Librairie 7L<\/title>\n<meta name=\"robots\" content=\"index, follow, max-snippet:-1, max-image-preview:large, max-video-preview:-1\" \/>\n<link rel=\"canonical\" href=\"https:\/\/librairie7l.com\/en\/produit\/surrealisme-le-grand-jeu-2\/\" \/>\n<meta property=\"og:locale\" content=\"en_US\" \/>\n<meta property=\"og:type\" content=\"article\" \/>\n<meta property=\"og:title\" content=\"Surr\u00e9alisme : Le grand jeu - Librairie 7L\" \/>\n<meta property=\"og:description\" content=\"Ce catalogue en fran\u00e7ais accompagne une grande exposition annonc\u00e9e au MACBA de Lausanne \u00e0 l&#8217;occasion des 100 ans de la publication du Manifeste du Surr\u00e9alisme par Andr\u00e9 Breton. Cette exposition rend hommage au mouvement international et aux publications qu&#8217;il a g\u00e9n\u00e9r\u00e9es. Son titre fait notamment r\u00e9f\u00e9rence \u00e0 la revue Le Grand Jeu, qui a apport\u00e9 [&hellip;]\" \/>\n<meta property=\"og:url\" content=\"https:\/\/librairie7l.com\/en\/produit\/surrealisme-le-grand-jeu-2\/\" \/>\n<meta property=\"og:site_name\" content=\"Librairie 7L\" \/>\n<meta property=\"article:modified_time\" content=\"2026-04-07T02:58:47+00:00\" \/>\n<meta property=\"og:image\" content=\"https:\/\/librairie7l.com\/wp-content\/uploads\/2024\/01\/9783039421923_1_75.jpg\" \/>\n\t<meta property=\"og:image:width\" content=\"399\" \/>\n\t<meta property=\"og:image:height\" content=\"500\" \/>\n\t<meta property=\"og:image:type\" content=\"image\/jpeg\" \/>\n<meta name=\"twitter:card\" content=\"summary_large_image\" \/>\n<meta name=\"twitter:label1\" content=\"Est. reading time\" \/>\n\t<meta name=\"twitter:data1\" content=\"1 minute\" \/>\n<script type=\"application\/ld+json\" class=\"yoast-schema-graph\">{\"@context\":\"https:\/\/schema.org\",\"@graph\":[{\"@type\":\"WebPage\",\"@id\":\"https:\/\/librairie7l.com\/en\/produit\/surrealisme-le-grand-jeu-2\/\",\"url\":\"https:\/\/librairie7l.com\/en\/produit\/surrealisme-le-grand-jeu-2\/\",\"name\":\"Surr\u00e9alisme : Le grand jeu - Librairie 7L\",\"isPartOf\":{\"@id\":\"https:\/\/librairie7l.com\/en\/#website\"},\"datePublished\":\"2024-09-26T20:17:45+00:00\",\"dateModified\":\"2026-04-07T02:58:47+00:00\",\"breadcrumb\":{\"@id\":\"https:\/\/librairie7l.com\/en\/produit\/surrealisme-le-grand-jeu-2\/#breadcrumb\"},\"inLanguage\":\"en-US\",\"potentialAction\":[{\"@type\":\"ReadAction\",\"target\":[\"https:\/\/librairie7l.com\/en\/produit\/surrealisme-le-grand-jeu-2\/\"]}]},{\"@type\":\"BreadcrumbList\",\"@id\":\"https:\/\/librairie7l.com\/en\/produit\/surrealisme-le-grand-jeu-2\/#breadcrumb\",\"itemListElement\":[{\"@type\":\"ListItem\",\"position\":1,\"name\":\"Accueil\",\"item\":\"https:\/\/librairie7l.com\/en\/\"},{\"@type\":\"ListItem\",\"position\":2,\"name\":\"Shop\",\"item\":\"https:\/\/librairie7l.com\/en\/shop\/\"},{\"@type\":\"ListItem\",\"position\":3,\"name\":\"SURR\u00c9ALISME : LE GRAND JEU\"}]},{\"@type\":\"WebSite\",\"@id\":\"https:\/\/librairie7l.com\/en\/#website\",\"url\":\"https:\/\/librairie7l.com\/en\/\",\"name\":\"Librairie 7L\",\"description\":\"Librairie fond\u00e9e en 1999 par Karl Lagerfeld \u00e0 Paris\",\"publisher\":{\"@id\":\"https:\/\/librairie7l.com\/en\/#organization\"},\"potentialAction\":[{\"@type\":\"SearchAction\",\"target\":{\"@type\":\"EntryPoint\",\"urlTemplate\":\"https:\/\/librairie7l.com\/en\/?s={search_term_string}\"},\"query-input\":\"required name=search_term_string\"}],\"inLanguage\":\"en-US\"},{\"@type\":\"Organization\",\"@id\":\"https:\/\/librairie7l.com\/en\/#organization\",\"name\":\"Librairie 7L\",\"url\":\"https:\/\/librairie7l.com\/en\/\",\"logo\":{\"@type\":\"ImageObject\",\"inLanguage\":\"en-US\",\"@id\":\"https:\/\/librairie7l.com\/en\/#\/schema\/logo\/image\/\",\"url\":\"https:\/\/librairie7l.com\/wp-content\/uploads\/2022\/08\/logo-1.png\",\"contentUrl\":\"https:\/\/librairie7l.com\/wp-content\/uploads\/2022\/08\/logo-1.png\",\"width\":227,\"height\":301,\"caption\":\"Librairie 7L\"},\"image\":{\"@id\":\"https:\/\/librairie7l.com\/en\/#\/schema\/logo\/image\/\"}}]}<\/script>\n<!-- \/ Yoast SEO plugin. -->","yoast_head_json":{"title":"Surr\u00e9alisme : Le grand jeu - Librairie 7L","robots":{"index":"index","follow":"follow","max-snippet":"max-snippet:-1","max-image-preview":"max-image-preview:large","max-video-preview":"max-video-preview:-1"},"canonical":"https:\/\/librairie7l.com\/en\/produit\/surrealisme-le-grand-jeu-2\/","og_locale":"en_US","og_type":"article","og_title":"Surr\u00e9alisme : Le grand jeu - Librairie 7L","og_description":"Ce catalogue en fran\u00e7ais accompagne une grande exposition annonc\u00e9e au MACBA de Lausanne \u00e0 l&#8217;occasion des 100 ans de la publication du Manifeste du Surr\u00e9alisme par Andr\u00e9 Breton. Cette exposition rend hommage au mouvement international et aux publications qu&#8217;il a g\u00e9n\u00e9r\u00e9es. Son titre fait notamment r\u00e9f\u00e9rence \u00e0 la revue Le Grand Jeu, qui a apport\u00e9 [&hellip;]","og_url":"https:\/\/librairie7l.com\/en\/produit\/surrealisme-le-grand-jeu-2\/","og_site_name":"Librairie 7L","article_modified_time":"2026-04-07T02:58:47+00:00","og_image":[{"width":399,"height":500,"url":"https:\/\/librairie7l.com\/wp-content\/uploads\/2024\/01\/9783039421923_1_75.jpg","type":"image\/jpeg"}],"twitter_card":"summary_large_image","twitter_misc":{"Est. reading time":"1 minute"},"schema":{"@context":"https:\/\/schema.org","@graph":[{"@type":"WebPage","@id":"https:\/\/librairie7l.com\/en\/produit\/surrealisme-le-grand-jeu-2\/","url":"https:\/\/librairie7l.com\/en\/produit\/surrealisme-le-grand-jeu-2\/","name":"Surr\u00e9alisme : Le grand jeu - Librairie 7L","isPartOf":{"@id":"https:\/\/librairie7l.com\/en\/#website"},"datePublished":"2024-09-26T20:17:45+00:00","dateModified":"2026-04-07T02:58:47+00:00","breadcrumb":{"@id":"https:\/\/librairie7l.com\/en\/produit\/surrealisme-le-grand-jeu-2\/#breadcrumb"},"inLanguage":"en-US","potentialAction":[{"@type":"ReadAction","target":["https:\/\/librairie7l.com\/en\/produit\/surrealisme-le-grand-jeu-2\/"]}]},{"@type":"BreadcrumbList","@id":"https:\/\/librairie7l.com\/en\/produit\/surrealisme-le-grand-jeu-2\/#breadcrumb","itemListElement":[{"@type":"ListItem","position":1,"name":"Accueil","item":"https:\/\/librairie7l.com\/en\/"},{"@type":"ListItem","position":2,"name":"Shop","item":"https:\/\/librairie7l.com\/en\/shop\/"},{"@type":"ListItem","position":3,"name":"SURR\u00c9ALISME : LE GRAND JEU"}]},{"@type":"WebSite","@id":"https:\/\/librairie7l.com\/en\/#website","url":"https:\/\/librairie7l.com\/en\/","name":"Librairie 7L","description":"Librairie fond\u00e9e en 1999 par Karl Lagerfeld \u00e0 Paris","publisher":{"@id":"https:\/\/librairie7l.com\/en\/#organization"},"potentialAction":[{"@type":"SearchAction","target":{"@type":"EntryPoint","urlTemplate":"https:\/\/librairie7l.com\/en\/?s={search_term_string}"},"query-input":"required name=search_term_string"}],"inLanguage":"en-US"},{"@type":"Organization","@id":"https:\/\/librairie7l.com\/en\/#organization","name":"Librairie 7L","url":"https:\/\/librairie7l.com\/en\/","logo":{"@type":"ImageObject","inLanguage":"en-US","@id":"https:\/\/librairie7l.com\/en\/#\/schema\/logo\/image\/","url":"https:\/\/librairie7l.com\/wp-content\/uploads\/2022\/08\/logo-1.png","contentUrl":"https:\/\/librairie7l.com\/wp-content\/uploads\/2022\/08\/logo-1.png","width":227,"height":301,"caption":"Librairie 7L"},"image":{"@id":"https:\/\/librairie7l.com\/en\/#\/schema\/logo\/image\/"}}]}},"_links":{"self":[{"href":"https:\/\/librairie7l.com\/en\/wp-json\/wp\/v2\/product\/42848"}],"collection":[{"href":"https:\/\/librairie7l.com\/en\/wp-json\/wp\/v2\/product"}],"about":[{"href":"https:\/\/librairie7l.com\/en\/wp-json\/wp\/v2\/types\/product"}],"wp:featuredmedia":[{"embeddable":true,"href":"https:\/\/librairie7l.com\/en\/wp-json\/wp\/v2\/media\/42846"}],"wp:attachment":[{"href":"https:\/\/librairie7l.com\/en\/wp-json\/wp\/v2\/media?parent=42848"}],"wp:term":[{"taxonomy":"product_cat","embeddable":true,"href":"https:\/\/librairie7l.com\/en\/wp-json\/wp\/v2\/product_cat?post=42848"},{"taxonomy":"product_tag","embeddable":true,"href":"https:\/\/librairie7l.com\/en\/wp-json\/wp\/v2\/product_tag?post=42848"}],"curies":[{"name":"wp","href":"https:\/\/api.w.org\/{rel}","templated":true}]}}