{"id":42936,"date":"2024-09-26T23:16:24","date_gmt":"2024-09-26T21:16:24","guid":{"rendered":"https:\/\/librairie7l.com\/?post_type=product&#038;p=42936"},"modified":"2026-04-09T06:18:31","modified_gmt":"2026-04-09T04:18:31","slug":"yvon-lambert-au-mucem-une-piece-en-cinq-actes-2","status":"publish","type":"product","link":"https:\/\/librairie7l.com\/en\/produit\/yvon-lambert-au-mucem-une-piece-en-cinq-actes-2\/","title":{"rendered":"YVON LAMBERT AU MUCEM : UNE PI\u00c8CE EN CINQ ACTES"},"content":{"rendered":"<p>Produit \u00e0 l&#8217;occasion d&#8217;une exposition au Mucem qui r\u00e9unit des oeuvres majeures de la collection d&#8217;Yvon Lambert et des pi\u00e8ces des collections du Mucem, ce livre, construit comme un livret de th\u00e9\u00e2tre, propose la mise en sc\u00e8ne d&#8217;une conversation entre Yvon Lambert et les responsables des deux collections. Le lecteur est invit\u00e9 \u00e0 d\u00e9ambuler dans l&#8217;exposition gr\u00e2ce \u00e0 des vues de sc\u00e9nographie, o\u00f9 oeuvres d&#8217;art et objets issus de cultures populaires se croisent. La culture m\u00e9diterran\u00e9enne a en effet profond\u00e9ment fa\u00e7onn\u00e9 le destin d&#8217;Yvon Lambert, c\u00e9l\u00e8bre marchand d&#8217;art, dont le nom et l&#8217;histoire r\u00e9sonnent avec les richesses culturelles de la Provence. Avec malice et complicit\u00e9, les protagonistes questionnent les cultures proven\u00e7ales et m\u00e9diterran\u00e9ennes, et dialoguent autour de th\u00e9matiques communes aux deux collections : le populaire et le quotidien, l&#8217;homme et la nature, la po\u00e9sie et la litt\u00e9rature, l&#8217;intime et l&#8217;existence. De nombreux auteurs et artistes, amis d&#8217;Yvon Lambert, se glissent dans la conversation, donnant des \u00e9clairages sur leurs rencontres, et partageant avec g\u00e9n\u00e9rosit\u00e9 anecdotes et souvenirs. La couverture est dessin\u00e9e par Nathalie Du Pasquier.<\/p>\n<p>Publi\u00e9 \u00e0 l&#8217;occasion de l&#8217;exposition \u00ab De Basquiat \u00e0 \u00c9dith Piaf. Passions partag\u00e9es. La Collection Lambert au Mucem \u00bb au Mucem, Marseille, du 17 avril au 23 septembre 2024.<\/p>\n<p>Oeuvres de Jean Amblard, Carl Andre, Robert Barry, Miquel Barcel\u00f3, Jean-Michel Basquiat, Bernd &amp; Hilla Becher, Jean-Charles Blais, Christian Boltanski, Jacob Bromberg, Marcel Broodthaers, Stanley Brouwn, Daniel Buren, Andr\u00e9 Cadere, Mircea Cantor, Paul C\u00e9zanne, David Claerbout, Robert Combas, Angela Detanico &amp; Rafael Lain, Daniel Dezeuze, Nathalie Du Pasquier, Nan Goldin, Douglas Gordon, Max Jacob, On Kawara, Anselm Kiefer, Jannis Kounellis, Romain Laprade, Louise Lawler, L\u00e9o L\u00e9l\u00e9e, Sol LeWitt, Christian Marclay, Gordon Matta-Clark, Allan McCollum, Annette Messager, Vik Muniz, Rei Naito, Dennis Oppenheim, Jean-Michel Othoniel, Giulio Paolini, Luca Resta, Andres Serrano, Kiki Smith, Haim Steinbach, Niele Toroni, Cy Twombly, Francesco Vezzoli&#8230;<\/p>\n","protected":false},"excerpt":{"rendered":"<p>Produit \u00e0 l&#8217;occasion d&#8217;une exposition au Mucem qui r\u00e9unit des oeuvres majeures de la collection d&#8217;Yvon Lambert et des pi\u00e8ces des collections du Mucem, ce livre, construit comme un livret de th\u00e9\u00e2tre, propose la mise en sc\u00e8ne d&#8217;une conversation entre Yvon Lambert et les responsables des deux collections. Le lecteur est invit\u00e9 \u00e0 d\u00e9ambuler dans [&hellip;]<\/p>\n","protected":false},"featured_media":42934,"template":"","meta":[],"product_cat":[2948],"product_tag":[],"acf":[],"yoast_head":"<!-- This site is optimized with the Yoast SEO plugin v20.11 - https:\/\/yoast.com\/wordpress\/plugins\/seo\/ -->\n<title>Yvon Lambert au Mucem : Une pi\u00e8ce en cinq actes - Librairie 7L<\/title>\n<meta name=\"robots\" content=\"index, follow, max-snippet:-1, max-image-preview:large, max-video-preview:-1\" \/>\n<link rel=\"canonical\" href=\"https:\/\/librairie7l.com\/en\/produit\/yvon-lambert-au-mucem-une-piece-en-cinq-actes-2\/\" \/>\n<meta property=\"og:locale\" content=\"en_US\" \/>\n<meta property=\"og:type\" content=\"article\" \/>\n<meta property=\"og:title\" content=\"Yvon Lambert au Mucem : Une pi\u00e8ce en cinq actes - Librairie 7L\" \/>\n<meta property=\"og:description\" content=\"Produit \u00e0 l&#8217;occasion d&#8217;une exposition au Mucem qui r\u00e9unit des oeuvres majeures de la collection d&#8217;Yvon Lambert et des pi\u00e8ces des collections du Mucem, ce livre, construit comme un livret de th\u00e9\u00e2tre, propose la mise en sc\u00e8ne d&#8217;une conversation entre Yvon Lambert et les responsables des deux collections. Le lecteur est invit\u00e9 \u00e0 d\u00e9ambuler dans [&hellip;]\" \/>\n<meta property=\"og:url\" content=\"https:\/\/librairie7l.com\/en\/produit\/yvon-lambert-au-mucem-une-piece-en-cinq-actes-2\/\" \/>\n<meta property=\"og:site_name\" content=\"Librairie 7L\" \/>\n<meta property=\"article:modified_time\" content=\"2026-04-09T04:18:31+00:00\" \/>\n<meta property=\"og:image\" content=\"https:\/\/librairie7l.com\/wp-content\/uploads\/2024\/08\/9791092708271_1_75.jpg\" \/>\n\t<meta property=\"og:image:width\" content=\"600\" \/>\n\t<meta property=\"og:image:height\" content=\"792\" \/>\n\t<meta property=\"og:image:type\" content=\"image\/jpeg\" \/>\n<meta name=\"twitter:card\" content=\"summary_large_image\" \/>\n<meta name=\"twitter:label1\" content=\"Est. reading time\" \/>\n\t<meta name=\"twitter:data1\" content=\"2 minutes\" \/>\n<script type=\"application\/ld+json\" class=\"yoast-schema-graph\">{\"@context\":\"https:\/\/schema.org\",\"@graph\":[{\"@type\":\"WebPage\",\"@id\":\"https:\/\/librairie7l.com\/en\/produit\/yvon-lambert-au-mucem-une-piece-en-cinq-actes-2\/\",\"url\":\"https:\/\/librairie7l.com\/en\/produit\/yvon-lambert-au-mucem-une-piece-en-cinq-actes-2\/\",\"name\":\"Yvon Lambert au Mucem : Une pi\u00e8ce en cinq actes - Librairie 7L\",\"isPartOf\":{\"@id\":\"https:\/\/librairie7l.com\/en\/#website\"},\"datePublished\":\"2024-09-26T21:16:24+00:00\",\"dateModified\":\"2026-04-09T04:18:31+00:00\",\"breadcrumb\":{\"@id\":\"https:\/\/librairie7l.com\/en\/produit\/yvon-lambert-au-mucem-une-piece-en-cinq-actes-2\/#breadcrumb\"},\"inLanguage\":\"en-US\",\"potentialAction\":[{\"@type\":\"ReadAction\",\"target\":[\"https:\/\/librairie7l.com\/en\/produit\/yvon-lambert-au-mucem-une-piece-en-cinq-actes-2\/\"]}]},{\"@type\":\"BreadcrumbList\",\"@id\":\"https:\/\/librairie7l.com\/en\/produit\/yvon-lambert-au-mucem-une-piece-en-cinq-actes-2\/#breadcrumb\",\"itemListElement\":[{\"@type\":\"ListItem\",\"position\":1,\"name\":\"Accueil\",\"item\":\"https:\/\/librairie7l.com\/en\/\"},{\"@type\":\"ListItem\",\"position\":2,\"name\":\"Shop\",\"item\":\"https:\/\/librairie7l.com\/en\/shop\/\"},{\"@type\":\"ListItem\",\"position\":3,\"name\":\"YVON LAMBERT AU MUCEM : UNE PI\u00c8CE EN CINQ ACTES\"}]},{\"@type\":\"WebSite\",\"@id\":\"https:\/\/librairie7l.com\/en\/#website\",\"url\":\"https:\/\/librairie7l.com\/en\/\",\"name\":\"Librairie 7L\",\"description\":\"Librairie fond\u00e9e en 1999 par Karl Lagerfeld \u00e0 Paris\",\"publisher\":{\"@id\":\"https:\/\/librairie7l.com\/en\/#organization\"},\"potentialAction\":[{\"@type\":\"SearchAction\",\"target\":{\"@type\":\"EntryPoint\",\"urlTemplate\":\"https:\/\/librairie7l.com\/en\/?s={search_term_string}\"},\"query-input\":\"required name=search_term_string\"}],\"inLanguage\":\"en-US\"},{\"@type\":\"Organization\",\"@id\":\"https:\/\/librairie7l.com\/en\/#organization\",\"name\":\"Librairie 7L\",\"url\":\"https:\/\/librairie7l.com\/en\/\",\"logo\":{\"@type\":\"ImageObject\",\"inLanguage\":\"en-US\",\"@id\":\"https:\/\/librairie7l.com\/en\/#\/schema\/logo\/image\/\",\"url\":\"https:\/\/librairie7l.com\/wp-content\/uploads\/2022\/08\/logo-1.png\",\"contentUrl\":\"https:\/\/librairie7l.com\/wp-content\/uploads\/2022\/08\/logo-1.png\",\"width\":227,\"height\":301,\"caption\":\"Librairie 7L\"},\"image\":{\"@id\":\"https:\/\/librairie7l.com\/en\/#\/schema\/logo\/image\/\"}}]}<\/script>\n<!-- \/ Yoast SEO plugin. -->","yoast_head_json":{"title":"Yvon Lambert au Mucem : Une pi\u00e8ce en cinq actes - Librairie 7L","robots":{"index":"index","follow":"follow","max-snippet":"max-snippet:-1","max-image-preview":"max-image-preview:large","max-video-preview":"max-video-preview:-1"},"canonical":"https:\/\/librairie7l.com\/en\/produit\/yvon-lambert-au-mucem-une-piece-en-cinq-actes-2\/","og_locale":"en_US","og_type":"article","og_title":"Yvon Lambert au Mucem : Une pi\u00e8ce en cinq actes - Librairie 7L","og_description":"Produit \u00e0 l&#8217;occasion d&#8217;une exposition au Mucem qui r\u00e9unit des oeuvres majeures de la collection d&#8217;Yvon Lambert et des pi\u00e8ces des collections du Mucem, ce livre, construit comme un livret de th\u00e9\u00e2tre, propose la mise en sc\u00e8ne d&#8217;une conversation entre Yvon Lambert et les responsables des deux collections. Le lecteur est invit\u00e9 \u00e0 d\u00e9ambuler dans [&hellip;]","og_url":"https:\/\/librairie7l.com\/en\/produit\/yvon-lambert-au-mucem-une-piece-en-cinq-actes-2\/","og_site_name":"Librairie 7L","article_modified_time":"2026-04-09T04:18:31+00:00","og_image":[{"width":600,"height":792,"url":"https:\/\/librairie7l.com\/wp-content\/uploads\/2024\/08\/9791092708271_1_75.jpg","type":"image\/jpeg"}],"twitter_card":"summary_large_image","twitter_misc":{"Est. reading time":"2 minutes"},"schema":{"@context":"https:\/\/schema.org","@graph":[{"@type":"WebPage","@id":"https:\/\/librairie7l.com\/en\/produit\/yvon-lambert-au-mucem-une-piece-en-cinq-actes-2\/","url":"https:\/\/librairie7l.com\/en\/produit\/yvon-lambert-au-mucem-une-piece-en-cinq-actes-2\/","name":"Yvon Lambert au Mucem : Une pi\u00e8ce en cinq actes - Librairie 7L","isPartOf":{"@id":"https:\/\/librairie7l.com\/en\/#website"},"datePublished":"2024-09-26T21:16:24+00:00","dateModified":"2026-04-09T04:18:31+00:00","breadcrumb":{"@id":"https:\/\/librairie7l.com\/en\/produit\/yvon-lambert-au-mucem-une-piece-en-cinq-actes-2\/#breadcrumb"},"inLanguage":"en-US","potentialAction":[{"@type":"ReadAction","target":["https:\/\/librairie7l.com\/en\/produit\/yvon-lambert-au-mucem-une-piece-en-cinq-actes-2\/"]}]},{"@type":"BreadcrumbList","@id":"https:\/\/librairie7l.com\/en\/produit\/yvon-lambert-au-mucem-une-piece-en-cinq-actes-2\/#breadcrumb","itemListElement":[{"@type":"ListItem","position":1,"name":"Accueil","item":"https:\/\/librairie7l.com\/en\/"},{"@type":"ListItem","position":2,"name":"Shop","item":"https:\/\/librairie7l.com\/en\/shop\/"},{"@type":"ListItem","position":3,"name":"YVON LAMBERT AU MUCEM : UNE PI\u00c8CE EN CINQ ACTES"}]},{"@type":"WebSite","@id":"https:\/\/librairie7l.com\/en\/#website","url":"https:\/\/librairie7l.com\/en\/","name":"Librairie 7L","description":"Librairie fond\u00e9e en 1999 par Karl Lagerfeld \u00e0 Paris","publisher":{"@id":"https:\/\/librairie7l.com\/en\/#organization"},"potentialAction":[{"@type":"SearchAction","target":{"@type":"EntryPoint","urlTemplate":"https:\/\/librairie7l.com\/en\/?s={search_term_string}"},"query-input":"required name=search_term_string"}],"inLanguage":"en-US"},{"@type":"Organization","@id":"https:\/\/librairie7l.com\/en\/#organization","name":"Librairie 7L","url":"https:\/\/librairie7l.com\/en\/","logo":{"@type":"ImageObject","inLanguage":"en-US","@id":"https:\/\/librairie7l.com\/en\/#\/schema\/logo\/image\/","url":"https:\/\/librairie7l.com\/wp-content\/uploads\/2022\/08\/logo-1.png","contentUrl":"https:\/\/librairie7l.com\/wp-content\/uploads\/2022\/08\/logo-1.png","width":227,"height":301,"caption":"Librairie 7L"},"image":{"@id":"https:\/\/librairie7l.com\/en\/#\/schema\/logo\/image\/"}}]}},"_links":{"self":[{"href":"https:\/\/librairie7l.com\/en\/wp-json\/wp\/v2\/product\/42936"}],"collection":[{"href":"https:\/\/librairie7l.com\/en\/wp-json\/wp\/v2\/product"}],"about":[{"href":"https:\/\/librairie7l.com\/en\/wp-json\/wp\/v2\/types\/product"}],"wp:featuredmedia":[{"embeddable":true,"href":"https:\/\/librairie7l.com\/en\/wp-json\/wp\/v2\/media\/42934"}],"wp:attachment":[{"href":"https:\/\/librairie7l.com\/en\/wp-json\/wp\/v2\/media?parent=42936"}],"wp:term":[{"taxonomy":"product_cat","embeddable":true,"href":"https:\/\/librairie7l.com\/en\/wp-json\/wp\/v2\/product_cat?post=42936"},{"taxonomy":"product_tag","embeddable":true,"href":"https:\/\/librairie7l.com\/en\/wp-json\/wp\/v2\/product_tag?post=42936"}],"curies":[{"name":"wp","href":"https:\/\/api.w.org\/{rel}","templated":true}]}}