{"id":42959,"date":"2024-09-27T22:17:35","date_gmt":"2024-09-27T20:17:35","guid":{"rendered":"https:\/\/librairie7l.com\/?post_type=product&#038;p=42959"},"modified":"2026-04-09T06:18:32","modified_gmt":"2026-04-09T04:18:32","slug":"la-maison-dadam-au-paradis-2","status":"publish","type":"product","link":"https:\/\/librairie7l.com\/en\/produit\/la-maison-dadam-au-paradis-2\/","title":{"rendered":"LA MAISON D&#8217;ADAM AU PARADIS"},"content":{"rendered":"<p>Sign\u00e9 de la main d&#8217;un immense historien de l&#8217;art, cet ouvrage est une vaste r\u00e9flexion, entre histoire de l&#8217;architecture et anthropologie, sur le sens profond de l&#8217;oeuvre b\u00e2tie depuis les origines. Or ces origines ne sont pas de l&#8217;ordre de l&#8217;histoire, mais de celui du symbolique, \u00e0 l&#8217;instar de la maison d&#8217;Adam au paradis. Incarn\u00e9 par la \u00abhutte\u00bb, la \u00abcabane primitive\u00bb, cet habitat originel hante selon Rykwert la pens\u00e9e architecturale, toutes traditions confondues. Parfois image repoussoir, parfois mod\u00e8le id\u00e9al entre tous, cette maison d&#8217;Adam est, dans tous les cas, associ\u00e9e au primitif, \u00e0 la nature et \u00e0 ses forces ainsi qu&#8217;au rituel et au c\u00e9r\u00e9moniel. Des dimensions de l&#8217;architecture souvent n\u00e9glig\u00e9es. Ce livre riche et ambitieux est r\u00e9\u00e9dit\u00e9 aujourd&#8217;hui apr\u00e8s vingt ans d&#8217;absence en librairie.<\/p>\n","protected":false},"excerpt":{"rendered":"<p>Sign\u00e9 de la main d&#8217;un immense historien de l&#8217;art, cet ouvrage est une vaste r\u00e9flexion, entre histoire de l&#8217;architecture et anthropologie, sur le sens profond de l&#8217;oeuvre b\u00e2tie depuis les origines. Or ces origines ne sont pas de l&#8217;ordre de l&#8217;histoire, mais de celui du symbolique, \u00e0 l&#8217;instar de la maison d&#8217;Adam au paradis. Incarn\u00e9 [&hellip;]<\/p>\n","protected":false},"featured_media":42957,"template":"","meta":[],"product_cat":[2948],"product_tag":[],"acf":[],"yoast_head":"<!-- This site is optimized with the Yoast SEO plugin v20.11 - https:\/\/yoast.com\/wordpress\/plugins\/seo\/ -->\n<title>La maison d&#039;Adam au paradis - Librairie 7L<\/title>\n<meta name=\"robots\" content=\"index, follow, max-snippet:-1, max-image-preview:large, max-video-preview:-1\" \/>\n<link rel=\"canonical\" href=\"https:\/\/librairie7l.com\/en\/produit\/la-maison-dadam-au-paradis-2\/\" \/>\n<meta property=\"og:locale\" content=\"en_US\" \/>\n<meta property=\"og:type\" content=\"article\" \/>\n<meta property=\"og:title\" content=\"La maison d&#039;Adam au paradis - Librairie 7L\" \/>\n<meta property=\"og:description\" content=\"Sign\u00e9 de la main d&#8217;un immense historien de l&#8217;art, cet ouvrage est une vaste r\u00e9flexion, entre histoire de l&#8217;architecture et anthropologie, sur le sens profond de l&#8217;oeuvre b\u00e2tie depuis les origines. Or ces origines ne sont pas de l&#8217;ordre de l&#8217;histoire, mais de celui du symbolique, \u00e0 l&#8217;instar de la maison d&#8217;Adam au paradis. Incarn\u00e9 [&hellip;]\" \/>\n<meta property=\"og:url\" content=\"https:\/\/librairie7l.com\/en\/produit\/la-maison-dadam-au-paradis-2\/\" \/>\n<meta property=\"og:site_name\" content=\"Librairie 7L\" \/>\n<meta property=\"article:modified_time\" content=\"2026-04-09T04:18:32+00:00\" \/>\n<meta property=\"og:image\" content=\"https:\/\/librairie7l.com\/wp-content\/uploads\/2017\/08\/9782863646779_1_75.jpg\" \/>\n\t<meta property=\"og:image:width\" content=\"600\" \/>\n\t<meta property=\"og:image:height\" content=\"921\" \/>\n\t<meta property=\"og:image:type\" content=\"image\/jpeg\" \/>\n<meta name=\"twitter:card\" content=\"summary_large_image\" \/>\n<meta name=\"twitter:label1\" content=\"Est. reading time\" \/>\n\t<meta name=\"twitter:data1\" content=\"1 minute\" \/>\n<script type=\"application\/ld+json\" class=\"yoast-schema-graph\">{\"@context\":\"https:\/\/schema.org\",\"@graph\":[{\"@type\":\"WebPage\",\"@id\":\"https:\/\/librairie7l.com\/en\/produit\/la-maison-dadam-au-paradis-2\/\",\"url\":\"https:\/\/librairie7l.com\/en\/produit\/la-maison-dadam-au-paradis-2\/\",\"name\":\"La maison d'Adam au paradis - Librairie 7L\",\"isPartOf\":{\"@id\":\"https:\/\/librairie7l.com\/en\/#website\"},\"datePublished\":\"2024-09-27T20:17:35+00:00\",\"dateModified\":\"2026-04-09T04:18:32+00:00\",\"breadcrumb\":{\"@id\":\"https:\/\/librairie7l.com\/en\/produit\/la-maison-dadam-au-paradis-2\/#breadcrumb\"},\"inLanguage\":\"en-US\",\"potentialAction\":[{\"@type\":\"ReadAction\",\"target\":[\"https:\/\/librairie7l.com\/en\/produit\/la-maison-dadam-au-paradis-2\/\"]}]},{\"@type\":\"BreadcrumbList\",\"@id\":\"https:\/\/librairie7l.com\/en\/produit\/la-maison-dadam-au-paradis-2\/#breadcrumb\",\"itemListElement\":[{\"@type\":\"ListItem\",\"position\":1,\"name\":\"Accueil\",\"item\":\"https:\/\/librairie7l.com\/en\/\"},{\"@type\":\"ListItem\",\"position\":2,\"name\":\"Shop\",\"item\":\"https:\/\/librairie7l.com\/en\/shop\/\"},{\"@type\":\"ListItem\",\"position\":3,\"name\":\"LA MAISON D&#8217;ADAM AU PARADIS\"}]},{\"@type\":\"WebSite\",\"@id\":\"https:\/\/librairie7l.com\/en\/#website\",\"url\":\"https:\/\/librairie7l.com\/en\/\",\"name\":\"Librairie 7L\",\"description\":\"Librairie fond\u00e9e en 1999 par Karl Lagerfeld \u00e0 Paris\",\"publisher\":{\"@id\":\"https:\/\/librairie7l.com\/en\/#organization\"},\"potentialAction\":[{\"@type\":\"SearchAction\",\"target\":{\"@type\":\"EntryPoint\",\"urlTemplate\":\"https:\/\/librairie7l.com\/en\/?s={search_term_string}\"},\"query-input\":\"required name=search_term_string\"}],\"inLanguage\":\"en-US\"},{\"@type\":\"Organization\",\"@id\":\"https:\/\/librairie7l.com\/en\/#organization\",\"name\":\"Librairie 7L\",\"url\":\"https:\/\/librairie7l.com\/en\/\",\"logo\":{\"@type\":\"ImageObject\",\"inLanguage\":\"en-US\",\"@id\":\"https:\/\/librairie7l.com\/en\/#\/schema\/logo\/image\/\",\"url\":\"https:\/\/librairie7l.com\/wp-content\/uploads\/2022\/08\/logo-1.png\",\"contentUrl\":\"https:\/\/librairie7l.com\/wp-content\/uploads\/2022\/08\/logo-1.png\",\"width\":227,\"height\":301,\"caption\":\"Librairie 7L\"},\"image\":{\"@id\":\"https:\/\/librairie7l.com\/en\/#\/schema\/logo\/image\/\"}}]}<\/script>\n<!-- \/ Yoast SEO plugin. -->","yoast_head_json":{"title":"La maison d'Adam au paradis - Librairie 7L","robots":{"index":"index","follow":"follow","max-snippet":"max-snippet:-1","max-image-preview":"max-image-preview:large","max-video-preview":"max-video-preview:-1"},"canonical":"https:\/\/librairie7l.com\/en\/produit\/la-maison-dadam-au-paradis-2\/","og_locale":"en_US","og_type":"article","og_title":"La maison d'Adam au paradis - Librairie 7L","og_description":"Sign\u00e9 de la main d&#8217;un immense historien de l&#8217;art, cet ouvrage est une vaste r\u00e9flexion, entre histoire de l&#8217;architecture et anthropologie, sur le sens profond de l&#8217;oeuvre b\u00e2tie depuis les origines. Or ces origines ne sont pas de l&#8217;ordre de l&#8217;histoire, mais de celui du symbolique, \u00e0 l&#8217;instar de la maison d&#8217;Adam au paradis. Incarn\u00e9 [&hellip;]","og_url":"https:\/\/librairie7l.com\/en\/produit\/la-maison-dadam-au-paradis-2\/","og_site_name":"Librairie 7L","article_modified_time":"2026-04-09T04:18:32+00:00","og_image":[{"width":600,"height":921,"url":"https:\/\/librairie7l.com\/wp-content\/uploads\/2017\/08\/9782863646779_1_75.jpg","type":"image\/jpeg"}],"twitter_card":"summary_large_image","twitter_misc":{"Est. reading time":"1 minute"},"schema":{"@context":"https:\/\/schema.org","@graph":[{"@type":"WebPage","@id":"https:\/\/librairie7l.com\/en\/produit\/la-maison-dadam-au-paradis-2\/","url":"https:\/\/librairie7l.com\/en\/produit\/la-maison-dadam-au-paradis-2\/","name":"La maison d'Adam au paradis - Librairie 7L","isPartOf":{"@id":"https:\/\/librairie7l.com\/en\/#website"},"datePublished":"2024-09-27T20:17:35+00:00","dateModified":"2026-04-09T04:18:32+00:00","breadcrumb":{"@id":"https:\/\/librairie7l.com\/en\/produit\/la-maison-dadam-au-paradis-2\/#breadcrumb"},"inLanguage":"en-US","potentialAction":[{"@type":"ReadAction","target":["https:\/\/librairie7l.com\/en\/produit\/la-maison-dadam-au-paradis-2\/"]}]},{"@type":"BreadcrumbList","@id":"https:\/\/librairie7l.com\/en\/produit\/la-maison-dadam-au-paradis-2\/#breadcrumb","itemListElement":[{"@type":"ListItem","position":1,"name":"Accueil","item":"https:\/\/librairie7l.com\/en\/"},{"@type":"ListItem","position":2,"name":"Shop","item":"https:\/\/librairie7l.com\/en\/shop\/"},{"@type":"ListItem","position":3,"name":"LA MAISON D&#8217;ADAM AU PARADIS"}]},{"@type":"WebSite","@id":"https:\/\/librairie7l.com\/en\/#website","url":"https:\/\/librairie7l.com\/en\/","name":"Librairie 7L","description":"Librairie fond\u00e9e en 1999 par Karl Lagerfeld \u00e0 Paris","publisher":{"@id":"https:\/\/librairie7l.com\/en\/#organization"},"potentialAction":[{"@type":"SearchAction","target":{"@type":"EntryPoint","urlTemplate":"https:\/\/librairie7l.com\/en\/?s={search_term_string}"},"query-input":"required name=search_term_string"}],"inLanguage":"en-US"},{"@type":"Organization","@id":"https:\/\/librairie7l.com\/en\/#organization","name":"Librairie 7L","url":"https:\/\/librairie7l.com\/en\/","logo":{"@type":"ImageObject","inLanguage":"en-US","@id":"https:\/\/librairie7l.com\/en\/#\/schema\/logo\/image\/","url":"https:\/\/librairie7l.com\/wp-content\/uploads\/2022\/08\/logo-1.png","contentUrl":"https:\/\/librairie7l.com\/wp-content\/uploads\/2022\/08\/logo-1.png","width":227,"height":301,"caption":"Librairie 7L"},"image":{"@id":"https:\/\/librairie7l.com\/en\/#\/schema\/logo\/image\/"}}]}},"_links":{"self":[{"href":"https:\/\/librairie7l.com\/en\/wp-json\/wp\/v2\/product\/42959"}],"collection":[{"href":"https:\/\/librairie7l.com\/en\/wp-json\/wp\/v2\/product"}],"about":[{"href":"https:\/\/librairie7l.com\/en\/wp-json\/wp\/v2\/types\/product"}],"wp:featuredmedia":[{"embeddable":true,"href":"https:\/\/librairie7l.com\/en\/wp-json\/wp\/v2\/media\/42957"}],"wp:attachment":[{"href":"https:\/\/librairie7l.com\/en\/wp-json\/wp\/v2\/media?parent=42959"}],"wp:term":[{"taxonomy":"product_cat","embeddable":true,"href":"https:\/\/librairie7l.com\/en\/wp-json\/wp\/v2\/product_cat?post=42959"},{"taxonomy":"product_tag","embeddable":true,"href":"https:\/\/librairie7l.com\/en\/wp-json\/wp\/v2\/product_tag?post=42959"}],"curies":[{"name":"wp","href":"https:\/\/api.w.org\/{rel}","templated":true}]}}