{"id":42981,"date":"2024-09-29T22:17:28","date_gmt":"2024-09-29T20:17:28","guid":{"rendered":"https:\/\/librairie7l.com\/?post_type=product&#038;p=42981"},"modified":"2026-04-16T22:42:30","modified_gmt":"2026-04-16T20:42:30","slug":"intime-xviiie-siecle-art-de-vivre-a-la-francaise-au-xviiie-siecle-2","status":"publish","type":"product","link":"https:\/\/librairie7l.com\/en\/produit\/intime-xviiie-siecle-art-de-vivre-a-la-francaise-au-xviiie-siecle-2\/","title":{"rendered":"INTIME XVIIIE SI\u00c8CLE : ART DE VIVRE \u00c0 LA FRAN\u00c7AISE AU XVIIIE SI\u00c8CLE"},"content":{"rendered":"<p>Ce livre est une invitation, en mots et en images, \u00e0 p\u00e9n\u00e9trer l&#8217;atmosph\u00e8re sophistiqu\u00e9e des r\u00e9sidences des \u00e9lites du royaume de France, entre le r\u00e8gne de Louis XIV et la R\u00e9volution. Des ch\u00e2teaux, h\u00f4tels particuliers ou maisons de plaisance, o\u00f9 ils \u00e9voluent dans des d\u00e9cors d&#8217;art total, peupl\u00e9s de meubles et d&#8217;objets raffin\u00e9s.<br \/>\nLe titre, \u00ab Intime XVIIIe si\u00e8cle \u00bb, donne le ton de cet ouvrage con\u00e7u comme une plong\u00e9e dans l&#8217;intimit\u00e9 des demeures des XVIIe et  XVIIIe si\u00e8cles &#8211; \u00e9poque \u00e0 laquelle les notions d&#8217;intimit\u00e9 et de vie priv\u00e9e surgissent et s&#8217;imposent.<br \/>\nSophistication, excellence, raffinement et confort : tels sont les th\u00e8mes des quatre parties, qui permettent d&#8217;entrer v\u00e9ritablement \u00e0 l&#8217;int\u00e9rieur des demeures, au plus pr\u00e8s des meubles et des objets d&#8217;art, de leurs commanditaires et de ceux qui les ont confectionn\u00e9s. Des focus en double page permettent de s&#8217;immiscer au plus pr\u00e8s d&#8217;objets remarquables, mais \u00e9galement de partager la toilette, le d\u00eener, les jeux, les go\u00fbts et les habitudes de certains grands personnages de l&#8217;\u00e9poque. D&#8217;autres focus encore expliquent la mani\u00e8re dont les \u00e9b\u00e9nistes, menuisiers, ornemanistes, tabletiers, bronziers et autres marchands merciers travaillent au sein de leurs boutiques et ateliers.<\/p>\n","protected":false},"excerpt":{"rendered":"<p>Ce livre est une invitation, en mots et en images, \u00e0 p\u00e9n\u00e9trer l&#8217;atmosph\u00e8re sophistiqu\u00e9e des r\u00e9sidences des \u00e9lites du royaume de France, entre le r\u00e8gne de Louis XIV et la R\u00e9volution. Des ch\u00e2teaux, h\u00f4tels particuliers ou maisons de plaisance, o\u00f9 ils \u00e9voluent dans des d\u00e9cors d&#8217;art total, peupl\u00e9s de meubles et d&#8217;objets raffin\u00e9s. Le titre, [&hellip;]<\/p>\n","protected":false},"featured_media":42979,"template":"","meta":[],"product_cat":[2948],"product_tag":[],"acf":[],"yoast_head":"<!-- This site is optimized with the Yoast SEO plugin v20.11 - https:\/\/yoast.com\/wordpress\/plugins\/seo\/ -->\n<title>Intime XVIIIe si\u00e8cle : Art de vivre \u00e0 la fran\u00e7aise au XVIIIe si\u00e8cle - Librairie 7L<\/title>\n<meta name=\"robots\" content=\"index, follow, max-snippet:-1, max-image-preview:large, max-video-preview:-1\" \/>\n<link rel=\"canonical\" href=\"https:\/\/librairie7l.com\/en\/produit\/intime-xviiie-siecle-art-de-vivre-a-la-francaise-au-xviiie-siecle-2\/\" \/>\n<meta property=\"og:locale\" content=\"en_US\" \/>\n<meta property=\"og:type\" content=\"article\" \/>\n<meta property=\"og:title\" content=\"Intime XVIIIe si\u00e8cle : Art de vivre \u00e0 la fran\u00e7aise au XVIIIe si\u00e8cle - Librairie 7L\" \/>\n<meta property=\"og:description\" content=\"Ce livre est une invitation, en mots et en images, \u00e0 p\u00e9n\u00e9trer l&#8217;atmosph\u00e8re sophistiqu\u00e9e des r\u00e9sidences des \u00e9lites du royaume de France, entre le r\u00e8gne de Louis XIV et la R\u00e9volution. Des ch\u00e2teaux, h\u00f4tels particuliers ou maisons de plaisance, o\u00f9 ils \u00e9voluent dans des d\u00e9cors d&#8217;art total, peupl\u00e9s de meubles et d&#8217;objets raffin\u00e9s. Le titre, [&hellip;]\" \/>\n<meta property=\"og:url\" content=\"https:\/\/librairie7l.com\/en\/produit\/intime-xviiie-siecle-art-de-vivre-a-la-francaise-au-xviiie-siecle-2\/\" \/>\n<meta property=\"og:site_name\" content=\"Librairie 7L\" \/>\n<meta property=\"article:modified_time\" content=\"2026-04-16T20:42:30+00:00\" \/>\n<meta property=\"og:image\" content=\"https:\/\/librairie7l.com\/wp-content\/uploads\/2024\/01\/9782382031681_1_75.jpg\" \/>\n\t<meta property=\"og:image:width\" content=\"600\" \/>\n\t<meta property=\"og:image:height\" content=\"827\" \/>\n\t<meta property=\"og:image:type\" content=\"image\/jpeg\" \/>\n<meta name=\"twitter:card\" content=\"summary_large_image\" \/>\n<meta name=\"twitter:label1\" content=\"Est. reading time\" \/>\n\t<meta name=\"twitter:data1\" content=\"1 minute\" \/>\n<script type=\"application\/ld+json\" class=\"yoast-schema-graph\">{\"@context\":\"https:\/\/schema.org\",\"@graph\":[{\"@type\":\"WebPage\",\"@id\":\"https:\/\/librairie7l.com\/en\/produit\/intime-xviiie-siecle-art-de-vivre-a-la-francaise-au-xviiie-siecle-2\/\",\"url\":\"https:\/\/librairie7l.com\/en\/produit\/intime-xviiie-siecle-art-de-vivre-a-la-francaise-au-xviiie-siecle-2\/\",\"name\":\"Intime XVIIIe si\u00e8cle : Art de vivre \u00e0 la fran\u00e7aise au XVIIIe si\u00e8cle - Librairie 7L\",\"isPartOf\":{\"@id\":\"https:\/\/librairie7l.com\/en\/#website\"},\"datePublished\":\"2024-09-29T20:17:28+00:00\",\"dateModified\":\"2026-04-16T20:42:30+00:00\",\"breadcrumb\":{\"@id\":\"https:\/\/librairie7l.com\/en\/produit\/intime-xviiie-siecle-art-de-vivre-a-la-francaise-au-xviiie-siecle-2\/#breadcrumb\"},\"inLanguage\":\"en-US\",\"potentialAction\":[{\"@type\":\"ReadAction\",\"target\":[\"https:\/\/librairie7l.com\/en\/produit\/intime-xviiie-siecle-art-de-vivre-a-la-francaise-au-xviiie-siecle-2\/\"]}]},{\"@type\":\"BreadcrumbList\",\"@id\":\"https:\/\/librairie7l.com\/en\/produit\/intime-xviiie-siecle-art-de-vivre-a-la-francaise-au-xviiie-siecle-2\/#breadcrumb\",\"itemListElement\":[{\"@type\":\"ListItem\",\"position\":1,\"name\":\"Accueil\",\"item\":\"https:\/\/librairie7l.com\/en\/\"},{\"@type\":\"ListItem\",\"position\":2,\"name\":\"Shop\",\"item\":\"https:\/\/librairie7l.com\/en\/shop\/\"},{\"@type\":\"ListItem\",\"position\":3,\"name\":\"INTIME XVIIIE SI\u00c8CLE : ART DE VIVRE \u00c0 LA FRAN\u00c7AISE AU XVIIIE SI\u00c8CLE\"}]},{\"@type\":\"WebSite\",\"@id\":\"https:\/\/librairie7l.com\/en\/#website\",\"url\":\"https:\/\/librairie7l.com\/en\/\",\"name\":\"Librairie 7L\",\"description\":\"Librairie fond\u00e9e en 1999 par Karl Lagerfeld \u00e0 Paris\",\"publisher\":{\"@id\":\"https:\/\/librairie7l.com\/en\/#organization\"},\"potentialAction\":[{\"@type\":\"SearchAction\",\"target\":{\"@type\":\"EntryPoint\",\"urlTemplate\":\"https:\/\/librairie7l.com\/en\/?s={search_term_string}\"},\"query-input\":\"required name=search_term_string\"}],\"inLanguage\":\"en-US\"},{\"@type\":\"Organization\",\"@id\":\"https:\/\/librairie7l.com\/en\/#organization\",\"name\":\"Librairie 7L\",\"url\":\"https:\/\/librairie7l.com\/en\/\",\"logo\":{\"@type\":\"ImageObject\",\"inLanguage\":\"en-US\",\"@id\":\"https:\/\/librairie7l.com\/en\/#\/schema\/logo\/image\/\",\"url\":\"https:\/\/librairie7l.com\/wp-content\/uploads\/2022\/08\/logo-1.png\",\"contentUrl\":\"https:\/\/librairie7l.com\/wp-content\/uploads\/2022\/08\/logo-1.png\",\"width\":227,\"height\":301,\"caption\":\"Librairie 7L\"},\"image\":{\"@id\":\"https:\/\/librairie7l.com\/en\/#\/schema\/logo\/image\/\"}}]}<\/script>\n<!-- \/ Yoast SEO plugin. -->","yoast_head_json":{"title":"Intime XVIIIe si\u00e8cle : Art de vivre \u00e0 la fran\u00e7aise au XVIIIe si\u00e8cle - Librairie 7L","robots":{"index":"index","follow":"follow","max-snippet":"max-snippet:-1","max-image-preview":"max-image-preview:large","max-video-preview":"max-video-preview:-1"},"canonical":"https:\/\/librairie7l.com\/en\/produit\/intime-xviiie-siecle-art-de-vivre-a-la-francaise-au-xviiie-siecle-2\/","og_locale":"en_US","og_type":"article","og_title":"Intime XVIIIe si\u00e8cle : Art de vivre \u00e0 la fran\u00e7aise au XVIIIe si\u00e8cle - Librairie 7L","og_description":"Ce livre est une invitation, en mots et en images, \u00e0 p\u00e9n\u00e9trer l&#8217;atmosph\u00e8re sophistiqu\u00e9e des r\u00e9sidences des \u00e9lites du royaume de France, entre le r\u00e8gne de Louis XIV et la R\u00e9volution. Des ch\u00e2teaux, h\u00f4tels particuliers ou maisons de plaisance, o\u00f9 ils \u00e9voluent dans des d\u00e9cors d&#8217;art total, peupl\u00e9s de meubles et d&#8217;objets raffin\u00e9s. Le titre, [&hellip;]","og_url":"https:\/\/librairie7l.com\/en\/produit\/intime-xviiie-siecle-art-de-vivre-a-la-francaise-au-xviiie-siecle-2\/","og_site_name":"Librairie 7L","article_modified_time":"2026-04-16T20:42:30+00:00","og_image":[{"width":600,"height":827,"url":"https:\/\/librairie7l.com\/wp-content\/uploads\/2024\/01\/9782382031681_1_75.jpg","type":"image\/jpeg"}],"twitter_card":"summary_large_image","twitter_misc":{"Est. reading time":"1 minute"},"schema":{"@context":"https:\/\/schema.org","@graph":[{"@type":"WebPage","@id":"https:\/\/librairie7l.com\/en\/produit\/intime-xviiie-siecle-art-de-vivre-a-la-francaise-au-xviiie-siecle-2\/","url":"https:\/\/librairie7l.com\/en\/produit\/intime-xviiie-siecle-art-de-vivre-a-la-francaise-au-xviiie-siecle-2\/","name":"Intime XVIIIe si\u00e8cle : Art de vivre \u00e0 la fran\u00e7aise au XVIIIe si\u00e8cle - Librairie 7L","isPartOf":{"@id":"https:\/\/librairie7l.com\/en\/#website"},"datePublished":"2024-09-29T20:17:28+00:00","dateModified":"2026-04-16T20:42:30+00:00","breadcrumb":{"@id":"https:\/\/librairie7l.com\/en\/produit\/intime-xviiie-siecle-art-de-vivre-a-la-francaise-au-xviiie-siecle-2\/#breadcrumb"},"inLanguage":"en-US","potentialAction":[{"@type":"ReadAction","target":["https:\/\/librairie7l.com\/en\/produit\/intime-xviiie-siecle-art-de-vivre-a-la-francaise-au-xviiie-siecle-2\/"]}]},{"@type":"BreadcrumbList","@id":"https:\/\/librairie7l.com\/en\/produit\/intime-xviiie-siecle-art-de-vivre-a-la-francaise-au-xviiie-siecle-2\/#breadcrumb","itemListElement":[{"@type":"ListItem","position":1,"name":"Accueil","item":"https:\/\/librairie7l.com\/en\/"},{"@type":"ListItem","position":2,"name":"Shop","item":"https:\/\/librairie7l.com\/en\/shop\/"},{"@type":"ListItem","position":3,"name":"INTIME XVIIIE SI\u00c8CLE : ART DE VIVRE \u00c0 LA FRAN\u00c7AISE AU XVIIIE SI\u00c8CLE"}]},{"@type":"WebSite","@id":"https:\/\/librairie7l.com\/en\/#website","url":"https:\/\/librairie7l.com\/en\/","name":"Librairie 7L","description":"Librairie fond\u00e9e en 1999 par Karl Lagerfeld \u00e0 Paris","publisher":{"@id":"https:\/\/librairie7l.com\/en\/#organization"},"potentialAction":[{"@type":"SearchAction","target":{"@type":"EntryPoint","urlTemplate":"https:\/\/librairie7l.com\/en\/?s={search_term_string}"},"query-input":"required name=search_term_string"}],"inLanguage":"en-US"},{"@type":"Organization","@id":"https:\/\/librairie7l.com\/en\/#organization","name":"Librairie 7L","url":"https:\/\/librairie7l.com\/en\/","logo":{"@type":"ImageObject","inLanguage":"en-US","@id":"https:\/\/librairie7l.com\/en\/#\/schema\/logo\/image\/","url":"https:\/\/librairie7l.com\/wp-content\/uploads\/2022\/08\/logo-1.png","contentUrl":"https:\/\/librairie7l.com\/wp-content\/uploads\/2022\/08\/logo-1.png","width":227,"height":301,"caption":"Librairie 7L"},"image":{"@id":"https:\/\/librairie7l.com\/en\/#\/schema\/logo\/image\/"}}]}},"_links":{"self":[{"href":"https:\/\/librairie7l.com\/en\/wp-json\/wp\/v2\/product\/42981"}],"collection":[{"href":"https:\/\/librairie7l.com\/en\/wp-json\/wp\/v2\/product"}],"about":[{"href":"https:\/\/librairie7l.com\/en\/wp-json\/wp\/v2\/types\/product"}],"wp:featuredmedia":[{"embeddable":true,"href":"https:\/\/librairie7l.com\/en\/wp-json\/wp\/v2\/media\/42979"}],"wp:attachment":[{"href":"https:\/\/librairie7l.com\/en\/wp-json\/wp\/v2\/media?parent=42981"}],"wp:term":[{"taxonomy":"product_cat","embeddable":true,"href":"https:\/\/librairie7l.com\/en\/wp-json\/wp\/v2\/product_cat?post=42981"},{"taxonomy":"product_tag","embeddable":true,"href":"https:\/\/librairie7l.com\/en\/wp-json\/wp\/v2\/product_tag?post=42981"}],"curies":[{"name":"wp","href":"https:\/\/api.w.org\/{rel}","templated":true}]}}