{"id":43017,"date":"2024-10-04T12:19:04","date_gmt":"2024-10-04T10:19:04","guid":{"rendered":"https:\/\/librairie7l.com\/?post_type=product&#038;p=43017"},"modified":"2026-04-09T09:54:33","modified_gmt":"2026-04-09T07:54:33","slug":"zombis-la-mort-nest-pas-une-fin-2","status":"publish","type":"product","link":"https:\/\/librairie7l.com\/en\/produit\/zombis-la-mort-nest-pas-une-fin-2\/","title":{"rendered":"ZOMBIS : LA MORT N&#8217;EST PAS UNE FIN ?"},"content":{"rendered":"<p>La zombification, ph\u00e9nom\u00e8ne d\u00e9crit depuis le XVII? si\u00e8cle en Ha\u00efti, appartient aux croyances de la religion vaudou. Visant \u00e0 maintenir l&#8217;ordre social, cette pratique r\u00e9sulterait de la convergence des traditions magico-religieuses d&#8217;Afrique subsaharienne, des routes de l&#8217;esclavage transatlantique et de la ma\u00eetrise des poisons par les populations autochtones de la Cara\u00efbe. Jug\u00e9 par des soci\u00e9t\u00e9s secr\u00e8tes, condamn\u00e9 et drogu\u00e9, un individu est enterr\u00e9 vivant, exhum\u00e9 puis exil\u00e9. Il devient alors un \u00eatre sous emprise, soumis \u00e0 la volont\u00e9 d&#8217;un ma\u00eetre appel\u00e9 bokor. La figure du zombi, de la victime d&#8217;une mal\u00e9diction \u00e0 la l\u00e9gende folklorique, a abondamment nourri la litt\u00e9rature fantastique et l&#8217;industrie cin\u00e9matographique internationale, devenant aujourd&#8217;hui le symbole d&#8217;une mort contagieuse \u00e0 l&#8217;\u00e9chelle mondiale. En questionnant et en renouvelant les connaissances sur les zombis, cet ouvrage dirig\u00e9 par Philippe Charlier entend explorer les origines de ce ph\u00e9nom\u00e8ne et interroger le r\u00e9el et le suppos\u00e9, le myst\u00e8re et la recherche.<\/p>\n","protected":false},"excerpt":{"rendered":"<p>La zombification, ph\u00e9nom\u00e8ne d\u00e9crit depuis le XVII? si\u00e8cle en Ha\u00efti, appartient aux croyances de la religion vaudou. Visant \u00e0 maintenir l&#8217;ordre social, cette pratique r\u00e9sulterait de la convergence des traditions magico-religieuses d&#8217;Afrique subsaharienne, des routes de l&#8217;esclavage transatlantique et de la ma\u00eetrise des poisons par les populations autochtones de la Cara\u00efbe. Jug\u00e9 par des soci\u00e9t\u00e9s [&hellip;]<\/p>\n","protected":false},"featured_media":43015,"template":"","meta":[],"product_cat":[2948],"product_tag":[],"acf":[],"yoast_head":"<!-- This site is optimized with the Yoast SEO plugin v20.11 - https:\/\/yoast.com\/wordpress\/plugins\/seo\/ -->\n<title>Zombis : La mort n&#039;est pas une fin ? - Librairie 7L<\/title>\n<meta name=\"robots\" content=\"index, follow, max-snippet:-1, max-image-preview:large, max-video-preview:-1\" \/>\n<link rel=\"canonical\" href=\"https:\/\/librairie7l.com\/en\/produit\/zombis-la-mort-nest-pas-une-fin-2\/\" \/>\n<meta property=\"og:locale\" content=\"en_US\" \/>\n<meta property=\"og:type\" content=\"article\" \/>\n<meta property=\"og:title\" content=\"Zombis : La mort n&#039;est pas une fin ? - Librairie 7L\" \/>\n<meta property=\"og:description\" content=\"La zombification, ph\u00e9nom\u00e8ne d\u00e9crit depuis le XVII? si\u00e8cle en Ha\u00efti, appartient aux croyances de la religion vaudou. Visant \u00e0 maintenir l&#8217;ordre social, cette pratique r\u00e9sulterait de la convergence des traditions magico-religieuses d&#8217;Afrique subsaharienne, des routes de l&#8217;esclavage transatlantique et de la ma\u00eetrise des poisons par les populations autochtones de la Cara\u00efbe. Jug\u00e9 par des soci\u00e9t\u00e9s [&hellip;]\" \/>\n<meta property=\"og:url\" content=\"https:\/\/librairie7l.com\/en\/produit\/zombis-la-mort-nest-pas-une-fin-2\/\" \/>\n<meta property=\"og:site_name\" content=\"Librairie 7L\" \/>\n<meta property=\"article:modified_time\" content=\"2026-04-09T07:54:33+00:00\" \/>\n<meta property=\"og:image\" content=\"https:\/\/librairie7l.com\/wp-content\/uploads\/2024\/05\/9782073060730_1_75.jpg\" \/>\n\t<meta property=\"og:image:width\" content=\"600\" \/>\n\t<meta property=\"og:image:height\" content=\"929\" \/>\n\t<meta property=\"og:image:type\" content=\"image\/jpeg\" \/>\n<meta name=\"twitter:card\" content=\"summary_large_image\" \/>\n<meta name=\"twitter:label1\" content=\"Est. reading time\" \/>\n\t<meta name=\"twitter:data1\" content=\"1 minute\" \/>\n<script type=\"application\/ld+json\" class=\"yoast-schema-graph\">{\"@context\":\"https:\/\/schema.org\",\"@graph\":[{\"@type\":\"WebPage\",\"@id\":\"https:\/\/librairie7l.com\/en\/produit\/zombis-la-mort-nest-pas-une-fin-2\/\",\"url\":\"https:\/\/librairie7l.com\/en\/produit\/zombis-la-mort-nest-pas-une-fin-2\/\",\"name\":\"Zombis : La mort n'est pas une fin ? - Librairie 7L\",\"isPartOf\":{\"@id\":\"https:\/\/librairie7l.com\/en\/#website\"},\"datePublished\":\"2024-10-04T10:19:04+00:00\",\"dateModified\":\"2026-04-09T07:54:33+00:00\",\"breadcrumb\":{\"@id\":\"https:\/\/librairie7l.com\/en\/produit\/zombis-la-mort-nest-pas-une-fin-2\/#breadcrumb\"},\"inLanguage\":\"en-US\",\"potentialAction\":[{\"@type\":\"ReadAction\",\"target\":[\"https:\/\/librairie7l.com\/en\/produit\/zombis-la-mort-nest-pas-une-fin-2\/\"]}]},{\"@type\":\"BreadcrumbList\",\"@id\":\"https:\/\/librairie7l.com\/en\/produit\/zombis-la-mort-nest-pas-une-fin-2\/#breadcrumb\",\"itemListElement\":[{\"@type\":\"ListItem\",\"position\":1,\"name\":\"Accueil\",\"item\":\"https:\/\/librairie7l.com\/en\/\"},{\"@type\":\"ListItem\",\"position\":2,\"name\":\"Shop\",\"item\":\"https:\/\/librairie7l.com\/en\/shop\/\"},{\"@type\":\"ListItem\",\"position\":3,\"name\":\"ZOMBIS : LA MORT N&#8217;EST PAS UNE FIN ?\"}]},{\"@type\":\"WebSite\",\"@id\":\"https:\/\/librairie7l.com\/en\/#website\",\"url\":\"https:\/\/librairie7l.com\/en\/\",\"name\":\"Librairie 7L\",\"description\":\"Librairie fond\u00e9e en 1999 par Karl Lagerfeld \u00e0 Paris\",\"publisher\":{\"@id\":\"https:\/\/librairie7l.com\/en\/#organization\"},\"potentialAction\":[{\"@type\":\"SearchAction\",\"target\":{\"@type\":\"EntryPoint\",\"urlTemplate\":\"https:\/\/librairie7l.com\/en\/?s={search_term_string}\"},\"query-input\":\"required name=search_term_string\"}],\"inLanguage\":\"en-US\"},{\"@type\":\"Organization\",\"@id\":\"https:\/\/librairie7l.com\/en\/#organization\",\"name\":\"Librairie 7L\",\"url\":\"https:\/\/librairie7l.com\/en\/\",\"logo\":{\"@type\":\"ImageObject\",\"inLanguage\":\"en-US\",\"@id\":\"https:\/\/librairie7l.com\/en\/#\/schema\/logo\/image\/\",\"url\":\"https:\/\/librairie7l.com\/wp-content\/uploads\/2022\/08\/logo-1.png\",\"contentUrl\":\"https:\/\/librairie7l.com\/wp-content\/uploads\/2022\/08\/logo-1.png\",\"width\":227,\"height\":301,\"caption\":\"Librairie 7L\"},\"image\":{\"@id\":\"https:\/\/librairie7l.com\/en\/#\/schema\/logo\/image\/\"}}]}<\/script>\n<!-- \/ Yoast SEO plugin. -->","yoast_head_json":{"title":"Zombis : La mort n'est pas une fin ? - Librairie 7L","robots":{"index":"index","follow":"follow","max-snippet":"max-snippet:-1","max-image-preview":"max-image-preview:large","max-video-preview":"max-video-preview:-1"},"canonical":"https:\/\/librairie7l.com\/en\/produit\/zombis-la-mort-nest-pas-une-fin-2\/","og_locale":"en_US","og_type":"article","og_title":"Zombis : La mort n'est pas une fin ? - Librairie 7L","og_description":"La zombification, ph\u00e9nom\u00e8ne d\u00e9crit depuis le XVII? si\u00e8cle en Ha\u00efti, appartient aux croyances de la religion vaudou. Visant \u00e0 maintenir l&#8217;ordre social, cette pratique r\u00e9sulterait de la convergence des traditions magico-religieuses d&#8217;Afrique subsaharienne, des routes de l&#8217;esclavage transatlantique et de la ma\u00eetrise des poisons par les populations autochtones de la Cara\u00efbe. Jug\u00e9 par des soci\u00e9t\u00e9s [&hellip;]","og_url":"https:\/\/librairie7l.com\/en\/produit\/zombis-la-mort-nest-pas-une-fin-2\/","og_site_name":"Librairie 7L","article_modified_time":"2026-04-09T07:54:33+00:00","og_image":[{"width":600,"height":929,"url":"https:\/\/librairie7l.com\/wp-content\/uploads\/2024\/05\/9782073060730_1_75.jpg","type":"image\/jpeg"}],"twitter_card":"summary_large_image","twitter_misc":{"Est. reading time":"1 minute"},"schema":{"@context":"https:\/\/schema.org","@graph":[{"@type":"WebPage","@id":"https:\/\/librairie7l.com\/en\/produit\/zombis-la-mort-nest-pas-une-fin-2\/","url":"https:\/\/librairie7l.com\/en\/produit\/zombis-la-mort-nest-pas-une-fin-2\/","name":"Zombis : La mort n'est pas une fin ? - Librairie 7L","isPartOf":{"@id":"https:\/\/librairie7l.com\/en\/#website"},"datePublished":"2024-10-04T10:19:04+00:00","dateModified":"2026-04-09T07:54:33+00:00","breadcrumb":{"@id":"https:\/\/librairie7l.com\/en\/produit\/zombis-la-mort-nest-pas-une-fin-2\/#breadcrumb"},"inLanguage":"en-US","potentialAction":[{"@type":"ReadAction","target":["https:\/\/librairie7l.com\/en\/produit\/zombis-la-mort-nest-pas-une-fin-2\/"]}]},{"@type":"BreadcrumbList","@id":"https:\/\/librairie7l.com\/en\/produit\/zombis-la-mort-nest-pas-une-fin-2\/#breadcrumb","itemListElement":[{"@type":"ListItem","position":1,"name":"Accueil","item":"https:\/\/librairie7l.com\/en\/"},{"@type":"ListItem","position":2,"name":"Shop","item":"https:\/\/librairie7l.com\/en\/shop\/"},{"@type":"ListItem","position":3,"name":"ZOMBIS : LA MORT N&#8217;EST PAS UNE FIN ?"}]},{"@type":"WebSite","@id":"https:\/\/librairie7l.com\/en\/#website","url":"https:\/\/librairie7l.com\/en\/","name":"Librairie 7L","description":"Librairie fond\u00e9e en 1999 par Karl Lagerfeld \u00e0 Paris","publisher":{"@id":"https:\/\/librairie7l.com\/en\/#organization"},"potentialAction":[{"@type":"SearchAction","target":{"@type":"EntryPoint","urlTemplate":"https:\/\/librairie7l.com\/en\/?s={search_term_string}"},"query-input":"required name=search_term_string"}],"inLanguage":"en-US"},{"@type":"Organization","@id":"https:\/\/librairie7l.com\/en\/#organization","name":"Librairie 7L","url":"https:\/\/librairie7l.com\/en\/","logo":{"@type":"ImageObject","inLanguage":"en-US","@id":"https:\/\/librairie7l.com\/en\/#\/schema\/logo\/image\/","url":"https:\/\/librairie7l.com\/wp-content\/uploads\/2022\/08\/logo-1.png","contentUrl":"https:\/\/librairie7l.com\/wp-content\/uploads\/2022\/08\/logo-1.png","width":227,"height":301,"caption":"Librairie 7L"},"image":{"@id":"https:\/\/librairie7l.com\/en\/#\/schema\/logo\/image\/"}}]}},"_links":{"self":[{"href":"https:\/\/librairie7l.com\/en\/wp-json\/wp\/v2\/product\/43017"}],"collection":[{"href":"https:\/\/librairie7l.com\/en\/wp-json\/wp\/v2\/product"}],"about":[{"href":"https:\/\/librairie7l.com\/en\/wp-json\/wp\/v2\/types\/product"}],"wp:featuredmedia":[{"embeddable":true,"href":"https:\/\/librairie7l.com\/en\/wp-json\/wp\/v2\/media\/43015"}],"wp:attachment":[{"href":"https:\/\/librairie7l.com\/en\/wp-json\/wp\/v2\/media?parent=43017"}],"wp:term":[{"taxonomy":"product_cat","embeddable":true,"href":"https:\/\/librairie7l.com\/en\/wp-json\/wp\/v2\/product_cat?post=43017"},{"taxonomy":"product_tag","embeddable":true,"href":"https:\/\/librairie7l.com\/en\/wp-json\/wp\/v2\/product_tag?post=43017"}],"curies":[{"name":"wp","href":"https:\/\/api.w.org\/{rel}","templated":true}]}}