{"id":43025,"date":"2024-10-04T12:19:11","date_gmt":"2024-10-04T10:19:11","guid":{"rendered":"https:\/\/librairie7l.com\/?post_type=product&#038;p=43025"},"modified":"2026-04-15T22:24:35","modified_gmt":"2026-04-15T20:24:35","slug":"lodyssee-des-graines-2","status":"publish","type":"product","link":"https:\/\/librairie7l.com\/en\/produit\/lodyssee-des-graines-2\/","title":{"rendered":"L&#8217;ODYSS\u00c9E DES GRAINES"},"content":{"rendered":"<p>Velue, crochue, ail\u00e9e, minuscule ou monumentale, chaque graine renferme en elle le r\u00e9cit d&#8217;une odyss\u00e9e extraordinaire o\u00f9 la cr\u00e9ativit\u00e9 de la nature r\u00e8gne en ma\u00eetre. Au gr\u00e9 du vent, au fil de l&#8217;eau, avec la complicit\u00e9 des animaux, des hommes, \u00e0 chacune sa strat\u00e9gie pour partir \u00e0 la conqu\u00eate de nouveaux territoires. Un magnifique album o\u00f9 le regard \u00e9merveill\u00e9 de Cruschiform invite le lecteur \u00e0 red\u00e9couvrir le monde v\u00e9g\u00e9tal et \u00e0 l&#8217;admirer pour mieux le prot\u00e9ger.<\/p>\n","protected":false},"excerpt":{"rendered":"<p>Velue, crochue, ail\u00e9e, minuscule ou monumentale, chaque graine renferme en elle le r\u00e9cit d&#8217;une odyss\u00e9e extraordinaire o\u00f9 la cr\u00e9ativit\u00e9 de la nature r\u00e8gne en ma\u00eetre. Au gr\u00e9 du vent, au fil de l&#8217;eau, avec la complicit\u00e9 des animaux, des hommes, \u00e0 chacune sa strat\u00e9gie pour partir \u00e0 la conqu\u00eate de nouveaux territoires. Un magnifique album [&hellip;]<\/p>\n","protected":false},"featured_media":43023,"template":"","meta":[],"product_cat":[2948],"product_tag":[],"acf":[],"yoast_head":"<!-- This site is optimized with the Yoast SEO plugin v20.11 - https:\/\/yoast.com\/wordpress\/plugins\/seo\/ -->\n<title>L&#039;Odyss\u00e9e des graines - Librairie 7L<\/title>\n<meta name=\"robots\" content=\"index, follow, max-snippet:-1, max-image-preview:large, max-video-preview:-1\" \/>\n<link rel=\"canonical\" href=\"https:\/\/librairie7l.com\/en\/produit\/lodyssee-des-graines-2\/\" \/>\n<meta property=\"og:locale\" content=\"en_US\" \/>\n<meta property=\"og:type\" content=\"article\" \/>\n<meta property=\"og:title\" content=\"L&#039;Odyss\u00e9e des graines - Librairie 7L\" \/>\n<meta property=\"og:description\" content=\"Velue, crochue, ail\u00e9e, minuscule ou monumentale, chaque graine renferme en elle le r\u00e9cit d&#8217;une odyss\u00e9e extraordinaire o\u00f9 la cr\u00e9ativit\u00e9 de la nature r\u00e8gne en ma\u00eetre. Au gr\u00e9 du vent, au fil de l&#8217;eau, avec la complicit\u00e9 des animaux, des hommes, \u00e0 chacune sa strat\u00e9gie pour partir \u00e0 la conqu\u00eate de nouveaux territoires. Un magnifique album [&hellip;]\" \/>\n<meta property=\"og:url\" content=\"https:\/\/librairie7l.com\/en\/produit\/lodyssee-des-graines-2\/\" \/>\n<meta property=\"og:site_name\" content=\"Librairie 7L\" \/>\n<meta property=\"article:modified_time\" content=\"2026-04-15T20:24:35+00:00\" \/>\n<meta property=\"og:image\" content=\"https:\/\/librairie7l.com\/wp-content\/uploads\/2024\/05\/9782075135566_1_75.jpg\" \/>\n\t<meta property=\"og:image:width\" content=\"600\" \/>\n\t<meta property=\"og:image:height\" content=\"871\" \/>\n\t<meta property=\"og:image:type\" content=\"image\/jpeg\" \/>\n<meta name=\"twitter:card\" content=\"summary_large_image\" \/>\n<script type=\"application\/ld+json\" class=\"yoast-schema-graph\">{\"@context\":\"https:\/\/schema.org\",\"@graph\":[{\"@type\":\"WebPage\",\"@id\":\"https:\/\/librairie7l.com\/en\/produit\/lodyssee-des-graines-2\/\",\"url\":\"https:\/\/librairie7l.com\/en\/produit\/lodyssee-des-graines-2\/\",\"name\":\"L'Odyss\u00e9e des graines - Librairie 7L\",\"isPartOf\":{\"@id\":\"https:\/\/librairie7l.com\/en\/#website\"},\"datePublished\":\"2024-10-04T10:19:11+00:00\",\"dateModified\":\"2026-04-15T20:24:35+00:00\",\"breadcrumb\":{\"@id\":\"https:\/\/librairie7l.com\/en\/produit\/lodyssee-des-graines-2\/#breadcrumb\"},\"inLanguage\":\"en-US\",\"potentialAction\":[{\"@type\":\"ReadAction\",\"target\":[\"https:\/\/librairie7l.com\/en\/produit\/lodyssee-des-graines-2\/\"]}]},{\"@type\":\"BreadcrumbList\",\"@id\":\"https:\/\/librairie7l.com\/en\/produit\/lodyssee-des-graines-2\/#breadcrumb\",\"itemListElement\":[{\"@type\":\"ListItem\",\"position\":1,\"name\":\"Accueil\",\"item\":\"https:\/\/librairie7l.com\/en\/\"},{\"@type\":\"ListItem\",\"position\":2,\"name\":\"Shop\",\"item\":\"https:\/\/librairie7l.com\/en\/shop\/\"},{\"@type\":\"ListItem\",\"position\":3,\"name\":\"L&#8217;ODYSS\u00c9E DES GRAINES\"}]},{\"@type\":\"WebSite\",\"@id\":\"https:\/\/librairie7l.com\/en\/#website\",\"url\":\"https:\/\/librairie7l.com\/en\/\",\"name\":\"Librairie 7L\",\"description\":\"Librairie fond\u00e9e en 1999 par Karl Lagerfeld \u00e0 Paris\",\"publisher\":{\"@id\":\"https:\/\/librairie7l.com\/en\/#organization\"},\"potentialAction\":[{\"@type\":\"SearchAction\",\"target\":{\"@type\":\"EntryPoint\",\"urlTemplate\":\"https:\/\/librairie7l.com\/en\/?s={search_term_string}\"},\"query-input\":\"required name=search_term_string\"}],\"inLanguage\":\"en-US\"},{\"@type\":\"Organization\",\"@id\":\"https:\/\/librairie7l.com\/en\/#organization\",\"name\":\"Librairie 7L\",\"url\":\"https:\/\/librairie7l.com\/en\/\",\"logo\":{\"@type\":\"ImageObject\",\"inLanguage\":\"en-US\",\"@id\":\"https:\/\/librairie7l.com\/en\/#\/schema\/logo\/image\/\",\"url\":\"https:\/\/librairie7l.com\/wp-content\/uploads\/2022\/08\/logo-1.png\",\"contentUrl\":\"https:\/\/librairie7l.com\/wp-content\/uploads\/2022\/08\/logo-1.png\",\"width\":227,\"height\":301,\"caption\":\"Librairie 7L\"},\"image\":{\"@id\":\"https:\/\/librairie7l.com\/en\/#\/schema\/logo\/image\/\"}}]}<\/script>\n<!-- \/ Yoast SEO plugin. -->","yoast_head_json":{"title":"L'Odyss\u00e9e des graines - Librairie 7L","robots":{"index":"index","follow":"follow","max-snippet":"max-snippet:-1","max-image-preview":"max-image-preview:large","max-video-preview":"max-video-preview:-1"},"canonical":"https:\/\/librairie7l.com\/en\/produit\/lodyssee-des-graines-2\/","og_locale":"en_US","og_type":"article","og_title":"L'Odyss\u00e9e des graines - Librairie 7L","og_description":"Velue, crochue, ail\u00e9e, minuscule ou monumentale, chaque graine renferme en elle le r\u00e9cit d&#8217;une odyss\u00e9e extraordinaire o\u00f9 la cr\u00e9ativit\u00e9 de la nature r\u00e8gne en ma\u00eetre. Au gr\u00e9 du vent, au fil de l&#8217;eau, avec la complicit\u00e9 des animaux, des hommes, \u00e0 chacune sa strat\u00e9gie pour partir \u00e0 la conqu\u00eate de nouveaux territoires. Un magnifique album [&hellip;]","og_url":"https:\/\/librairie7l.com\/en\/produit\/lodyssee-des-graines-2\/","og_site_name":"Librairie 7L","article_modified_time":"2026-04-15T20:24:35+00:00","og_image":[{"width":600,"height":871,"url":"https:\/\/librairie7l.com\/wp-content\/uploads\/2024\/05\/9782075135566_1_75.jpg","type":"image\/jpeg"}],"twitter_card":"summary_large_image","schema":{"@context":"https:\/\/schema.org","@graph":[{"@type":"WebPage","@id":"https:\/\/librairie7l.com\/en\/produit\/lodyssee-des-graines-2\/","url":"https:\/\/librairie7l.com\/en\/produit\/lodyssee-des-graines-2\/","name":"L'Odyss\u00e9e des graines - Librairie 7L","isPartOf":{"@id":"https:\/\/librairie7l.com\/en\/#website"},"datePublished":"2024-10-04T10:19:11+00:00","dateModified":"2026-04-15T20:24:35+00:00","breadcrumb":{"@id":"https:\/\/librairie7l.com\/en\/produit\/lodyssee-des-graines-2\/#breadcrumb"},"inLanguage":"en-US","potentialAction":[{"@type":"ReadAction","target":["https:\/\/librairie7l.com\/en\/produit\/lodyssee-des-graines-2\/"]}]},{"@type":"BreadcrumbList","@id":"https:\/\/librairie7l.com\/en\/produit\/lodyssee-des-graines-2\/#breadcrumb","itemListElement":[{"@type":"ListItem","position":1,"name":"Accueil","item":"https:\/\/librairie7l.com\/en\/"},{"@type":"ListItem","position":2,"name":"Shop","item":"https:\/\/librairie7l.com\/en\/shop\/"},{"@type":"ListItem","position":3,"name":"L&#8217;ODYSS\u00c9E DES GRAINES"}]},{"@type":"WebSite","@id":"https:\/\/librairie7l.com\/en\/#website","url":"https:\/\/librairie7l.com\/en\/","name":"Librairie 7L","description":"Librairie fond\u00e9e en 1999 par Karl Lagerfeld \u00e0 Paris","publisher":{"@id":"https:\/\/librairie7l.com\/en\/#organization"},"potentialAction":[{"@type":"SearchAction","target":{"@type":"EntryPoint","urlTemplate":"https:\/\/librairie7l.com\/en\/?s={search_term_string}"},"query-input":"required name=search_term_string"}],"inLanguage":"en-US"},{"@type":"Organization","@id":"https:\/\/librairie7l.com\/en\/#organization","name":"Librairie 7L","url":"https:\/\/librairie7l.com\/en\/","logo":{"@type":"ImageObject","inLanguage":"en-US","@id":"https:\/\/librairie7l.com\/en\/#\/schema\/logo\/image\/","url":"https:\/\/librairie7l.com\/wp-content\/uploads\/2022\/08\/logo-1.png","contentUrl":"https:\/\/librairie7l.com\/wp-content\/uploads\/2022\/08\/logo-1.png","width":227,"height":301,"caption":"Librairie 7L"},"image":{"@id":"https:\/\/librairie7l.com\/en\/#\/schema\/logo\/image\/"}}]}},"_links":{"self":[{"href":"https:\/\/librairie7l.com\/en\/wp-json\/wp\/v2\/product\/43025"}],"collection":[{"href":"https:\/\/librairie7l.com\/en\/wp-json\/wp\/v2\/product"}],"about":[{"href":"https:\/\/librairie7l.com\/en\/wp-json\/wp\/v2\/types\/product"}],"wp:featuredmedia":[{"embeddable":true,"href":"https:\/\/librairie7l.com\/en\/wp-json\/wp\/v2\/media\/43023"}],"wp:attachment":[{"href":"https:\/\/librairie7l.com\/en\/wp-json\/wp\/v2\/media?parent=43025"}],"wp:term":[{"taxonomy":"product_cat","embeddable":true,"href":"https:\/\/librairie7l.com\/en\/wp-json\/wp\/v2\/product_cat?post=43025"},{"taxonomy":"product_tag","embeddable":true,"href":"https:\/\/librairie7l.com\/en\/wp-json\/wp\/v2\/product_tag?post=43025"}],"curies":[{"name":"wp","href":"https:\/\/api.w.org\/{rel}","templated":true}]}}