{"id":43033,"date":"2024-10-04T12:19:21","date_gmt":"2024-10-04T10:19:21","guid":{"rendered":"https:\/\/librairie7l.com\/?post_type=product&#038;p=43033"},"modified":"2026-04-15T22:28:36","modified_gmt":"2026-04-15T20:28:36","slug":"emmanuel-babled-la-main-des-autres-2","status":"publish","type":"product","link":"https:\/\/librairie7l.com\/en\/produit\/emmanuel-babled-la-main-des-autres-2\/","title":{"rendered":"EMMANUEL BABLED : LA MAIN DES AUTRES"},"content":{"rendered":"<p>Emmanuel Babled et le design comme c\u00e9l\u00e9bration de la tradition<br \/>\nLe titre de cette monographie, La Main des Autres, est on ne peut plus pertinent, tant il r\u00e9sume parfaitement l&#8217;oeuvre et la personnalit\u00e9 d&#8217;Emmanuel Babled. Le designer fran\u00e7ais, dont le studio est aujourd&#8217;hui \u00e0 Lisbonne apr\u00e8s avoir \u00e9t\u00e9 successivement \u00e0 Paris, Milan et Amsterdam, a d&#8217;abord fait des \u00e9tudes de design industriel, mais s&#8217;est tr\u00e8s t\u00f4t rendu compte, en d\u00e9couvrant la d\u00e9marche du grand Ettore Sottsass, que sa vocation n&#8217;\u00e9tait pas la production de masse d&#8217;objets en plastique, mais plut\u00f4t la cr\u00e9ation d&#8217;objets fonctionnels rares et pr\u00e9cieux, en collaboration \u00e9troite avec des ma\u00eetres artisans exer\u00e7ant leur m\u00e9tier dans des territoires bien identifi\u00e9s, o\u00f9 traditions ancestrales et virtuosit\u00e9 technique continuent de faire des miracles en \u00e9chappant \u00e0 la loi d&#8217;airain de la standardisation. Les cr\u00e9ations de Babled s&#8217;appuient \u00e0 la fois sur son propre talent de designer et sa capacit\u00e9 rare \u00e0 travailler avec les ma\u00eetres artisans du monde entier, d\u00e9positaires de ce savoir collectif qui constitue un patrimoine immat\u00e9riel de l&#8217;humanit\u00e9. La convergence entre originalit\u00e9 conceptuelle et recours \u00e0 une technologie de pointe, entre tradition locale et innovation r\u00e9volutionnaire, atteint son sommet dans ses &#8220;\u00e9ditions limit\u00e9es&#8221;, qui redonnent une vie nouvelle \u00e0 des savoir-faire anciens et \u00e0 des mat\u00e9riaux pr\u00e9cieux tels que le marbre. Ce livre nous fait par ailleurs p\u00e9n\u00e9trer, en m\u00eame temps que dans l&#8217;esprit du designer aux trente ann\u00e9es de carri\u00e8re fulgurante, dans les coulisses de ces lieux, inaccessibles au public, o\u00f9 des secrets de fabrication s\u00e9culaires se transmettent de g\u00e9n\u00e9ration en g\u00e9n\u00e9ration. La Main des Autres saisit dans toute sa quintessence l&#8217;itin\u00e9raire de Babled, qui a su mettre sa signature personnelle au service d&#8217;une industrie et d&#8217;une culture au profond enracinement territorial, qu&#8217;il fait entrer dans le XXIe si\u00e8cle gr\u00e2ce \u00e0 son impressionnante ma\u00eetrise du design contemporain dans toute sa diversit\u00e9 disciplinaire et technologique. Il transcende, ce faisant, son propre \u00e9go pour d\u00e9fendre l&#8217;id\u00e9e selon laquelle le designer n&#8217;est pas un \u00eatre solitaire mais une entreprise collective, ainsi que l&#8217;illustre cette monographie exceptionnelle.<\/p>\n","protected":false},"excerpt":{"rendered":"<p>Emmanuel Babled et le design comme c\u00e9l\u00e9bration de la tradition Le titre de cette monographie, La Main des Autres, est on ne peut plus pertinent, tant il r\u00e9sume parfaitement l&#8217;oeuvre et la personnalit\u00e9 d&#8217;Emmanuel Babled. Le designer fran\u00e7ais, dont le studio est aujourd&#8217;hui \u00e0 Lisbonne apr\u00e8s avoir \u00e9t\u00e9 successivement \u00e0 Paris, Milan et Amsterdam, a [&hellip;]<\/p>\n","protected":false},"featured_media":43031,"template":"","meta":[],"product_cat":[2948],"product_tag":[],"acf":[],"yoast_head":"<!-- This site is optimized with the Yoast SEO plugin v20.11 - https:\/\/yoast.com\/wordpress\/plugins\/seo\/ -->\n<title>Emmanuel Babled : La main des autres - Librairie 7L<\/title>\n<meta name=\"robots\" content=\"index, follow, max-snippet:-1, max-image-preview:large, max-video-preview:-1\" \/>\n<link rel=\"canonical\" href=\"https:\/\/librairie7l.com\/en\/produit\/emmanuel-babled-la-main-des-autres-2\/\" \/>\n<meta property=\"og:locale\" content=\"en_US\" \/>\n<meta property=\"og:type\" content=\"article\" \/>\n<meta property=\"og:title\" content=\"Emmanuel Babled : La main des autres - Librairie 7L\" \/>\n<meta property=\"og:description\" content=\"Emmanuel Babled et le design comme c\u00e9l\u00e9bration de la tradition Le titre de cette monographie, La Main des Autres, est on ne peut plus pertinent, tant il r\u00e9sume parfaitement l&#8217;oeuvre et la personnalit\u00e9 d&#8217;Emmanuel Babled. Le designer fran\u00e7ais, dont le studio est aujourd&#8217;hui \u00e0 Lisbonne apr\u00e8s avoir \u00e9t\u00e9 successivement \u00e0 Paris, Milan et Amsterdam, a [&hellip;]\" \/>\n<meta property=\"og:url\" content=\"https:\/\/librairie7l.com\/en\/produit\/emmanuel-babled-la-main-des-autres-2\/\" \/>\n<meta property=\"og:site_name\" content=\"Librairie 7L\" \/>\n<meta property=\"article:modified_time\" content=\"2026-04-15T20:28:36+00:00\" \/>\n<meta property=\"og:image\" content=\"https:\/\/librairie7l.com\/wp-content\/uploads\/2024\/03\/9791254600641_1_75.jpg\" \/>\n\t<meta property=\"og:image:width\" content=\"600\" \/>\n\t<meta property=\"og:image:height\" content=\"773\" \/>\n\t<meta property=\"og:image:type\" content=\"image\/jpeg\" \/>\n<meta name=\"twitter:card\" content=\"summary_large_image\" \/>\n<meta name=\"twitter:label1\" content=\"Est. reading time\" \/>\n\t<meta name=\"twitter:data1\" content=\"2 minutes\" \/>\n<script type=\"application\/ld+json\" class=\"yoast-schema-graph\">{\"@context\":\"https:\/\/schema.org\",\"@graph\":[{\"@type\":\"WebPage\",\"@id\":\"https:\/\/librairie7l.com\/en\/produit\/emmanuel-babled-la-main-des-autres-2\/\",\"url\":\"https:\/\/librairie7l.com\/en\/produit\/emmanuel-babled-la-main-des-autres-2\/\",\"name\":\"Emmanuel Babled : La main des autres - Librairie 7L\",\"isPartOf\":{\"@id\":\"https:\/\/librairie7l.com\/en\/#website\"},\"datePublished\":\"2024-10-04T10:19:21+00:00\",\"dateModified\":\"2026-04-15T20:28:36+00:00\",\"breadcrumb\":{\"@id\":\"https:\/\/librairie7l.com\/en\/produit\/emmanuel-babled-la-main-des-autres-2\/#breadcrumb\"},\"inLanguage\":\"en-US\",\"potentialAction\":[{\"@type\":\"ReadAction\",\"target\":[\"https:\/\/librairie7l.com\/en\/produit\/emmanuel-babled-la-main-des-autres-2\/\"]}]},{\"@type\":\"BreadcrumbList\",\"@id\":\"https:\/\/librairie7l.com\/en\/produit\/emmanuel-babled-la-main-des-autres-2\/#breadcrumb\",\"itemListElement\":[{\"@type\":\"ListItem\",\"position\":1,\"name\":\"Accueil\",\"item\":\"https:\/\/librairie7l.com\/en\/\"},{\"@type\":\"ListItem\",\"position\":2,\"name\":\"Shop\",\"item\":\"https:\/\/librairie7l.com\/en\/shop\/\"},{\"@type\":\"ListItem\",\"position\":3,\"name\":\"EMMANUEL BABLED : LA MAIN DES AUTRES\"}]},{\"@type\":\"WebSite\",\"@id\":\"https:\/\/librairie7l.com\/en\/#website\",\"url\":\"https:\/\/librairie7l.com\/en\/\",\"name\":\"Librairie 7L\",\"description\":\"Librairie fond\u00e9e en 1999 par Karl Lagerfeld \u00e0 Paris\",\"publisher\":{\"@id\":\"https:\/\/librairie7l.com\/en\/#organization\"},\"potentialAction\":[{\"@type\":\"SearchAction\",\"target\":{\"@type\":\"EntryPoint\",\"urlTemplate\":\"https:\/\/librairie7l.com\/en\/?s={search_term_string}\"},\"query-input\":\"required name=search_term_string\"}],\"inLanguage\":\"en-US\"},{\"@type\":\"Organization\",\"@id\":\"https:\/\/librairie7l.com\/en\/#organization\",\"name\":\"Librairie 7L\",\"url\":\"https:\/\/librairie7l.com\/en\/\",\"logo\":{\"@type\":\"ImageObject\",\"inLanguage\":\"en-US\",\"@id\":\"https:\/\/librairie7l.com\/en\/#\/schema\/logo\/image\/\",\"url\":\"https:\/\/librairie7l.com\/wp-content\/uploads\/2022\/08\/logo-1.png\",\"contentUrl\":\"https:\/\/librairie7l.com\/wp-content\/uploads\/2022\/08\/logo-1.png\",\"width\":227,\"height\":301,\"caption\":\"Librairie 7L\"},\"image\":{\"@id\":\"https:\/\/librairie7l.com\/en\/#\/schema\/logo\/image\/\"}}]}<\/script>\n<!-- \/ Yoast SEO plugin. -->","yoast_head_json":{"title":"Emmanuel Babled : La main des autres - Librairie 7L","robots":{"index":"index","follow":"follow","max-snippet":"max-snippet:-1","max-image-preview":"max-image-preview:large","max-video-preview":"max-video-preview:-1"},"canonical":"https:\/\/librairie7l.com\/en\/produit\/emmanuel-babled-la-main-des-autres-2\/","og_locale":"en_US","og_type":"article","og_title":"Emmanuel Babled : La main des autres - Librairie 7L","og_description":"Emmanuel Babled et le design comme c\u00e9l\u00e9bration de la tradition Le titre de cette monographie, La Main des Autres, est on ne peut plus pertinent, tant il r\u00e9sume parfaitement l&#8217;oeuvre et la personnalit\u00e9 d&#8217;Emmanuel Babled. Le designer fran\u00e7ais, dont le studio est aujourd&#8217;hui \u00e0 Lisbonne apr\u00e8s avoir \u00e9t\u00e9 successivement \u00e0 Paris, Milan et Amsterdam, a [&hellip;]","og_url":"https:\/\/librairie7l.com\/en\/produit\/emmanuel-babled-la-main-des-autres-2\/","og_site_name":"Librairie 7L","article_modified_time":"2026-04-15T20:28:36+00:00","og_image":[{"width":600,"height":773,"url":"https:\/\/librairie7l.com\/wp-content\/uploads\/2024\/03\/9791254600641_1_75.jpg","type":"image\/jpeg"}],"twitter_card":"summary_large_image","twitter_misc":{"Est. reading time":"2 minutes"},"schema":{"@context":"https:\/\/schema.org","@graph":[{"@type":"WebPage","@id":"https:\/\/librairie7l.com\/en\/produit\/emmanuel-babled-la-main-des-autres-2\/","url":"https:\/\/librairie7l.com\/en\/produit\/emmanuel-babled-la-main-des-autres-2\/","name":"Emmanuel Babled : La main des autres - Librairie 7L","isPartOf":{"@id":"https:\/\/librairie7l.com\/en\/#website"},"datePublished":"2024-10-04T10:19:21+00:00","dateModified":"2026-04-15T20:28:36+00:00","breadcrumb":{"@id":"https:\/\/librairie7l.com\/en\/produit\/emmanuel-babled-la-main-des-autres-2\/#breadcrumb"},"inLanguage":"en-US","potentialAction":[{"@type":"ReadAction","target":["https:\/\/librairie7l.com\/en\/produit\/emmanuel-babled-la-main-des-autres-2\/"]}]},{"@type":"BreadcrumbList","@id":"https:\/\/librairie7l.com\/en\/produit\/emmanuel-babled-la-main-des-autres-2\/#breadcrumb","itemListElement":[{"@type":"ListItem","position":1,"name":"Accueil","item":"https:\/\/librairie7l.com\/en\/"},{"@type":"ListItem","position":2,"name":"Shop","item":"https:\/\/librairie7l.com\/en\/shop\/"},{"@type":"ListItem","position":3,"name":"EMMANUEL BABLED : LA MAIN DES AUTRES"}]},{"@type":"WebSite","@id":"https:\/\/librairie7l.com\/en\/#website","url":"https:\/\/librairie7l.com\/en\/","name":"Librairie 7L","description":"Librairie fond\u00e9e en 1999 par Karl Lagerfeld \u00e0 Paris","publisher":{"@id":"https:\/\/librairie7l.com\/en\/#organization"},"potentialAction":[{"@type":"SearchAction","target":{"@type":"EntryPoint","urlTemplate":"https:\/\/librairie7l.com\/en\/?s={search_term_string}"},"query-input":"required name=search_term_string"}],"inLanguage":"en-US"},{"@type":"Organization","@id":"https:\/\/librairie7l.com\/en\/#organization","name":"Librairie 7L","url":"https:\/\/librairie7l.com\/en\/","logo":{"@type":"ImageObject","inLanguage":"en-US","@id":"https:\/\/librairie7l.com\/en\/#\/schema\/logo\/image\/","url":"https:\/\/librairie7l.com\/wp-content\/uploads\/2022\/08\/logo-1.png","contentUrl":"https:\/\/librairie7l.com\/wp-content\/uploads\/2022\/08\/logo-1.png","width":227,"height":301,"caption":"Librairie 7L"},"image":{"@id":"https:\/\/librairie7l.com\/en\/#\/schema\/logo\/image\/"}}]}},"_links":{"self":[{"href":"https:\/\/librairie7l.com\/en\/wp-json\/wp\/v2\/product\/43033"}],"collection":[{"href":"https:\/\/librairie7l.com\/en\/wp-json\/wp\/v2\/product"}],"about":[{"href":"https:\/\/librairie7l.com\/en\/wp-json\/wp\/v2\/types\/product"}],"wp:featuredmedia":[{"embeddable":true,"href":"https:\/\/librairie7l.com\/en\/wp-json\/wp\/v2\/media\/43031"}],"wp:attachment":[{"href":"https:\/\/librairie7l.com\/en\/wp-json\/wp\/v2\/media?parent=43033"}],"wp:term":[{"taxonomy":"product_cat","embeddable":true,"href":"https:\/\/librairie7l.com\/en\/wp-json\/wp\/v2\/product_cat?post=43033"},{"taxonomy":"product_tag","embeddable":true,"href":"https:\/\/librairie7l.com\/en\/wp-json\/wp\/v2\/product_tag?post=43033"}],"curies":[{"name":"wp","href":"https:\/\/api.w.org\/{rel}","templated":true}]}}