{"id":43047,"date":"2024-10-04T12:19:36","date_gmt":"2024-10-04T10:19:36","guid":{"rendered":"https:\/\/librairie7l.com\/?post_type=product&#038;p=43047"},"modified":"2026-04-15T19:13:51","modified_gmt":"2026-04-15T17:13:51","slug":"non-fiction-2","status":"publish","type":"product","link":"https:\/\/librairie7l.com\/en\/produit\/non-fiction-2\/","title":{"rendered":"NON FICTION"},"content":{"rendered":"<p>Avec Non Fiction, Henri Kisielewski explore la fronti\u00e8re de plus en plus poreuse entre r\u00e9el et fictif en photographie. En retournant sur les lieux de faits divers parus dans les journaux pour cr\u00e9er une s\u00e9rie qui s&#8217;apparente \u00e0 une fiction, il cr\u00e9e une tension pouss\u00e9e \u00e0 l&#8217;extr\u00eame via une multitude de strat\u00e9gies visuelles, d\u00e9ploy\u00e9es pour brouiller les pistes. Les images s&#8217;accumulent pour donner vie \u00e0 un r\u00e9cit fluide et multiforme. \u00c0 chacun de l&#8217;interpr\u00e9ter, d&#8217;y trouver ses cl\u00e9s de lecture, de lui donner du sens. \u00c0 travers Non Fiction, la vie quotidienne se transforme : chaque fen\u00eatre cache des secrets, chacun devient un personnage, chaque objet un indice ou une pi\u00e8ce \u00e0 conviction. Tout est vrai, tout est faux, mais une chose est s\u00fbre : la v\u00e9rit\u00e9 est au moins aussi \u00e9trange que la fiction.<\/p>\n","protected":false},"excerpt":{"rendered":"<p>Avec Non Fiction, Henri Kisielewski explore la fronti\u00e8re de plus en plus poreuse entre r\u00e9el et fictif en photographie. En retournant sur les lieux de faits divers parus dans les journaux pour cr\u00e9er une s\u00e9rie qui s&#8217;apparente \u00e0 une fiction, il cr\u00e9e une tension pouss\u00e9e \u00e0 l&#8217;extr\u00eame via une multitude de strat\u00e9gies visuelles, d\u00e9ploy\u00e9es pour [&hellip;]<\/p>\n","protected":false},"featured_media":43045,"template":"","meta":[],"product_cat":[2948],"product_tag":[],"acf":[],"yoast_head":"<!-- This site is optimized with the Yoast SEO plugin v20.11 - https:\/\/yoast.com\/wordpress\/plugins\/seo\/ -->\n<title>Non fiction - Librairie 7L<\/title>\n<meta name=\"robots\" content=\"index, follow, max-snippet:-1, max-image-preview:large, max-video-preview:-1\" \/>\n<link rel=\"canonical\" href=\"https:\/\/librairie7l.com\/en\/produit\/non-fiction-2\/\" \/>\n<meta property=\"og:locale\" content=\"en_US\" \/>\n<meta property=\"og:type\" content=\"article\" \/>\n<meta property=\"og:title\" content=\"Non fiction - Librairie 7L\" \/>\n<meta property=\"og:description\" content=\"Avec Non Fiction, Henri Kisielewski explore la fronti\u00e8re de plus en plus poreuse entre r\u00e9el et fictif en photographie. En retournant sur les lieux de faits divers parus dans les journaux pour cr\u00e9er une s\u00e9rie qui s&#8217;apparente \u00e0 une fiction, il cr\u00e9e une tension pouss\u00e9e \u00e0 l&#8217;extr\u00eame via une multitude de strat\u00e9gies visuelles, d\u00e9ploy\u00e9es pour [&hellip;]\" \/>\n<meta property=\"og:url\" content=\"https:\/\/librairie7l.com\/en\/produit\/non-fiction-2\/\" \/>\n<meta property=\"og:site_name\" content=\"Librairie 7L\" \/>\n<meta property=\"article:modified_time\" content=\"2026-04-15T17:13:51+00:00\" \/>\n<meta property=\"og:image\" content=\"https:\/\/librairie7l.com\/wp-content\/uploads\/2024\/04\/9782367441931_1_75.jpg\" \/>\n\t<meta property=\"og:image:width\" content=\"600\" \/>\n\t<meta property=\"og:image:height\" content=\"736\" \/>\n\t<meta property=\"og:image:type\" content=\"image\/jpeg\" \/>\n<meta name=\"twitter:card\" content=\"summary_large_image\" \/>\n<meta name=\"twitter:label1\" content=\"Est. reading time\" \/>\n\t<meta name=\"twitter:data1\" content=\"1 minute\" \/>\n<script type=\"application\/ld+json\" class=\"yoast-schema-graph\">{\"@context\":\"https:\/\/schema.org\",\"@graph\":[{\"@type\":\"WebPage\",\"@id\":\"https:\/\/librairie7l.com\/en\/produit\/non-fiction-2\/\",\"url\":\"https:\/\/librairie7l.com\/en\/produit\/non-fiction-2\/\",\"name\":\"Non fiction - Librairie 7L\",\"isPartOf\":{\"@id\":\"https:\/\/librairie7l.com\/en\/#website\"},\"datePublished\":\"2024-10-04T10:19:36+00:00\",\"dateModified\":\"2026-04-15T17:13:51+00:00\",\"breadcrumb\":{\"@id\":\"https:\/\/librairie7l.com\/en\/produit\/non-fiction-2\/#breadcrumb\"},\"inLanguage\":\"en-US\",\"potentialAction\":[{\"@type\":\"ReadAction\",\"target\":[\"https:\/\/librairie7l.com\/en\/produit\/non-fiction-2\/\"]}]},{\"@type\":\"BreadcrumbList\",\"@id\":\"https:\/\/librairie7l.com\/en\/produit\/non-fiction-2\/#breadcrumb\",\"itemListElement\":[{\"@type\":\"ListItem\",\"position\":1,\"name\":\"Accueil\",\"item\":\"https:\/\/librairie7l.com\/en\/\"},{\"@type\":\"ListItem\",\"position\":2,\"name\":\"Shop\",\"item\":\"https:\/\/librairie7l.com\/en\/shop\/\"},{\"@type\":\"ListItem\",\"position\":3,\"name\":\"NON FICTION\"}]},{\"@type\":\"WebSite\",\"@id\":\"https:\/\/librairie7l.com\/en\/#website\",\"url\":\"https:\/\/librairie7l.com\/en\/\",\"name\":\"Librairie 7L\",\"description\":\"Librairie fond\u00e9e en 1999 par Karl Lagerfeld \u00e0 Paris\",\"publisher\":{\"@id\":\"https:\/\/librairie7l.com\/en\/#organization\"},\"potentialAction\":[{\"@type\":\"SearchAction\",\"target\":{\"@type\":\"EntryPoint\",\"urlTemplate\":\"https:\/\/librairie7l.com\/en\/?s={search_term_string}\"},\"query-input\":\"required name=search_term_string\"}],\"inLanguage\":\"en-US\"},{\"@type\":\"Organization\",\"@id\":\"https:\/\/librairie7l.com\/en\/#organization\",\"name\":\"Librairie 7L\",\"url\":\"https:\/\/librairie7l.com\/en\/\",\"logo\":{\"@type\":\"ImageObject\",\"inLanguage\":\"en-US\",\"@id\":\"https:\/\/librairie7l.com\/en\/#\/schema\/logo\/image\/\",\"url\":\"https:\/\/librairie7l.com\/wp-content\/uploads\/2022\/08\/logo-1.png\",\"contentUrl\":\"https:\/\/librairie7l.com\/wp-content\/uploads\/2022\/08\/logo-1.png\",\"width\":227,\"height\":301,\"caption\":\"Librairie 7L\"},\"image\":{\"@id\":\"https:\/\/librairie7l.com\/en\/#\/schema\/logo\/image\/\"}}]}<\/script>\n<!-- \/ Yoast SEO plugin. -->","yoast_head_json":{"title":"Non fiction - Librairie 7L","robots":{"index":"index","follow":"follow","max-snippet":"max-snippet:-1","max-image-preview":"max-image-preview:large","max-video-preview":"max-video-preview:-1"},"canonical":"https:\/\/librairie7l.com\/en\/produit\/non-fiction-2\/","og_locale":"en_US","og_type":"article","og_title":"Non fiction - Librairie 7L","og_description":"Avec Non Fiction, Henri Kisielewski explore la fronti\u00e8re de plus en plus poreuse entre r\u00e9el et fictif en photographie. En retournant sur les lieux de faits divers parus dans les journaux pour cr\u00e9er une s\u00e9rie qui s&#8217;apparente \u00e0 une fiction, il cr\u00e9e une tension pouss\u00e9e \u00e0 l&#8217;extr\u00eame via une multitude de strat\u00e9gies visuelles, d\u00e9ploy\u00e9es pour [&hellip;]","og_url":"https:\/\/librairie7l.com\/en\/produit\/non-fiction-2\/","og_site_name":"Librairie 7L","article_modified_time":"2026-04-15T17:13:51+00:00","og_image":[{"width":600,"height":736,"url":"https:\/\/librairie7l.com\/wp-content\/uploads\/2024\/04\/9782367441931_1_75.jpg","type":"image\/jpeg"}],"twitter_card":"summary_large_image","twitter_misc":{"Est. reading time":"1 minute"},"schema":{"@context":"https:\/\/schema.org","@graph":[{"@type":"WebPage","@id":"https:\/\/librairie7l.com\/en\/produit\/non-fiction-2\/","url":"https:\/\/librairie7l.com\/en\/produit\/non-fiction-2\/","name":"Non fiction - Librairie 7L","isPartOf":{"@id":"https:\/\/librairie7l.com\/en\/#website"},"datePublished":"2024-10-04T10:19:36+00:00","dateModified":"2026-04-15T17:13:51+00:00","breadcrumb":{"@id":"https:\/\/librairie7l.com\/en\/produit\/non-fiction-2\/#breadcrumb"},"inLanguage":"en-US","potentialAction":[{"@type":"ReadAction","target":["https:\/\/librairie7l.com\/en\/produit\/non-fiction-2\/"]}]},{"@type":"BreadcrumbList","@id":"https:\/\/librairie7l.com\/en\/produit\/non-fiction-2\/#breadcrumb","itemListElement":[{"@type":"ListItem","position":1,"name":"Accueil","item":"https:\/\/librairie7l.com\/en\/"},{"@type":"ListItem","position":2,"name":"Shop","item":"https:\/\/librairie7l.com\/en\/shop\/"},{"@type":"ListItem","position":3,"name":"NON FICTION"}]},{"@type":"WebSite","@id":"https:\/\/librairie7l.com\/en\/#website","url":"https:\/\/librairie7l.com\/en\/","name":"Librairie 7L","description":"Librairie fond\u00e9e en 1999 par Karl Lagerfeld \u00e0 Paris","publisher":{"@id":"https:\/\/librairie7l.com\/en\/#organization"},"potentialAction":[{"@type":"SearchAction","target":{"@type":"EntryPoint","urlTemplate":"https:\/\/librairie7l.com\/en\/?s={search_term_string}"},"query-input":"required name=search_term_string"}],"inLanguage":"en-US"},{"@type":"Organization","@id":"https:\/\/librairie7l.com\/en\/#organization","name":"Librairie 7L","url":"https:\/\/librairie7l.com\/en\/","logo":{"@type":"ImageObject","inLanguage":"en-US","@id":"https:\/\/librairie7l.com\/en\/#\/schema\/logo\/image\/","url":"https:\/\/librairie7l.com\/wp-content\/uploads\/2022\/08\/logo-1.png","contentUrl":"https:\/\/librairie7l.com\/wp-content\/uploads\/2022\/08\/logo-1.png","width":227,"height":301,"caption":"Librairie 7L"},"image":{"@id":"https:\/\/librairie7l.com\/en\/#\/schema\/logo\/image\/"}}]}},"_links":{"self":[{"href":"https:\/\/librairie7l.com\/en\/wp-json\/wp\/v2\/product\/43047"}],"collection":[{"href":"https:\/\/librairie7l.com\/en\/wp-json\/wp\/v2\/product"}],"about":[{"href":"https:\/\/librairie7l.com\/en\/wp-json\/wp\/v2\/types\/product"}],"wp:featuredmedia":[{"embeddable":true,"href":"https:\/\/librairie7l.com\/en\/wp-json\/wp\/v2\/media\/43045"}],"wp:attachment":[{"href":"https:\/\/librairie7l.com\/en\/wp-json\/wp\/v2\/media?parent=43047"}],"wp:term":[{"taxonomy":"product_cat","embeddable":true,"href":"https:\/\/librairie7l.com\/en\/wp-json\/wp\/v2\/product_cat?post=43047"},{"taxonomy":"product_tag","embeddable":true,"href":"https:\/\/librairie7l.com\/en\/wp-json\/wp\/v2\/product_tag?post=43047"}],"curies":[{"name":"wp","href":"https:\/\/api.w.org\/{rel}","templated":true}]}}