{"id":43059,"date":"2024-10-04T12:19:55","date_gmt":"2024-10-04T10:19:55","guid":{"rendered":"https:\/\/librairie7l.com\/?post_type=product&#038;p=43059"},"modified":"2026-04-15T22:27:21","modified_gmt":"2026-04-15T20:27:21","slug":"maekake-by-anything-le-tablier-japonais-a-la-conquete-du-monde-2","status":"publish","type":"product","link":"https:\/\/librairie7l.com\/en\/produit\/maekake-by-anything-le-tablier-japonais-a-la-conquete-du-monde-2\/","title":{"rendered":"MAEKAKE BY ANYTHING : LE TABLIER JAPONAIS \u00c0 LA CONQU\u00caTE DU MONDE"},"content":{"rendered":"<p>Les tabliers japonais sont partis \u00e0 la conqu\u00eate du monde et ont trouv\u00e9 en France, par l&#8217;interm\u00e9diaire du salon &#8220;Maison et Objet&#8221;, des d\u00e9bouch\u00e9s inimaginables. Aujourd&#8217;hui, la marque Anything (japonaise) vend des milliers d&#8217;exemplaires aux restaurants et concept stores fran\u00e7ais qui veulent afficher un lien avec le Japon. Le v\u00eatement a de nombreux avantages : il est esth\u00e9tique, solide, f\u00e9d\u00e9rateur et sert aussi d&#8217;outil de promotion pour le nom d&#8217;un restaurant ou d&#8217;une marque. Il a enfin l&#8217;avantage de soutenir les vert\u00e8bres lombaires pour les personnes qui restent debout toute la journ\u00e9e !<br \/>\nL&#8217;ouvrage retrace l&#8217;histoire du maekake, de l&#8217;arriv\u00e9e des m\u00e9tiers \u00e0 tisser au 19e si\u00e8cle, par l&#8217;entreprise TOYODA (anc\u00eatre de TOYOTA) jusqu&#8217;\u00e0 la nouvelle usine (cr\u00e9\u00e9e en 2000) par Kazuhiro Nishimura.<\/p>\n","protected":false},"excerpt":{"rendered":"<p>Les tabliers japonais sont partis \u00e0 la conqu\u00eate du monde et ont trouv\u00e9 en France, par l&#8217;interm\u00e9diaire du salon &#8220;Maison et Objet&#8221;, des d\u00e9bouch\u00e9s inimaginables. Aujourd&#8217;hui, la marque Anything (japonaise) vend des milliers d&#8217;exemplaires aux restaurants et concept stores fran\u00e7ais qui veulent afficher un lien avec le Japon. Le v\u00eatement a de nombreux avantages : [&hellip;]<\/p>\n","protected":false},"featured_media":43057,"template":"","meta":[],"product_cat":[2948],"product_tag":[],"acf":[],"yoast_head":"<!-- This site is optimized with the Yoast SEO plugin v20.11 - https:\/\/yoast.com\/wordpress\/plugins\/seo\/ -->\n<title>Maekake by anything : Le tablier japonais \u00e0 la conqu\u00eate du monde - Librairie 7L<\/title>\n<meta name=\"robots\" content=\"index, follow, max-snippet:-1, max-image-preview:large, max-video-preview:-1\" \/>\n<link rel=\"canonical\" href=\"https:\/\/librairie7l.com\/en\/produit\/maekake-by-anything-le-tablier-japonais-a-la-conquete-du-monde-2\/\" \/>\n<meta property=\"og:locale\" content=\"en_US\" \/>\n<meta property=\"og:type\" content=\"article\" \/>\n<meta property=\"og:title\" content=\"Maekake by anything : Le tablier japonais \u00e0 la conqu\u00eate du monde - Librairie 7L\" \/>\n<meta property=\"og:description\" content=\"Les tabliers japonais sont partis \u00e0 la conqu\u00eate du monde et ont trouv\u00e9 en France, par l&#8217;interm\u00e9diaire du salon &#8220;Maison et Objet&#8221;, des d\u00e9bouch\u00e9s inimaginables. Aujourd&#8217;hui, la marque Anything (japonaise) vend des milliers d&#8217;exemplaires aux restaurants et concept stores fran\u00e7ais qui veulent afficher un lien avec le Japon. Le v\u00eatement a de nombreux avantages : [&hellip;]\" \/>\n<meta property=\"og:url\" content=\"https:\/\/librairie7l.com\/en\/produit\/maekake-by-anything-le-tablier-japonais-a-la-conquete-du-monde-2\/\" \/>\n<meta property=\"og:site_name\" content=\"Librairie 7L\" \/>\n<meta property=\"article:modified_time\" content=\"2026-04-15T20:27:21+00:00\" \/>\n<meta property=\"og:image\" content=\"https:\/\/librairie7l.com\/wp-content\/uploads\/2024\/06\/9782494997011_1_75.jpg\" \/>\n\t<meta property=\"og:image:width\" content=\"600\" \/>\n\t<meta property=\"og:image:height\" content=\"778\" \/>\n\t<meta property=\"og:image:type\" content=\"image\/jpeg\" \/>\n<meta name=\"twitter:card\" content=\"summary_large_image\" \/>\n<meta name=\"twitter:label1\" content=\"Est. reading time\" \/>\n\t<meta name=\"twitter:data1\" content=\"1 minute\" \/>\n<script type=\"application\/ld+json\" class=\"yoast-schema-graph\">{\"@context\":\"https:\/\/schema.org\",\"@graph\":[{\"@type\":\"WebPage\",\"@id\":\"https:\/\/librairie7l.com\/en\/produit\/maekake-by-anything-le-tablier-japonais-a-la-conquete-du-monde-2\/\",\"url\":\"https:\/\/librairie7l.com\/en\/produit\/maekake-by-anything-le-tablier-japonais-a-la-conquete-du-monde-2\/\",\"name\":\"Maekake by anything : Le tablier japonais \u00e0 la conqu\u00eate du monde - Librairie 7L\",\"isPartOf\":{\"@id\":\"https:\/\/librairie7l.com\/en\/#website\"},\"datePublished\":\"2024-10-04T10:19:55+00:00\",\"dateModified\":\"2026-04-15T20:27:21+00:00\",\"breadcrumb\":{\"@id\":\"https:\/\/librairie7l.com\/en\/produit\/maekake-by-anything-le-tablier-japonais-a-la-conquete-du-monde-2\/#breadcrumb\"},\"inLanguage\":\"en-US\",\"potentialAction\":[{\"@type\":\"ReadAction\",\"target\":[\"https:\/\/librairie7l.com\/en\/produit\/maekake-by-anything-le-tablier-japonais-a-la-conquete-du-monde-2\/\"]}]},{\"@type\":\"BreadcrumbList\",\"@id\":\"https:\/\/librairie7l.com\/en\/produit\/maekake-by-anything-le-tablier-japonais-a-la-conquete-du-monde-2\/#breadcrumb\",\"itemListElement\":[{\"@type\":\"ListItem\",\"position\":1,\"name\":\"Accueil\",\"item\":\"https:\/\/librairie7l.com\/en\/\"},{\"@type\":\"ListItem\",\"position\":2,\"name\":\"Shop\",\"item\":\"https:\/\/librairie7l.com\/en\/shop\/\"},{\"@type\":\"ListItem\",\"position\":3,\"name\":\"MAEKAKE BY ANYTHING : LE TABLIER JAPONAIS \u00c0 LA CONQU\u00caTE DU MONDE\"}]},{\"@type\":\"WebSite\",\"@id\":\"https:\/\/librairie7l.com\/en\/#website\",\"url\":\"https:\/\/librairie7l.com\/en\/\",\"name\":\"Librairie 7L\",\"description\":\"Librairie fond\u00e9e en 1999 par Karl Lagerfeld \u00e0 Paris\",\"publisher\":{\"@id\":\"https:\/\/librairie7l.com\/en\/#organization\"},\"potentialAction\":[{\"@type\":\"SearchAction\",\"target\":{\"@type\":\"EntryPoint\",\"urlTemplate\":\"https:\/\/librairie7l.com\/en\/?s={search_term_string}\"},\"query-input\":\"required name=search_term_string\"}],\"inLanguage\":\"en-US\"},{\"@type\":\"Organization\",\"@id\":\"https:\/\/librairie7l.com\/en\/#organization\",\"name\":\"Librairie 7L\",\"url\":\"https:\/\/librairie7l.com\/en\/\",\"logo\":{\"@type\":\"ImageObject\",\"inLanguage\":\"en-US\",\"@id\":\"https:\/\/librairie7l.com\/en\/#\/schema\/logo\/image\/\",\"url\":\"https:\/\/librairie7l.com\/wp-content\/uploads\/2022\/08\/logo-1.png\",\"contentUrl\":\"https:\/\/librairie7l.com\/wp-content\/uploads\/2022\/08\/logo-1.png\",\"width\":227,\"height\":301,\"caption\":\"Librairie 7L\"},\"image\":{\"@id\":\"https:\/\/librairie7l.com\/en\/#\/schema\/logo\/image\/\"}}]}<\/script>\n<!-- \/ Yoast SEO plugin. -->","yoast_head_json":{"title":"Maekake by anything : Le tablier japonais \u00e0 la conqu\u00eate du monde - Librairie 7L","robots":{"index":"index","follow":"follow","max-snippet":"max-snippet:-1","max-image-preview":"max-image-preview:large","max-video-preview":"max-video-preview:-1"},"canonical":"https:\/\/librairie7l.com\/en\/produit\/maekake-by-anything-le-tablier-japonais-a-la-conquete-du-monde-2\/","og_locale":"en_US","og_type":"article","og_title":"Maekake by anything : Le tablier japonais \u00e0 la conqu\u00eate du monde - Librairie 7L","og_description":"Les tabliers japonais sont partis \u00e0 la conqu\u00eate du monde et ont trouv\u00e9 en France, par l&#8217;interm\u00e9diaire du salon &#8220;Maison et Objet&#8221;, des d\u00e9bouch\u00e9s inimaginables. Aujourd&#8217;hui, la marque Anything (japonaise) vend des milliers d&#8217;exemplaires aux restaurants et concept stores fran\u00e7ais qui veulent afficher un lien avec le Japon. Le v\u00eatement a de nombreux avantages : [&hellip;]","og_url":"https:\/\/librairie7l.com\/en\/produit\/maekake-by-anything-le-tablier-japonais-a-la-conquete-du-monde-2\/","og_site_name":"Librairie 7L","article_modified_time":"2026-04-15T20:27:21+00:00","og_image":[{"width":600,"height":778,"url":"https:\/\/librairie7l.com\/wp-content\/uploads\/2024\/06\/9782494997011_1_75.jpg","type":"image\/jpeg"}],"twitter_card":"summary_large_image","twitter_misc":{"Est. reading time":"1 minute"},"schema":{"@context":"https:\/\/schema.org","@graph":[{"@type":"WebPage","@id":"https:\/\/librairie7l.com\/en\/produit\/maekake-by-anything-le-tablier-japonais-a-la-conquete-du-monde-2\/","url":"https:\/\/librairie7l.com\/en\/produit\/maekake-by-anything-le-tablier-japonais-a-la-conquete-du-monde-2\/","name":"Maekake by anything : Le tablier japonais \u00e0 la conqu\u00eate du monde - Librairie 7L","isPartOf":{"@id":"https:\/\/librairie7l.com\/en\/#website"},"datePublished":"2024-10-04T10:19:55+00:00","dateModified":"2026-04-15T20:27:21+00:00","breadcrumb":{"@id":"https:\/\/librairie7l.com\/en\/produit\/maekake-by-anything-le-tablier-japonais-a-la-conquete-du-monde-2\/#breadcrumb"},"inLanguage":"en-US","potentialAction":[{"@type":"ReadAction","target":["https:\/\/librairie7l.com\/en\/produit\/maekake-by-anything-le-tablier-japonais-a-la-conquete-du-monde-2\/"]}]},{"@type":"BreadcrumbList","@id":"https:\/\/librairie7l.com\/en\/produit\/maekake-by-anything-le-tablier-japonais-a-la-conquete-du-monde-2\/#breadcrumb","itemListElement":[{"@type":"ListItem","position":1,"name":"Accueil","item":"https:\/\/librairie7l.com\/en\/"},{"@type":"ListItem","position":2,"name":"Shop","item":"https:\/\/librairie7l.com\/en\/shop\/"},{"@type":"ListItem","position":3,"name":"MAEKAKE BY ANYTHING : LE TABLIER JAPONAIS \u00c0 LA CONQU\u00caTE DU MONDE"}]},{"@type":"WebSite","@id":"https:\/\/librairie7l.com\/en\/#website","url":"https:\/\/librairie7l.com\/en\/","name":"Librairie 7L","description":"Librairie fond\u00e9e en 1999 par Karl Lagerfeld \u00e0 Paris","publisher":{"@id":"https:\/\/librairie7l.com\/en\/#organization"},"potentialAction":[{"@type":"SearchAction","target":{"@type":"EntryPoint","urlTemplate":"https:\/\/librairie7l.com\/en\/?s={search_term_string}"},"query-input":"required name=search_term_string"}],"inLanguage":"en-US"},{"@type":"Organization","@id":"https:\/\/librairie7l.com\/en\/#organization","name":"Librairie 7L","url":"https:\/\/librairie7l.com\/en\/","logo":{"@type":"ImageObject","inLanguage":"en-US","@id":"https:\/\/librairie7l.com\/en\/#\/schema\/logo\/image\/","url":"https:\/\/librairie7l.com\/wp-content\/uploads\/2022\/08\/logo-1.png","contentUrl":"https:\/\/librairie7l.com\/wp-content\/uploads\/2022\/08\/logo-1.png","width":227,"height":301,"caption":"Librairie 7L"},"image":{"@id":"https:\/\/librairie7l.com\/en\/#\/schema\/logo\/image\/"}}]}},"_links":{"self":[{"href":"https:\/\/librairie7l.com\/en\/wp-json\/wp\/v2\/product\/43059"}],"collection":[{"href":"https:\/\/librairie7l.com\/en\/wp-json\/wp\/v2\/product"}],"about":[{"href":"https:\/\/librairie7l.com\/en\/wp-json\/wp\/v2\/types\/product"}],"wp:featuredmedia":[{"embeddable":true,"href":"https:\/\/librairie7l.com\/en\/wp-json\/wp\/v2\/media\/43057"}],"wp:attachment":[{"href":"https:\/\/librairie7l.com\/en\/wp-json\/wp\/v2\/media?parent=43059"}],"wp:term":[{"taxonomy":"product_cat","embeddable":true,"href":"https:\/\/librairie7l.com\/en\/wp-json\/wp\/v2\/product_cat?post=43059"},{"taxonomy":"product_tag","embeddable":true,"href":"https:\/\/librairie7l.com\/en\/wp-json\/wp\/v2\/product_tag?post=43059"}],"curies":[{"name":"wp","href":"https:\/\/api.w.org\/{rel}","templated":true}]}}