{"id":43148,"date":"2024-10-05T09:18:20","date_gmt":"2024-10-05T07:18:20","guid":{"rendered":"https:\/\/librairie7l.com\/?post_type=product&#038;p=43148"},"modified":"2026-04-30T10:25:54","modified_gmt":"2026-04-30T08:25:54","slug":"the-african-decor-edit-collecting-and-decorating-with-heritage-objects-2","status":"publish","type":"product","link":"https:\/\/librairie7l.com\/en\/produit\/the-african-decor-edit-collecting-and-decorating-with-heritage-objects-2\/","title":{"rendered":"THE AFRICAN DECOR EDIT : COLLECTING AND DECORATING WITH HERITAGE OBJECTS"},"content":{"rendered":"<p>Voyagez avec la designer am\u00e9ricaine d&#8217;origine ougandaise Nasozi Kakembo, qui explore \u00e0 la source les objets embl\u00e9matiques de la maison, du tissu malien aux tapis marocains, et offre des conseils avis\u00e9s pour collectionner et d\u00e9corer avec les tr\u00e9sors traditionnels africains. Dans The African Decor Edit, l&#8217;auteur Nasozi Kakembo partage ses connaissances approfondies en mati\u00e8re d&#8217;objets patrimoniaux d&#8217;origine \u00e9thique et esth\u00e9tiquement \u00e9lev\u00e9s. Gr\u00e2ce \u00e0 xN Studio, son cabinet de design d&#8217;int\u00e9rieur et de produits, Nasozi collabore avec des artisans dans toute l&#8217;Afrique, et son livre est le rare ouvrage de design qui s&#8217;int\u00e9resse \u00e0 l&#8217;origine et \u00e0 la signification des meubles et des accessoires pr\u00e9sent\u00e9s. Chaque chapitre pr\u00e9sente les artisans dans leur pays d&#8217;origine, racontant leur histoire avec leurs propres mots. Le livre d\u00e9montre \u00e9galement la beaut\u00e9 de la d\u00e9coration africaine, avec une collection d&#8217;int\u00e9rieurs inspirants et superpos\u00e9s provenant du monde entier. The African Decor Edit est un ouvrage indispensable pour tous ceux qui admirent les objets africains et souhaitent les d\u00e9corer de mani\u00e8re r\u00e9fl\u00e9chie et \u00e9thique.<\/p>\n","protected":false},"excerpt":{"rendered":"<p>Voyagez avec la designer am\u00e9ricaine d&#8217;origine ougandaise Nasozi Kakembo, qui explore \u00e0 la source les objets embl\u00e9matiques de la maison, du tissu malien aux tapis marocains, et offre des conseils avis\u00e9s pour collectionner et d\u00e9corer avec les tr\u00e9sors traditionnels africains. Dans The African Decor Edit, l&#8217;auteur Nasozi Kakembo partage ses connaissances approfondies en mati\u00e8re d&#8217;objets [&hellip;]<\/p>\n","protected":false},"featured_media":43146,"template":"","meta":[],"product_cat":[2948,2951],"product_tag":[],"acf":[],"yoast_head":"<!-- This site is optimized with the Yoast SEO plugin v20.11 - https:\/\/yoast.com\/wordpress\/plugins\/seo\/ -->\n<title>The african decor edit : Collecting and Decorating With Heritage Objects - Librairie 7L<\/title>\n<meta name=\"robots\" content=\"index, follow, max-snippet:-1, max-image-preview:large, max-video-preview:-1\" \/>\n<link rel=\"canonical\" href=\"https:\/\/librairie7l.com\/en\/produit\/the-african-decor-edit-collecting-and-decorating-with-heritage-objects-2\/\" \/>\n<meta property=\"og:locale\" content=\"en_US\" \/>\n<meta property=\"og:type\" content=\"article\" \/>\n<meta property=\"og:title\" content=\"The african decor edit : Collecting and Decorating With Heritage Objects - Librairie 7L\" \/>\n<meta property=\"og:description\" content=\"Voyagez avec la designer am\u00e9ricaine d&#8217;origine ougandaise Nasozi Kakembo, qui explore \u00e0 la source les objets embl\u00e9matiques de la maison, du tissu malien aux tapis marocains, et offre des conseils avis\u00e9s pour collectionner et d\u00e9corer avec les tr\u00e9sors traditionnels africains. Dans The African Decor Edit, l&#8217;auteur Nasozi Kakembo partage ses connaissances approfondies en mati\u00e8re d&#8217;objets [&hellip;]\" \/>\n<meta property=\"og:url\" content=\"https:\/\/librairie7l.com\/en\/produit\/the-african-decor-edit-collecting-and-decorating-with-heritage-objects-2\/\" \/>\n<meta property=\"og:site_name\" content=\"Librairie 7L\" \/>\n<meta property=\"article:modified_time\" content=\"2026-04-30T08:25:54+00:00\" \/>\n<meta property=\"og:image\" content=\"https:\/\/librairie7l.com\/wp-content\/uploads\/2024\/09\/9781419768231_1_75.jpg\" \/>\n\t<meta property=\"og:image:width\" content=\"600\" \/>\n\t<meta property=\"og:image:height\" content=\"705\" \/>\n\t<meta property=\"og:image:type\" content=\"image\/jpeg\" \/>\n<meta name=\"twitter:card\" content=\"summary_large_image\" \/>\n<meta name=\"twitter:label1\" content=\"Est. reading time\" \/>\n\t<meta name=\"twitter:data1\" content=\"1 minute\" \/>\n<script type=\"application\/ld+json\" class=\"yoast-schema-graph\">{\"@context\":\"https:\/\/schema.org\",\"@graph\":[{\"@type\":\"WebPage\",\"@id\":\"https:\/\/librairie7l.com\/en\/produit\/the-african-decor-edit-collecting-and-decorating-with-heritage-objects-2\/\",\"url\":\"https:\/\/librairie7l.com\/en\/produit\/the-african-decor-edit-collecting-and-decorating-with-heritage-objects-2\/\",\"name\":\"The african decor edit : Collecting and Decorating With Heritage Objects - Librairie 7L\",\"isPartOf\":{\"@id\":\"https:\/\/librairie7l.com\/en\/#website\"},\"datePublished\":\"2024-10-05T07:18:20+00:00\",\"dateModified\":\"2026-04-30T08:25:54+00:00\",\"breadcrumb\":{\"@id\":\"https:\/\/librairie7l.com\/en\/produit\/the-african-decor-edit-collecting-and-decorating-with-heritage-objects-2\/#breadcrumb\"},\"inLanguage\":\"en-US\",\"potentialAction\":[{\"@type\":\"ReadAction\",\"target\":[\"https:\/\/librairie7l.com\/en\/produit\/the-african-decor-edit-collecting-and-decorating-with-heritage-objects-2\/\"]}]},{\"@type\":\"BreadcrumbList\",\"@id\":\"https:\/\/librairie7l.com\/en\/produit\/the-african-decor-edit-collecting-and-decorating-with-heritage-objects-2\/#breadcrumb\",\"itemListElement\":[{\"@type\":\"ListItem\",\"position\":1,\"name\":\"Accueil\",\"item\":\"https:\/\/librairie7l.com\/en\/\"},{\"@type\":\"ListItem\",\"position\":2,\"name\":\"Shop\",\"item\":\"https:\/\/librairie7l.com\/en\/shop\/\"},{\"@type\":\"ListItem\",\"position\":3,\"name\":\"THE AFRICAN DECOR EDIT : COLLECTING AND DECORATING WITH HERITAGE OBJECTS\"}]},{\"@type\":\"WebSite\",\"@id\":\"https:\/\/librairie7l.com\/en\/#website\",\"url\":\"https:\/\/librairie7l.com\/en\/\",\"name\":\"Librairie 7L\",\"description\":\"Librairie fond\u00e9e en 1999 par Karl Lagerfeld \u00e0 Paris\",\"publisher\":{\"@id\":\"https:\/\/librairie7l.com\/en\/#organization\"},\"potentialAction\":[{\"@type\":\"SearchAction\",\"target\":{\"@type\":\"EntryPoint\",\"urlTemplate\":\"https:\/\/librairie7l.com\/en\/?s={search_term_string}\"},\"query-input\":\"required name=search_term_string\"}],\"inLanguage\":\"en-US\"},{\"@type\":\"Organization\",\"@id\":\"https:\/\/librairie7l.com\/en\/#organization\",\"name\":\"Librairie 7L\",\"url\":\"https:\/\/librairie7l.com\/en\/\",\"logo\":{\"@type\":\"ImageObject\",\"inLanguage\":\"en-US\",\"@id\":\"https:\/\/librairie7l.com\/en\/#\/schema\/logo\/image\/\",\"url\":\"https:\/\/librairie7l.com\/wp-content\/uploads\/2022\/08\/logo-1.png\",\"contentUrl\":\"https:\/\/librairie7l.com\/wp-content\/uploads\/2022\/08\/logo-1.png\",\"width\":227,\"height\":301,\"caption\":\"Librairie 7L\"},\"image\":{\"@id\":\"https:\/\/librairie7l.com\/en\/#\/schema\/logo\/image\/\"}}]}<\/script>\n<!-- \/ Yoast SEO plugin. -->","yoast_head_json":{"title":"The african decor edit : Collecting and Decorating With Heritage Objects - Librairie 7L","robots":{"index":"index","follow":"follow","max-snippet":"max-snippet:-1","max-image-preview":"max-image-preview:large","max-video-preview":"max-video-preview:-1"},"canonical":"https:\/\/librairie7l.com\/en\/produit\/the-african-decor-edit-collecting-and-decorating-with-heritage-objects-2\/","og_locale":"en_US","og_type":"article","og_title":"The african decor edit : Collecting and Decorating With Heritage Objects - Librairie 7L","og_description":"Voyagez avec la designer am\u00e9ricaine d&#8217;origine ougandaise Nasozi Kakembo, qui explore \u00e0 la source les objets embl\u00e9matiques de la maison, du tissu malien aux tapis marocains, et offre des conseils avis\u00e9s pour collectionner et d\u00e9corer avec les tr\u00e9sors traditionnels africains. Dans The African Decor Edit, l&#8217;auteur Nasozi Kakembo partage ses connaissances approfondies en mati\u00e8re d&#8217;objets [&hellip;]","og_url":"https:\/\/librairie7l.com\/en\/produit\/the-african-decor-edit-collecting-and-decorating-with-heritage-objects-2\/","og_site_name":"Librairie 7L","article_modified_time":"2026-04-30T08:25:54+00:00","og_image":[{"width":600,"height":705,"url":"https:\/\/librairie7l.com\/wp-content\/uploads\/2024\/09\/9781419768231_1_75.jpg","type":"image\/jpeg"}],"twitter_card":"summary_large_image","twitter_misc":{"Est. reading time":"1 minute"},"schema":{"@context":"https:\/\/schema.org","@graph":[{"@type":"WebPage","@id":"https:\/\/librairie7l.com\/en\/produit\/the-african-decor-edit-collecting-and-decorating-with-heritage-objects-2\/","url":"https:\/\/librairie7l.com\/en\/produit\/the-african-decor-edit-collecting-and-decorating-with-heritage-objects-2\/","name":"The african decor edit : Collecting and Decorating With Heritage Objects - Librairie 7L","isPartOf":{"@id":"https:\/\/librairie7l.com\/en\/#website"},"datePublished":"2024-10-05T07:18:20+00:00","dateModified":"2026-04-30T08:25:54+00:00","breadcrumb":{"@id":"https:\/\/librairie7l.com\/en\/produit\/the-african-decor-edit-collecting-and-decorating-with-heritage-objects-2\/#breadcrumb"},"inLanguage":"en-US","potentialAction":[{"@type":"ReadAction","target":["https:\/\/librairie7l.com\/en\/produit\/the-african-decor-edit-collecting-and-decorating-with-heritage-objects-2\/"]}]},{"@type":"BreadcrumbList","@id":"https:\/\/librairie7l.com\/en\/produit\/the-african-decor-edit-collecting-and-decorating-with-heritage-objects-2\/#breadcrumb","itemListElement":[{"@type":"ListItem","position":1,"name":"Accueil","item":"https:\/\/librairie7l.com\/en\/"},{"@type":"ListItem","position":2,"name":"Shop","item":"https:\/\/librairie7l.com\/en\/shop\/"},{"@type":"ListItem","position":3,"name":"THE AFRICAN DECOR EDIT : COLLECTING AND DECORATING WITH HERITAGE OBJECTS"}]},{"@type":"WebSite","@id":"https:\/\/librairie7l.com\/en\/#website","url":"https:\/\/librairie7l.com\/en\/","name":"Librairie 7L","description":"Librairie fond\u00e9e en 1999 par Karl Lagerfeld \u00e0 Paris","publisher":{"@id":"https:\/\/librairie7l.com\/en\/#organization"},"potentialAction":[{"@type":"SearchAction","target":{"@type":"EntryPoint","urlTemplate":"https:\/\/librairie7l.com\/en\/?s={search_term_string}"},"query-input":"required name=search_term_string"}],"inLanguage":"en-US"},{"@type":"Organization","@id":"https:\/\/librairie7l.com\/en\/#organization","name":"Librairie 7L","url":"https:\/\/librairie7l.com\/en\/","logo":{"@type":"ImageObject","inLanguage":"en-US","@id":"https:\/\/librairie7l.com\/en\/#\/schema\/logo\/image\/","url":"https:\/\/librairie7l.com\/wp-content\/uploads\/2022\/08\/logo-1.png","contentUrl":"https:\/\/librairie7l.com\/wp-content\/uploads\/2022\/08\/logo-1.png","width":227,"height":301,"caption":"Librairie 7L"},"image":{"@id":"https:\/\/librairie7l.com\/en\/#\/schema\/logo\/image\/"}}]}},"_links":{"self":[{"href":"https:\/\/librairie7l.com\/en\/wp-json\/wp\/v2\/product\/43148"}],"collection":[{"href":"https:\/\/librairie7l.com\/en\/wp-json\/wp\/v2\/product"}],"about":[{"href":"https:\/\/librairie7l.com\/en\/wp-json\/wp\/v2\/types\/product"}],"wp:featuredmedia":[{"embeddable":true,"href":"https:\/\/librairie7l.com\/en\/wp-json\/wp\/v2\/media\/43146"}],"wp:attachment":[{"href":"https:\/\/librairie7l.com\/en\/wp-json\/wp\/v2\/media?parent=43148"}],"wp:term":[{"taxonomy":"product_cat","embeddable":true,"href":"https:\/\/librairie7l.com\/en\/wp-json\/wp\/v2\/product_cat?post=43148"},{"taxonomy":"product_tag","embeddable":true,"href":"https:\/\/librairie7l.com\/en\/wp-json\/wp\/v2\/product_tag?post=43148"}],"curies":[{"name":"wp","href":"https:\/\/api.w.org\/{rel}","templated":true}]}}