{"id":43155,"date":"2024-10-06T09:17:26","date_gmt":"2024-10-06T07:17:26","guid":{"rendered":"https:\/\/librairie7l.com\/?post_type=product&#038;p=43155"},"modified":"2026-04-04T08:35:17","modified_gmt":"2026-04-04T06:35:17","slug":"tina-barney-2","status":"publish","type":"product","link":"https:\/\/librairie7l.com\/en\/produit\/tina-barney-2\/","title":{"rendered":"TINA BARNEY"},"content":{"rendered":"<p>Exposition :<br \/>\nJeu de Paume, Paris<br \/>\n28 septembre 2024-19 janvier 2025<\/p>\n<p> Figure de la photographie am\u00e9ricaine contemporaine, Tina Barney entreprend, \u00e0 la fin des ann\u00e9es 1970, de photographier ses proches et amis, issus, comme elle, des classes ais\u00e9es de la c\u00f4te Est. Par sa pratique des portraits qu&#8217;elle d\u00e9veloppe dans les ann\u00e9es 1980, et en fine observatrice des rituels familiaux, elle va s&#8217;int\u00e9resser particuli\u00e8rement aux relations entre les g\u00e9n\u00e9rations, \u00e0 la question de la transmission, mais aussi aux d\u00e9cors et aux codes vestimentaires. Ses portraits en couleurs de la haute bourgeoisie am\u00e9ricaine et europ\u00e9enne &#8211; souvent de groupe et de grand format, \u00e0 la crois\u00e9e des instantan\u00e9s familiaux et de tableaux photographiques \u00e0 la composition millim\u00e9tr\u00e9e &#8211; regorgent de micro-expressions et tensions visuelles, comme autant de gestes r\u00e9v\u00e9lateurs d&#8217;une sorte de d\u00e9r\u00e8glement qui se cacherait sous la surface des images. Pris dans des contextes plus intimes et g\u00e9n\u00e9ralement invisibles pour le monde ext\u00e9rieur, ses grands formats permettent, par les nombreux d\u00e9tails qui s&#8217;y trouvent r\u00e9unis, de composer autant de r\u00e9cits possibles sur le quotidien de ces riches familles, \u00e0 la mani\u00e8re des soap opera populaires des ann\u00e9es 1980.<\/p>\n<p>Cet ouvrage, qui accompagne la premi\u00e8re exposition r\u00e9trospective en Europe de l&#8217;artiste, pr\u00e9sente soixante oeuvres &#8211; quintessence de son approche du m\u00e9dium &#8211; r\u00e9alis\u00e9es de la fin des ann\u00e9es 1970 \u00e0 nos jours. Un essai du commissaire de l&#8217;exposition et directeur du Jeu de Paume, Quentin Bajac, viendra compl\u00e9ter cet ensemble photographique, ainsi qu&#8217;un entretien de Tina Barney avec l&#8217;historienne de la photographie et curatrice, Sarah Meister. Ces textes permettront de comprendre, d&#8217;apr\u00e8s les propos de l&#8217;artiste, sa d\u00e9marche et son approche : son int\u00e9r\u00eat pour la notion de famille et les rituels, sa pratique du grand format, son art de la composition de groupes et de l&#8217;instantan\u00e9, sa conception de la couleur, son go\u00fbt pour les exp\u00e9riences visuelles complexes et la relation de ses images \u00e0 la peinture.<\/p>\n","protected":false},"excerpt":{"rendered":"<p>Exposition : Jeu de Paume, Paris 28 septembre 2024-19 janvier 2025 Figure de la photographie am\u00e9ricaine contemporaine, Tina Barney entreprend, \u00e0 la fin des ann\u00e9es 1970, de photographier ses proches et amis, issus, comme elle, des classes ais\u00e9es de la c\u00f4te Est. Par sa pratique des portraits qu&#8217;elle d\u00e9veloppe dans les ann\u00e9es 1980, et en [&hellip;]<\/p>\n","protected":false},"featured_media":43153,"template":"","meta":[],"product_cat":[2948,2958],"product_tag":[],"acf":[],"yoast_head":"<!-- This site is optimized with the Yoast SEO plugin v20.11 - https:\/\/yoast.com\/wordpress\/plugins\/seo\/ -->\n<title>Tina Barney - Librairie 7L<\/title>\n<meta name=\"robots\" content=\"index, follow, max-snippet:-1, max-image-preview:large, max-video-preview:-1\" \/>\n<link rel=\"canonical\" href=\"https:\/\/librairie7l.com\/en\/produit\/tina-barney-2\/\" \/>\n<meta property=\"og:locale\" content=\"en_US\" \/>\n<meta property=\"og:type\" content=\"article\" \/>\n<meta property=\"og:title\" content=\"Tina Barney - Librairie 7L\" \/>\n<meta property=\"og:description\" content=\"Exposition : Jeu de Paume, Paris 28 septembre 2024-19 janvier 2025 Figure de la photographie am\u00e9ricaine contemporaine, Tina Barney entreprend, \u00e0 la fin des ann\u00e9es 1970, de photographier ses proches et amis, issus, comme elle, des classes ais\u00e9es de la c\u00f4te Est. Par sa pratique des portraits qu&#8217;elle d\u00e9veloppe dans les ann\u00e9es 1980, et en [&hellip;]\" \/>\n<meta property=\"og:url\" content=\"https:\/\/librairie7l.com\/en\/produit\/tina-barney-2\/\" \/>\n<meta property=\"og:site_name\" content=\"Librairie 7L\" \/>\n<meta property=\"article:modified_time\" content=\"2026-04-04T06:35:17+00:00\" \/>\n<meta property=\"og:image\" content=\"https:\/\/librairie7l.com\/wp-content\/uploads\/2024\/04\/9782365114134_1_75.jpg\" \/>\n\t<meta property=\"og:image:width\" content=\"724\" \/>\n\t<meta property=\"og:image:height\" content=\"600\" \/>\n\t<meta property=\"og:image:type\" content=\"image\/jpeg\" \/>\n<meta name=\"twitter:card\" content=\"summary_large_image\" \/>\n<meta name=\"twitter:label1\" content=\"Est. reading time\" \/>\n\t<meta name=\"twitter:data1\" content=\"2 minutes\" \/>\n<script type=\"application\/ld+json\" class=\"yoast-schema-graph\">{\"@context\":\"https:\/\/schema.org\",\"@graph\":[{\"@type\":\"WebPage\",\"@id\":\"https:\/\/librairie7l.com\/en\/produit\/tina-barney-2\/\",\"url\":\"https:\/\/librairie7l.com\/en\/produit\/tina-barney-2\/\",\"name\":\"Tina Barney - Librairie 7L\",\"isPartOf\":{\"@id\":\"https:\/\/librairie7l.com\/en\/#website\"},\"datePublished\":\"2024-10-06T07:17:26+00:00\",\"dateModified\":\"2026-04-04T06:35:17+00:00\",\"breadcrumb\":{\"@id\":\"https:\/\/librairie7l.com\/en\/produit\/tina-barney-2\/#breadcrumb\"},\"inLanguage\":\"en-US\",\"potentialAction\":[{\"@type\":\"ReadAction\",\"target\":[\"https:\/\/librairie7l.com\/en\/produit\/tina-barney-2\/\"]}]},{\"@type\":\"BreadcrumbList\",\"@id\":\"https:\/\/librairie7l.com\/en\/produit\/tina-barney-2\/#breadcrumb\",\"itemListElement\":[{\"@type\":\"ListItem\",\"position\":1,\"name\":\"Accueil\",\"item\":\"https:\/\/librairie7l.com\/en\/\"},{\"@type\":\"ListItem\",\"position\":2,\"name\":\"Shop\",\"item\":\"https:\/\/librairie7l.com\/en\/shop\/\"},{\"@type\":\"ListItem\",\"position\":3,\"name\":\"TINA BARNEY\"}]},{\"@type\":\"WebSite\",\"@id\":\"https:\/\/librairie7l.com\/en\/#website\",\"url\":\"https:\/\/librairie7l.com\/en\/\",\"name\":\"Librairie 7L\",\"description\":\"Librairie fond\u00e9e en 1999 par Karl Lagerfeld \u00e0 Paris\",\"publisher\":{\"@id\":\"https:\/\/librairie7l.com\/en\/#organization\"},\"potentialAction\":[{\"@type\":\"SearchAction\",\"target\":{\"@type\":\"EntryPoint\",\"urlTemplate\":\"https:\/\/librairie7l.com\/en\/?s={search_term_string}\"},\"query-input\":\"required name=search_term_string\"}],\"inLanguage\":\"en-US\"},{\"@type\":\"Organization\",\"@id\":\"https:\/\/librairie7l.com\/en\/#organization\",\"name\":\"Librairie 7L\",\"url\":\"https:\/\/librairie7l.com\/en\/\",\"logo\":{\"@type\":\"ImageObject\",\"inLanguage\":\"en-US\",\"@id\":\"https:\/\/librairie7l.com\/en\/#\/schema\/logo\/image\/\",\"url\":\"https:\/\/librairie7l.com\/wp-content\/uploads\/2022\/08\/logo-1.png\",\"contentUrl\":\"https:\/\/librairie7l.com\/wp-content\/uploads\/2022\/08\/logo-1.png\",\"width\":227,\"height\":301,\"caption\":\"Librairie 7L\"},\"image\":{\"@id\":\"https:\/\/librairie7l.com\/en\/#\/schema\/logo\/image\/\"}}]}<\/script>\n<!-- \/ Yoast SEO plugin. -->","yoast_head_json":{"title":"Tina Barney - Librairie 7L","robots":{"index":"index","follow":"follow","max-snippet":"max-snippet:-1","max-image-preview":"max-image-preview:large","max-video-preview":"max-video-preview:-1"},"canonical":"https:\/\/librairie7l.com\/en\/produit\/tina-barney-2\/","og_locale":"en_US","og_type":"article","og_title":"Tina Barney - Librairie 7L","og_description":"Exposition : Jeu de Paume, Paris 28 septembre 2024-19 janvier 2025 Figure de la photographie am\u00e9ricaine contemporaine, Tina Barney entreprend, \u00e0 la fin des ann\u00e9es 1970, de photographier ses proches et amis, issus, comme elle, des classes ais\u00e9es de la c\u00f4te Est. Par sa pratique des portraits qu&#8217;elle d\u00e9veloppe dans les ann\u00e9es 1980, et en [&hellip;]","og_url":"https:\/\/librairie7l.com\/en\/produit\/tina-barney-2\/","og_site_name":"Librairie 7L","article_modified_time":"2026-04-04T06:35:17+00:00","og_image":[{"width":724,"height":600,"url":"https:\/\/librairie7l.com\/wp-content\/uploads\/2024\/04\/9782365114134_1_75.jpg","type":"image\/jpeg"}],"twitter_card":"summary_large_image","twitter_misc":{"Est. reading time":"2 minutes"},"schema":{"@context":"https:\/\/schema.org","@graph":[{"@type":"WebPage","@id":"https:\/\/librairie7l.com\/en\/produit\/tina-barney-2\/","url":"https:\/\/librairie7l.com\/en\/produit\/tina-barney-2\/","name":"Tina Barney - Librairie 7L","isPartOf":{"@id":"https:\/\/librairie7l.com\/en\/#website"},"datePublished":"2024-10-06T07:17:26+00:00","dateModified":"2026-04-04T06:35:17+00:00","breadcrumb":{"@id":"https:\/\/librairie7l.com\/en\/produit\/tina-barney-2\/#breadcrumb"},"inLanguage":"en-US","potentialAction":[{"@type":"ReadAction","target":["https:\/\/librairie7l.com\/en\/produit\/tina-barney-2\/"]}]},{"@type":"BreadcrumbList","@id":"https:\/\/librairie7l.com\/en\/produit\/tina-barney-2\/#breadcrumb","itemListElement":[{"@type":"ListItem","position":1,"name":"Accueil","item":"https:\/\/librairie7l.com\/en\/"},{"@type":"ListItem","position":2,"name":"Shop","item":"https:\/\/librairie7l.com\/en\/shop\/"},{"@type":"ListItem","position":3,"name":"TINA BARNEY"}]},{"@type":"WebSite","@id":"https:\/\/librairie7l.com\/en\/#website","url":"https:\/\/librairie7l.com\/en\/","name":"Librairie 7L","description":"Librairie fond\u00e9e en 1999 par Karl Lagerfeld \u00e0 Paris","publisher":{"@id":"https:\/\/librairie7l.com\/en\/#organization"},"potentialAction":[{"@type":"SearchAction","target":{"@type":"EntryPoint","urlTemplate":"https:\/\/librairie7l.com\/en\/?s={search_term_string}"},"query-input":"required name=search_term_string"}],"inLanguage":"en-US"},{"@type":"Organization","@id":"https:\/\/librairie7l.com\/en\/#organization","name":"Librairie 7L","url":"https:\/\/librairie7l.com\/en\/","logo":{"@type":"ImageObject","inLanguage":"en-US","@id":"https:\/\/librairie7l.com\/en\/#\/schema\/logo\/image\/","url":"https:\/\/librairie7l.com\/wp-content\/uploads\/2022\/08\/logo-1.png","contentUrl":"https:\/\/librairie7l.com\/wp-content\/uploads\/2022\/08\/logo-1.png","width":227,"height":301,"caption":"Librairie 7L"},"image":{"@id":"https:\/\/librairie7l.com\/en\/#\/schema\/logo\/image\/"}}]}},"_links":{"self":[{"href":"https:\/\/librairie7l.com\/en\/wp-json\/wp\/v2\/product\/43155"}],"collection":[{"href":"https:\/\/librairie7l.com\/en\/wp-json\/wp\/v2\/product"}],"about":[{"href":"https:\/\/librairie7l.com\/en\/wp-json\/wp\/v2\/types\/product"}],"wp:featuredmedia":[{"embeddable":true,"href":"https:\/\/librairie7l.com\/en\/wp-json\/wp\/v2\/media\/43153"}],"wp:attachment":[{"href":"https:\/\/librairie7l.com\/en\/wp-json\/wp\/v2\/media?parent=43155"}],"wp:term":[{"taxonomy":"product_cat","embeddable":true,"href":"https:\/\/librairie7l.com\/en\/wp-json\/wp\/v2\/product_cat?post=43155"},{"taxonomy":"product_tag","embeddable":true,"href":"https:\/\/librairie7l.com\/en\/wp-json\/wp\/v2\/product_tag?post=43155"}],"curies":[{"name":"wp","href":"https:\/\/api.w.org\/{rel}","templated":true}]}}