{"id":43159,"date":"2024-10-06T09:17:29","date_gmt":"2024-10-06T07:17:29","guid":{"rendered":"https:\/\/librairie7l.com\/?post_type=product&#038;p=43159"},"modified":"2026-04-14T19:47:14","modified_gmt":"2026-04-14T17:47:14","slug":"sergio-larrain-la-photo-perdue-2","status":"publish","type":"product","link":"https:\/\/librairie7l.com\/en\/produit\/sergio-larrain-la-photo-perdue-2\/","title":{"rendered":"SERGIO LARRAIN, LA PHOTO PERDUE"},"content":{"rendered":"<p>Sixi\u00e8me titre de la collection TXT, cr\u00e9\u00e9e en 2018, La photo perdue apporte un nouvel \u00e9clairage \u00e0 l&#8217;oeuvre du Chilien, dans un ouvrage in\u00e9dit en langue fran\u00e7aise.<\/p>\n<p> Racont\u00e9e par la journaliste et auteure Catalina Mena (n\u00e9e en 1966), sa ni\u00e8ce, le livre explore la vie de Sergio Larrain \u00e0 travers le prisme de sa famille. Afin de r\u00e9soudre ce qu&#8217;elle appelle &#8221; l&#8217;\u00e9nigme de cette vie &#8220;, le r\u00e9cit biographique reprend l&#8217;histoire depuis le d\u00e9but : de la naissance de l&#8217;artiste jusqu&#8217;\u00e0 son \u00e9ducation tr\u00e8s impr\u00e9gn\u00e9e par le monde des arts avec son p\u00e8re, grand architecte et collectionneur, ainsi que ses diff\u00e9rents voyages qui l&#8217;am\u00e8neront \u00e0 devenir photographe. Un des axes emprunt\u00e9s par le livre, qui permet de mieux cerner la personnalit\u00e9 de Sergio Larrain, examine les relations qu&#8217;il entretient avec ses proches. Comment, par exemple, la complicit\u00e9 qu&#8217;il partage avec l&#8217;une de ses soeurs, Luz, va \u00eatre d\u00e9cisive dans les choix qui am\u00e8neront Larrain \u00e0 se retirer du monde. L&#8217;auteure d\u00e9crit d&#8217;ailleurs sa propre relation \u00e0 son oncle comme myst\u00e9rieuse et fantomatique : &#8221; Je n&#8217;ai que peu de souvenirs de Sergio, &#8221; Queco &#8220;, comme nous le surnommions. Il disparut de l&#8217;album de famille \u00e0 la fin des ann\u00e9es 1970, m\u00eame s&#8217;il allait et venait d\u00e9j\u00e0 depuis de nombreuses ann\u00e9es. Il partit pour la Vall\u00e9e de Limari, dans le centre du Chili, et y v\u00e9cut pendant plus de trente ans. Dans la fratrie de ma m\u00e8re, il est celui que j&#8217;ai le moins fr\u00e9quent\u00e9. Je ne suis jamais all\u00e9 le voir, mais son spectre revenait sans cesse, de fa\u00e7on obsessionnelle, dans les conversations avec les proches. Nous, les enfants, entendions parler de lui d&#8217;un ton myst\u00e9rieux, inquiet et, franchement, agac\u00e9. Nous n&#8217;y comprenions rien. &#8221;<\/p>\n<p>Catalina Mena dresse ici un portrait intimiste et sensible. Il permet au lecteur d&#8217;entrer au coeur du mythe Larrain et de mieux comprendre son approche de la vie et de la photographie. La biographie est illustr\u00e9e par des photographies mais aussi des documents in\u00e9dits, comme ses po\u00e8mes manuscrits et des lettres extraites de sa longue correspondance avec Agn\u00e8s Sire.<\/p>\n","protected":false},"excerpt":{"rendered":"<p>Sixi\u00e8me titre de la collection TXT, cr\u00e9\u00e9e en 2018, La photo perdue apporte un nouvel \u00e9clairage \u00e0 l&#8217;oeuvre du Chilien, dans un ouvrage in\u00e9dit en langue fran\u00e7aise. Racont\u00e9e par la journaliste et auteure Catalina Mena (n\u00e9e en 1966), sa ni\u00e8ce, le livre explore la vie de Sergio Larrain \u00e0 travers le prisme de sa famille. [&hellip;]<\/p>\n","protected":false},"featured_media":43157,"template":"","meta":[],"product_cat":[2948,2958],"product_tag":[],"acf":[],"yoast_head":"<!-- This site is optimized with the Yoast SEO plugin v20.11 - https:\/\/yoast.com\/wordpress\/plugins\/seo\/ -->\n<title>Sergio Larrain, la photo perdue - Librairie 7L<\/title>\n<meta name=\"robots\" content=\"index, follow, max-snippet:-1, max-image-preview:large, max-video-preview:-1\" \/>\n<link rel=\"canonical\" href=\"https:\/\/librairie7l.com\/en\/produit\/sergio-larrain-la-photo-perdue-2\/\" \/>\n<meta property=\"og:locale\" content=\"en_US\" \/>\n<meta property=\"og:type\" content=\"article\" \/>\n<meta property=\"og:title\" content=\"Sergio Larrain, la photo perdue - Librairie 7L\" \/>\n<meta property=\"og:description\" content=\"Sixi\u00e8me titre de la collection TXT, cr\u00e9\u00e9e en 2018, La photo perdue apporte un nouvel \u00e9clairage \u00e0 l&#8217;oeuvre du Chilien, dans un ouvrage in\u00e9dit en langue fran\u00e7aise. Racont\u00e9e par la journaliste et auteure Catalina Mena (n\u00e9e en 1966), sa ni\u00e8ce, le livre explore la vie de Sergio Larrain \u00e0 travers le prisme de sa famille. [&hellip;]\" \/>\n<meta property=\"og:url\" content=\"https:\/\/librairie7l.com\/en\/produit\/sergio-larrain-la-photo-perdue-2\/\" \/>\n<meta property=\"og:site_name\" content=\"Librairie 7L\" \/>\n<meta property=\"article:modified_time\" content=\"2026-04-14T17:47:14+00:00\" \/>\n<meta property=\"og:image\" content=\"https:\/\/librairie7l.com\/wp-content\/uploads\/2024\/04\/9782365114127_1_75.jpg\" \/>\n\t<meta property=\"og:image:width\" content=\"600\" \/>\n\t<meta property=\"og:image:height\" content=\"673\" \/>\n\t<meta property=\"og:image:type\" content=\"image\/jpeg\" \/>\n<meta name=\"twitter:card\" content=\"summary_large_image\" \/>\n<meta name=\"twitter:label1\" content=\"Est. reading time\" \/>\n\t<meta name=\"twitter:data1\" content=\"2 minutes\" \/>\n<script type=\"application\/ld+json\" class=\"yoast-schema-graph\">{\"@context\":\"https:\/\/schema.org\",\"@graph\":[{\"@type\":\"WebPage\",\"@id\":\"https:\/\/librairie7l.com\/en\/produit\/sergio-larrain-la-photo-perdue-2\/\",\"url\":\"https:\/\/librairie7l.com\/en\/produit\/sergio-larrain-la-photo-perdue-2\/\",\"name\":\"Sergio Larrain, la photo perdue - Librairie 7L\",\"isPartOf\":{\"@id\":\"https:\/\/librairie7l.com\/en\/#website\"},\"datePublished\":\"2024-10-06T07:17:29+00:00\",\"dateModified\":\"2026-04-14T17:47:14+00:00\",\"breadcrumb\":{\"@id\":\"https:\/\/librairie7l.com\/en\/produit\/sergio-larrain-la-photo-perdue-2\/#breadcrumb\"},\"inLanguage\":\"en-US\",\"potentialAction\":[{\"@type\":\"ReadAction\",\"target\":[\"https:\/\/librairie7l.com\/en\/produit\/sergio-larrain-la-photo-perdue-2\/\"]}]},{\"@type\":\"BreadcrumbList\",\"@id\":\"https:\/\/librairie7l.com\/en\/produit\/sergio-larrain-la-photo-perdue-2\/#breadcrumb\",\"itemListElement\":[{\"@type\":\"ListItem\",\"position\":1,\"name\":\"Accueil\",\"item\":\"https:\/\/librairie7l.com\/en\/\"},{\"@type\":\"ListItem\",\"position\":2,\"name\":\"Shop\",\"item\":\"https:\/\/librairie7l.com\/en\/shop\/\"},{\"@type\":\"ListItem\",\"position\":3,\"name\":\"SERGIO LARRAIN, LA PHOTO PERDUE\"}]},{\"@type\":\"WebSite\",\"@id\":\"https:\/\/librairie7l.com\/en\/#website\",\"url\":\"https:\/\/librairie7l.com\/en\/\",\"name\":\"Librairie 7L\",\"description\":\"Librairie fond\u00e9e en 1999 par Karl Lagerfeld \u00e0 Paris\",\"publisher\":{\"@id\":\"https:\/\/librairie7l.com\/en\/#organization\"},\"potentialAction\":[{\"@type\":\"SearchAction\",\"target\":{\"@type\":\"EntryPoint\",\"urlTemplate\":\"https:\/\/librairie7l.com\/en\/?s={search_term_string}\"},\"query-input\":\"required name=search_term_string\"}],\"inLanguage\":\"en-US\"},{\"@type\":\"Organization\",\"@id\":\"https:\/\/librairie7l.com\/en\/#organization\",\"name\":\"Librairie 7L\",\"url\":\"https:\/\/librairie7l.com\/en\/\",\"logo\":{\"@type\":\"ImageObject\",\"inLanguage\":\"en-US\",\"@id\":\"https:\/\/librairie7l.com\/en\/#\/schema\/logo\/image\/\",\"url\":\"https:\/\/librairie7l.com\/wp-content\/uploads\/2022\/08\/logo-1.png\",\"contentUrl\":\"https:\/\/librairie7l.com\/wp-content\/uploads\/2022\/08\/logo-1.png\",\"width\":227,\"height\":301,\"caption\":\"Librairie 7L\"},\"image\":{\"@id\":\"https:\/\/librairie7l.com\/en\/#\/schema\/logo\/image\/\"}}]}<\/script>\n<!-- \/ Yoast SEO plugin. -->","yoast_head_json":{"title":"Sergio Larrain, la photo perdue - Librairie 7L","robots":{"index":"index","follow":"follow","max-snippet":"max-snippet:-1","max-image-preview":"max-image-preview:large","max-video-preview":"max-video-preview:-1"},"canonical":"https:\/\/librairie7l.com\/en\/produit\/sergio-larrain-la-photo-perdue-2\/","og_locale":"en_US","og_type":"article","og_title":"Sergio Larrain, la photo perdue - Librairie 7L","og_description":"Sixi\u00e8me titre de la collection TXT, cr\u00e9\u00e9e en 2018, La photo perdue apporte un nouvel \u00e9clairage \u00e0 l&#8217;oeuvre du Chilien, dans un ouvrage in\u00e9dit en langue fran\u00e7aise. Racont\u00e9e par la journaliste et auteure Catalina Mena (n\u00e9e en 1966), sa ni\u00e8ce, le livre explore la vie de Sergio Larrain \u00e0 travers le prisme de sa famille. [&hellip;]","og_url":"https:\/\/librairie7l.com\/en\/produit\/sergio-larrain-la-photo-perdue-2\/","og_site_name":"Librairie 7L","article_modified_time":"2026-04-14T17:47:14+00:00","og_image":[{"width":600,"height":673,"url":"https:\/\/librairie7l.com\/wp-content\/uploads\/2024\/04\/9782365114127_1_75.jpg","type":"image\/jpeg"}],"twitter_card":"summary_large_image","twitter_misc":{"Est. reading time":"2 minutes"},"schema":{"@context":"https:\/\/schema.org","@graph":[{"@type":"WebPage","@id":"https:\/\/librairie7l.com\/en\/produit\/sergio-larrain-la-photo-perdue-2\/","url":"https:\/\/librairie7l.com\/en\/produit\/sergio-larrain-la-photo-perdue-2\/","name":"Sergio Larrain, la photo perdue - Librairie 7L","isPartOf":{"@id":"https:\/\/librairie7l.com\/en\/#website"},"datePublished":"2024-10-06T07:17:29+00:00","dateModified":"2026-04-14T17:47:14+00:00","breadcrumb":{"@id":"https:\/\/librairie7l.com\/en\/produit\/sergio-larrain-la-photo-perdue-2\/#breadcrumb"},"inLanguage":"en-US","potentialAction":[{"@type":"ReadAction","target":["https:\/\/librairie7l.com\/en\/produit\/sergio-larrain-la-photo-perdue-2\/"]}]},{"@type":"BreadcrumbList","@id":"https:\/\/librairie7l.com\/en\/produit\/sergio-larrain-la-photo-perdue-2\/#breadcrumb","itemListElement":[{"@type":"ListItem","position":1,"name":"Accueil","item":"https:\/\/librairie7l.com\/en\/"},{"@type":"ListItem","position":2,"name":"Shop","item":"https:\/\/librairie7l.com\/en\/shop\/"},{"@type":"ListItem","position":3,"name":"SERGIO LARRAIN, LA PHOTO PERDUE"}]},{"@type":"WebSite","@id":"https:\/\/librairie7l.com\/en\/#website","url":"https:\/\/librairie7l.com\/en\/","name":"Librairie 7L","description":"Librairie fond\u00e9e en 1999 par Karl Lagerfeld \u00e0 Paris","publisher":{"@id":"https:\/\/librairie7l.com\/en\/#organization"},"potentialAction":[{"@type":"SearchAction","target":{"@type":"EntryPoint","urlTemplate":"https:\/\/librairie7l.com\/en\/?s={search_term_string}"},"query-input":"required name=search_term_string"}],"inLanguage":"en-US"},{"@type":"Organization","@id":"https:\/\/librairie7l.com\/en\/#organization","name":"Librairie 7L","url":"https:\/\/librairie7l.com\/en\/","logo":{"@type":"ImageObject","inLanguage":"en-US","@id":"https:\/\/librairie7l.com\/en\/#\/schema\/logo\/image\/","url":"https:\/\/librairie7l.com\/wp-content\/uploads\/2022\/08\/logo-1.png","contentUrl":"https:\/\/librairie7l.com\/wp-content\/uploads\/2022\/08\/logo-1.png","width":227,"height":301,"caption":"Librairie 7L"},"image":{"@id":"https:\/\/librairie7l.com\/en\/#\/schema\/logo\/image\/"}}]}},"_links":{"self":[{"href":"https:\/\/librairie7l.com\/en\/wp-json\/wp\/v2\/product\/43159"}],"collection":[{"href":"https:\/\/librairie7l.com\/en\/wp-json\/wp\/v2\/product"}],"about":[{"href":"https:\/\/librairie7l.com\/en\/wp-json\/wp\/v2\/types\/product"}],"wp:featuredmedia":[{"embeddable":true,"href":"https:\/\/librairie7l.com\/en\/wp-json\/wp\/v2\/media\/43157"}],"wp:attachment":[{"href":"https:\/\/librairie7l.com\/en\/wp-json\/wp\/v2\/media?parent=43159"}],"wp:term":[{"taxonomy":"product_cat","embeddable":true,"href":"https:\/\/librairie7l.com\/en\/wp-json\/wp\/v2\/product_cat?post=43159"},{"taxonomy":"product_tag","embeddable":true,"href":"https:\/\/librairie7l.com\/en\/wp-json\/wp\/v2\/product_tag?post=43159"}],"curies":[{"name":"wp","href":"https:\/\/api.w.org\/{rel}","templated":true}]}}