{"id":43216,"date":"2024-10-09T09:17:45","date_gmt":"2024-10-09T07:17:45","guid":{"rendered":"https:\/\/librairie7l.com\/?post_type=product&#038;p=43216"},"modified":"2026-04-09T01:36:17","modified_gmt":"2026-04-08T23:36:17","slug":"homeland-2","status":"publish","type":"product","link":"https:\/\/librairie7l.com\/en\/produit\/homeland-2\/","title":{"rendered":"HOMELAND"},"content":{"rendered":"<p>Ma\u00eetre de la photographie couleur, Harry Gruyaert livre ici &#8221; sa &#8221; Belgique, pays qu&#8217;il sillonne depuis plus de soixante ans.<\/p>\n<p> Flamand de naissance, Gruyaert sait depuis longtemps que sa terre natale est &#8221; un endroit visuellement int\u00e9ressant dans lequel il se passe des choses incongrues &#8220;. L&#8217;univers chromatique typique du photographe dresse ici le portrait d&#8217;une Belgique o\u00f9 le quotidien peut basculer en un instant dans l&#8217;\u00e9trange. Ces images \u00e9voquent parfois des collages surr\u00e9alistes, mouvement artistique dont les repr\u00e9sentants belges \u00e9taient fascin\u00e9s par l&#8217;\u00e9tranget\u00e9 de la r\u00e9alit\u00e9. Sens du grotesque, du sarcasme, banalit\u00e9, mais aussi \u00e9motion et une certaine tendresse s&#8217;esquissent au fil d&#8217;images de carnaval, de processions religieuses, de petites localit\u00e9s h\u00e9riss\u00e9es de maisons en briques&#8230; Les ciels sont souvent bas, les lumi\u00e8res cristallines, les couleurs satur\u00e9es pour damer le pion au froides atmosph\u00e8res du nord.<br \/>\nAu fil des pages se d\u00e9roule un long travelling : la notion de temps semble ici an\u00e9antie, l&#8217;objectif du photographe saisit la singularit\u00e9 d&#8217;une nation, capture un quotidien qui se d\u00e9ploie comme un d\u00e9cor de cin\u00e9ma hyperr\u00e9aliste. \u00c9clairages urbains, n\u00e9ons de devanture, regards qui se d\u00e9robent derri\u00e8re les sages rideaux d&#8217;habitations de banlieue, passants costum\u00e9s errants apr\u00e8s une f\u00eate arros\u00e9e, quais de gare plong\u00e9s dans des matins brumeux, faune de nightclubs d\u00e9jant\u00e9e, zones p\u00e9riurbaines aux mornes fa\u00e7ades, ports ne dormant jamais, campagnes aux lignes d&#8217;horizon infinies, la Belgique de Harry Gruyaert est un condens\u00e9 de l&#8217;art du photographe : une attention extr\u00eame aux couleurs et aux lumi\u00e8res qui restitue le caract\u00e8re fugitif des choses. En contrepoint \u00e0 ces photographies couleur, quatre portfolios d&#8217;images en noir et blanc r\u00e9alis\u00e9es dans les ann\u00e9es 1970 &#8211; protohistoire du photographe &#8211; et reproduites sur un papier offset, viennent scander cette immersion visuelle de ce voyage au plat pays.<\/p>\n","protected":false},"excerpt":{"rendered":"<p>Ma\u00eetre de la photographie couleur, Harry Gruyaert livre ici &#8221; sa &#8221; Belgique, pays qu&#8217;il sillonne depuis plus de soixante ans. Flamand de naissance, Gruyaert sait depuis longtemps que sa terre natale est &#8221; un endroit visuellement int\u00e9ressant dans lequel il se passe des choses incongrues &#8220;. L&#8217;univers chromatique typique du photographe dresse ici le [&hellip;]<\/p>\n","protected":false},"featured_media":43214,"template":"","meta":[],"product_cat":[2948],"product_tag":[],"acf":[],"yoast_head":"<!-- This site is optimized with the Yoast SEO plugin v20.11 - https:\/\/yoast.com\/wordpress\/plugins\/seo\/ -->\n<title>Homeland - Librairie 7L<\/title>\n<meta name=\"robots\" content=\"index, follow, max-snippet:-1, max-image-preview:large, max-video-preview:-1\" \/>\n<link rel=\"canonical\" href=\"https:\/\/librairie7l.com\/en\/produit\/homeland-2\/\" \/>\n<meta property=\"og:locale\" content=\"en_US\" \/>\n<meta property=\"og:type\" content=\"article\" \/>\n<meta property=\"og:title\" content=\"Homeland - Librairie 7L\" \/>\n<meta property=\"og:description\" content=\"Ma\u00eetre de la photographie couleur, Harry Gruyaert livre ici &#8221; sa &#8221; Belgique, pays qu&#8217;il sillonne depuis plus de soixante ans. Flamand de naissance, Gruyaert sait depuis longtemps que sa terre natale est &#8221; un endroit visuellement int\u00e9ressant dans lequel il se passe des choses incongrues &#8220;. L&#8217;univers chromatique typique du photographe dresse ici le [&hellip;]\" \/>\n<meta property=\"og:url\" content=\"https:\/\/librairie7l.com\/en\/produit\/homeland-2\/\" \/>\n<meta property=\"og:site_name\" content=\"Librairie 7L\" \/>\n<meta property=\"article:modified_time\" content=\"2026-04-08T23:36:17+00:00\" \/>\n<meta property=\"og:image\" content=\"https:\/\/librairie7l.com\/wp-content\/uploads\/2024\/04\/9782365114141_1_75.jpg\" \/>\n\t<meta property=\"og:image:width\" content=\"300\" \/>\n\t<meta property=\"og:image:height\" content=\"335\" \/>\n\t<meta property=\"og:image:type\" content=\"image\/jpeg\" \/>\n<meta name=\"twitter:card\" content=\"summary_large_image\" \/>\n<meta name=\"twitter:label1\" content=\"Est. reading time\" \/>\n\t<meta name=\"twitter:data1\" content=\"2 minutes\" \/>\n<script type=\"application\/ld+json\" class=\"yoast-schema-graph\">{\"@context\":\"https:\/\/schema.org\",\"@graph\":[{\"@type\":\"WebPage\",\"@id\":\"https:\/\/librairie7l.com\/en\/produit\/homeland-2\/\",\"url\":\"https:\/\/librairie7l.com\/en\/produit\/homeland-2\/\",\"name\":\"Homeland - Librairie 7L\",\"isPartOf\":{\"@id\":\"https:\/\/librairie7l.com\/en\/#website\"},\"datePublished\":\"2024-10-09T07:17:45+00:00\",\"dateModified\":\"2026-04-08T23:36:17+00:00\",\"breadcrumb\":{\"@id\":\"https:\/\/librairie7l.com\/en\/produit\/homeland-2\/#breadcrumb\"},\"inLanguage\":\"en-US\",\"potentialAction\":[{\"@type\":\"ReadAction\",\"target\":[\"https:\/\/librairie7l.com\/en\/produit\/homeland-2\/\"]}]},{\"@type\":\"BreadcrumbList\",\"@id\":\"https:\/\/librairie7l.com\/en\/produit\/homeland-2\/#breadcrumb\",\"itemListElement\":[{\"@type\":\"ListItem\",\"position\":1,\"name\":\"Accueil\",\"item\":\"https:\/\/librairie7l.com\/en\/\"},{\"@type\":\"ListItem\",\"position\":2,\"name\":\"Shop\",\"item\":\"https:\/\/librairie7l.com\/en\/shop\/\"},{\"@type\":\"ListItem\",\"position\":3,\"name\":\"HOMELAND\"}]},{\"@type\":\"WebSite\",\"@id\":\"https:\/\/librairie7l.com\/en\/#website\",\"url\":\"https:\/\/librairie7l.com\/en\/\",\"name\":\"Librairie 7L\",\"description\":\"Librairie fond\u00e9e en 1999 par Karl Lagerfeld \u00e0 Paris\",\"publisher\":{\"@id\":\"https:\/\/librairie7l.com\/en\/#organization\"},\"potentialAction\":[{\"@type\":\"SearchAction\",\"target\":{\"@type\":\"EntryPoint\",\"urlTemplate\":\"https:\/\/librairie7l.com\/en\/?s={search_term_string}\"},\"query-input\":\"required name=search_term_string\"}],\"inLanguage\":\"en-US\"},{\"@type\":\"Organization\",\"@id\":\"https:\/\/librairie7l.com\/en\/#organization\",\"name\":\"Librairie 7L\",\"url\":\"https:\/\/librairie7l.com\/en\/\",\"logo\":{\"@type\":\"ImageObject\",\"inLanguage\":\"en-US\",\"@id\":\"https:\/\/librairie7l.com\/en\/#\/schema\/logo\/image\/\",\"url\":\"https:\/\/librairie7l.com\/wp-content\/uploads\/2022\/08\/logo-1.png\",\"contentUrl\":\"https:\/\/librairie7l.com\/wp-content\/uploads\/2022\/08\/logo-1.png\",\"width\":227,\"height\":301,\"caption\":\"Librairie 7L\"},\"image\":{\"@id\":\"https:\/\/librairie7l.com\/en\/#\/schema\/logo\/image\/\"}}]}<\/script>\n<!-- \/ Yoast SEO plugin. -->","yoast_head_json":{"title":"Homeland - Librairie 7L","robots":{"index":"index","follow":"follow","max-snippet":"max-snippet:-1","max-image-preview":"max-image-preview:large","max-video-preview":"max-video-preview:-1"},"canonical":"https:\/\/librairie7l.com\/en\/produit\/homeland-2\/","og_locale":"en_US","og_type":"article","og_title":"Homeland - Librairie 7L","og_description":"Ma\u00eetre de la photographie couleur, Harry Gruyaert livre ici &#8221; sa &#8221; Belgique, pays qu&#8217;il sillonne depuis plus de soixante ans. Flamand de naissance, Gruyaert sait depuis longtemps que sa terre natale est &#8221; un endroit visuellement int\u00e9ressant dans lequel il se passe des choses incongrues &#8220;. L&#8217;univers chromatique typique du photographe dresse ici le [&hellip;]","og_url":"https:\/\/librairie7l.com\/en\/produit\/homeland-2\/","og_site_name":"Librairie 7L","article_modified_time":"2026-04-08T23:36:17+00:00","og_image":[{"width":300,"height":335,"url":"https:\/\/librairie7l.com\/wp-content\/uploads\/2024\/04\/9782365114141_1_75.jpg","type":"image\/jpeg"}],"twitter_card":"summary_large_image","twitter_misc":{"Est. reading time":"2 minutes"},"schema":{"@context":"https:\/\/schema.org","@graph":[{"@type":"WebPage","@id":"https:\/\/librairie7l.com\/en\/produit\/homeland-2\/","url":"https:\/\/librairie7l.com\/en\/produit\/homeland-2\/","name":"Homeland - Librairie 7L","isPartOf":{"@id":"https:\/\/librairie7l.com\/en\/#website"},"datePublished":"2024-10-09T07:17:45+00:00","dateModified":"2026-04-08T23:36:17+00:00","breadcrumb":{"@id":"https:\/\/librairie7l.com\/en\/produit\/homeland-2\/#breadcrumb"},"inLanguage":"en-US","potentialAction":[{"@type":"ReadAction","target":["https:\/\/librairie7l.com\/en\/produit\/homeland-2\/"]}]},{"@type":"BreadcrumbList","@id":"https:\/\/librairie7l.com\/en\/produit\/homeland-2\/#breadcrumb","itemListElement":[{"@type":"ListItem","position":1,"name":"Accueil","item":"https:\/\/librairie7l.com\/en\/"},{"@type":"ListItem","position":2,"name":"Shop","item":"https:\/\/librairie7l.com\/en\/shop\/"},{"@type":"ListItem","position":3,"name":"HOMELAND"}]},{"@type":"WebSite","@id":"https:\/\/librairie7l.com\/en\/#website","url":"https:\/\/librairie7l.com\/en\/","name":"Librairie 7L","description":"Librairie fond\u00e9e en 1999 par Karl Lagerfeld \u00e0 Paris","publisher":{"@id":"https:\/\/librairie7l.com\/en\/#organization"},"potentialAction":[{"@type":"SearchAction","target":{"@type":"EntryPoint","urlTemplate":"https:\/\/librairie7l.com\/en\/?s={search_term_string}"},"query-input":"required name=search_term_string"}],"inLanguage":"en-US"},{"@type":"Organization","@id":"https:\/\/librairie7l.com\/en\/#organization","name":"Librairie 7L","url":"https:\/\/librairie7l.com\/en\/","logo":{"@type":"ImageObject","inLanguage":"en-US","@id":"https:\/\/librairie7l.com\/en\/#\/schema\/logo\/image\/","url":"https:\/\/librairie7l.com\/wp-content\/uploads\/2022\/08\/logo-1.png","contentUrl":"https:\/\/librairie7l.com\/wp-content\/uploads\/2022\/08\/logo-1.png","width":227,"height":301,"caption":"Librairie 7L"},"image":{"@id":"https:\/\/librairie7l.com\/en\/#\/schema\/logo\/image\/"}}]}},"_links":{"self":[{"href":"https:\/\/librairie7l.com\/en\/wp-json\/wp\/v2\/product\/43216"}],"collection":[{"href":"https:\/\/librairie7l.com\/en\/wp-json\/wp\/v2\/product"}],"about":[{"href":"https:\/\/librairie7l.com\/en\/wp-json\/wp\/v2\/types\/product"}],"wp:featuredmedia":[{"embeddable":true,"href":"https:\/\/librairie7l.com\/en\/wp-json\/wp\/v2\/media\/43214"}],"wp:attachment":[{"href":"https:\/\/librairie7l.com\/en\/wp-json\/wp\/v2\/media?parent=43216"}],"wp:term":[{"taxonomy":"product_cat","embeddable":true,"href":"https:\/\/librairie7l.com\/en\/wp-json\/wp\/v2\/product_cat?post=43216"},{"taxonomy":"product_tag","embeddable":true,"href":"https:\/\/librairie7l.com\/en\/wp-json\/wp\/v2\/product_tag?post=43216"}],"curies":[{"name":"wp","href":"https:\/\/api.w.org\/{rel}","templated":true}]}}