{"id":43225,"date":"2024-10-09T22:33:06","date_gmt":"2024-10-09T20:33:06","guid":{"rendered":"https:\/\/librairie7l.com\/?post_type=product&#038;p=43225"},"modified":"2026-04-08T23:55:44","modified_gmt":"2026-04-08T21:55:44","slug":"eloge-de-lombre-2","status":"publish","type":"product","link":"https:\/\/librairie7l.com\/en\/produit\/eloge-de-lombre-2\/","title":{"rendered":"\u00c9LOGE DE L&#8217;OMBRE"},"content":{"rendered":"<p>&#8220;Car un laque d\u00e9cor\u00e9 \u00e0 la poudre d&#8217;or n&#8217;est pas fait pour \u00eatre embrass\u00e9 d&#8217;un seul coup d&#8217;oeil dans un endroit illumin\u00e9, mais pour \u00eatre devin\u00e9 dans un lieu obscur, dans une lueur diffuse qui, par instants, en r\u00e9v\u00e8le l&#8217;un ou l&#8217;autre d\u00e9tail, de telle sorte que, la majeure partie de son d\u00e9cor somptueux constamment cach\u00e9 dans l&#8217;ombre, il suscite des r\u00e9sonances inexprimables.<br \/>\nDe plus, la brillance de sa surface \u00e9tincelante refl\u00e8te, quand il est plac\u00e9 dans un lieu obscur, l&#8217;agitation de la flamme du luminaire, d\u00e9celant ainsi le moindre courant d&#8217;air qui traverse de temps \u00e0 autre la pi\u00e8ce la plus calme, et discr\u00e8tement incite l&#8217;homme \u00e0 la r\u00eaverie. N&#8217;\u00e9taient les objets de laque dans l&#8217;espace ombreux, ce monde de r\u00eave \u00e0 l&#8217;incertaine clart\u00e9 que s\u00e9cr\u00e8tent chandelles ou lampes \u00e0 huile, ce battement du pouls de la nuit que sont les clignotements de la flamme, perdraient \u00e0 coup s\u00fbr une bonne part de leur fascination.<br \/>\nAinsi que de minces filets d&#8217;eau courant sur les nattes pour se rassembler en nappes stagnantes, les rayons de lumi\u00e8re sont capt\u00e9s, l&#8217;un ici, l&#8217;autre l\u00e0, puis se propagent t\u00e9nus, incertains et scintillants, tissant sur la trame de la nuit comme un damas fait de ces dessins \u00e0 la poudre d&#8217;or.&#8221; Publi\u00e9 pour la premi\u00e8re fois en 1978 dans l&#8217;admirable traduction de Ren\u00e9 Sieffert, ce livre culte est une r\u00e9flexion sur la conception japonaise du beau.<\/p>\n","protected":false},"excerpt":{"rendered":"<p>&#8220;Car un laque d\u00e9cor\u00e9 \u00e0 la poudre d&#8217;or n&#8217;est pas fait pour \u00eatre embrass\u00e9 d&#8217;un seul coup d&#8217;oeil dans un endroit illumin\u00e9, mais pour \u00eatre devin\u00e9 dans un lieu obscur, dans une lueur diffuse qui, par instants, en r\u00e9v\u00e8le l&#8217;un ou l&#8217;autre d\u00e9tail, de telle sorte que, la majeure partie de son d\u00e9cor somptueux constamment [&hellip;]<\/p>\n","protected":false},"featured_media":43223,"template":"","meta":[],"product_cat":[7364,2948],"product_tag":[],"acf":[],"yoast_head":"<!-- This site is optimized with the Yoast SEO plugin v20.11 - https:\/\/yoast.com\/wordpress\/plugins\/seo\/ -->\n<title>\u00e9loge de l&#039;ombre - Librairie 7L<\/title>\n<meta name=\"robots\" content=\"index, follow, max-snippet:-1, max-image-preview:large, max-video-preview:-1\" \/>\n<link rel=\"canonical\" href=\"https:\/\/librairie7l.com\/en\/produit\/eloge-de-lombre-2\/\" \/>\n<meta property=\"og:locale\" content=\"en_US\" \/>\n<meta property=\"og:type\" content=\"article\" \/>\n<meta property=\"og:title\" content=\"\u00e9loge de l&#039;ombre - Librairie 7L\" \/>\n<meta property=\"og:description\" content=\"&#8220;Car un laque d\u00e9cor\u00e9 \u00e0 la poudre d&#8217;or n&#8217;est pas fait pour \u00eatre embrass\u00e9 d&#8217;un seul coup d&#8217;oeil dans un endroit illumin\u00e9, mais pour \u00eatre devin\u00e9 dans un lieu obscur, dans une lueur diffuse qui, par instants, en r\u00e9v\u00e8le l&#8217;un ou l&#8217;autre d\u00e9tail, de telle sorte que, la majeure partie de son d\u00e9cor somptueux constamment [&hellip;]\" \/>\n<meta property=\"og:url\" content=\"https:\/\/librairie7l.com\/en\/produit\/eloge-de-lombre-2\/\" \/>\n<meta property=\"og:site_name\" content=\"Librairie 7L\" \/>\n<meta property=\"article:modified_time\" content=\"2026-04-08T21:55:44+00:00\" \/>\n<meta property=\"og:image\" content=\"https:\/\/librairie7l.com\/wp-content\/uploads\/2011\/02\/9782864326526_1_75.jpg\" \/>\n\t<meta property=\"og:image:width\" content=\"387\" \/>\n\t<meta property=\"og:image:height\" content=\"607\" \/>\n\t<meta property=\"og:image:type\" content=\"image\/jpeg\" \/>\n<meta name=\"twitter:card\" content=\"summary_large_image\" \/>\n<meta name=\"twitter:label1\" content=\"Est. reading time\" \/>\n\t<meta name=\"twitter:data1\" content=\"1 minute\" \/>\n<script type=\"application\/ld+json\" class=\"yoast-schema-graph\">{\"@context\":\"https:\/\/schema.org\",\"@graph\":[{\"@type\":\"WebPage\",\"@id\":\"https:\/\/librairie7l.com\/en\/produit\/eloge-de-lombre-2\/\",\"url\":\"https:\/\/librairie7l.com\/en\/produit\/eloge-de-lombre-2\/\",\"name\":\"\u00e9loge de l'ombre - Librairie 7L\",\"isPartOf\":{\"@id\":\"https:\/\/librairie7l.com\/en\/#website\"},\"datePublished\":\"2024-10-09T20:33:06+00:00\",\"dateModified\":\"2026-04-08T21:55:44+00:00\",\"breadcrumb\":{\"@id\":\"https:\/\/librairie7l.com\/en\/produit\/eloge-de-lombre-2\/#breadcrumb\"},\"inLanguage\":\"en-US\",\"potentialAction\":[{\"@type\":\"ReadAction\",\"target\":[\"https:\/\/librairie7l.com\/en\/produit\/eloge-de-lombre-2\/\"]}]},{\"@type\":\"BreadcrumbList\",\"@id\":\"https:\/\/librairie7l.com\/en\/produit\/eloge-de-lombre-2\/#breadcrumb\",\"itemListElement\":[{\"@type\":\"ListItem\",\"position\":1,\"name\":\"Accueil\",\"item\":\"https:\/\/librairie7l.com\/en\/\"},{\"@type\":\"ListItem\",\"position\":2,\"name\":\"Shop\",\"item\":\"https:\/\/librairie7l.com\/en\/shop\/\"},{\"@type\":\"ListItem\",\"position\":3,\"name\":\"\u00c9LOGE DE L&#8217;OMBRE\"}]},{\"@type\":\"WebSite\",\"@id\":\"https:\/\/librairie7l.com\/en\/#website\",\"url\":\"https:\/\/librairie7l.com\/en\/\",\"name\":\"Librairie 7L\",\"description\":\"Librairie fond\u00e9e en 1999 par Karl Lagerfeld \u00e0 Paris\",\"publisher\":{\"@id\":\"https:\/\/librairie7l.com\/en\/#organization\"},\"potentialAction\":[{\"@type\":\"SearchAction\",\"target\":{\"@type\":\"EntryPoint\",\"urlTemplate\":\"https:\/\/librairie7l.com\/en\/?s={search_term_string}\"},\"query-input\":\"required name=search_term_string\"}],\"inLanguage\":\"en-US\"},{\"@type\":\"Organization\",\"@id\":\"https:\/\/librairie7l.com\/en\/#organization\",\"name\":\"Librairie 7L\",\"url\":\"https:\/\/librairie7l.com\/en\/\",\"logo\":{\"@type\":\"ImageObject\",\"inLanguage\":\"en-US\",\"@id\":\"https:\/\/librairie7l.com\/en\/#\/schema\/logo\/image\/\",\"url\":\"https:\/\/librairie7l.com\/wp-content\/uploads\/2022\/08\/logo-1.png\",\"contentUrl\":\"https:\/\/librairie7l.com\/wp-content\/uploads\/2022\/08\/logo-1.png\",\"width\":227,\"height\":301,\"caption\":\"Librairie 7L\"},\"image\":{\"@id\":\"https:\/\/librairie7l.com\/en\/#\/schema\/logo\/image\/\"}}]}<\/script>\n<!-- \/ Yoast SEO plugin. -->","yoast_head_json":{"title":"\u00e9loge de l'ombre - Librairie 7L","robots":{"index":"index","follow":"follow","max-snippet":"max-snippet:-1","max-image-preview":"max-image-preview:large","max-video-preview":"max-video-preview:-1"},"canonical":"https:\/\/librairie7l.com\/en\/produit\/eloge-de-lombre-2\/","og_locale":"en_US","og_type":"article","og_title":"\u00e9loge de l'ombre - Librairie 7L","og_description":"&#8220;Car un laque d\u00e9cor\u00e9 \u00e0 la poudre d&#8217;or n&#8217;est pas fait pour \u00eatre embrass\u00e9 d&#8217;un seul coup d&#8217;oeil dans un endroit illumin\u00e9, mais pour \u00eatre devin\u00e9 dans un lieu obscur, dans une lueur diffuse qui, par instants, en r\u00e9v\u00e8le l&#8217;un ou l&#8217;autre d\u00e9tail, de telle sorte que, la majeure partie de son d\u00e9cor somptueux constamment [&hellip;]","og_url":"https:\/\/librairie7l.com\/en\/produit\/eloge-de-lombre-2\/","og_site_name":"Librairie 7L","article_modified_time":"2026-04-08T21:55:44+00:00","og_image":[{"width":387,"height":607,"url":"https:\/\/librairie7l.com\/wp-content\/uploads\/2011\/02\/9782864326526_1_75.jpg","type":"image\/jpeg"}],"twitter_card":"summary_large_image","twitter_misc":{"Est. reading time":"1 minute"},"schema":{"@context":"https:\/\/schema.org","@graph":[{"@type":"WebPage","@id":"https:\/\/librairie7l.com\/en\/produit\/eloge-de-lombre-2\/","url":"https:\/\/librairie7l.com\/en\/produit\/eloge-de-lombre-2\/","name":"\u00e9loge de l'ombre - Librairie 7L","isPartOf":{"@id":"https:\/\/librairie7l.com\/en\/#website"},"datePublished":"2024-10-09T20:33:06+00:00","dateModified":"2026-04-08T21:55:44+00:00","breadcrumb":{"@id":"https:\/\/librairie7l.com\/en\/produit\/eloge-de-lombre-2\/#breadcrumb"},"inLanguage":"en-US","potentialAction":[{"@type":"ReadAction","target":["https:\/\/librairie7l.com\/en\/produit\/eloge-de-lombre-2\/"]}]},{"@type":"BreadcrumbList","@id":"https:\/\/librairie7l.com\/en\/produit\/eloge-de-lombre-2\/#breadcrumb","itemListElement":[{"@type":"ListItem","position":1,"name":"Accueil","item":"https:\/\/librairie7l.com\/en\/"},{"@type":"ListItem","position":2,"name":"Shop","item":"https:\/\/librairie7l.com\/en\/shop\/"},{"@type":"ListItem","position":3,"name":"\u00c9LOGE DE L&#8217;OMBRE"}]},{"@type":"WebSite","@id":"https:\/\/librairie7l.com\/en\/#website","url":"https:\/\/librairie7l.com\/en\/","name":"Librairie 7L","description":"Librairie fond\u00e9e en 1999 par Karl Lagerfeld \u00e0 Paris","publisher":{"@id":"https:\/\/librairie7l.com\/en\/#organization"},"potentialAction":[{"@type":"SearchAction","target":{"@type":"EntryPoint","urlTemplate":"https:\/\/librairie7l.com\/en\/?s={search_term_string}"},"query-input":"required name=search_term_string"}],"inLanguage":"en-US"},{"@type":"Organization","@id":"https:\/\/librairie7l.com\/en\/#organization","name":"Librairie 7L","url":"https:\/\/librairie7l.com\/en\/","logo":{"@type":"ImageObject","inLanguage":"en-US","@id":"https:\/\/librairie7l.com\/en\/#\/schema\/logo\/image\/","url":"https:\/\/librairie7l.com\/wp-content\/uploads\/2022\/08\/logo-1.png","contentUrl":"https:\/\/librairie7l.com\/wp-content\/uploads\/2022\/08\/logo-1.png","width":227,"height":301,"caption":"Librairie 7L"},"image":{"@id":"https:\/\/librairie7l.com\/en\/#\/schema\/logo\/image\/"}}]}},"_links":{"self":[{"href":"https:\/\/librairie7l.com\/en\/wp-json\/wp\/v2\/product\/43225"}],"collection":[{"href":"https:\/\/librairie7l.com\/en\/wp-json\/wp\/v2\/product"}],"about":[{"href":"https:\/\/librairie7l.com\/en\/wp-json\/wp\/v2\/types\/product"}],"wp:featuredmedia":[{"embeddable":true,"href":"https:\/\/librairie7l.com\/en\/wp-json\/wp\/v2\/media\/43223"}],"wp:attachment":[{"href":"https:\/\/librairie7l.com\/en\/wp-json\/wp\/v2\/media?parent=43225"}],"wp:term":[{"taxonomy":"product_cat","embeddable":true,"href":"https:\/\/librairie7l.com\/en\/wp-json\/wp\/v2\/product_cat?post=43225"},{"taxonomy":"product_tag","embeddable":true,"href":"https:\/\/librairie7l.com\/en\/wp-json\/wp\/v2\/product_tag?post=43225"}],"curies":[{"name":"wp","href":"https:\/\/api.w.org\/{rel}","templated":true}]}}