{"id":43229,"date":"2024-10-09T22:53:19","date_gmt":"2024-10-09T20:53:19","guid":{"rendered":"https:\/\/librairie7l.com\/?post_type=product&#038;p=43229"},"modified":"2026-05-06T09:05:51","modified_gmt":"2026-05-06T07:05:51","slug":"lhistoire-de-chanel-une-maison-de-mode-mythique-2","status":"publish","type":"product","link":"https:\/\/librairie7l.com\/en\/produit\/lhistoire-de-chanel-une-maison-de-mode-mythique-2\/","title":{"rendered":"L&#8217;HISTOIRE DE CHANEL : UNE MAISON DE MODE MYTHIQUE"},"content":{"rendered":"<p>Un magnifique coffret, pour d\u00e9couvrir l&#8217;histoire de la mythique maison Chanel, en deux ouvrages.<br \/>\n&#8221; Que ma l\u00e9gende fasse son chemin, je lui souhaite une bonne et longue vie ! &#8220;.<\/p>\n<p>Des cr\u00e9ations embl\u00e9matiques comme la petite robe noire ou le tailleur en tweed rose de Jackie Kennedy, en passant par le parfum No 5 associ\u00e9 \u00e0 Marylin Monroe et le sac matelass\u00e9 2.55, jusqu&#8217;aux chaussures bicolores et aux colliers de perles factices, Gabrielle Chanel a laiss\u00e9 une empreinte ind\u00e9l\u00e9bile sur le XXe si\u00e8cle et a boulevers\u00e9 l&#8217;univers de la mode.<\/p>\n<p>Ce magnifique coffret (27,4 x 19 x 4,2 cm) regroupe deux livres au format 26 x 18 cm :<br \/>\nLittle Book of Chanel<br \/>\nLittle Book of Chanel by Lagerfeld<br \/>\nLe premier ouvrage pr\u00e9sente l&#8217;histoire de la mythique maison de mode, de sa cr\u00e9ation \u00e0 nos jours. Le second pr\u00e9sente la p\u00e9riode o\u00f9 Karl Lagerfeld contribua \u00e0 ancrer l&#8217;h\u00e9ritage stylistique de Coco Chanel dans notre \u00e9poque.<\/p>\n<p>Little Book of Chanel explore la vie et l&#8217;oeuvre de celle qui est consid\u00e9r\u00e9e comme la plus grande couturi\u00e8re de son temps. Le livre retrace son chemin vers le succ\u00e8s, depuis ses d\u00e9buts avec des boutiques \u00e0 Deauville et Biarritz, jusqu&#8217;\u00e0 l&#8217;\u00e9mergence mondiale de la marque Chanel, devenue un symbole du luxe et de la beaut\u00e9.<br \/>\nEn se plongeant dans la vie de Coco Chanel, qui incarne \u00e9ternellement l&#8217;esprit de la maison, ce livre offre un voyage \u00e0 travers un si\u00e8cle de mode et donne un aper\u00e7u d&#8217;une maison de couture devenue l\u00e9gendaire.<\/p>\n<p>Le nom Chanel est indissociable de deux figures l\u00e9gendaires : Gabrielle Chanel, puis Karl Lagerfeld. Chanel, c&#8217;est aussi l&#8217;oeuvre de Lagerfeld !<br \/>\nCependant, le talentueux couturier ne s&#8217;est pas simplement content\u00e9 de pr\u00e9server l&#8217;h\u00e9ritage de Coco ; il l&#8217;a compl\u00e8tement r\u00e9invent\u00e9. Les \u00e9l\u00e9ments caract\u00e9ristiques de la maison &#8211; la petite robe noire, le tailleur en tweed, les bijoux fantaisie, les parfums &#8211; ont \u00e9t\u00e9 ing\u00e9nieusement modernis\u00e9s pour la femme d&#8217;aujourd&#8217;hui. Parall\u00e8lement, les accessoires portant le c\u00e9l\u00e8bre logo &#8220;double C&#8221;, imm\u00e9diatement reconnaissable, sont devenus des symboles universels d&#8217;une \u00e9l\u00e9gance sophistiqu\u00e9e et audacieuse.<br \/>\nLittle Book of Chanel by Lagerfeld est un magnifique guide illustr\u00e9 des trente-cinq ann\u00e9es pendant lesquelles le styliste allemand a dirig\u00e9 la maison fran\u00e7aise, de ses cr\u00e9ations de haute couture luxueuses et raffin\u00e9es aux d\u00e9fil\u00e9s spectaculaires et audacieux qui ont fait de Chanel la marque la plus prestigieuse au monde.<\/p>\n","protected":false},"excerpt":{"rendered":"<p>Un magnifique coffret, pour d\u00e9couvrir l&#8217;histoire de la mythique maison Chanel, en deux ouvrages. &#8221; Que ma l\u00e9gende fasse son chemin, je lui souhaite une bonne et longue vie ! &#8220;. Des cr\u00e9ations embl\u00e9matiques comme la petite robe noire ou le tailleur en tweed rose de Jackie Kennedy, en passant par le parfum No 5 [&hellip;]<\/p>\n","protected":false},"featured_media":43227,"template":"","meta":[],"product_cat":[7364,2948],"product_tag":[],"acf":[],"yoast_head":"<!-- This site is optimized with the Yoast SEO plugin v20.11 - https:\/\/yoast.com\/wordpress\/plugins\/seo\/ -->\n<title>L&#039;histoire de Chanel : Une maison de mode mythique - Librairie 7L<\/title>\n<meta name=\"robots\" content=\"index, follow, max-snippet:-1, max-image-preview:large, max-video-preview:-1\" \/>\n<link rel=\"canonical\" href=\"https:\/\/librairie7l.com\/en\/produit\/lhistoire-de-chanel-une-maison-de-mode-mythique-2\/\" \/>\n<meta property=\"og:locale\" content=\"en_US\" \/>\n<meta property=\"og:type\" content=\"article\" \/>\n<meta property=\"og:title\" content=\"L&#039;histoire de Chanel : Une maison de mode mythique - Librairie 7L\" \/>\n<meta property=\"og:description\" content=\"Un magnifique coffret, pour d\u00e9couvrir l&#8217;histoire de la mythique maison Chanel, en deux ouvrages. &#8221; Que ma l\u00e9gende fasse son chemin, je lui souhaite une bonne et longue vie ! &#8220;. Des cr\u00e9ations embl\u00e9matiques comme la petite robe noire ou le tailleur en tweed rose de Jackie Kennedy, en passant par le parfum No 5 [&hellip;]\" \/>\n<meta property=\"og:url\" content=\"https:\/\/librairie7l.com\/en\/produit\/lhistoire-de-chanel-une-maison-de-mode-mythique-2\/\" \/>\n<meta property=\"og:site_name\" content=\"Librairie 7L\" \/>\n<meta property=\"article:modified_time\" content=\"2026-05-06T07:05:51+00:00\" \/>\n<meta property=\"og:image\" content=\"https:\/\/librairie7l.com\/wp-content\/uploads\/2024\/06\/9782809920710_1_75.jpg\" \/>\n\t<meta property=\"og:image:width\" content=\"600\" \/>\n\t<meta property=\"og:image:height\" content=\"1127\" \/>\n\t<meta property=\"og:image:type\" content=\"image\/jpeg\" \/>\n<meta name=\"twitter:card\" content=\"summary_large_image\" \/>\n<meta name=\"twitter:label1\" content=\"Est. reading time\" \/>\n\t<meta name=\"twitter:data1\" content=\"2 minutes\" \/>\n<script type=\"application\/ld+json\" class=\"yoast-schema-graph\">{\"@context\":\"https:\/\/schema.org\",\"@graph\":[{\"@type\":\"WebPage\",\"@id\":\"https:\/\/librairie7l.com\/en\/produit\/lhistoire-de-chanel-une-maison-de-mode-mythique-2\/\",\"url\":\"https:\/\/librairie7l.com\/en\/produit\/lhistoire-de-chanel-une-maison-de-mode-mythique-2\/\",\"name\":\"L'histoire de Chanel : Une maison de mode mythique - Librairie 7L\",\"isPartOf\":{\"@id\":\"https:\/\/librairie7l.com\/en\/#website\"},\"datePublished\":\"2024-10-09T20:53:19+00:00\",\"dateModified\":\"2026-05-06T07:05:51+00:00\",\"breadcrumb\":{\"@id\":\"https:\/\/librairie7l.com\/en\/produit\/lhistoire-de-chanel-une-maison-de-mode-mythique-2\/#breadcrumb\"},\"inLanguage\":\"en-US\",\"potentialAction\":[{\"@type\":\"ReadAction\",\"target\":[\"https:\/\/librairie7l.com\/en\/produit\/lhistoire-de-chanel-une-maison-de-mode-mythique-2\/\"]}]},{\"@type\":\"BreadcrumbList\",\"@id\":\"https:\/\/librairie7l.com\/en\/produit\/lhistoire-de-chanel-une-maison-de-mode-mythique-2\/#breadcrumb\",\"itemListElement\":[{\"@type\":\"ListItem\",\"position\":1,\"name\":\"Accueil\",\"item\":\"https:\/\/librairie7l.com\/en\/\"},{\"@type\":\"ListItem\",\"position\":2,\"name\":\"Shop\",\"item\":\"https:\/\/librairie7l.com\/en\/shop\/\"},{\"@type\":\"ListItem\",\"position\":3,\"name\":\"L&#8217;HISTOIRE DE CHANEL : UNE MAISON DE MODE MYTHIQUE\"}]},{\"@type\":\"WebSite\",\"@id\":\"https:\/\/librairie7l.com\/en\/#website\",\"url\":\"https:\/\/librairie7l.com\/en\/\",\"name\":\"Librairie 7L\",\"description\":\"Librairie fond\u00e9e en 1999 par Karl Lagerfeld \u00e0 Paris\",\"publisher\":{\"@id\":\"https:\/\/librairie7l.com\/en\/#organization\"},\"potentialAction\":[{\"@type\":\"SearchAction\",\"target\":{\"@type\":\"EntryPoint\",\"urlTemplate\":\"https:\/\/librairie7l.com\/en\/?s={search_term_string}\"},\"query-input\":\"required name=search_term_string\"}],\"inLanguage\":\"en-US\"},{\"@type\":\"Organization\",\"@id\":\"https:\/\/librairie7l.com\/en\/#organization\",\"name\":\"Librairie 7L\",\"url\":\"https:\/\/librairie7l.com\/en\/\",\"logo\":{\"@type\":\"ImageObject\",\"inLanguage\":\"en-US\",\"@id\":\"https:\/\/librairie7l.com\/en\/#\/schema\/logo\/image\/\",\"url\":\"https:\/\/librairie7l.com\/wp-content\/uploads\/2022\/08\/logo-1.png\",\"contentUrl\":\"https:\/\/librairie7l.com\/wp-content\/uploads\/2022\/08\/logo-1.png\",\"width\":227,\"height\":301,\"caption\":\"Librairie 7L\"},\"image\":{\"@id\":\"https:\/\/librairie7l.com\/en\/#\/schema\/logo\/image\/\"}}]}<\/script>\n<!-- \/ Yoast SEO plugin. -->","yoast_head_json":{"title":"L'histoire de Chanel : Une maison de mode mythique - Librairie 7L","robots":{"index":"index","follow":"follow","max-snippet":"max-snippet:-1","max-image-preview":"max-image-preview:large","max-video-preview":"max-video-preview:-1"},"canonical":"https:\/\/librairie7l.com\/en\/produit\/lhistoire-de-chanel-une-maison-de-mode-mythique-2\/","og_locale":"en_US","og_type":"article","og_title":"L'histoire de Chanel : Une maison de mode mythique - Librairie 7L","og_description":"Un magnifique coffret, pour d\u00e9couvrir l&#8217;histoire de la mythique maison Chanel, en deux ouvrages. &#8221; Que ma l\u00e9gende fasse son chemin, je lui souhaite une bonne et longue vie ! &#8220;. Des cr\u00e9ations embl\u00e9matiques comme la petite robe noire ou le tailleur en tweed rose de Jackie Kennedy, en passant par le parfum No 5 [&hellip;]","og_url":"https:\/\/librairie7l.com\/en\/produit\/lhistoire-de-chanel-une-maison-de-mode-mythique-2\/","og_site_name":"Librairie 7L","article_modified_time":"2026-05-06T07:05:51+00:00","og_image":[{"width":600,"height":1127,"url":"https:\/\/librairie7l.com\/wp-content\/uploads\/2024\/06\/9782809920710_1_75.jpg","type":"image\/jpeg"}],"twitter_card":"summary_large_image","twitter_misc":{"Est. reading time":"2 minutes"},"schema":{"@context":"https:\/\/schema.org","@graph":[{"@type":"WebPage","@id":"https:\/\/librairie7l.com\/en\/produit\/lhistoire-de-chanel-une-maison-de-mode-mythique-2\/","url":"https:\/\/librairie7l.com\/en\/produit\/lhistoire-de-chanel-une-maison-de-mode-mythique-2\/","name":"L'histoire de Chanel : Une maison de mode mythique - Librairie 7L","isPartOf":{"@id":"https:\/\/librairie7l.com\/en\/#website"},"datePublished":"2024-10-09T20:53:19+00:00","dateModified":"2026-05-06T07:05:51+00:00","breadcrumb":{"@id":"https:\/\/librairie7l.com\/en\/produit\/lhistoire-de-chanel-une-maison-de-mode-mythique-2\/#breadcrumb"},"inLanguage":"en-US","potentialAction":[{"@type":"ReadAction","target":["https:\/\/librairie7l.com\/en\/produit\/lhistoire-de-chanel-une-maison-de-mode-mythique-2\/"]}]},{"@type":"BreadcrumbList","@id":"https:\/\/librairie7l.com\/en\/produit\/lhistoire-de-chanel-une-maison-de-mode-mythique-2\/#breadcrumb","itemListElement":[{"@type":"ListItem","position":1,"name":"Accueil","item":"https:\/\/librairie7l.com\/en\/"},{"@type":"ListItem","position":2,"name":"Shop","item":"https:\/\/librairie7l.com\/en\/shop\/"},{"@type":"ListItem","position":3,"name":"L&#8217;HISTOIRE DE CHANEL : UNE MAISON DE MODE MYTHIQUE"}]},{"@type":"WebSite","@id":"https:\/\/librairie7l.com\/en\/#website","url":"https:\/\/librairie7l.com\/en\/","name":"Librairie 7L","description":"Librairie fond\u00e9e en 1999 par Karl Lagerfeld \u00e0 Paris","publisher":{"@id":"https:\/\/librairie7l.com\/en\/#organization"},"potentialAction":[{"@type":"SearchAction","target":{"@type":"EntryPoint","urlTemplate":"https:\/\/librairie7l.com\/en\/?s={search_term_string}"},"query-input":"required name=search_term_string"}],"inLanguage":"en-US"},{"@type":"Organization","@id":"https:\/\/librairie7l.com\/en\/#organization","name":"Librairie 7L","url":"https:\/\/librairie7l.com\/en\/","logo":{"@type":"ImageObject","inLanguage":"en-US","@id":"https:\/\/librairie7l.com\/en\/#\/schema\/logo\/image\/","url":"https:\/\/librairie7l.com\/wp-content\/uploads\/2022\/08\/logo-1.png","contentUrl":"https:\/\/librairie7l.com\/wp-content\/uploads\/2022\/08\/logo-1.png","width":227,"height":301,"caption":"Librairie 7L"},"image":{"@id":"https:\/\/librairie7l.com\/en\/#\/schema\/logo\/image\/"}}]}},"_links":{"self":[{"href":"https:\/\/librairie7l.com\/en\/wp-json\/wp\/v2\/product\/43229"}],"collection":[{"href":"https:\/\/librairie7l.com\/en\/wp-json\/wp\/v2\/product"}],"about":[{"href":"https:\/\/librairie7l.com\/en\/wp-json\/wp\/v2\/types\/product"}],"wp:featuredmedia":[{"embeddable":true,"href":"https:\/\/librairie7l.com\/en\/wp-json\/wp\/v2\/media\/43227"}],"wp:attachment":[{"href":"https:\/\/librairie7l.com\/en\/wp-json\/wp\/v2\/media?parent=43229"}],"wp:term":[{"taxonomy":"product_cat","embeddable":true,"href":"https:\/\/librairie7l.com\/en\/wp-json\/wp\/v2\/product_cat?post=43229"},{"taxonomy":"product_tag","embeddable":true,"href":"https:\/\/librairie7l.com\/en\/wp-json\/wp\/v2\/product_tag?post=43229"}],"curies":[{"name":"wp","href":"https:\/\/api.w.org\/{rel}","templated":true}]}}