{"id":43243,"date":"2024-10-10T09:17:30","date_gmt":"2024-10-10T07:17:30","guid":{"rendered":"https:\/\/librairie7l.com\/?post_type=product&#038;p=43243"},"modified":"2026-04-16T02:06:27","modified_gmt":"2026-04-16T00:06:27","slug":"saint-germain-des-pres-100-photos-de-legende-2","status":"publish","type":"product","link":"https:\/\/librairie7l.com\/en\/produit\/saint-germain-des-pres-100-photos-de-legende-2\/","title":{"rendered":"SAINT-GERMAIN-DES-PR\u00c9S : 100 PHOTOS DE L\u00c9GENDE"},"content":{"rendered":"<p>QUELQUES NOTES DE JAZZ ET TANT DE SOUVENIRS&#8230;<\/p>\n<p>La l\u00e9gende de Saint-Germain-des-Pr\u00e9s commence \u00e0 s&#8217;\u00e9crire en 1940 quand Sartre et Beauvoir prennent leurs quartiers au Flore ; l&#8217;\u00e9tablissement dispose en effet d&#8217;un po\u00eale en \u00e9tat de marche, avantage inappr\u00e9ciable par temps d&#8217;occupation et de restrictions.<br \/>\nElle s&#8217;\u00e9panouit \u00e0 la Lib\u00e9ration, port\u00e9e par une jeunesse turbulente qui a envie de s&#8217;amuser. La boh\u00e8me de Saint-Germain des Pr\u00e9s passe sa vie au caf\u00e9 et ses nuits au Tabou, la cave mythique d&#8217;un modeste bistrot de la rue Dauphine, habite \u00e0 l&#8217;h\u00f4tel et vit de l&#8217;air du temps. L&#8217;aventure ne dure que quelques ann\u00e9es mais son \u00e9cho fait le tour du monde. Il en flotte encore le parfum d&#8217;insouciance et de libert\u00e9 dans l&#8217;album de famille du quartier r\u00e9alis\u00e9 par les plus grands photographes.<\/p>\n<p>The legend of Saint-Germain-des-Pr\u00e9s was created in 1940 by Sartre and Beauvoir themselves, when war-time restrictions made it difficult to keep warm. Not far from their usual haunts, however, the Caf\u00e9 de Flore had a working stove, an invaluable asset that prompted the two philosophers to set up their headquarters there.<br \/>\nThe bohemian folk of Saint-Germain-des-Pr\u00e9s spent their days at the caf\u00e9 and their nights at Le Tabou, the iconic basement of a modest bistro on Rue Dauphine. The adventure only lasted a few years but its echo traveled around the world. The scent of frivolity and freedom still linger in this neighborhood&#8217;s family album shot by the greatest photographers.<\/p>\n","protected":false},"excerpt":{"rendered":"<p>QUELQUES NOTES DE JAZZ ET TANT DE SOUVENIRS&#8230; La l\u00e9gende de Saint-Germain-des-Pr\u00e9s commence \u00e0 s&#8217;\u00e9crire en 1940 quand Sartre et Beauvoir prennent leurs quartiers au Flore ; l&#8217;\u00e9tablissement dispose en effet d&#8217;un po\u00eale en \u00e9tat de marche, avantage inappr\u00e9ciable par temps d&#8217;occupation et de restrictions. Elle s&#8217;\u00e9panouit \u00e0 la Lib\u00e9ration, port\u00e9e par une jeunesse turbulente [&hellip;]<\/p>\n","protected":false},"featured_media":43241,"template":"","meta":[],"product_cat":[2948],"product_tag":[],"acf":[],"yoast_head":"<!-- This site is optimized with the Yoast SEO plugin v20.11 - https:\/\/yoast.com\/wordpress\/plugins\/seo\/ -->\n<title>Saint-Germain-des-Pr\u00e9s : 100 photos de l\u00e9gende - Librairie 7L<\/title>\n<meta name=\"robots\" content=\"index, follow, max-snippet:-1, max-image-preview:large, max-video-preview:-1\" \/>\n<link rel=\"canonical\" href=\"https:\/\/librairie7l.com\/en\/produit\/saint-germain-des-pres-100-photos-de-legende-2\/\" \/>\n<meta property=\"og:locale\" content=\"en_US\" \/>\n<meta property=\"og:type\" content=\"article\" \/>\n<meta property=\"og:title\" content=\"Saint-Germain-des-Pr\u00e9s : 100 photos de l\u00e9gende - Librairie 7L\" \/>\n<meta property=\"og:description\" content=\"QUELQUES NOTES DE JAZZ ET TANT DE SOUVENIRS&#8230; La l\u00e9gende de Saint-Germain-des-Pr\u00e9s commence \u00e0 s&#8217;\u00e9crire en 1940 quand Sartre et Beauvoir prennent leurs quartiers au Flore ; l&#8217;\u00e9tablissement dispose en effet d&#8217;un po\u00eale en \u00e9tat de marche, avantage inappr\u00e9ciable par temps d&#8217;occupation et de restrictions. Elle s&#8217;\u00e9panouit \u00e0 la Lib\u00e9ration, port\u00e9e par une jeunesse turbulente [&hellip;]\" \/>\n<meta property=\"og:url\" content=\"https:\/\/librairie7l.com\/en\/produit\/saint-germain-des-pres-100-photos-de-legende-2\/\" \/>\n<meta property=\"og:site_name\" content=\"Librairie 7L\" \/>\n<meta property=\"article:modified_time\" content=\"2026-04-16T00:06:27+00:00\" \/>\n<meta property=\"og:image\" content=\"https:\/\/librairie7l.com\/wp-content\/uploads\/2024\/06\/9782373952452_1_75.jpg\" \/>\n\t<meta property=\"og:image:width\" content=\"400\" \/>\n\t<meta property=\"og:image:height\" content=\"557\" \/>\n\t<meta property=\"og:image:type\" content=\"image\/jpeg\" \/>\n<meta name=\"twitter:card\" content=\"summary_large_image\" \/>\n<meta name=\"twitter:label1\" content=\"Est. reading time\" \/>\n\t<meta name=\"twitter:data1\" content=\"1 minute\" \/>\n<script type=\"application\/ld+json\" class=\"yoast-schema-graph\">{\"@context\":\"https:\/\/schema.org\",\"@graph\":[{\"@type\":\"WebPage\",\"@id\":\"https:\/\/librairie7l.com\/en\/produit\/saint-germain-des-pres-100-photos-de-legende-2\/\",\"url\":\"https:\/\/librairie7l.com\/en\/produit\/saint-germain-des-pres-100-photos-de-legende-2\/\",\"name\":\"Saint-Germain-des-Pr\u00e9s : 100 photos de l\u00e9gende - Librairie 7L\",\"isPartOf\":{\"@id\":\"https:\/\/librairie7l.com\/en\/#website\"},\"datePublished\":\"2024-10-10T07:17:30+00:00\",\"dateModified\":\"2026-04-16T00:06:27+00:00\",\"breadcrumb\":{\"@id\":\"https:\/\/librairie7l.com\/en\/produit\/saint-germain-des-pres-100-photos-de-legende-2\/#breadcrumb\"},\"inLanguage\":\"en-US\",\"potentialAction\":[{\"@type\":\"ReadAction\",\"target\":[\"https:\/\/librairie7l.com\/en\/produit\/saint-germain-des-pres-100-photos-de-legende-2\/\"]}]},{\"@type\":\"BreadcrumbList\",\"@id\":\"https:\/\/librairie7l.com\/en\/produit\/saint-germain-des-pres-100-photos-de-legende-2\/#breadcrumb\",\"itemListElement\":[{\"@type\":\"ListItem\",\"position\":1,\"name\":\"Accueil\",\"item\":\"https:\/\/librairie7l.com\/en\/\"},{\"@type\":\"ListItem\",\"position\":2,\"name\":\"Shop\",\"item\":\"https:\/\/librairie7l.com\/en\/shop\/\"},{\"@type\":\"ListItem\",\"position\":3,\"name\":\"SAINT-GERMAIN-DES-PR\u00c9S : 100 PHOTOS DE L\u00c9GENDE\"}]},{\"@type\":\"WebSite\",\"@id\":\"https:\/\/librairie7l.com\/en\/#website\",\"url\":\"https:\/\/librairie7l.com\/en\/\",\"name\":\"Librairie 7L\",\"description\":\"Librairie fond\u00e9e en 1999 par Karl Lagerfeld \u00e0 Paris\",\"publisher\":{\"@id\":\"https:\/\/librairie7l.com\/en\/#organization\"},\"potentialAction\":[{\"@type\":\"SearchAction\",\"target\":{\"@type\":\"EntryPoint\",\"urlTemplate\":\"https:\/\/librairie7l.com\/en\/?s={search_term_string}\"},\"query-input\":\"required name=search_term_string\"}],\"inLanguage\":\"en-US\"},{\"@type\":\"Organization\",\"@id\":\"https:\/\/librairie7l.com\/en\/#organization\",\"name\":\"Librairie 7L\",\"url\":\"https:\/\/librairie7l.com\/en\/\",\"logo\":{\"@type\":\"ImageObject\",\"inLanguage\":\"en-US\",\"@id\":\"https:\/\/librairie7l.com\/en\/#\/schema\/logo\/image\/\",\"url\":\"https:\/\/librairie7l.com\/wp-content\/uploads\/2022\/08\/logo-1.png\",\"contentUrl\":\"https:\/\/librairie7l.com\/wp-content\/uploads\/2022\/08\/logo-1.png\",\"width\":227,\"height\":301,\"caption\":\"Librairie 7L\"},\"image\":{\"@id\":\"https:\/\/librairie7l.com\/en\/#\/schema\/logo\/image\/\"}}]}<\/script>\n<!-- \/ Yoast SEO plugin. -->","yoast_head_json":{"title":"Saint-Germain-des-Pr\u00e9s : 100 photos de l\u00e9gende - Librairie 7L","robots":{"index":"index","follow":"follow","max-snippet":"max-snippet:-1","max-image-preview":"max-image-preview:large","max-video-preview":"max-video-preview:-1"},"canonical":"https:\/\/librairie7l.com\/en\/produit\/saint-germain-des-pres-100-photos-de-legende-2\/","og_locale":"en_US","og_type":"article","og_title":"Saint-Germain-des-Pr\u00e9s : 100 photos de l\u00e9gende - Librairie 7L","og_description":"QUELQUES NOTES DE JAZZ ET TANT DE SOUVENIRS&#8230; La l\u00e9gende de Saint-Germain-des-Pr\u00e9s commence \u00e0 s&#8217;\u00e9crire en 1940 quand Sartre et Beauvoir prennent leurs quartiers au Flore ; l&#8217;\u00e9tablissement dispose en effet d&#8217;un po\u00eale en \u00e9tat de marche, avantage inappr\u00e9ciable par temps d&#8217;occupation et de restrictions. Elle s&#8217;\u00e9panouit \u00e0 la Lib\u00e9ration, port\u00e9e par une jeunesse turbulente [&hellip;]","og_url":"https:\/\/librairie7l.com\/en\/produit\/saint-germain-des-pres-100-photos-de-legende-2\/","og_site_name":"Librairie 7L","article_modified_time":"2026-04-16T00:06:27+00:00","og_image":[{"width":400,"height":557,"url":"https:\/\/librairie7l.com\/wp-content\/uploads\/2024\/06\/9782373952452_1_75.jpg","type":"image\/jpeg"}],"twitter_card":"summary_large_image","twitter_misc":{"Est. reading time":"1 minute"},"schema":{"@context":"https:\/\/schema.org","@graph":[{"@type":"WebPage","@id":"https:\/\/librairie7l.com\/en\/produit\/saint-germain-des-pres-100-photos-de-legende-2\/","url":"https:\/\/librairie7l.com\/en\/produit\/saint-germain-des-pres-100-photos-de-legende-2\/","name":"Saint-Germain-des-Pr\u00e9s : 100 photos de l\u00e9gende - Librairie 7L","isPartOf":{"@id":"https:\/\/librairie7l.com\/en\/#website"},"datePublished":"2024-10-10T07:17:30+00:00","dateModified":"2026-04-16T00:06:27+00:00","breadcrumb":{"@id":"https:\/\/librairie7l.com\/en\/produit\/saint-germain-des-pres-100-photos-de-legende-2\/#breadcrumb"},"inLanguage":"en-US","potentialAction":[{"@type":"ReadAction","target":["https:\/\/librairie7l.com\/en\/produit\/saint-germain-des-pres-100-photos-de-legende-2\/"]}]},{"@type":"BreadcrumbList","@id":"https:\/\/librairie7l.com\/en\/produit\/saint-germain-des-pres-100-photos-de-legende-2\/#breadcrumb","itemListElement":[{"@type":"ListItem","position":1,"name":"Accueil","item":"https:\/\/librairie7l.com\/en\/"},{"@type":"ListItem","position":2,"name":"Shop","item":"https:\/\/librairie7l.com\/en\/shop\/"},{"@type":"ListItem","position":3,"name":"SAINT-GERMAIN-DES-PR\u00c9S : 100 PHOTOS DE L\u00c9GENDE"}]},{"@type":"WebSite","@id":"https:\/\/librairie7l.com\/en\/#website","url":"https:\/\/librairie7l.com\/en\/","name":"Librairie 7L","description":"Librairie fond\u00e9e en 1999 par Karl Lagerfeld \u00e0 Paris","publisher":{"@id":"https:\/\/librairie7l.com\/en\/#organization"},"potentialAction":[{"@type":"SearchAction","target":{"@type":"EntryPoint","urlTemplate":"https:\/\/librairie7l.com\/en\/?s={search_term_string}"},"query-input":"required name=search_term_string"}],"inLanguage":"en-US"},{"@type":"Organization","@id":"https:\/\/librairie7l.com\/en\/#organization","name":"Librairie 7L","url":"https:\/\/librairie7l.com\/en\/","logo":{"@type":"ImageObject","inLanguage":"en-US","@id":"https:\/\/librairie7l.com\/en\/#\/schema\/logo\/image\/","url":"https:\/\/librairie7l.com\/wp-content\/uploads\/2022\/08\/logo-1.png","contentUrl":"https:\/\/librairie7l.com\/wp-content\/uploads\/2022\/08\/logo-1.png","width":227,"height":301,"caption":"Librairie 7L"},"image":{"@id":"https:\/\/librairie7l.com\/en\/#\/schema\/logo\/image\/"}}]}},"_links":{"self":[{"href":"https:\/\/librairie7l.com\/en\/wp-json\/wp\/v2\/product\/43243"}],"collection":[{"href":"https:\/\/librairie7l.com\/en\/wp-json\/wp\/v2\/product"}],"about":[{"href":"https:\/\/librairie7l.com\/en\/wp-json\/wp\/v2\/types\/product"}],"wp:featuredmedia":[{"embeddable":true,"href":"https:\/\/librairie7l.com\/en\/wp-json\/wp\/v2\/media\/43241"}],"wp:attachment":[{"href":"https:\/\/librairie7l.com\/en\/wp-json\/wp\/v2\/media?parent=43243"}],"wp:term":[{"taxonomy":"product_cat","embeddable":true,"href":"https:\/\/librairie7l.com\/en\/wp-json\/wp\/v2\/product_cat?post=43243"},{"taxonomy":"product_tag","embeddable":true,"href":"https:\/\/librairie7l.com\/en\/wp-json\/wp\/v2\/product_tag?post=43243"}],"curies":[{"name":"wp","href":"https:\/\/api.w.org\/{rel}","templated":true}]}}