{"id":43259,"date":"2024-10-10T09:17:43","date_gmt":"2024-10-10T07:17:43","guid":{"rendered":"https:\/\/librairie7l.com\/?post_type=product&#038;p=43259"},"modified":"2026-04-04T17:33:49","modified_gmt":"2026-04-04T15:33:49","slug":"maisons-de-pierre-une-architecture-minerale-2","status":"publish","type":"product","link":"https:\/\/librairie7l.com\/en\/produit\/maisons-de-pierre-une-architecture-minerale-2\/","title":{"rendered":"MAISONS DE PIERRE : UNE ARCHITECTURE MIN\u00c9RALE"},"content":{"rendered":"<p>Cinquante maisons spectaculaires qui illustrent la beaut\u00e9 et la polyvalence de la pierre.<br \/>\nUne collection vari\u00e9e de maisons en pierre innovantes et qui utilisent tout le potentiel de ce mat\u00e9riau traditionnel.<\/p>\n<p>Une s\u00e9lection d&#8217;extraordinaires propri\u00e9t\u00e9s en pierre con\u00e7ues par les plus grands architectes du monde.<br \/>\nD\u00e9couvrez un palais maltais m\u00e9ticuleusement restaur\u00e9, une b\u00e2tisse nich\u00e9e entre des rochers au Portugal, un cottage isol\u00e9 en \u00c9cosse ou une maison sculpt\u00e9e dans un affleurement rocheux aux \u00c9tats-Unis.<br \/>\nLes superbes photographies de l&#8217;int\u00e9rieur et de l&#8217;ext\u00e9rieur de chaque maison mettent en avant les qualit\u00e9s uniques que la pierre apporte \u00e0 l&#8217;architecture r\u00e9sidentielle.<\/p>\n","protected":false},"excerpt":{"rendered":"<p>Cinquante maisons spectaculaires qui illustrent la beaut\u00e9 et la polyvalence de la pierre. Une collection vari\u00e9e de maisons en pierre innovantes et qui utilisent tout le potentiel de ce mat\u00e9riau traditionnel. Une s\u00e9lection d&#8217;extraordinaires propri\u00e9t\u00e9s en pierre con\u00e7ues par les plus grands architectes du monde. D\u00e9couvrez un palais maltais m\u00e9ticuleusement restaur\u00e9, une b\u00e2tisse nich\u00e9e entre [&hellip;]<\/p>\n","protected":false},"featured_media":43257,"template":"","meta":[],"product_cat":[2948],"product_tag":[],"acf":[],"yoast_head":"<!-- This site is optimized with the Yoast SEO plugin v20.11 - https:\/\/yoast.com\/wordpress\/plugins\/seo\/ -->\n<title>Maisons de Pierre : Une architecture min\u00e9rale - Librairie 7L<\/title>\n<meta name=\"robots\" content=\"index, follow, max-snippet:-1, max-image-preview:large, max-video-preview:-1\" \/>\n<link rel=\"canonical\" href=\"https:\/\/librairie7l.com\/en\/produit\/maisons-de-pierre-une-architecture-minerale-2\/\" \/>\n<meta property=\"og:locale\" content=\"en_US\" \/>\n<meta property=\"og:type\" content=\"article\" \/>\n<meta property=\"og:title\" content=\"Maisons de Pierre : Une architecture min\u00e9rale - Librairie 7L\" \/>\n<meta property=\"og:description\" content=\"Cinquante maisons spectaculaires qui illustrent la beaut\u00e9 et la polyvalence de la pierre. Une collection vari\u00e9e de maisons en pierre innovantes et qui utilisent tout le potentiel de ce mat\u00e9riau traditionnel. Une s\u00e9lection d&#8217;extraordinaires propri\u00e9t\u00e9s en pierre con\u00e7ues par les plus grands architectes du monde. D\u00e9couvrez un palais maltais m\u00e9ticuleusement restaur\u00e9, une b\u00e2tisse nich\u00e9e entre [&hellip;]\" \/>\n<meta property=\"og:url\" content=\"https:\/\/librairie7l.com\/en\/produit\/maisons-de-pierre-une-architecture-minerale-2\/\" \/>\n<meta property=\"og:site_name\" content=\"Librairie 7L\" \/>\n<meta property=\"article:modified_time\" content=\"2026-04-04T15:33:49+00:00\" \/>\n<meta property=\"og:image\" content=\"https:\/\/librairie7l.com\/wp-content\/uploads\/2024\/04\/9781838668983_1_75.jpg\" \/>\n\t<meta property=\"og:image:width\" content=\"600\" \/>\n\t<meta property=\"og:image:height\" content=\"800\" \/>\n\t<meta property=\"og:image:type\" content=\"image\/jpeg\" \/>\n<meta name=\"twitter:card\" content=\"summary_large_image\" \/>\n<meta name=\"twitter:label1\" content=\"Est. reading time\" \/>\n\t<meta name=\"twitter:data1\" content=\"1 minute\" \/>\n<script type=\"application\/ld+json\" class=\"yoast-schema-graph\">{\"@context\":\"https:\/\/schema.org\",\"@graph\":[{\"@type\":\"WebPage\",\"@id\":\"https:\/\/librairie7l.com\/en\/produit\/maisons-de-pierre-une-architecture-minerale-2\/\",\"url\":\"https:\/\/librairie7l.com\/en\/produit\/maisons-de-pierre-une-architecture-minerale-2\/\",\"name\":\"Maisons de Pierre : Une architecture min\u00e9rale - Librairie 7L\",\"isPartOf\":{\"@id\":\"https:\/\/librairie7l.com\/en\/#website\"},\"datePublished\":\"2024-10-10T07:17:43+00:00\",\"dateModified\":\"2026-04-04T15:33:49+00:00\",\"breadcrumb\":{\"@id\":\"https:\/\/librairie7l.com\/en\/produit\/maisons-de-pierre-une-architecture-minerale-2\/#breadcrumb\"},\"inLanguage\":\"en-US\",\"potentialAction\":[{\"@type\":\"ReadAction\",\"target\":[\"https:\/\/librairie7l.com\/en\/produit\/maisons-de-pierre-une-architecture-minerale-2\/\"]}]},{\"@type\":\"BreadcrumbList\",\"@id\":\"https:\/\/librairie7l.com\/en\/produit\/maisons-de-pierre-une-architecture-minerale-2\/#breadcrumb\",\"itemListElement\":[{\"@type\":\"ListItem\",\"position\":1,\"name\":\"Accueil\",\"item\":\"https:\/\/librairie7l.com\/en\/\"},{\"@type\":\"ListItem\",\"position\":2,\"name\":\"Shop\",\"item\":\"https:\/\/librairie7l.com\/en\/shop\/\"},{\"@type\":\"ListItem\",\"position\":3,\"name\":\"MAISONS DE PIERRE : UNE ARCHITECTURE MIN\u00c9RALE\"}]},{\"@type\":\"WebSite\",\"@id\":\"https:\/\/librairie7l.com\/en\/#website\",\"url\":\"https:\/\/librairie7l.com\/en\/\",\"name\":\"Librairie 7L\",\"description\":\"Librairie fond\u00e9e en 1999 par Karl Lagerfeld \u00e0 Paris\",\"publisher\":{\"@id\":\"https:\/\/librairie7l.com\/en\/#organization\"},\"potentialAction\":[{\"@type\":\"SearchAction\",\"target\":{\"@type\":\"EntryPoint\",\"urlTemplate\":\"https:\/\/librairie7l.com\/en\/?s={search_term_string}\"},\"query-input\":\"required name=search_term_string\"}],\"inLanguage\":\"en-US\"},{\"@type\":\"Organization\",\"@id\":\"https:\/\/librairie7l.com\/en\/#organization\",\"name\":\"Librairie 7L\",\"url\":\"https:\/\/librairie7l.com\/en\/\",\"logo\":{\"@type\":\"ImageObject\",\"inLanguage\":\"en-US\",\"@id\":\"https:\/\/librairie7l.com\/en\/#\/schema\/logo\/image\/\",\"url\":\"https:\/\/librairie7l.com\/wp-content\/uploads\/2022\/08\/logo-1.png\",\"contentUrl\":\"https:\/\/librairie7l.com\/wp-content\/uploads\/2022\/08\/logo-1.png\",\"width\":227,\"height\":301,\"caption\":\"Librairie 7L\"},\"image\":{\"@id\":\"https:\/\/librairie7l.com\/en\/#\/schema\/logo\/image\/\"}}]}<\/script>\n<!-- \/ Yoast SEO plugin. -->","yoast_head_json":{"title":"Maisons de Pierre : Une architecture min\u00e9rale - Librairie 7L","robots":{"index":"index","follow":"follow","max-snippet":"max-snippet:-1","max-image-preview":"max-image-preview:large","max-video-preview":"max-video-preview:-1"},"canonical":"https:\/\/librairie7l.com\/en\/produit\/maisons-de-pierre-une-architecture-minerale-2\/","og_locale":"en_US","og_type":"article","og_title":"Maisons de Pierre : Une architecture min\u00e9rale - Librairie 7L","og_description":"Cinquante maisons spectaculaires qui illustrent la beaut\u00e9 et la polyvalence de la pierre. Une collection vari\u00e9e de maisons en pierre innovantes et qui utilisent tout le potentiel de ce mat\u00e9riau traditionnel. Une s\u00e9lection d&#8217;extraordinaires propri\u00e9t\u00e9s en pierre con\u00e7ues par les plus grands architectes du monde. D\u00e9couvrez un palais maltais m\u00e9ticuleusement restaur\u00e9, une b\u00e2tisse nich\u00e9e entre [&hellip;]","og_url":"https:\/\/librairie7l.com\/en\/produit\/maisons-de-pierre-une-architecture-minerale-2\/","og_site_name":"Librairie 7L","article_modified_time":"2026-04-04T15:33:49+00:00","og_image":[{"width":600,"height":800,"url":"https:\/\/librairie7l.com\/wp-content\/uploads\/2024\/04\/9781838668983_1_75.jpg","type":"image\/jpeg"}],"twitter_card":"summary_large_image","twitter_misc":{"Est. reading time":"1 minute"},"schema":{"@context":"https:\/\/schema.org","@graph":[{"@type":"WebPage","@id":"https:\/\/librairie7l.com\/en\/produit\/maisons-de-pierre-une-architecture-minerale-2\/","url":"https:\/\/librairie7l.com\/en\/produit\/maisons-de-pierre-une-architecture-minerale-2\/","name":"Maisons de Pierre : Une architecture min\u00e9rale - Librairie 7L","isPartOf":{"@id":"https:\/\/librairie7l.com\/en\/#website"},"datePublished":"2024-10-10T07:17:43+00:00","dateModified":"2026-04-04T15:33:49+00:00","breadcrumb":{"@id":"https:\/\/librairie7l.com\/en\/produit\/maisons-de-pierre-une-architecture-minerale-2\/#breadcrumb"},"inLanguage":"en-US","potentialAction":[{"@type":"ReadAction","target":["https:\/\/librairie7l.com\/en\/produit\/maisons-de-pierre-une-architecture-minerale-2\/"]}]},{"@type":"BreadcrumbList","@id":"https:\/\/librairie7l.com\/en\/produit\/maisons-de-pierre-une-architecture-minerale-2\/#breadcrumb","itemListElement":[{"@type":"ListItem","position":1,"name":"Accueil","item":"https:\/\/librairie7l.com\/en\/"},{"@type":"ListItem","position":2,"name":"Shop","item":"https:\/\/librairie7l.com\/en\/shop\/"},{"@type":"ListItem","position":3,"name":"MAISONS DE PIERRE : UNE ARCHITECTURE MIN\u00c9RALE"}]},{"@type":"WebSite","@id":"https:\/\/librairie7l.com\/en\/#website","url":"https:\/\/librairie7l.com\/en\/","name":"Librairie 7L","description":"Librairie fond\u00e9e en 1999 par Karl Lagerfeld \u00e0 Paris","publisher":{"@id":"https:\/\/librairie7l.com\/en\/#organization"},"potentialAction":[{"@type":"SearchAction","target":{"@type":"EntryPoint","urlTemplate":"https:\/\/librairie7l.com\/en\/?s={search_term_string}"},"query-input":"required name=search_term_string"}],"inLanguage":"en-US"},{"@type":"Organization","@id":"https:\/\/librairie7l.com\/en\/#organization","name":"Librairie 7L","url":"https:\/\/librairie7l.com\/en\/","logo":{"@type":"ImageObject","inLanguage":"en-US","@id":"https:\/\/librairie7l.com\/en\/#\/schema\/logo\/image\/","url":"https:\/\/librairie7l.com\/wp-content\/uploads\/2022\/08\/logo-1.png","contentUrl":"https:\/\/librairie7l.com\/wp-content\/uploads\/2022\/08\/logo-1.png","width":227,"height":301,"caption":"Librairie 7L"},"image":{"@id":"https:\/\/librairie7l.com\/en\/#\/schema\/logo\/image\/"}}]}},"_links":{"self":[{"href":"https:\/\/librairie7l.com\/en\/wp-json\/wp\/v2\/product\/43259"}],"collection":[{"href":"https:\/\/librairie7l.com\/en\/wp-json\/wp\/v2\/product"}],"about":[{"href":"https:\/\/librairie7l.com\/en\/wp-json\/wp\/v2\/types\/product"}],"wp:featuredmedia":[{"embeddable":true,"href":"https:\/\/librairie7l.com\/en\/wp-json\/wp\/v2\/media\/43257"}],"wp:attachment":[{"href":"https:\/\/librairie7l.com\/en\/wp-json\/wp\/v2\/media?parent=43259"}],"wp:term":[{"taxonomy":"product_cat","embeddable":true,"href":"https:\/\/librairie7l.com\/en\/wp-json\/wp\/v2\/product_cat?post=43259"},{"taxonomy":"product_tag","embeddable":true,"href":"https:\/\/librairie7l.com\/en\/wp-json\/wp\/v2\/product_tag?post=43259"}],"curies":[{"name":"wp","href":"https:\/\/api.w.org\/{rel}","templated":true}]}}